{"id":1192,"date":"2024-09-13T03:01:53","date_gmt":"2024-09-13T03:01:53","guid":{"rendered":"https:\/\/keweicorten.com\/?post_type=product&#038;p=1192"},"modified":"2025-01-15T06:27:15","modified_gmt":"2025-01-15T06:27:15","slug":"gratar-bbq","status":"publish","type":"product","link":"https:\/\/keweicorten.com\/ro\/gratar-bbq\/","title":{"rendered":"O\u021bel Corten foc groap\u0103"},"content":{"rendered":"<h2>Avantajele gropii de foc din o\u021bel Corten:<\/h2>\n<ul>\n<li>Rezisten\u021b\u0103 la coroziune: durabilitate mai mare atunci c\u00e2nd este utilizat \u00een exterior.<\/li>\n<li>\u00a0Frumos : O\u021belul Corten are un aspect unic de rugin\u0103, \u00een timp, va forma un contrast minunat cu mediul \u00eenconjur\u0103tor, cre\u00e2nd o atmosfer\u0103 natural\u0103, artistic\u0103, potrivit\u0103 pentru o varietate de peisaje \u00een aer liber.<\/li>\n<li>Costuri reduse de \u00eentre\u021binere : Datorit\u0103 rezisten\u021bei sale la intemperii, groapa de foc din o\u021bel Corten nu necesit\u0103 \u00eentre\u021binere frecvent\u0103 \u0219i vopsire, comparativ cu o\u021belul tradi\u021bional, utilizarea pe termen lung poate economisi costuri.<\/li>\n<li>Protec\u021bia mediului : Produc\u021bia \u0219i reciclarea o\u021belului Corten sunt relativ ecologice \u0219i nu se elibereaz\u0103 substan\u021be nocive \u00een timpul utiliz\u0103rii, ceea ce este \u00een conformitate cu urm\u0103rirea de c\u0103tre oamenii moderni a protec\u021biei mediului verde.<\/li>\n<li>Reten\u021bie termic\u0103 : O\u021belul Corten are o bun\u0103 conductivitate termic\u0103, poate re\u021bine \u00een mod eficient c\u0103ldura, ofer\u0103 o experien\u021b\u0103 mai lung\u0103 de c\u0103ldur\u0103 \u0219i confort \u0219i este foarte potrivit pentru utilizare \u00een toamn\u0103 \u0219i iarn\u0103.<\/li>\n<li>Design diversificat: O\u021belul Corten poate fi prelucrat \u00eentr-o varietate de forme \u0219i dimensiuni, potrivite pentru diferite stiluri de design curte sau teras\u0103, flexibilitate.<\/li>\n<li>Siguran\u021b\u0103 : Proiectarea gropii de foc din o\u021bel Corten ia de obicei \u00een considerare factorii de siguran\u021b\u0103, cum ar fi stabilitatea \u0219i m\u0103surile de protec\u021bie, \u0219i este relativ sigur\u0103 de utilizat.<\/li>\n<\/ul>\n<table class=\"has-title all magic-7\" style=\"height: 242px;\" width=\"717\">\n<tbody>\n<tr>\n<td colspan=\"1\" rowspan=\"1\">\n<div class=\"magic-12\" data-spm-anchor-id=\"a2700.details.0.i40.236d4d79eIl29B\"><span class=\"magic-13\" style=\"color: #000000;\">Numele produsului<\/span><\/div>\n<\/td>\n<td colspan=\"1\" rowspan=\"1\">\n<div class=\"magic-14\"><span class=\"magic-13\" style=\"color: #000000;\">Weathering o\u021bel corten portabil foc groap\u0103 BBQ Grill<\/span><\/div>\n<\/td>\n<\/tr>\n<tr>\n<td colspan=\"1\" rowspan=\"1\">\n<div class=\"magic-12\"><span class=\"magic-13\" style=\"color: #000000;\">Nume de marc\u0103<\/span><\/div>\n<\/td>\n<td colspan=\"1\" rowspan=\"1\"><span class=\"magic-13\" style=\"color: #000000;\">SHKW<\/span><\/td>\n<\/tr>\n<tr>\n<td colspan=\"1\" rowspan=\"1\">\n<div class=\"magic-12\"><span class=\"magic-13\" style=\"color: #000000;\">Num\u0103rul modelului<\/span><\/div>\n<\/td>\n<td colspan=\"1\" rowspan=\"1\">\n<div class=\"magic-14\"><span class=\"magic-13\" style=\"color: #000000;\">SHKW-BBQ<\/span><span class=\"magic-15\" data-spm-anchor-id=\"a2700.pc-decorate.0.i3.5c623333VNk22J\">07<\/span><\/div>\n<\/td>\n<\/tr>\n<tr>\n<td colspan=\"1\" rowspan=\"1\">\n<div class=\"magic-12\"><span class=\"magic-13\" style=\"color: #000000;\">Material<\/span><\/div>\n<\/td>\n<td colspan=\"1\" rowspan=\"1\">\n<div class=\"magic-14\"><span class=\"magic-13\" style=\"color: #000000;\">O\u021bel Corten \/ O\u021bel rezistent la intemperii<\/span><\/div>\n<\/td>\n<\/tr>\n<tr>\n<td colspan=\"1\" rowspan=\"1\">\n<div class=\"magic-12\"><span class=\"magic-13\" style=\"color: #000000;\">M\u0103rime<\/span><\/div>\n<\/td>\n<td colspan=\"1\" rowspan=\"1\">\n<div class=\"magic-14\"><span class=\"magic-13\" style=\"color: #000000;\">Dia\uff1a600\/800\/900\/1000mm, Grosime: 2mm<\/span><\/div>\n<\/td>\n<\/tr>\n<tr>\n<td colspan=\"1\" rowspan=\"1\">\n<div class=\"magic-12\"><span class=\"magic-13\" style=\"color: #000000;\">Pachet<\/span><\/div>\n<\/td>\n<td colspan=\"1\" rowspan=\"1\">\n<div class=\"magic-14\"><span class=\"magic-13\" style=\"color: #000000;\">Interior: H\u00e2rtie de spum\u0103 anti-uzur\u0103, exterior: Cutie de carton<\/span><\/div>\n<\/td>\n<\/tr>\n<tr>\n<td colspan=\"1\" rowspan=\"1\">\n<div class=\"magic-12\"><span class=\"magic-13\" style=\"color: #000000;\">Tratarea suprafe\u021bei<\/span><\/div>\n<\/td>\n<td colspan=\"1\" rowspan=\"1\">\n<div class=\"magic-14\"><span class=\"magic-13\" style=\"color: #000000;\">Pre-ruginite, pot fi personalizate<\/span><\/div>\n<\/td>\n<\/tr>\n<tr>\n<td colspan=\"1\" rowspan=\"1\">\n<div class=\"magic-12\"><span class=\"magic-13\" style=\"color: #000000;\">MOQ<\/span><\/div>\n<\/td>\n<td colspan=\"1\" rowspan=\"1\">\n<div class=\"magic-14\"><span class=\"magic-13\" style=\"color: #000000;\">10 buc<\/span><\/div>\n<\/td>\n<\/tr>\n<\/tbody>\n<\/table>\n<figure style=\"width: 550px\" class=\"wp-caption alignnone\"><a href=\"https:\/\/keweicorten.com\/ro\/contactati-ne\/\"><img fetchpriority=\"high\" decoding=\"async\" title=\"groap\u0103 de foc \u00een curtea din spate\" src=\"https:\/\/sc04.alicdn.com\/kf\/H642e390ca630457fb4af493b00d4798fV\/235950374\/H642e390ca630457fb4af493b00d4798fV.jpg\" alt=\"\" width=\"550\" height=\"550\" \/><\/a><figcaption class=\"wp-caption-text\">groap\u0103 de foc \u00een curtea din spate<\/figcaption><\/figure>\n<h2>Aplicarea gr\u0103tarelor din o\u021bel rezistent la intemperii\uff1a<\/h2>\n<h3>Aplica\u021bi\uff1a<\/h3>\n<p>Gr\u0103tar \u00een aer liber : Gr\u0103tarele din o\u021bel rezistent la intemperii sunt foarte potrivite pentru utilizarea \u00een locuri \u00een aer liber, cum ar fi cur\u021bi, balcoane, terase, \u0219i pot oferi o experien\u021b\u0103 convenabil\u0103 de gr\u0103tar pentru \u00eent\u00e2lniri de familie \u0219i prieteni.<\/p>\n<p>Design peisagistic : Aspectul ruginit unic al o\u021belului rezistent la intemperii \u00eel face o alegere popular\u0103 \u00een gr\u0103din\u0103ritul modern \u0219i designul peisagistic, care poate fi perfect integrat cu mediul \u00eenconjur\u0103tor pentru a spori frumuse\u021bea cur\u021bii.<\/p>\n<p>Locuri de luat masa \u00een aer liber: Restaurantele, cafenelele \u0219i alte zone de luat masa \u00een aer liber pot utiliza gr\u0103tare din o\u021bel rezistent la intemperii pentru a atrage clien\u021bii s\u0103 se bucure de g\u0103tit \u0219i de distrac\u021bia mesei \u00een aer liber.<\/p>\n<p>Camping \uff1a Durabilitatea \u0219i rezisten\u021ba la coroziune a o\u021belului pentru intemperii \u00eel fac o alegere ideal\u0103 pentru camping \u00een s\u0103lb\u0103ticie, capabil s\u0103 reziste la vreme rea.<\/p>\n<p>Evenimente \u0219i festivaluri : Potrivit pentru pie\u021be, festivaluri de muzic\u0103, petreceri \u00een aer liber \u0219i alte ocazii, oferind servicii de gr\u0103tar la fa\u021ba locului pentru a ad\u0103uga atmosfer\u0103 de activitate.<\/p>\n<figure style=\"width: 695px\" class=\"wp-caption alignnone\"><a href=\"https:\/\/keweicorten.com\/ro\/contactati-ne\/\"><img decoding=\"async\" title=\"gr\u0103tar bbq\" src=\"https:\/\/sc04.alicdn.com\/kf\/H813aeec6354044c9964495c20d84b311D\/235950374\/H813aeec6354044c9964495c20d84b311D.png\" alt=\"\" width=\"695\" height=\"295\" \/><\/a><figcaption class=\"wp-caption-text\">gr\u0103tar bbq<\/figcaption><\/figure>\n<h3>Avantaj\uff1a<\/h3>\n<ul>\n<li>Rezisten\u021b\u0103 puternic\u0103 la intemperii<\/li>\n<li>Estetic\u0103<\/li>\n<li>Rezisten\u021b\u0103 la temperaturi ridicate<\/li>\n<li>Cerin\u021be reduse de \u00eentre\u021binere<\/li>\n<li>Rezisten\u021b\u0103 ridicat\u0103<\/li>\n<li>Protec\u021bia mediului<\/li>\n<li>Design multifunc\u021bional<\/li>\n<\/ul>\n<div class=\"J_module\">\n<div id=\"ali-anchor-AliMagic-4f9wm2\" class=\"magic-3\" data-section=\"AliMagic-4f9wm2\" data-section-title=\"More Details\">Mai multe detalii<\/div>\n<\/div>\n<div class=\"J_module\">\n<div class=\"icbu-pc-images magic-0\">\n<div class=\"flex-layout-h\">\n<div class=\"flex-layout-v magic-18\">\n<div class=\"magic-19\"><\/div>\n<\/div>\n<div class=\"text-wrapper magic-21\">\n<div class=\"text-wrapper-right text-theme-light text-align-left\">\n<div class=\"text-content\">\n<div><span class=\"magic-13\"><a href=\"https:\/\/keweicorten.com\/ro\"><img decoding=\"async\" class=\"alignnone\" src=\"https:\/\/keweicorten.com\/wp-content\/uploads\/2024\/09\/%E5%BE%AE%E4%BF%A1%E5%9B%BE%E7%89%87_20240219150940-300x232.jpg\" alt=\"\" width=\"413\" height=\"319\" \/><\/a><\/span>- O\u021bel Corten gros de 5 mm - Min Flat Pack Fire Pit\/Burner - U\u0219or de demontat \u0219i depozitat ca 5 buc\u0103\u021bi<\/div>\n<\/div>\n<\/div>\n<\/div>\n<\/div>\n<\/div>\n<\/div>","protected":false},"excerpt":{"rendered":"<p>Gr\u0103tarele din o\u021bel rezistent la intemperii nu numai c\u0103 ofer\u0103 utilizatorilor o experien\u021b\u0103 de g\u0103tit remarcabil\u0103, dar adaug\u0103 \u0219i o not\u0103 de frumuse\u021be natural\u0103 mediului, f\u0103c\u00e2ndu-le ideale pentru via\u021ba \u00een aer liber.<\/p>","protected":false},"featured_media":1202,"comment_status":"open","ping_status":"closed","template":"","meta":{"_eb_attr":"","_monsterinsights_skip_tracking":false,"_monsterinsights_sitenote_active":false,"_monsterinsights_sitenote_note":"","_monsterinsights_sitenote_category":0,"_uf_show_specific_survey":0,"_uf_disable_surveys":false},"product_brand":[],"product_cat":[63],"product_tag":[],"class_list":{"0":"post-1192","1":"product","2":"type-product","3":"status-publish","4":"has-post-thumbnail","6":"product_cat-steel-bbq-grill","8":"first","9":"instock","10":"shipping-taxable","11":"product-type-simple"},"_links":{"self":[{"href":"https:\/\/keweicorten.com\/ro\/wp-json\/wp\/v2\/product\/1192"}],"collection":[{"href":"https:\/\/keweicorten.com\/ro\/wp-json\/wp\/v2\/product"}],"about":[{"href":"https:\/\/keweicorten.com\/ro\/wp-json\/wp\/v2\/types\/product"}],"replies":[{"embeddable":true,"href":"https:\/\/keweicorten.com\/ro\/wp-json\/wp\/v2\/comments?post=1192"}],"version-history":[{"count":3,"href":"https:\/\/keweicorten.com\/ro\/wp-json\/wp\/v2\/product\/1192\/revisions"}],"predecessor-version":[{"id":1203,"href":"https:\/\/keweicorten.com\/ro\/wp-json\/wp\/v2\/product\/1192\/revisions\/1203"}],"wp:featuredmedia":[{"embeddable":true,"href":"https:\/\/keweicorten.com\/ro\/wp-json\/wp\/v2\/media\/1202"}],"wp:attachment":[{"href":"https:\/\/keweicorten.com\/ro\/wp-json\/wp\/v2\/media?parent=1192"}],"wp:term":[{"taxonomy":"product_brand","embeddable":true,"href":"https:\/\/keweicorten.com\/ro\/wp-json\/wp\/v2\/product_brand?post=1192"},{"taxonomy":"product_cat","embeddable":true,"href":"https:\/\/keweicorten.com\/ro\/wp-json\/wp\/v2\/product_cat?post=1192"},{"taxonomy":"product_tag","embeddable":true,"href":"https:\/\/keweicorten.com\/ro\/wp-json\/wp\/v2\/product_tag?post=1192"}],"curies":[{"name":"wp","href":"https:\/\/api.w.org\/{rel}","templated":true}]}}