{"id":1212,"date":"2024-09-14T01:40:12","date_gmt":"2024-09-14T01:40:12","guid":{"rendered":"https:\/\/keweicorten.com\/?post_type=product&#038;p=1212"},"modified":"2025-01-15T06:27:04","modified_gmt":"2025-01-15T06:27:04","slug":"paturi-de-gradina-ridicate-din-otel-corten","status":"publish","type":"product","link":"https:\/\/keweicorten.com\/ro\/paturi-de-gradina-ridicate-din-otel-corten\/","title":{"rendered":"paturi de gr\u0103din\u0103 ridicate din o\u021bel corten"},"content":{"rendered":"<h2>Avantajele de o\u021bel corten ridicat paturi de gradina\uff1a<\/h2>\n<ul>\n<li>Durabilitate: Rezisten\u021ba la intemperii a o\u021belului Corten \u00eenseamn\u0103 c\u0103 acesta este rezistent la coroziune \u0219i oxidare, av\u00e2nd astfel o durat\u0103 de via\u021b\u0103 extrem de lung\u0103 \u00een medii exterioare. Odat\u0103 ce s-a format un strat de rugin\u0103, o\u021belul este protejat \u00eempotriva ruginii ulterioare.<\/li>\n<li>Frumos : Aspectul ruginit unic al o\u021belului Corten poate ad\u0103uga o estetic\u0103 modern\u0103 \u0219i industrial\u0103 gr\u0103dinii, iar culoarea \u0219i textura sa se vor schimba \u00een timp, contribuind la \u00eembun\u0103t\u0103\u021birea efectului vizual al designului general al gr\u0103dinii.<\/li>\n<li>Protec\u021bia mediului : O\u021belul Corten este un material reciclabil, utilizarea sa poate reduce impactul asupra mediului.<\/li>\n<li>Performan\u021b\u0103 puternic\u0103 de sus\u021binere : o\u021belul Corten are o rezisten\u021b\u0103 ridicat\u0103, poate rezista la o greutate mare, potrivit pentru plantarea plantelor grele sau a solului.<\/li>\n<li>\u00a0\u00centre\u021binere u\u0219oar\u0103 : \u00cen compara\u021bie cu paturile de gr\u0103din\u0103 supra\u00een\u0103l\u021bate din lemn sau alte materiale, o\u021belul Corten are cerin\u021be de \u00eentre\u021binere foarte reduse, necesit\u00e2nd doar cur\u0103\u021barea periodic\u0103 a suprafe\u021bei de murd\u0103rie \u0219i reziduuri de plante.<\/li>\n<li>\u00a0Gestionarea bun\u0103 a apei: paturile de gr\u0103din\u0103 ridicate din o\u021bel corten pot regla eficient umiditatea solului \u0219i pot preveni excesul sau insuficien\u021ba apei.<\/li>\n<li>Ventila\u021bie : Designul o\u021belului Corten poate oferi un mediu de ventila\u021bie bun, ajut\u00e2nd la cre\u0219terea r\u0103d\u0103cinilor.<\/li>\n<li>Designul cel mai divers : O\u021belul Corten poate fi prelucrat \u00eentr-o varietate de forme \u0219i dimensiuni pentru a satisface nevoile diferitelor proiecte horticole.<\/li>\n<li>\u00a0Prevenirea eroziunii solului : Structura \u00een\u0103l\u021bat\u0103 poate preveni \u00een mod eficient eroziunea \u0219i a\u0219ezarea solului \u0219i poate men\u021bine pozi\u021bia \u0219i calitatea solului.<\/li>\n<\/ul>\n<figure style=\"width: 679px\" class=\"wp-caption alignnone\"><a href=\"https:\/\/keweicorten.com\/ro\/contactati-ne\/\"><img fetchpriority=\"high\" decoding=\"async\" title=\"paturi supraetajate din metal\" src=\"https:\/\/sc04.alicdn.com\/kf\/Haf30791119a443b8bd8368e992195dbfZ\/255157415\/Haf30791119a443b8bd8368e992195dbfZ.jpg\" alt=\"\" width=\"679\" height=\"452\" \/><\/a><figcaption class=\"wp-caption-text\">paturi supraetajate din metal<\/dd>\n<dd><\/figcaption><\/figure>\n<table class=\"all magic-13\">\n<tbody>\n<tr>\n<td colspan=\"1\" rowspan=\"1\">\n<div class=\"magic-14\">Denumirea produsului<\/div>\n<\/td>\n<td colspan=\"4\" rowspan=\"1\">\n<div class=\"magic-15\">Rust metal o\u021bel corten gr\u0103din\u0103 borduri pentru peisaj<\/div>\n<\/td>\n<\/tr>\n<tr>\n<td colspan=\"1\" rowspan=\"1\">\n<div class=\"magic-14\">Material<\/div>\n<\/td>\n<td colspan=\"4\" rowspan=\"1\">\n<div class=\"magic-15\">O\u021bel Corten, o\u021bel inoxidabil<\/div>\n<\/td>\n<\/tr>\n<tr>\n<td colspan=\"1\" rowspan=\"1\">\n<div class=\"magic-14\">M\u0103rime<\/div>\n<\/td>\n<td colspan=\"4\" rowspan=\"1\">\n<div class=\"magic-15\">Lungime: 1065mm; parte suprateran\u0103: 100mm; parte subteran\u0103: 95mm sau personalizate<\/div>\n<\/td>\n<\/tr>\n<tr>\n<td colspan=\"1\" rowspan=\"1\">\n<div class=\"magic-14\">Suprafa\u021b\u0103<\/div>\n<\/td>\n<td colspan=\"4\" rowspan=\"1\">\n<div class=\"magic-15\">\u00a0pre-ruginite<\/div>\n<\/td>\n<\/tr>\n<tr>\n<td colspan=\"1\" rowspan=\"1\">\n<div class=\"magic-14\">Tehnologie<\/div>\n<\/td>\n<td colspan=\"4\" rowspan=\"1\">\n<div class=\"magic-15\">\u00a0T\u0103iere cu laser, \u00eendoire, perforare, sudur\u0103, intemperii<\/div>\n<\/td>\n<\/tr>\n<tr>\n<td colspan=\"1\" rowspan=\"1\">\n<div class=\"magic-14\">Aplica\u021bie<\/div>\n<\/td>\n<td colspan=\"4\" rowspan=\"1\">\n<div class=\"magic-18\">Decor pentru exterior sau curte<\/div>\n<\/td>\n<\/tr>\n<\/tbody>\n<\/table>\n<figure style=\"width: 695px\" class=\"wp-caption alignnone\"><a href=\"https:\/\/keweicorten.com\/ro\/categorie-produs\/decor-de-gradina\/\"><img decoding=\"async\" title=\"paturi de flori ridicate de v\u00e2nzare\" src=\"https:\/\/sc04.alicdn.com\/kf\/H124f45da763f46b782562a19b92b7c64S\/255157415\/H124f45da763f46b782562a19b92b7c64S.jpg\" alt=\"\" width=\"695\" height=\"388\" \/><\/a><figcaption class=\"wp-caption-text\">paturi de flori ridicate de v\u00e2nzare<\/figcaption><\/figure>\n<p>O\u021belul corten este supus unei metode de laminare la cald \u00een timpul produc\u021biei, prin care o\u021belul este trecut \u00eentre role la temperaturi foarte ridicate. \u00cen timpul acestui proces, de\u0219eurile de fier (cunoscute sub denumirea de \"calcar de moar\u0103\") se deplaseaz\u0103 la suprafa\u021b\u0103. Acest lucru duce la scurgerea ruginei \u0219i la apari\u021bia petelor \u00een primele etape ale procesului de degradare. Odat\u0103 ce stratul exterior de de\u0219euri de fier a ruginit, materialul are o suprafa\u021b\u0103 stabil\u0103, cu un nivel minim de scurgeri sau pete. Procesul poate fi accelerat sau materialul brut poate fi \"decapat\", \u00een cazul \u00een care se utilizeaz\u0103 un tratament acid pentru a \u00eendep\u0103rta calcarul de moar\u0103 \u00eenainte de livrare.<\/p>\n<figure style=\"width: 702px\" class=\"wp-caption alignnone\"><a href=\"https:\/\/keweicorten.com\/ro\/produs\/borduri-de-gradina-din-otel-corten\/\"><img decoding=\"async\" title=\"galvanizat ridicat gr\u0103din\u0103 pat\" src=\"https:\/\/sc04.alicdn.com\/kf\/H535e1b6a4db344eda5790ec285e0da4bn\/255157415\/H535e1b6a4db344eda5790ec285e0da4bn.jpg\" alt=\"\" width=\"702\" height=\"632\" \/><\/a><figcaption class=\"wp-caption-text\">galvanizat ridicat gr\u0103din\u0103 pat<\/figcaption><\/figure>","protected":false},"excerpt":{"rendered":"<div class=\"text-title\"><span class=\"magic-33\" data-spm-anchor-id=\"a2700.details.0.i39.162b272adCDyJJ\">Caracteristici principale\uff1a<\/span><\/div>\n<div class=\"text-content\">\n<div>Suprafa\u021ba de culoare ruginie a o\u021belului Corten este durabil\u0103 \u0219i, \u00een acela\u0219i timp, un element de stil.<\/div>\n<\/div>\n<div class=\"text-content\"><span class=\"magic-15\" data-spm-anchor-id=\"a2700.details.0.i46.162b272adCDyJJ\">Culoarea ruginie este modern\u0103 \u0219i eviden\u021biaz\u0103 standardele noastre de design deosebit de ridicate. <\/span><\/div>\n<div class=\"text-content\"><span class=\"magic-15\" data-spm-anchor-id=\"a2700.details.0.i46.162b272adCDyJJ\">Practic rezistent la intemperii \u0219i practic indestructibil.<\/span><\/div>\n<div class=\"text-content\"><span class=\"magic-15\" data-spm-anchor-id=\"a2700.details.0.i46.162b272adCDyJJ\">Durabil \u0219i frumos.<\/span><\/div>","protected":false},"featured_media":1213,"comment_status":"open","ping_status":"closed","template":"","meta":{"_eb_attr":"","_monsterinsights_skip_tracking":false,"_monsterinsights_sitenote_active":false,"_monsterinsights_sitenote_note":"","_monsterinsights_sitenote_category":0,"_uf_show_specific_survey":0,"_uf_disable_surveys":false},"product_brand":[],"product_cat":[58],"product_tag":[],"class_list":{"0":"post-1212","1":"product","2":"type-product","3":"status-publish","4":"has-post-thumbnail","6":"product_cat-garden-edging","8":"first","9":"instock","10":"shipping-taxable","11":"product-type-simple"},"_links":{"self":[{"href":"https:\/\/keweicorten.com\/ro\/wp-json\/wp\/v2\/product\/1212"}],"collection":[{"href":"https:\/\/keweicorten.com\/ro\/wp-json\/wp\/v2\/product"}],"about":[{"href":"https:\/\/keweicorten.com\/ro\/wp-json\/wp\/v2\/types\/product"}],"replies":[{"embeddable":true,"href":"https:\/\/keweicorten.com\/ro\/wp-json\/wp\/v2\/comments?post=1212"}],"version-history":[{"count":1,"href":"https:\/\/keweicorten.com\/ro\/wp-json\/wp\/v2\/product\/1212\/revisions"}],"predecessor-version":[{"id":1214,"href":"https:\/\/keweicorten.com\/ro\/wp-json\/wp\/v2\/product\/1212\/revisions\/1214"}],"wp:featuredmedia":[{"embeddable":true,"href":"https:\/\/keweicorten.com\/ro\/wp-json\/wp\/v2\/media\/1213"}],"wp:attachment":[{"href":"https:\/\/keweicorten.com\/ro\/wp-json\/wp\/v2\/media?parent=1212"}],"wp:term":[{"taxonomy":"product_brand","embeddable":true,"href":"https:\/\/keweicorten.com\/ro\/wp-json\/wp\/v2\/product_brand?post=1212"},{"taxonomy":"product_cat","embeddable":true,"href":"https:\/\/keweicorten.com\/ro\/wp-json\/wp\/v2\/product_cat?post=1212"},{"taxonomy":"product_tag","embeddable":true,"href":"https:\/\/keweicorten.com\/ro\/wp-json\/wp\/v2\/product_tag?post=1212"}],"curies":[{"name":"wp","href":"https:\/\/api.w.org\/{rel}","templated":true}]}}