{"id":1241,"date":"2024-09-18T07:36:57","date_gmt":"2024-09-18T07:36:57","guid":{"rendered":"https:\/\/keweicorten.com\/?post_type=product&#038;p=1241"},"modified":"2024-09-18T07:36:57","modified_gmt":"2024-09-18T07:36:57","slug":"foaie-de-otel-corten-q345nh","status":"publish","type":"product","link":"https:\/\/keweicorten.com\/ro\/foaie-de-otel-corten-q345nh\/","title":{"rendered":"foaie de o\u021bel corten Q345NH"},"content":{"rendered":"<p>O\u021belul Corten, cunoscut \u0219i ca o\u021bel rezistent la intemperii, este un tip de aliaj de o\u021bel conceput pentru a rezista la coroziune \u0219i abraziune. Q345NH este un grad specific de o\u021bel rezistent la intemperii utilizat \u00een mod obi\u0219nuit \u00een medii atmosferice. Iat\u0103 c\u00e2teva puncte cheie referitoare la Q345NH:<\/p>\n<h2>Caracteristici ale Q345NH:<\/h2>\n<p>1. Compozi\u021bie: foaia de o\u021bel corten Q345NH are de obicei elemente suplimentare, cum ar fi crom, nichel \u0219i cupru, care sporesc rezisten\u021ba la coroziunea atmosferic\u0103.<br \/>\n2. Rezisten\u021ba la coroziune: O\u021belul formeaz\u0103 un strat protector de patin\u0103 atunci c\u00e2nd este expus la elemente, care previne coroziunea ulterioar\u0103.<br \/>\n3. Propriet\u0103\u021bi mecanice:<br \/>\n- Rezisten\u021ba la rupere: Aproximativ 345 MPa<br \/>\n- Rezisten\u021ba la trac\u021biune: Tipic \u00eentre 470-630 MPa<br \/>\n4. Aplica\u021bii: Utilizat frecvent \u00een structuri exterioare, poduri, sculpturi \u0219i proiecte arhitecturale unde rezisten\u021ba la intemperii este important\u0103.<\/p>\n<h2>Foaie de o\u021bel Corten Q345NH Avantaje:<\/h2>\n<p>Durabilitate: Durat\u0103 de via\u021b\u0103 lung\u0103 datorit\u0103 rezisten\u021bei la coroziune.<br \/>\n\u00centre\u021binere redus\u0103: Patina protectoare reduce nevoia de \u00eentre\u021binere periodic\u0103.<br \/>\nAtrac\u021bie estetic\u0103: Ofer\u0103 un aspect rustic unic care este de dorit \u00een multe aplica\u021bii arhitecturale.<\/p>\n<p>Considera\u021bii:<br \/>\nUn design adecvat este necesar pentru a asigura eficacitatea patinei.<br \/>\n- Poate necesita tehnici speciale de manipulare \u0219i sudare datorit\u0103 compozi\u021biei aliajului s\u0103u.<\/p>\n<figure style=\"width: 606px\" class=\"wp-caption alignnone\"><a href=\"https:\/\/keweicorten.com\/ro\/contactati-ne\/\"><img fetchpriority=\"high\" decoding=\"async\" title=\"metal corten\" src=\"https:\/\/sc04.alicdn.com\/kf\/H1bfd17afb11542dd95c1e18de852bb2cJ\/234518937\/H1bfd17afb11542dd95c1e18de852bb2cJ.jpg\" alt=\"\" width=\"606\" height=\"545\" \/><\/a><figcaption class=\"wp-caption-text\">metal corten<\/figcaption><\/figure>\n<table class=\"has-title all magic-9\" style=\"height: 175px;\" width=\"890\">\n<tbody>\n<tr>\n<td colspan=\"1\" rowspan=\"1\">\n<div class=\"magic-10\" data-spm-anchor-id=\"a2700.details.0.i34.6d627765emMXnq\">Numele produsului<\/div>\n<\/td>\n<td colspan=\"4\" rowspan=\"1\">\n<div class=\"magic-11\">Plac\u0103 de o\u021bel rezistent\u0103 la intemperii<\/div>\n<\/td>\n<\/tr>\n<tr>\n<td colspan=\"1\" rowspan=\"1\">\n<div class=\"magic-10\">Standard<\/div>\n<\/td>\n<td colspan=\"4\" rowspan=\"1\">\n<div class=\"magic-11\">DIN GB JIS BA AISI ASTM<\/div>\n<\/td>\n<\/tr>\n<tr>\n<td colspan=\"1\" rowspan=\"1\">\n<div class=\"magic-10\">Lungime<\/div>\n<\/td>\n<td colspan=\"4\" rowspan=\"1\">\n<div class=\"magic-11\">Poate fi personalizat<\/div>\n<\/td>\n<\/tr>\n<tr>\n<td colspan=\"1\" rowspan=\"1\">\n<div class=\"magic-10\">L\u0103\u021bime<\/div>\n<\/td>\n<td colspan=\"4\" rowspan=\"1\">\n<div class=\"magic-11\">Poate fi personalizat<\/div>\n<\/td>\n<\/tr>\n<tr>\n<td colspan=\"1\" rowspan=\"1\">\n<div class=\"magic-10\">Grosime<\/div>\n<\/td>\n<td colspan=\"4\" rowspan=\"1\">\n<div class=\"magic-11\">2-100mm sau poate fi personalizat<\/div>\n<\/td>\n<\/tr>\n<tr>\n<td colspan=\"1\" rowspan=\"1\">\n<div class=\"magic-10\">Material<\/div>\n<\/td>\n<td colspan=\"4\" rowspan=\"1\">\n<div class=\"magic-11\">Q345NH<\/div>\n<\/td>\n<\/tr>\n<tr>\n<td colspan=\"1\" rowspan=\"1\">Provizoriu<\/td>\n<td colspan=\"4\" rowspan=\"1\">Henan, anyang<\/td>\n<\/tr>\n<tr>\n<td colspan=\"1\" rowspan=\"1\">\n<div class=\"magic-10\">Aplica\u021bie<\/div>\n<\/td>\n<td colspan=\"4\" rowspan=\"1\">\n<div class=\"magic-11\" data-spm-anchor-id=\"a2700.details.0.i41.6d627765emMXnq\">O\u021belul rezistent la intemperii este utilizat \u00een principal \u00een calea ferat\u0103, vehicul, pod, turn, fotovoltaic, inginerie de mare vitez\u0103 \u0219i alte pe termen lung<br \/>\nexpunerea la atmosfer\u0103 a utiliz\u0103rii structurilor metalice. De asemenea, poate fi utilizat \u00een fabricarea containerelor, a c\u0103ilor ferate<br \/>\nvehicule, derricks petroliere, cl\u0103diri portuare, platforme petroliere \u0219i containere de medii corozive care con\u021bin sulf \u00een industria chimic\u0103 \u0219i<br \/>\nechipamente petroliere. \u00cen plus, datorit\u0103 aspectului unic al o\u021belului rezistent la intemperii, acesta este, de asemenea, adesea utilizat \u00een arta public\u0103, \u00een aer liber<br \/>\nsculptura \u0219i decorarea pere\u021bilor exteriori ai cl\u0103dirii.<\/div>\n<\/td>\n<\/tr>\n<tr>\n<td colspan=\"1\" rowspan=\"1\">\n<div class=\"magic-10\">Ambalare pentru export<\/div>\n<\/td>\n<td colspan=\"4\" rowspan=\"1\">\n<div class=\"magic-11\">H\u00e2rtie impermeabil\u0103 \u0219i band\u0103 de o\u021bel ambalat\u0103.<br \/>\nStandard Export Seaworthy Package.Suit pentru toate tipurile de transport, sau dup\u0103 cum este necesar<\/div>\n<\/td>\n<\/tr>\n<tr>\n<td colspan=\"1\" rowspan=\"1\">\n<div class=\"magic-10\">Suprafa\u021b\u0103<\/div>\n<\/td>\n<td colspan=\"4\" rowspan=\"1\">\n<div class=\"magic-14\">Negru, acoperire, acoperire color, lac anti-rugin\u0103, ulei anti-rugin\u0103, gril\u0103, etc<\/div>\n<\/td>\n<\/tr>\n<\/tbody>\n<\/table>\n<figure style=\"width: 808px\" class=\"wp-caption alignnone\"><a href=\"https:\/\/keweicorten.com\/ro\"><img decoding=\"async\" title=\"cor ten o\u021bel rezistent la intemperii\" src=\"https:\/\/sc04.alicdn.com\/kf\/Hd90ee00edc574f218534265cd9014001r\/244098142\/Hd90ee00edc574f218534265cd9014001r.jpg\" alt=\"\" width=\"808\" height=\"606\" \/><\/a><figcaption class=\"wp-caption-text\">cor ten o\u021bel rezistent la intemperii<\/dd>\n<dd><\/figcaption><\/figure>\n<div class=\"magic-25\">\n<h3 class=\"magic-28\"><span class=\"magic-22\" data-spm-anchor-id=\"a2700.details.0.i44.6d627765emMXnq\">Perete cortin\u0103 rezistent la intemperii<\/span><\/h3>\n<\/div>\n<div class=\"magic-6\">\n<div class=\"magic-7\"><span class=\"magic-8\">Suprafa\u021ba pl\u0103cii de o\u021bel rezistent\u0103 la intemperii poate forma un strat dens de oxid cu o culoare ro\u0219ie de rugin\u0103 natural\u0103 stabil\u0103 \u0219i uniform\u0103, care este un material atractiv pentru pere\u021bii exteriori ai cl\u0103dirii.<\/span><\/div>\n<\/div>\n<div><\/div>\n<div>\n<div class=\"J_module\">\n<h2 id=\"ali-anchor-AliMagic-59mjkc\" class=\"magic-0\" data-section=\"AliMagic-59mjkc\" data-section-title=\"Packing and shipping\" data-spm-anchor-id=\"a2700.details.0.i47.6d627765emMXnq\">Ambalare \u0219i expediere<\/h2>\n<p>Pentru a asigura mai bine siguran\u021ba bunurilor dvs., vor fi furnizate servicii de ambalare profesionale, ecologice, convenabile \u0219i eficiente.<\/p>\n<\/div>\n<\/div>\n<div class=\"magic-6\">\n<div>\n<figure style=\"width: 702px\" class=\"wp-caption alignnone\"><a href=\"https:\/\/keweicorten.com\/ro\"><img decoding=\"async\" title=\"cor ten\" src=\"https:\/\/sc04.alicdn.com\/kf\/H7797fd55b837482089a07478ece1cdc1U\/244098142\/H7797fd55b837482089a07478ece1cdc1U.jpg\" alt=\"\" width=\"702\" height=\"437\" \/><\/a><figcaption class=\"wp-caption-text\">cor ten<\/figcaption><\/figure>\n<figure style=\"width: 700px\" class=\"wp-caption alignnone\"><a href=\"https:\/\/keweicorten.com\/ro\"><img loading=\"lazy\" decoding=\"async\" title=\"placare din o\u021bel corten\" src=\"https:\/\/sc04.alicdn.com\/kf\/H8a0f8c737f5141c4a353d7772f3f6b566\/244098142\/H8a0f8c737f5141c4a353d7772f3f6b566.jpg\" alt=\"\" width=\"700\" height=\"525\" \/><\/a><figcaption class=\"wp-caption-text\">placare din o\u021bel corten<\/figcaption><\/figure>\n<div class=\"J_module\">\n<h2 id=\"ali-anchor-AliMagic-hdaj54\" class=\"magic-0\" data-section=\"AliMagic-hdaj54\" data-section-title=\"FAQ\">\u00ceNTREB\u0102RI FRECVENTE<\/h2>\n<\/div>\n<div class=\"J_module\">\n<div class=\"detail-decorate-json-renderer-container\">\n<div class=\"magic-4\">\n<div class=\"magic-5\">\n<div class=\"magic-6\">\n<div class=\"magic-7\"><b><span class=\"magic-23\">1. POT PRIMI C\u00c2TEVA MOSTRE? <\/span><\/b><\/p>\n<div><span class=\"magic-23\">Da. Putem oferi mostre, trebuie s\u0103 pl\u0103ti\u021bi \u00een avans taxa de e\u0219antionare \u0219i costurile de expediere. V\u0103 vom rambursa taxa de e\u0219antionare dup\u0103 ce a\u021bi plasat comanda. V\u0103 rug\u0103m s\u0103 ne comunica\u021bi contul dvs. de curierat sau s\u0103 ne trimite\u021bi taxele dvs. \u0219i vom aranja s\u0103 v\u0103 trimitem o mostr\u0103.<br \/>\n<b class=\"magic-57\">2. PUTE\u021aI PRODUCE \u00ceN FUNC\u021aIE DE MOSTRE? <\/b><br \/>\nDa, putem produce mostre sau desene tehnice. Putem construi matri\u021bele \u0219i dispozitivele de fixare.<br \/>\n<b class=\"magic-57\">3. CARE SUNT CONDI\u021aIILE DUMNEAVOASTR\u0102 DE PLAT\u0102? <\/b><br \/>\nPlata=1000USD, 30% T\/T \u00een avans, sold \u00eenainte de expediere. Dac\u0103 ave\u021bi alte \u00eentreb\u0103ri, v\u0103 rug\u0103m s\u0103 nu ezita\u021bi s\u0103 ne contacta\u021bi.<br \/>\n<b class=\"magic-57\">4. CARE SUNT CONDI\u021aIILE DVS. DE LIVRARE? <\/b><br \/>\nEXW, FOB, CFR, CIF, DDU.<br \/>\n<b class=\"magic-57\">5. PUTEM VIZITA FABRICA DVS.?<\/b><br \/>\nBine a\u021bi venit c\u0103lduros. Odat\u0103 ce avem programul dvs., vom aranja ca echipa profesional\u0103 de v\u00e2nz\u0103ri s\u0103 v\u0103 urm\u0103reasc\u0103 cazul.<br \/>\n<b class=\"magic-57\">6. CUM VI SE PARE TERMENUL DE LIVRARE? <\/b><br \/>\n\u00cen general, \u00eentre 10 \u0219i 25 de zile de la primirea pl\u0103\u021bii \u00een avans. Termenul exact de livrare depinde de produsele \u0219i de cantitatea comandat\u0103.<br \/>\n<b class=\"magic-57\">7. AVANTAJE POST-V\u00c2NZARE<\/b>.<br \/>\nGaran\u021bie de un an pentru produse; Dac\u0103 g\u0103si\u021bi orice piese defecte pentru prima dat\u0103, v\u0103 vom oferi gratuit piese noi \u00een urm\u0103toarea comand\u0103. Ca produc\u0103tor cu experien\u021b\u0103, pute\u021bi fi siguri de calitate \u0219i servicii post-v\u00e2nzare.<\/span><\/div>\n<\/div>\n<\/div>\n<\/div>\n<\/div>\n<\/div>\n<\/div>\n<\/div>\n<\/div>","protected":false},"excerpt":{"rendered":"<p>Q345NH este utilizat pe scar\u0103 larg\u0103 \u00een construc\u021bii \u0219i art\u0103 datorit\u0103 propriet\u0103\u021bilor sale unice \u0219i atractivit\u0103\u021bii estetice. Dac\u0103 ave\u021bi \u00eentreb\u0103ri mai specifice sau ave\u021bi nevoie de informa\u021bii suplimentare, nu ezita\u021bi s\u0103 \u00eentreba\u021bi!<\/p>","protected":false},"featured_media":1242,"comment_status":"open","ping_status":"closed","template":"","meta":{"_eb_attr":"","_monsterinsights_skip_tracking":false,"_monsterinsights_sitenote_active":false,"_monsterinsights_sitenote_note":"","_monsterinsights_sitenote_category":0,"_uf_show_specific_survey":0,"_uf_disable_surveys":false},"product_brand":[],"product_cat":[21],"product_tag":[],"class_list":{"0":"post-1241","1":"product","2":"type-product","3":"status-publish","4":"has-post-thumbnail","6":"product_cat-weather-resistant-steel-plate","8":"first","9":"instock","10":"shipping-taxable","11":"product-type-simple"},"_links":{"self":[{"href":"https:\/\/keweicorten.com\/ro\/wp-json\/wp\/v2\/product\/1241"}],"collection":[{"href":"https:\/\/keweicorten.com\/ro\/wp-json\/wp\/v2\/product"}],"about":[{"href":"https:\/\/keweicorten.com\/ro\/wp-json\/wp\/v2\/types\/product"}],"replies":[{"embeddable":true,"href":"https:\/\/keweicorten.com\/ro\/wp-json\/wp\/v2\/comments?post=1241"}],"version-history":[{"count":1,"href":"https:\/\/keweicorten.com\/ro\/wp-json\/wp\/v2\/product\/1241\/revisions"}],"predecessor-version":[{"id":1243,"href":"https:\/\/keweicorten.com\/ro\/wp-json\/wp\/v2\/product\/1241\/revisions\/1243"}],"wp:featuredmedia":[{"embeddable":true,"href":"https:\/\/keweicorten.com\/ro\/wp-json\/wp\/v2\/media\/1242"}],"wp:attachment":[{"href":"https:\/\/keweicorten.com\/ro\/wp-json\/wp\/v2\/media?parent=1241"}],"wp:term":[{"taxonomy":"product_brand","embeddable":true,"href":"https:\/\/keweicorten.com\/ro\/wp-json\/wp\/v2\/product_brand?post=1241"},{"taxonomy":"product_cat","embeddable":true,"href":"https:\/\/keweicorten.com\/ro\/wp-json\/wp\/v2\/product_cat?post=1241"},{"taxonomy":"product_tag","embeddable":true,"href":"https:\/\/keweicorten.com\/ro\/wp-json\/wp\/v2\/product_tag?post=1241"}],"curies":[{"name":"wp","href":"https:\/\/api.w.org\/{rel}","templated":true}]}}