{"id":1269,"date":"2024-09-19T07:26:56","date_gmt":"2024-09-19T07:26:56","guid":{"rendered":"https:\/\/keweicorten.com\/?post_type=product&#038;p=1269"},"modified":"2025-01-15T06:26:37","modified_gmt":"2025-01-15T06:26:37","slug":"masa-pentru-foc-de-tabara-cu-gaz-in-aer-liber","status":"publish","type":"product","link":"https:\/\/keweicorten.com\/ro\/masa-pentru-foc-de-tabara-cu-gaz-in-aer-liber\/","title":{"rendered":"mas\u0103 pentru foc de tab\u0103r\u0103 cu gaz \u00een aer liber"},"content":{"rendered":"<p>O mas\u0103 pentru focar cu gaz pentru exterior este o pies\u0103 multifunc\u021bional\u0103 de mobilier de exterior care combin\u0103 c\u0103ldura \u0219i ambian\u021ba unui focar cu caracterul practic al unei mese. Func\u021bioneaz\u0103 fie cu propan, fie cu gaz natural, ceea ce o face mai curat\u0103 \u0219i mai convenabil\u0103 dec\u00e2t co\u0219urile de fum cu lemne. Aceste mese au adesea o groap\u0103 de foc \u00een centru, \u00eenconjurat\u0103 de o suprafa\u021b\u0103 plan\u0103 unde pot fi a\u0219ezate b\u0103uturi, gust\u0103ri sau obiecte decorative.<\/p>\n<h2>Mas\u0103 de foc cu gaz natural Caracteristici principale:<\/h2>\n<p>1. Material: Printre materialele comune se num\u0103r\u0103 aluminiul, o\u021belul, r\u0103chita, betonul \u0219i piatra, fiecare av\u00e2nd o estetic\u0103 \u0219i o durabilitate diferite pentru condi\u021biile de exterior.<br \/>\n2. Mijloace de foc: Zona de foc este adesea decorat\u0103 cu sticl\u0103 de foc, roci de lav\u0103 sau bu\u0219teni de ceramic\u0103 pentru a spori atractivitatea vizual\u0103.<br \/>\n3. Tip combustibil:<br \/>\nPropan: Necesit\u0103 un rezervor de propan, adesea depozitat sub mas\u0103.<br \/>\nGaz natural: De obicei, implic\u0103 o conexiune direct\u0103 la conducta de gaz, deci este mai permanent\u0103.<br \/>\n4. Spa\u021biu de mas\u0103: Marginea exterioar\u0103 a mesei pentru focar serve\u0219te ca zon\u0103 de mas\u0103 func\u021bional\u0103, oferind spa\u021biu pentru a pune obiecte \u00een timp ce v\u0103 bucura\u021bi de foc.<br \/>\n5. Aprindere: Majoritatea modelelor dispun de un sistem de aprindere u\u0219or de utilizat (cu buton sau electronic).<br \/>\n6. Puterea termic\u0103 (BTU): Puterea de \u00eenc\u0103lzire variaz\u0103, cu valori mai mari de BTU care ofer\u0103 mai mult\u0103 c\u0103ldur\u0103 pentru spa\u021bii mai mari.<\/p>\n<p>Beneficii:<br \/>\nMultifunc\u021bional: Poate fi folosit at\u00e2t ca o groap\u0103 de foc, c\u00e2t \u0219i ca o mas\u0103 pentru divertisment.<br \/>\nU\u0219or de pornit \u0219i controlat: Porni\u021bi \u0219i opri\u021bi focul instantaneu cu un comutator sau un buton.<br \/>\nMai pu\u021bin\u0103 \u00eentre\u021binere: F\u0103r\u0103 cenu\u0219\u0103 sau resturi de lemn de cur\u0103\u021bat, spre deosebire de focarele tradi\u021bionale.<br \/>\nDesign elegant: Multe modele au un design modern care \u00eembun\u0103t\u0103\u021be\u0219te estetica spa\u021biilor \u00een aer liber.<\/p>\n<p>Considera\u021bii:<br \/>\nDimensiune: Asigura\u021bi-v\u0103 c\u0103 masa se potrive\u0219te confortabil \u00een spa\u021biul dvs. \u00een aer liber, f\u0103r\u0103 supraaglomerare.<br \/>\nRezisten\u021ba la intemperii: C\u0103uta\u021bi materiale care pot rezista la expunerea \u00een aer liber sau investi\u021bi \u00eentr-un capac pentru protec\u021bie.<br \/>\nRaza de \u00eenc\u0103lzire: \u00cen func\u021bie de dimensiune \u0219i de puterea BTU, masa de foc va \u00eenc\u0103lzi o anumit\u0103 zon\u0103. Lua\u021bi \u00een considerare dac\u0103 este suficient pentru nevoile dvs.<\/p>\n<table class=\"has-title all magic-6\">\n<tbody>\n<tr>\n<td colspan=\"1\" rowspan=\"1\">\n<div class=\"magic-7\" data-spm-anchor-id=\"a2700.details.0.i38.476a7509rg8LcG\">Denumirea produsului<\/div>\n<\/td>\n<td colspan=\"1\" rowspan=\"1\">\n<div class=\"magic-8\">Durabil \u00eenc\u0103lzitor \u00een aer liber foc c\u0103rbune metalic natura gaz \u00een aer liber Fire Pit<\/div>\n<\/td>\n<\/tr>\n<tr>\n<td colspan=\"1\" rowspan=\"1\">\n<div class=\"magic-7\">Material<\/div>\n<\/td>\n<td colspan=\"1\" rowspan=\"1\">\n<div class=\"magic-8\">O\u021bel Corten, o\u021bel inoxidabil<\/div>\n<\/td>\n<\/tr>\n<tr>\n<td colspan=\"1\" rowspan=\"1\">\n<div class=\"magic-7\">M\u0103rime<\/div>\n<\/td>\n<td colspan=\"1\" rowspan=\"1\">\n<div class=\"magic-8\">800 * 800 * 400 sau personalizate<\/div>\n<\/td>\n<\/tr>\n<tr>\n<td colspan=\"1\" rowspan=\"1\">\n<div class=\"magic-7\">Suprafa\u021b\u0103<\/div>\n<\/td>\n<td colspan=\"1\" rowspan=\"1\">\n<div class=\"magic-8\">acoperire cu pulbere neagr\u0103<\/div>\n<\/td>\n<\/tr>\n<tr>\n<td colspan=\"1\" rowspan=\"1\">\n<div class=\"magic-7\">Tehnologie<\/div>\n<\/td>\n<td colspan=\"1\" rowspan=\"1\">\n<div class=\"magic-8\">\u00a0T\u0103iere cu laser, \u00eendoire, perforare, sudur\u0103, intemperii<\/div>\n<\/td>\n<\/tr>\n<tr>\n<td colspan=\"1\" rowspan=\"1\">\n<div class=\"magic-7\">Aplica\u021bie<\/div>\n<\/td>\n<td colspan=\"1\" rowspan=\"1\">\n<div class=\"magic-8\">Decor pentru exterior sau curte<\/div>\n<\/td>\n<\/tr>\n<\/tbody>\n<\/table>\n<figure style=\"width: 700px\" class=\"wp-caption alignnone\"><a href=\"https:\/\/keweicorten.com\/ro\"><img fetchpriority=\"high\" decoding=\"async\" title=\"foi\u0219or pe mas\u0103\" src=\"https:\/\/sc04.alicdn.com\/kf\/H2922166013fd43e4ae1450eaa5391c06A\/252624420\/H2922166013fd43e4ae1450eaa5391c06A.jpg\" alt=\"\" width=\"700\" height=\"700\" \/><\/a><figcaption class=\"wp-caption-text\">foi\u0219or pe mas\u0103<\/figcaption><\/figure>","protected":false},"excerpt":{"rendered":"<p>An outdoor gas fire pit table is a multifunctional piece of outdoor furniture that combines the warmth and ambiance of a fire pit with the practicality of a table. It runs on either propane or natural gas, making it cleaner and more convenient than wood-burning fire pits. These tables often feature a fire pit in [&hellip;]<\/p>","protected":false},"featured_media":1271,"comment_status":"open","ping_status":"closed","template":"","meta":{"_eb_attr":"","_monsterinsights_skip_tracking":false,"_monsterinsights_sitenote_active":false,"_monsterinsights_sitenote_note":"","_monsterinsights_sitenote_category":0,"_uf_show_specific_survey":0,"_uf_disable_surveys":false},"product_brand":[],"product_cat":[55],"product_tag":[],"class_list":{"0":"post-1269","1":"product","2":"type-product","3":"status-publish","4":"has-post-thumbnail","6":"product_cat-gas-fire-pit","8":"first","9":"instock","10":"shipping-taxable","11":"product-type-simple"},"_links":{"self":[{"href":"https:\/\/keweicorten.com\/ro\/wp-json\/wp\/v2\/product\/1269"}],"collection":[{"href":"https:\/\/keweicorten.com\/ro\/wp-json\/wp\/v2\/product"}],"about":[{"href":"https:\/\/keweicorten.com\/ro\/wp-json\/wp\/v2\/types\/product"}],"replies":[{"embeddable":true,"href":"https:\/\/keweicorten.com\/ro\/wp-json\/wp\/v2\/comments?post=1269"}],"version-history":[{"count":1,"href":"https:\/\/keweicorten.com\/ro\/wp-json\/wp\/v2\/product\/1269\/revisions"}],"predecessor-version":[{"id":1272,"href":"https:\/\/keweicorten.com\/ro\/wp-json\/wp\/v2\/product\/1269\/revisions\/1272"}],"wp:featuredmedia":[{"embeddable":true,"href":"https:\/\/keweicorten.com\/ro\/wp-json\/wp\/v2\/media\/1271"}],"wp:attachment":[{"href":"https:\/\/keweicorten.com\/ro\/wp-json\/wp\/v2\/media?parent=1269"}],"wp:term":[{"taxonomy":"product_brand","embeddable":true,"href":"https:\/\/keweicorten.com\/ro\/wp-json\/wp\/v2\/product_brand?post=1269"},{"taxonomy":"product_cat","embeddable":true,"href":"https:\/\/keweicorten.com\/ro\/wp-json\/wp\/v2\/product_cat?post=1269"},{"taxonomy":"product_tag","embeddable":true,"href":"https:\/\/keweicorten.com\/ro\/wp-json\/wp\/v2\/product_tag?post=1269"}],"curies":[{"name":"wp","href":"https:\/\/api.w.org\/{rel}","templated":true}]}}