{"id":1273,"date":"2024-09-19T07:42:09","date_gmt":"2024-09-19T07:42:09","guid":{"rendered":"https:\/\/keweicorten.com\/?post_type=product&#038;p=1273"},"modified":"2025-01-15T06:26:29","modified_gmt":"2025-01-15T06:26:29","slug":"semineu-cu-gaz","status":"publish","type":"product","link":"https:\/\/keweicorten.com\/ro\/semineu-cu-gaz\/","title":{"rendered":"mas\u0103 de gr\u0103din\u0103 cu groap\u0103 de foc"},"content":{"rendered":"<table class=\"has-title all magic-16\" style=\"height: 272px;\" width=\"773\">\n<tbody>\n<tr>\n<td colspan=\"2\" rowspan=\"1\">\n<div class=\"magic-17\"><b><span class=\"magic-18\" style=\"color: #000000;\" data-spm-anchor-id=\"a2700.details.0.i40.6b724b3bPgup84\">Specifica\u021bii<\/span><\/b><\/div>\n<\/td>\n<\/tr>\n<tr>\n<td colspan=\"1\" rowspan=\"1\">\n<div class=\"magic-21\"><span class=\"magic-11\" style=\"color: #000000;\">Numele produsului<\/span><\/div>\n<\/td>\n<td colspan=\"1\" rowspan=\"1\">\n<div class=\"magic-22\"><span class=\"magic-11\" style=\"color: #000000;\">Rectangular Metal Fire Pit Propane \u00cen aer liber Gr\u0103din\u0103 \u00cenc\u0103lzire Firepit Mari \u00eenc\u0103lzitoare cu gaz O\u021bel Corten Gaz Fire Pit<\/span><\/div>\n<\/td>\n<\/tr>\n<tr>\n<td colspan=\"1\" rowspan=\"1\">\n<div class=\"magic-21\"><span class=\"magic-11\" style=\"color: #000000;\">Nume de marc\u0103<\/span><\/div>\n<\/td>\n<td colspan=\"1\" rowspan=\"1\">\n<div class=\"magic-22\"><span class=\"magic-11\" style=\"color: #000000;\">SHKW Corten Garden<\/span><\/div>\n<\/td>\n<\/tr>\n<tr>\n<td colspan=\"1\" rowspan=\"1\">\n<div class=\"magic-21\"><span class=\"magic-11\" style=\"color: #000000;\">Num\u0103rul modelului<\/span><\/div>\n<\/td>\n<td colspan=\"1\" rowspan=\"1\">SHKW-FP-01<\/td>\n<\/tr>\n<tr>\n<td colspan=\"1\" rowspan=\"1\">\n<div class=\"magic-21\"><span class=\"magic-11\" style=\"color: #000000;\">Material<\/span><\/div>\n<\/td>\n<td colspan=\"1\" rowspan=\"1\">\n<div class=\"magic-22\"><span class=\"magic-11\" style=\"color: #000000;\">O\u021bel Corten \/ O\u021bel rezistent la intemperii<\/span><\/div>\n<\/td>\n<\/tr>\n<tr>\n<td colspan=\"1\" rowspan=\"1\">\n<div class=\"magic-21\"><span class=\"magic-11\" style=\"color: #000000;\">M\u0103rime<\/span><\/div>\n<\/td>\n<td colspan=\"1\" rowspan=\"1\">\n<div class=\"magic-22\"><span class=\"magic-11\" style=\"color: #000000;\">60\" X 16\" X 24\"H (1500X 400 X 600H mm)<\/span><\/div>\n<\/td>\n<\/tr>\n<tr>\n<td colspan=\"1\" rowspan=\"1\">\n<div class=\"magic-21\"><span style=\"color: #000000;\">Greutate<\/span><\/div>\n<\/td>\n<td colspan=\"1\" rowspan=\"1\">\n<div class=\"magic-22\"><span style=\"color: #000000;\">P\u00c2N\u0102 LA 240 LBS (108 KG)<\/span><\/div>\n<\/td>\n<\/tr>\n<tr>\n<td colspan=\"1\" rowspan=\"1\">\n<div class=\"magic-21\"><span class=\"magic-11\" style=\"color: #000000;\">Pachet<\/span><\/div>\n<\/td>\n<td colspan=\"1\" rowspan=\"1\">\n<div class=\"magic-22\"><span class=\"magic-11\" style=\"color: #000000;\">Interior: H\u00e2rtie de spum\u0103 anti-uzur\u0103, exterior: Cutie de carton<\/span><\/div>\n<\/td>\n<\/tr>\n<tr>\n<td colspan=\"1\" rowspan=\"1\">\n<div class=\"magic-21\"><span class=\"magic-11\" style=\"color: #000000;\">Tratarea suprafe\u021bei<\/span><\/div>\n<\/td>\n<td colspan=\"1\" rowspan=\"1\">\n<div class=\"magic-22\"><span class=\"magic-11\" style=\"color: #000000;\">Pre-ruginite, pot fi personalizate<\/span><\/div>\n<\/td>\n<\/tr>\n<tr>\n<td colspan=\"1\" rowspan=\"1\">\n<div class=\"magic-21\"><span class=\"magic-11\" style=\"color: #000000;\">MOQ<\/span><\/div>\n<\/td>\n<td colspan=\"1\" rowspan=\"1\">\n<div class=\"magic-22\"><span class=\"magic-11\" style=\"color: #000000;\">1 buc<\/span><\/div>\n<\/td>\n<\/tr>\n<\/tbody>\n<\/table>\n<h2><a href=\"https:\/\/keweicorten.com\/ro\/categorie-produs\/groapa-de-foc\/\">Mas\u0103 de gr\u0103din\u0103 cu caracteristici groap\u0103 de foc:<\/a><\/h2>\n<p><span style=\"color: #000000;\" data-spm-anchor-id=\"a2700.details.0.i41.6b724b3bPgup84\">Suprafa\u021ba f\u0103r\u0103 \u00eentre\u021binere a o\u021belului corten ofer\u0103 o estetic\u0103 p\u0103m\u00e2nteasc\u0103, dar modern\u0103, care este pe c\u00e2t de practic\u0103, pe at\u00e2t de frumoas\u0103.<\/span><span style=\"color: #000000;\">Acesta va dezvolta un strat stabil asem\u0103n\u0103tor ruginei, care se regenereaz\u0103 continuu \u0219i protejeaz\u0103 o\u021belul de coroziune.<\/span><\/p>\n<p><a href=\"https:\/\/keweicorten.com\/ro\/produs\/groapa-de-foc-dreptunghiulara\/\"><strong>Mas\u0103 de gr\u0103din\u0103 cu material pentru foc<\/strong><\/a>: Materialele populare includ metalul (aluminiu sau o\u021bel), lemnul, betonul \u0219i r\u0103chita, fiecare oferind niveluri diferite de durabilitate \u0219i stil.<\/p>\n<ul>\n<li><strong>Foc Pit Insert<\/strong>: The <a href=\"https:\/\/keweicorten.com\/ro\/produs\/masa-pentru-foc-de-tabara-cu-gaz-in-aer-liber\/\">mas\u0103 de gr\u0103din\u0103 cu groap\u0103 de foc<\/a> este de obicei situat \u00een centru, \u00eenconjurat de o suprafa\u021b\u0103 de mas\u0103 pentru a\u0219ezarea b\u0103uturilor sau a farfuriilor.<\/li>\n<li><strong>Tip combustibil<\/strong>:<strong>Propan<\/strong>: Rezervoarele de propan sunt de obicei ascunse sub mas\u0103.\/<strong>Gaz natural<\/strong>: Necesit\u0103 o conexiune la o conduct\u0103 de gaz, care este o instalare mai permanent\u0103.<\/li>\n<li><strong>Op\u021biuni de acoperire<\/strong>: Multe sunt prev\u0103zute cu un capac pentru a acoperi focarul atunci c\u00e2nd nu este utilizat, transform\u00e2ndu-l \u00eentr-o mas\u0103 complet\u0103.<\/li>\n<li><strong>Media de foc<\/strong>: Materialele decorative precum sticla de foc, rocile de lav\u0103 sau bu\u0219tenii fal\u0219i sunt utilizate pentru a acoperi arz\u0103torul \u0219i a \u00eembun\u0103t\u0103\u021bi estetica focului.<\/li>\n<li><strong>Ap\u0103r\u0103tori de v\u00e2nt<\/strong>: Unele modele sunt prev\u0103zute cu ap\u0103r\u0103tori de v\u00e2nt din sticl\u0103 c\u0103lit\u0103 pentru a proteja fl\u0103c\u0103rile \u0219i a spori siguran\u021ba.<\/li>\n<\/ul>\n<figure style=\"width: 697px\" class=\"wp-caption alignnone\"><a href=\"https:\/\/keweicorten.com\/ro\/contactati-ne\/\"><img fetchpriority=\"high\" decoding=\"async\" title=\"\u0219emineu exterior cu propan\" src=\"https:\/\/sc04.alicdn.com\/kf\/H3083ba8bd2604171bff24aba76e05ef1B\/235950374\/H3083ba8bd2604171bff24aba76e05ef1B.jpg\" alt=\"\" width=\"697\" height=\"395\" \/><\/a><figcaption class=\"wp-caption-text\">\u0219emineu exterior cu propan<\/figcaption><\/figure>\n<figure style=\"width: 698px\" class=\"wp-caption alignnone\"><a href=\"https:\/\/keweicorten.com\/ro\"><img decoding=\"async\" title=\"mas\u0103 cu foc\" src=\"https:\/\/sc04.alicdn.com\/kf\/H379da3bd015940f981085f8baef0f0a0E\/252669402\/H379da3bd015940f981085f8baef0f0a0E.jpg\" alt=\"\" width=\"698\" height=\"464\" \/><\/a><figcaption class=\"wp-caption-text\">mas\u0103 cu foc<\/figcaption><\/figure>\n<p><span style=\"color: #000000;\" data-spm-anchor-id=\"a2700.details.0.i44.6b724b3bPgup84\">Format\u0103 din o\u021bel corten gros de 3 mm. Utilizeaz\u0103 kitul nostru de arz\u0103tor \u00een configura\u021bie cu gaz natural sau propan.\u00a0<\/span><\/p>\n<div><span style=\"color: #000000;\">\u00a0<\/span><\/div>\n<div><span style=\"color: #000000;\">Gnee Garden are o vast\u0103 experien\u021b\u0103 \u00een proiectarea \u0219i fabricarea \u0219emineelor din o\u021bel corten pentru a se potrivi multor tipuri de proiecte, mari sau mici.<\/span><\/div>\n<p>A <strong>mas\u0103 de gr\u0103din\u0103 cu o groap\u0103 de foc<\/strong> este o pies\u0103 versatil\u0103 de mobilier de exterior care combin\u0103 func\u021bionalitatea unei mese de sufragerie sau de cafea cu c\u0103ldura \u0219i ambian\u021ba unui focar. Este perfect\u0103 pentru a crea o atmosfer\u0103 confortabil\u0103 \u00een gr\u0103dini, cur\u021bi sau terase, oferind at\u00e2t un punct focal elegant, c\u00e2t \u0219i o solu\u021bie practic\u0103 pentru divertismentul \u00een aer liber.<\/p>","protected":false},"excerpt":{"rendered":"<article class=\"w-full text-token-text-primary focus-visible:outline-2 focus-visible:outline-offset-[-4px]\" dir=\"auto\" data-testid=\"conversation-turn-7\" data-scroll-anchor=\"false\">\n<div class=\"text-base py-[18px] px-3 md:px-4 m-auto w-full md:px-5 lg:px-4 xl:px-5\">\n<div class=\"mx-auto flex flex-1 gap-4 text-base md:gap-5 lg:gap-6 md:max-w-3xl lg:max-w-[40rem] xl:max-w-[48rem]\">\n<div class=\"group\/conversation-turn relative flex w-full min-w-0 flex-col\">\n<div class=\"flex-col gap-1 md:gap-3\">\n<div class=\"flex max-w-full flex-col flex-grow\">\n<div class=\"min-h-[20px] text-message flex w-full flex-col items-end gap-2 whitespace-normal break-words [.text-message+&amp;]:mt-5\" dir=\"auto\" data-message-author-role=\"user\" data-message-id=\"aaa23168-7d7c-42a1-a907-17fd9ddb6c5a\">\n<div class=\"flex w-full flex-col gap-1 empty:hidden items-end rtl:items-start\">\n<div class=\"relative max-w-[70%] rounded-3xl px-5 py-2.5 bg-[#f4f4f4] dark:bg-token-main-surface-secondary\">\n<div class=\"whitespace-pre-wrap\">Mas\u0103 dreptunghiular\u0103 Dining Fire Pit: Ideale pentru \u00eent\u00e2lniri mai mari, aceste mese pot g\u0103zdui mai multe persoane, oferind \u00een acela\u0219i timp c\u0103ldur\u0103.<\/div>\n<div class=\"absolute bottom-0 right-full top-0 -mr-3.5 hidden pr-5 pt-1 [.group\\\/conversation-turn:hover_&amp;]:block\"><\/div>\n<\/div>\n<\/div>\n<\/div>\n<\/div>\n<\/div>\n<\/div>\n<\/div>\n<\/div>\n<\/article>\n<article class=\"w-full text-token-text-primary focus-visible:outline-2 focus-visible:outline-offset-[-4px]\" dir=\"auto\" data-testid=\"conversation-turn-8\" data-scroll-anchor=\"true\">\n<h6 class=\"sr-only\"><\/h6>\n<\/article>","protected":false},"featured_media":1275,"comment_status":"open","ping_status":"closed","template":"","meta":{"_eb_attr":"","_monsterinsights_skip_tracking":false,"_monsterinsights_sitenote_active":false,"_monsterinsights_sitenote_note":"","_monsterinsights_sitenote_category":0,"_uf_show_specific_survey":0,"_uf_disable_surveys":false},"product_brand":[],"product_cat":[55],"product_tag":[],"class_list":{"0":"post-1273","1":"product","2":"type-product","3":"status-publish","4":"has-post-thumbnail","6":"product_cat-gas-fire-pit","8":"first","9":"instock","10":"shipping-taxable","11":"product-type-simple"},"_links":{"self":[{"href":"https:\/\/keweicorten.com\/ro\/wp-json\/wp\/v2\/product\/1273"}],"collection":[{"href":"https:\/\/keweicorten.com\/ro\/wp-json\/wp\/v2\/product"}],"about":[{"href":"https:\/\/keweicorten.com\/ro\/wp-json\/wp\/v2\/types\/product"}],"replies":[{"embeddable":true,"href":"https:\/\/keweicorten.com\/ro\/wp-json\/wp\/v2\/comments?post=1273"}],"version-history":[{"count":1,"href":"https:\/\/keweicorten.com\/ro\/wp-json\/wp\/v2\/product\/1273\/revisions"}],"predecessor-version":[{"id":1276,"href":"https:\/\/keweicorten.com\/ro\/wp-json\/wp\/v2\/product\/1273\/revisions\/1276"}],"wp:featuredmedia":[{"embeddable":true,"href":"https:\/\/keweicorten.com\/ro\/wp-json\/wp\/v2\/media\/1275"}],"wp:attachment":[{"href":"https:\/\/keweicorten.com\/ro\/wp-json\/wp\/v2\/media?parent=1273"}],"wp:term":[{"taxonomy":"product_brand","embeddable":true,"href":"https:\/\/keweicorten.com\/ro\/wp-json\/wp\/v2\/product_brand?post=1273"},{"taxonomy":"product_cat","embeddable":true,"href":"https:\/\/keweicorten.com\/ro\/wp-json\/wp\/v2\/product_cat?post=1273"},{"taxonomy":"product_tag","embeddable":true,"href":"https:\/\/keweicorten.com\/ro\/wp-json\/wp\/v2\/product_tag?post=1273"}],"curies":[{"name":"wp","href":"https:\/\/api.w.org\/{rel}","templated":true}]}}