{"id":1277,"date":"2024-09-19T08:11:50","date_gmt":"2024-09-19T08:11:50","guid":{"rendered":"https:\/\/keweicorten.com\/?post_type=product&#038;p=1277"},"modified":"2025-01-15T06:26:18","modified_gmt":"2025-01-15T06:26:18","slug":"castron-groapa-de-foc","status":"publish","type":"product","link":"https:\/\/keweicorten.com\/ro\/castron-groapa-de-foc\/","title":{"rendered":"corten foc castron"},"content":{"rendered":"<h2><b data-spm-anchor-id=\"a2700.details.0.i38.54803c56Fst1G1\">\u00a0\u00cen aer liber Corten Steel Fire Pit Bowl Design <\/b><\/h2>\n<div>Gr\u0103dina din o\u021bel Corten Bowl este o alegere excelent\u0103 pentru a crea c\u0103ldur\u0103 \u0219i atmosfer\u0103 \u00een spa\u021biile \u00een aer liber, oferind \u00een acela\u0219i timp un aspect sofisticat, rustic, care adaug\u0103 caracter peisajului \u00eenconjur\u0103tor.Gr\u0103dina Bowl este mai mult dec\u00e2t o groap\u0103 de foc tipic\u0103; de asemenea, se dubleaz\u0103 ca o pies\u0103 de art\u0103.<\/div>\n<div>Aceste boluri pentru foc sunt disponibile \u00eentr-o gam\u0103 larg\u0103 de forme \u0219i dimensiuni pentru a se potrivi diferitelor spa\u021bii \u00een aer liber \u0219i sunt u\u0219or de \u00eentre\u021binut, ceea ce le face o alegere popular\u0103 pentru entuzia\u0219tii vie\u021bii \u00een aer liber.<\/div>\n<div>\n<table class=\"all magic-16\" style=\"height: 216px;\" width=\"816\">\n<tbody>\n<tr>\n<td colspan=\"1\" rowspan=\"1\">\n<div class=\"magic-17\" data-spm-anchor-id=\"a2700.details.0.i44.54803c56Fst1G1\">Numele produsului<\/div>\n<\/td>\n<td colspan=\"4\" rowspan=\"1\">\n<div class=\"magic-18\">Gr\u0103din\u0103 decorare portabil f\u0103r\u0103 fum \u0219emineu o\u021bel foc Bowl \u00een aer liber Corten Steel Fire Pit Design<\/div>\n<\/td>\n<\/tr>\n<tr>\n<td colspan=\"1\" rowspan=\"1\">\n<div class=\"magic-17\">Material<\/div>\n<\/td>\n<td colspan=\"4\" rowspan=\"1\">\n<div class=\"magic-18\">O\u021bel Corten\/rezistent la intemperii<\/div>\n<\/td>\n<\/tr>\n<tr>\n<td colspan=\"1\" rowspan=\"1\">\n<div class=\"magic-17\">Finisaj de suprafa\u021b\u0103<\/div>\n<\/td>\n<td colspan=\"4\" rowspan=\"1\">\n<div class=\"magic-18\">Pre-rugin\u0103, conform cerin\u021belor<\/div>\n<\/td>\n<\/tr>\n<tr>\n<td colspan=\"1\" rowspan=\"1\">\n<div class=\"magic-17\">M\u0103rime<\/div>\n<\/td>\n<td colspan=\"4\" rowspan=\"1\">\n<div class=\"magic-21\">\n<p>Diametru: 800mm-1200mm<\/p>\n<div data-spm-anchor-id=\"a2700.pc-decorate.0.i14.1ac93333diqBDj\">Grosime: 3mm, personalizat<\/div>\n<\/div>\n<\/td>\n<\/tr>\n<tr>\n<td colspan=\"1\" rowspan=\"1\">\n<div class=\"magic-22\">Caracteristic\u0103<\/div>\n<\/td>\n<td colspan=\"4\" rowspan=\"1\">\n<div class=\"magic-21\">Design stabil, u\u0219or de asamblat, rezistent la temperaturi ridicate<\/div>\n<\/td>\n<\/tr>\n<tr>\n<td colspan=\"1\" rowspan=\"1\">\n<div class=\"magic-22\">Servicii suplimentare<\/div>\n<\/td>\n<td colspan=\"1\" rowspan=\"1\">\n<div class=\"magic-21\">Fiecare castron Fire Pits poate fi fabricat pe baza designului, desenului, e\u0219antionului \u0219i cerin\u021belor detaliate ale clien\u021bilor.<\/div>\n<\/td>\n<\/tr>\n<\/tbody>\n<\/table>\n<\/div>\n<div><a href=\"https:\/\/keweicorten.com\/ro\"><img fetchpriority=\"high\" decoding=\"async\" class=\"alignnone\" title=\"groap\u0103 de foc\" src=\"https:\/\/sc04.alicdn.com\/kf\/H98c98f834b0941fe86f09cf240438fe2D\/252583075\/H98c98f834b0941fe86f09cf240438fe2D.jpg\" alt=\"\" width=\"676\" height=\"676\" \/><\/a><\/div>\n<div>\n<h2>Caracteristici ale bolurilor de foc Corten:<\/h2>\n<ol>\n<li><strong>Material<\/strong>: O\u021belul Corten dezvolt\u0103 o patin\u0103 asem\u0103n\u0103toare ruginei \u00een timp, conferindu-i un aspect unic, texturat, care se integreaz\u0103 bine \u00een mediul natural.<\/li>\n<li><strong>Durabilitate<\/strong>: O\u021belul este rezistent la coroziune \u0219i la intemperii, ceea ce \u00eel face potrivit pentru utilizarea \u00een aer liber pe tot parcursul anului.<\/li>\n<li><strong>Design<\/strong>: Bolurile de foc din corten sunt disponibile \u00een diferite forme \u0219i dimensiuni, adesea av\u00e2nd un design minimalist care \u00eembun\u0103t\u0103\u021be\u0219te estetica oric\u0103rui spa\u021biu exterior.<\/li>\n<li><strong>Func\u021bionalitate<\/strong>: Acestea pot fi utilizate at\u00e2t pentru g\u0103tit, c\u00e2t \u0219i pentru \u00eenc\u0103lzire, oferind c\u0103ldur\u0103 \u0219i un punct central de \u00eent\u00e2lnire pentru activit\u0103\u021bile \u00een aer liber.<\/li>\n<\/ol>\n<\/div>\n<div><\/div>\n<div>\n<figure style=\"width: 675px\" class=\"wp-caption alignnone\"><a href=\"https:\/\/keweicorten.com\/ro\/contactati-ne\/\"><img decoding=\"async\" title=\"groap\u0103 de foc\" src=\"https:\/\/sc04.alicdn.com\/kf\/Hc05888b8a84f48d7891b9c11c4d261b9Q\/252583075\/Hc05888b8a84f48d7891b9c11c4d261b9Q.jpg\" alt=\"\" width=\"675\" height=\"675\" \/><\/a><figcaption class=\"wp-caption-text\">groap\u0103 de foc<\/figcaption><\/figure>\n<\/div>\n<div>\n<h2>Beneficiile bolurilor de foc Corten:<\/h2>\n<ul>\n<li><strong>Estetic\u0103 unic\u0103<\/strong>: Aspectul rustic al o\u021belului corten adaug\u0103 caracter \u0219i elegan\u021b\u0103 gr\u0103dinii sau terasei dumneavoastr\u0103.<\/li>\n<li><strong>\u00centre\u021binere redus\u0103<\/strong>: Spre deosebire de gropile de foc din lemn, bolurile de foc din corten necesit\u0103 o \u00eentre\u021binere minim\u0103.<\/li>\n<li><strong>Versatilitate<\/strong>: Multe modele se pot dubla ca mas\u0103 atunci c\u00e2nd nu sunt utilizate pentru foc.<\/li>\n<\/ul>\n<\/div>\n<div>\n<figure style=\"width: 673px\" class=\"wp-caption alignnone\"><a href=\"https:\/\/keweicorten.com\/ro\"><img decoding=\"async\" title=\"\u0219emineu corten\" src=\"https:\/\/sc04.alicdn.com\/kf\/H98c98f834b0941fe86f09cf240438fe2D\/252583075\/H98c98f834b0941fe86f09cf240438fe2D.jpg\" alt=\"\" width=\"673\" height=\"673\" \/><\/a><figcaption class=\"wp-caption-text\">\u0219emineu corten<\/figcaption><\/figure>\n<\/div>\n<div>\n<div class=\"J_module\">\n<div class=\"detail-decorate-json-renderer-container\">\n<div class=\"magic-4\">\n<div class=\"magic-5\">\n<div class=\"magic-6\">\n<div class=\"magic-7\">\n<p><b data-spm-anchor-id=\"a2700.details.0.i45.54803c56Fst1G1\">Wood Burning Corten Steel \u00een aer liber Foc Pit castron<\/b><\/p>\n<div>\n<p>Wood Burning Fire Pit este un vas larg, pu\u021bin ad\u00e2nc, fabricat din o\u021bel Corten de 3\/16\" (5 mm), cunoscut sub numele de o\u021bel pentru intemperii, care nu numai c\u0103 face ca acest focar s\u0103 fie extrem de durabil, dar \u00eei confer\u0103 \u0219i un stil unic care \u00eel diferen\u021biaz\u0103 de toate celelalte focare.<\/p>\n<div><\/div>\n<div><span data-spm-anchor-id=\"a2700.details.0.i46.54803c56Fst1G1\">Acest tip de o\u021bel este, de asemenea, f\u0103cut s\u0103 se schimbe u\u0219or pe m\u0103sur\u0103 ce trec anii, conferindu-i un aspect \u0219i mai unic, care este foarte c\u0103utat. Patina sa maxim\u0103 va fi atins\u0103 \u00een 2 p\u00e2n\u0103 la 4 ani, iar apoi va r\u0103m\u00e2ne \u00een aceast\u0103 stare cu foarte pu\u021bine modific\u0103ri.<\/span><\/div>\n<\/div>\n<\/div>\n<\/div>\n<\/div>\n<\/div>\n<\/div>\n<\/div>\n<div class=\"J_module\">\n<div class=\"icbu-pc-images magic-1\">\n<div>\n<div class=\"flex-layout-v\">\n<div class=\"flex-layout-h magic-1\">\n<div class=\"magic-26\"><a href=\"https:\/\/kwijbl.en.alibaba.com\/\" target=\"_blank\" rel=\"noopener nofollow\"><img decoding=\"async\" class=\"magic-27\" src=\"https:\/\/sc04.alicdn.com\/kf\/Hd5663bf2cbbf4b99aabdba5721ae9d7bL\/252583075\/Hd5663bf2cbbf4b99aabdba5721ae9d7bL.jpg\" data-src=\"\/\/sc04.alicdn.com\/kf\/Hd5663bf2cbbf4b99aabdba5721ae9d7bL\/252583075\/Hd5663bf2cbbf4b99aabdba5721ae9d7bL.jpg\" \/><\/a><\/div>\n<\/div>\n<\/div>\n<\/div>\n<\/div>\n<\/div>\n<\/div>","protected":false},"excerpt":{"rendered":"<p>Material: O\u021belul rezistent la intemperii va forma un strat protector de oxid atunci c\u00e2nd este expus la intemperii pentru a preveni coroziunea ulterioar\u0103.<br \/>\nDesign: Bolurile de foc din o\u021bel rezistent la intemperii sunt de obicei simple \u00een design \u0219i au o varietate de forme, care pot fi utilizate fie ca focare, fie ca mobilier decorativ.<br \/>\nDurabilitate: O\u021belul pentru intemperii are o rezisten\u021b\u0103 puternic\u0103 la coroziune \u0219i este potrivit pentru utilizarea \u00een exterior, f\u0103r\u0103 a v\u0103 face griji cu privire la efectele intemperiilor.<br \/>\nVersatilitate: Nu numai pentru \u00eenc\u0103lzire \u0219i petrecere, ci \u0219i pentru g\u0103tit \u00een aer liber<\/p>","protected":false},"featured_media":1278,"comment_status":"open","ping_status":"closed","template":"","meta":{"_eb_attr":"","_monsterinsights_skip_tracking":false,"_monsterinsights_sitenote_active":false,"_monsterinsights_sitenote_note":"","_monsterinsights_sitenote_category":0,"_uf_show_specific_survey":0,"_uf_disable_surveys":false},"product_brand":[],"product_cat":[54],"product_tag":[],"class_list":{"0":"post-1277","1":"product","2":"type-product","3":"status-publish","4":"has-post-thumbnail","6":"product_cat-wood-fire-pit","8":"first","9":"instock","10":"shipping-taxable","11":"product-type-simple"},"_links":{"self":[{"href":"https:\/\/keweicorten.com\/ro\/wp-json\/wp\/v2\/product\/1277"}],"collection":[{"href":"https:\/\/keweicorten.com\/ro\/wp-json\/wp\/v2\/product"}],"about":[{"href":"https:\/\/keweicorten.com\/ro\/wp-json\/wp\/v2\/types\/product"}],"replies":[{"embeddable":true,"href":"https:\/\/keweicorten.com\/ro\/wp-json\/wp\/v2\/comments?post=1277"}],"version-history":[{"count":2,"href":"https:\/\/keweicorten.com\/ro\/wp-json\/wp\/v2\/product\/1277\/revisions"}],"predecessor-version":[{"id":1280,"href":"https:\/\/keweicorten.com\/ro\/wp-json\/wp\/v2\/product\/1277\/revisions\/1280"}],"wp:featuredmedia":[{"embeddable":true,"href":"https:\/\/keweicorten.com\/ro\/wp-json\/wp\/v2\/media\/1278"}],"wp:attachment":[{"href":"https:\/\/keweicorten.com\/ro\/wp-json\/wp\/v2\/media?parent=1277"}],"wp:term":[{"taxonomy":"product_brand","embeddable":true,"href":"https:\/\/keweicorten.com\/ro\/wp-json\/wp\/v2\/product_brand?post=1277"},{"taxonomy":"product_cat","embeddable":true,"href":"https:\/\/keweicorten.com\/ro\/wp-json\/wp\/v2\/product_cat?post=1277"},{"taxonomy":"product_tag","embeddable":true,"href":"https:\/\/keweicorten.com\/ro\/wp-json\/wp\/v2\/product_tag?post=1277"}],"curies":[{"name":"wp","href":"https:\/\/api.w.org\/{rel}","templated":true}]}}