{"id":1281,"date":"2024-09-19T08:33:27","date_gmt":"2024-09-19T08:33:27","guid":{"rendered":"https:\/\/keweicorten.com\/?post_type=product&#038;p=1281"},"modified":"2025-01-15T06:26:04","modified_gmt":"2025-01-15T06:26:04","slug":"otel-corten-foc-pit-castron","status":"publish","type":"product","link":"https:\/\/keweicorten.com\/ro\/otel-corten-foc-pit-castron\/","title":{"rendered":"o\u021bel corten foc pit castron"},"content":{"rendered":"<table class=\"all magic-16\" style=\"height: 213px;\" width=\"675\">\n<tbody>\n<tr>\n<td colspan=\"1\" rowspan=\"1\">\n<div class=\"magic-17\" data-spm-anchor-id=\"a2700.details.0.i44.54803c56Fst1G1\">Numele produsului<\/div>\n<\/td>\n<td colspan=\"4\" rowspan=\"1\">\n<div class=\"magic-18\">Gr\u0103din\u0103 decorare portabil f\u0103r\u0103 fum \u0219emineu o\u021bel foc Bowl \u00een aer liber Corten Steel Fire Pit Design<\/div>\n<\/td>\n<\/tr>\n<tr>\n<td colspan=\"1\" rowspan=\"1\">\n<div class=\"magic-17\">Material<\/div>\n<\/td>\n<td colspan=\"4\" rowspan=\"1\">\n<div class=\"magic-18\">O\u021bel Corten\/rezistent la intemperii<\/div>\n<\/td>\n<\/tr>\n<tr>\n<td colspan=\"1\" rowspan=\"1\">\n<div class=\"magic-17\">Finisaj de suprafa\u021b\u0103<\/div>\n<\/td>\n<td colspan=\"4\" rowspan=\"1\">\n<div class=\"magic-18\">Pre-rugin\u0103, conform cerin\u021belor<\/div>\n<\/td>\n<\/tr>\n<tr>\n<td colspan=\"1\" rowspan=\"1\">\n<div class=\"magic-17\">M\u0103rime<\/div>\n<\/td>\n<td colspan=\"4\" rowspan=\"1\">\n<div class=\"magic-21\">Diametru: 800mm-1200mm<\/p>\n<div data-spm-anchor-id=\"a2700.pc-decorate.0.i14.1ac93333diqBDj\">Grosime: 3mm, personalizat<\/div>\n<\/div>\n<\/td>\n<\/tr>\n<tr>\n<td colspan=\"1\" rowspan=\"1\">\n<div class=\"magic-22\">Caracteristic\u0103<\/div>\n<\/td>\n<td colspan=\"4\" rowspan=\"1\">\n<div class=\"magic-21\">Design stabil, u\u0219or de asamblat, rezistent la temperaturi ridicate<\/div>\n<\/td>\n<\/tr>\n<tr>\n<td colspan=\"1\" rowspan=\"1\">\n<div class=\"magic-22\">Servicii suplimentare<\/div>\n<\/td>\n<td colspan=\"1\" rowspan=\"1\">\n<div class=\"magic-21\">Fiecare castron Fire Pits poate fi fabricat pe baza designului, desenului, e\u0219antionului \u0219i cerin\u021belor detaliate ale clien\u021bilor.<\/div>\n<\/td>\n<\/tr>\n<\/tbody>\n<\/table>\n<h2>O\u021bel Corten castron foc pit Caracteristici:<\/h2>\n<ol>\n<li>Efect de \u00eenc\u0103lzire: Bolul de foc din o\u021bel corten poate genera efectiv c\u0103ldur\u0103 \u0219i poate oferi c\u0103ldur\u0103 pentru nop\u021bile reci.<\/li>\n<li>Material din o\u021bel rezistent la intemperii: Acest o\u021bel poate forma un strat protector de rugin\u0103 \u00een mediul exterior, cu durabilitate ridicat\u0103 \u0219i rezisten\u021b\u0103 la coroziune.<\/li>\n<li>Design divers: Exist\u0103 o varietate de forme \u0219i stiluri din care pute\u021bi alege, de la stiluri moderne simple la stiluri tradi\u021bionale, pentru a satisface diferite nevoi estetice.<\/li>\n<li>Aspect unic: Odat\u0103 cu trecerea timpului, o\u021belul rezistent la intemperii va dezvolta o culoare unic\u0103 de rugin\u0103, ad\u0103ug\u00e2nd o arom\u0103 natural\u0103.<\/li>\n<li>\u00centre\u021binere redus\u0103: Gropile din o\u021bel rezistent la intemperii sunt mai durabile \u0219i necesit\u0103 mai pu\u021bin\u0103 \u00eentre\u021binere dec\u00e2t gropile din lemn.<\/li>\n<li>Versatilitate: Poate fi folosit pentru petreceri, gr\u0103tare sau ca decor \u00een aer liber.<\/li>\n<\/ol>\n<figure style=\"width: 681px\" class=\"wp-caption alignnone\"><a href=\"https:\/\/keweicorten.com\/ro\"><img fetchpriority=\"high\" decoding=\"async\" title=\"\u0219emineu corten\" src=\"https:\/\/sc04.alicdn.com\/kf\/He4a60616fc3f4077b11865c42a940e80M\/252583075\/He4a60616fc3f4077b11865c42a940e80M.jpg\" alt=\"\" width=\"681\" height=\"681\" \/><\/a><figcaption class=\"wp-caption-text\">vatr\u0103<\/figcaption><\/figure>\n<p class=\"text-title\"><span data-spm-anchor-id=\"a2700.details.0.i48.54803c56Fst1G1\">Caracteristic\u0103:<\/span><\/p>\n<div class=\"text-content\" data-spm-anchor-id=\"a2700.details.0.i50.54803c56Fst1G1\">Divertisment toat\u0103 seara<\/p>\n<div><\/div>\n<div><span class=\"magic-11\">Construc\u021bii din o\u021bel Corten<\/span><\/div>\n<div><\/div>\n<div>Design versatil<\/div>\n<div><\/div>\n<div>Design stabil, u\u0219or de asamblat, rezistent la temperaturi ridicate<\/div>\n<div>\n<figure style=\"width: 688px\" class=\"wp-caption alignnone\"><a href=\"https:\/\/keweicorten.com\/ro\/contactati-ne\/\"><img decoding=\"async\" title=\"groap\u0103 de foc din o\u021bel corten\" src=\"https:\/\/sc04.alicdn.com\/kf\/Hf3f21555e1104e5890549829f8f4f0e9w\/252583075\/Hf3f21555e1104e5890549829f8f4f0e9w.jpg\" alt=\"\" width=\"688\" height=\"688\" \/><\/a><figcaption class=\"wp-caption-text\">groap\u0103 de foc din o\u021bel corten<\/figcaption><\/figure>\n<div class=\"text-content\">Designul Firepit are un castron f\u0103r\u0103 sudur\u0103, u\u0219or rotit, realizat dintr-o singur\u0103 bucat\u0103 de o\u021bel rezistent la intemperii,<span data-spm-anchor-id=\"a2700.details.0.i54.54803c56Fst1G1\"> cunoscut \u0219i sub denumirea de o\u021bel corten, un o\u021bel special dezvoltat ini\u021bial pentru construirea podurilor \u0219i a zg\u00e2rie-norilor datorit\u0103 rezisten\u021bei sale incredibile.<\/span> Apa nu va deteriora sau coroda vasul datorit\u0103 stratului protector format de o\u021belul corten.<\/div>\n<div>\n<figure style=\"width: 709px\" class=\"wp-caption alignnone\"><a href=\"https:\/\/keweicorten.com\/ro\"><img decoding=\"async\" title=\"o\u021bel corten groap\u0103 de foc de ardere a lemnului\" src=\"https:\/\/sc04.alicdn.com\/kf\/H75f4af517494456698484c6c3fdb8945C\/252583075\/H75f4af517494456698484c6c3fdb8945C.jpg\" alt=\"\" width=\"709\" height=\"516\" \/><\/a><figcaption class=\"wp-caption-text\">o\u021bel corten groap\u0103 de foc de ardere a lemnului<\/figcaption><\/figure>\n<\/div>\n<\/div>\n<\/div>","protected":false},"excerpt":{"rendered":"<p>Aceast\u0103 rund\u0103 Rusty Red <strong>O\u021bel Corten castron foc Pit<\/strong>\u00a0este elementul perfect de gr\u0103din\u0103 cu \u00eentre\u021binere redus\u0103. Disponibil \u00een dimensiuni cuprinse \u00eentre 60-150 cm, este potrivit pentru orice dimensiune de spa\u021biu sau buget! \u00cencep\u00e2nd cu o\u021belul gri, de \u00eendat\u0103 ce o\u021belul Corten este expus la elementele naturii, acesta va evolua \u00een mod natural \u0219i va dezvolta un finisaj bogat care va atrage privirile.<\/p>","protected":false},"featured_media":1282,"comment_status":"open","ping_status":"closed","template":"","meta":{"_eb_attr":"","_monsterinsights_skip_tracking":false,"_monsterinsights_sitenote_active":false,"_monsterinsights_sitenote_note":"","_monsterinsights_sitenote_category":0,"_uf_show_specific_survey":0,"_uf_disable_surveys":false},"product_brand":[],"product_cat":[54],"product_tag":[],"class_list":{"0":"post-1281","1":"product","2":"type-product","3":"status-publish","4":"has-post-thumbnail","6":"product_cat-wood-fire-pit","8":"first","9":"instock","10":"shipping-taxable","11":"product-type-simple"},"_links":{"self":[{"href":"https:\/\/keweicorten.com\/ro\/wp-json\/wp\/v2\/product\/1281"}],"collection":[{"href":"https:\/\/keweicorten.com\/ro\/wp-json\/wp\/v2\/product"}],"about":[{"href":"https:\/\/keweicorten.com\/ro\/wp-json\/wp\/v2\/types\/product"}],"replies":[{"embeddable":true,"href":"https:\/\/keweicorten.com\/ro\/wp-json\/wp\/v2\/comments?post=1281"}],"version-history":[{"count":1,"href":"https:\/\/keweicorten.com\/ro\/wp-json\/wp\/v2\/product\/1281\/revisions"}],"predecessor-version":[{"id":1283,"href":"https:\/\/keweicorten.com\/ro\/wp-json\/wp\/v2\/product\/1281\/revisions\/1283"}],"wp:featuredmedia":[{"embeddable":true,"href":"https:\/\/keweicorten.com\/ro\/wp-json\/wp\/v2\/media\/1282"}],"wp:attachment":[{"href":"https:\/\/keweicorten.com\/ro\/wp-json\/wp\/v2\/media?parent=1281"}],"wp:term":[{"taxonomy":"product_brand","embeddable":true,"href":"https:\/\/keweicorten.com\/ro\/wp-json\/wp\/v2\/product_brand?post=1281"},{"taxonomy":"product_cat","embeddable":true,"href":"https:\/\/keweicorten.com\/ro\/wp-json\/wp\/v2\/product_cat?post=1281"},{"taxonomy":"product_tag","embeddable":true,"href":"https:\/\/keweicorten.com\/ro\/wp-json\/wp\/v2\/product_tag?post=1281"}],"curies":[{"name":"wp","href":"https:\/\/api.w.org\/{rel}","templated":true}]}}