{"id":1284,"date":"2024-09-20T02:11:37","date_gmt":"2024-09-20T02:11:37","guid":{"rendered":"https:\/\/keweicorten.com\/?post_type=product&#038;p=1284"},"modified":"2025-01-15T06:25:41","modified_gmt":"2025-01-15T06:25:41","slug":"focar-sfera","status":"publish","type":"product","link":"https:\/\/keweicorten.com\/ro\/focar-sfera\/","title":{"rendered":"Sfer\u0103 de foc"},"content":{"rendered":"<p>A <strong>focar sfer\u0103<\/strong> este un focar de exterior distinctiv, adesea sculptural, \u00een form\u0103 de sfer\u0103. Spre deosebire de \u0219emineele tradi\u021bionale, designul sferic ofer\u0103 de obicei o estetic\u0103 mai artistic\u0103 \u0219i modern\u0103, cu o vedere de 360 de grade asupra focului. Aceste co\u0219uri de fum sunt adesea realizate din materiale precum o\u021belul sau o\u021belul corten, care dezvolt\u0103 o patin\u0103 erodat\u0103 \u00een timp pentru o durabilitate \u0219i un aspect vizual sporite.<\/p>\n<p>Multe sfere pentru focare de tab\u0103r\u0103 prezint\u0103 desene complicate decupate (de exemplu, copaci, animale sau modele abstracte) care creeaz\u0103 efecte hipnotizante de lumini \u0219i umbre atunci c\u00e2nd sunt aprinse. Acestea servesc nu numai ca o surs\u0103 de c\u0103ldur\u0103 func\u021bional\u0103, ci \u0219i ca o pies\u0103 central\u0103 izbitoare pentru orice spa\u021biu exterior.<\/p>\n<p>Creat\u0103 ca o sfer\u0103 sculptural\u0103 de foc cu ardere \u00een lemn, aceast\u0103 sfer\u0103 este un plus frumos pentru spa\u021biul dvs. \u00een aer liber, fie c\u0103 este aprins\u0103 sau nu.<\/p>\n<figure style=\"width: 700px\" class=\"wp-caption alignnone\"><a href=\"https:\/\/keweicorten.com\/ro\"><img fetchpriority=\"high\" decoding=\"async\" title=\"sfer\u0103 de foc groap\u0103 de foc\" src=\"https:\/\/sc01.alicdn.com\/kf\/Hb2a7856a3afa4b8db18d6f1e8181c238P\/235950374\/Hb2a7856a3afa4b8db18d6f1e8181c238P.jpg\" alt=\"\" width=\"700\" height=\"350\" \/><\/a><figcaption class=\"wp-caption-text\">sfer\u0103 de foc groap\u0103 de foc<\/figcaption><\/figure>\n<p><span data-spm-anchor-id=\"a2700.details.0.i45.76a768b0FOvccY\">Este o sfer\u0103 de 1000 mm realizat\u0103 din o\u021bel corten gros de 4 mm, are un finisaj cu patin\u0103 de rugin\u0103.<\/span><\/p>\n<div>Fiecare castron de foc vine cu o plac\u0103 de metal numerotat\u0103, asigur\u00e2ndu-v\u0103 c\u0103 fiecare groap\u0103 de foc lucrat\u0103 manual este o oper\u0103 de art\u0103 unic\u0103.<\/div>\n<div><\/div>\n<div class=\"J_module\">\n<div class=\"ife-detail-decorate-table\">\n<table class=\"has-title hight-light-first-column all magic-14\">\n<tbody>\n<tr>\n<td colspan=\"2\" rowspan=\"1\">\n<div class=\"magic-15\" data-spm-anchor-id=\"a2700.details.0.i43.76a768b0FOvccY\"><b data-spm-anchor-id=\"a2700.custom-template.0.i150.25223333Ub4BuA\"><span style=\"color: #000000;\">Specifica\u021bii<\/span><\/b><\/div>\n<\/td>\n<\/tr>\n<tr>\n<td colspan=\"1\" rowspan=\"1\">\n<div class=\"magic-18\"><span style=\"color: #000000;\">Numele produsului<\/span><\/div>\n<\/td>\n<td colspan=\"1\" rowspan=\"1\">\n<div class=\"magic-19\"><span style=\"color: #000000;\">Wood Burning Fire Pit Hand Cut Corten Steel Rust Sfera Firepit Sfera<\/span><\/div>\n<\/td>\n<\/tr>\n<tr>\n<td colspan=\"1\" rowspan=\"1\">\n<div class=\"magic-18\"><span style=\"color: #000000;\">Nume de marc\u0103<\/span><\/div>\n<\/td>\n<td colspan=\"1\" rowspan=\"1\">\n<div class=\"magic-19\"><span style=\"color: #000000;\">shkw Gr\u0103din\u0103rit<\/span><\/div>\n<\/td>\n<\/tr>\n<tr>\n<td colspan=\"1\" rowspan=\"1\">\n<div class=\"magic-18\"><span style=\"color: #000000;\">Material<\/span><\/div>\n<\/td>\n<td colspan=\"1\" rowspan=\"1\">\n<div class=\"magic-19\"><span style=\"color: #000000;\">O\u021bel Corten \/ O\u021bel pentru intemperii<\/span><\/div>\n<\/td>\n<\/tr>\n<tr>\n<td colspan=\"1\" rowspan=\"1\">\n<div class=\"magic-18\"><span style=\"color: #000000;\">M\u0103rime<\/span><\/div>\n<\/td>\n<td colspan=\"1\" rowspan=\"1\">\n<div class=\"magic-19\"><span style=\"color: #000000;\">Diametru: 1000mm, Grosime: 4mm<\/span><\/div>\n<\/td>\n<\/tr>\n<tr>\n<td colspan=\"1\" rowspan=\"1\">\n<div class=\"magic-18\"><span style=\"color: #000000;\">Greutate<\/span><\/div>\n<\/td>\n<td colspan=\"1\" rowspan=\"1\">\n<div class=\"magic-19\"><span style=\"color: #000000;\">80 kg<\/span><\/div>\n<\/td>\n<\/tr>\n<tr>\n<td colspan=\"1\" rowspan=\"1\">\n<div class=\"magic-18\"><span style=\"color: #000000;\">Tratarea suprafe\u021bei<\/span><\/div>\n<\/td>\n<td colspan=\"1\" rowspan=\"1\">\n<div class=\"magic-19\"><span style=\"color: #000000;\" data-spm-anchor-id=\"a2700.details.0.i44.76a768b0FOvccY\">Pre-ruginit\/Pre-weathered, poate fi personalizat<\/span><\/div>\n<\/td>\n<\/tr>\n<tr>\n<td colspan=\"1\" rowspan=\"1\">\n<div class=\"magic-18\"><span style=\"color: #000000;\">Ambalare<\/span><\/div>\n<\/td>\n<td colspan=\"1\" rowspan=\"1\">\n<div class=\"magic-19\"><span style=\"color: #000000;\">Interior : h\u00e2rtie spum\u0103 anti-uzur\u0103, exterior : cutie de carton<\/span><\/div>\n<\/td>\n<\/tr>\n<tr>\n<td colspan=\"1\" rowspan=\"1\">\n<div class=\"magic-18\"><span style=\"color: #000000;\">MOQ<\/span><\/div>\n<\/td>\n<td colspan=\"1\" rowspan=\"1\">\n<div class=\"magic-19\"><span style=\"color: #000000;\">1 buc<\/span><\/div>\n<\/td>\n<\/tr>\n<tr>\n<td colspan=\"1\" rowspan=\"1\">\n<div class=\"magic-18\"><span style=\"color: #000000;\">OEM &amp; ODM<\/span><\/div>\n<\/td>\n<td colspan=\"1\" rowspan=\"1\">\n<div class=\"magic-19\"><span style=\"color: #000000;\">Disponibil<\/span><\/div>\n<\/td>\n<\/tr>\n<\/tbody>\n<\/table>\n<\/div>\n<\/div>","protected":false},"excerpt":{"rendered":"<p>Round-Up prezint\u0103 o ferm\u0103 cu patru scene. Un cowboy c\u0103l\u0103re\u0219te un vi\u021bel. O alt\u0103 scen\u0103 arat\u0103 un b\u0103ie\u021bel care st\u0103 pe un gard \u0219i prive\u0219te cu bunicul al\u0103turi de el. Exist\u0103, de asemenea, vite \u0219i un taur \u00een dou\u0103 scene separate.<\/p>","protected":false},"featured_media":1285,"comment_status":"open","ping_status":"closed","template":"","meta":{"_eb_attr":"","_monsterinsights_skip_tracking":false,"_monsterinsights_sitenote_active":false,"_monsterinsights_sitenote_note":"","_monsterinsights_sitenote_category":0,"_uf_show_specific_survey":0,"_uf_disable_surveys":false},"product_brand":[],"product_cat":[54],"product_tag":[],"class_list":{"0":"post-1284","1":"product","2":"type-product","3":"status-publish","4":"has-post-thumbnail","6":"product_cat-wood-fire-pit","8":"first","9":"instock","10":"shipping-taxable","11":"product-type-simple"},"_links":{"self":[{"href":"https:\/\/keweicorten.com\/ro\/wp-json\/wp\/v2\/product\/1284"}],"collection":[{"href":"https:\/\/keweicorten.com\/ro\/wp-json\/wp\/v2\/product"}],"about":[{"href":"https:\/\/keweicorten.com\/ro\/wp-json\/wp\/v2\/types\/product"}],"replies":[{"embeddable":true,"href":"https:\/\/keweicorten.com\/ro\/wp-json\/wp\/v2\/comments?post=1284"}],"version-history":[{"count":1,"href":"https:\/\/keweicorten.com\/ro\/wp-json\/wp\/v2\/product\/1284\/revisions"}],"predecessor-version":[{"id":1286,"href":"https:\/\/keweicorten.com\/ro\/wp-json\/wp\/v2\/product\/1284\/revisions\/1286"}],"wp:featuredmedia":[{"embeddable":true,"href":"https:\/\/keweicorten.com\/ro\/wp-json\/wp\/v2\/media\/1285"}],"wp:attachment":[{"href":"https:\/\/keweicorten.com\/ro\/wp-json\/wp\/v2\/media?parent=1284"}],"wp:term":[{"taxonomy":"product_brand","embeddable":true,"href":"https:\/\/keweicorten.com\/ro\/wp-json\/wp\/v2\/product_brand?post=1284"},{"taxonomy":"product_cat","embeddable":true,"href":"https:\/\/keweicorten.com\/ro\/wp-json\/wp\/v2\/product_cat?post=1284"},{"taxonomy":"product_tag","embeddable":true,"href":"https:\/\/keweicorten.com\/ro\/wp-json\/wp\/v2\/product_tag?post=1284"}],"curies":[{"name":"wp","href":"https:\/\/api.w.org\/{rel}","templated":true}]}}