{"id":1287,"date":"2024-09-20T02:54:02","date_gmt":"2024-09-20T02:54:02","guid":{"rendered":"https:\/\/keweicorten.com\/?post_type=product&#038;p=1287"},"modified":"2025-01-15T06:25:33","modified_gmt":"2025-01-15T06:25:33","slug":"sfere-de-gradina-din-metal","status":"publish","type":"product","link":"https:\/\/keweicorten.com\/ro\/sfere-de-gradina-din-metal\/","title":{"rendered":"sfere de gr\u0103din\u0103 din metal"},"content":{"rendered":"<h2>Caracteristicile \u0219i utiliz\u0103rile de proiectare ale mingii de foc din o\u021bel rezistent la intemperii:<\/h2>\n<p>Caracteristicile materialului: Suprafa\u021ba o\u021belului rezistent la intemperii se va oxida treptat \u00een timp, form\u00e2nd un strat stabil de rugin\u0103, care nu este doar frumos \u0219i nu necesit\u0103 \u00eentre\u021binere special\u0103. Aceast\u0103 schimbare face ca mingea de foc s\u0103 fie mai armonioas\u0103 cu mediul natural, prezent\u00e2nd o frumuse\u021be brut\u0103.<br \/>\nSculpta\u021bi \u0219i t\u0103ia\u021bi modele<\/p>\n<p>Selectarea modelului: Multe suprafe\u021be ale sferelor metalice de gr\u0103din\u0103 au fost sculptate cu laser \u0219i au modele complexe, cum ar fi frunze, modele, imagini de animale etc. Aceste modele goale arunc\u0103 un efect frumos de lumin\u0103 \u0219i umbr\u0103 pe m\u0103sur\u0103 ce flac\u0103ra arde, \u00een special noaptea.<br \/>\nDesign multifunc\u021bional<\/p>\n<p>Func\u021bie de sfer\u0103 de foc: Sferele metalice de gr\u0103din\u0103 pot fi folosite ca o groap\u0103 de foc, arz\u00e2nd lemn, c\u0103rbune sau gaz natural, devenind un centru cald pentru ocaziile sociale \u00een aer liber. Designul s\u0103u este at\u00e2t func\u021bional, c\u00e2t \u0219i artistic.<br \/>\nEfecte de iluminare: Unele sfere metalice de gr\u0103din\u0103 pot fi iluminate intern, iar dup\u0103 iluminarea pe timp de noapte, chiar \u0219i f\u0103r\u0103 utilizarea fl\u0103c\u0103rilor, acestea pot fi utilizate ca lumini de peisaj pentru a oferi iluminare moale \u0219i efecte vizuale.<\/p>\n<div class=\"J_module\">\n<div class=\"detail-decorate-json-renderer-container\">\n<div class=\"magic-10\">\n<figure style=\"width: 550px\" class=\"wp-caption alignnone\"><a href=\"https:\/\/keweicorten.com\/ro\/contactati-ne\/\"><img fetchpriority=\"high\" decoding=\"async\" title=\"sfer\u0103 de foc\" src=\"https:\/\/sc04.alicdn.com\/kf\/H86b7111d868b4cfa80c1c85b59d4a6fdD\/232904194\/H86b7111d868b4cfa80c1c85b59d4a6fdD.jpg\" alt=\"\" width=\"550\" height=\"550\" \/><\/a><figcaption class=\"wp-caption-text\">sfer\u0103 de foc<\/figcaption><\/figure>\n<\/div>\n<\/div>\n<\/div>","protected":false},"excerpt":{"rendered":"<p><strong>Sfere metalice de gr\u0103din\u0103 din o\u021bel Corten<\/strong><\/p>\n<ul>\n<li><strong>Material:<\/strong> O\u021belul Corten se uzeaz\u0103 \u00een mod natural \u00een timp, dezvolt\u00e2nd o frumoas\u0103 patin\u0103 ruginit\u0103. Acesta adaug\u0103 un aspect p\u0103m\u00e2ntesc, organic gr\u0103dinii dvs.<\/li>\n<li><strong>Utilizare design:<\/strong> Aceste sfere sunt minunate ca sculpturi de sine st\u0103t\u0103toare sau pot fi integrate \u00een paturi de flori sau gr\u0103dini cu pietre.<\/li>\n<li><strong>Op\u021biune de iluminare:<\/strong> Unele sfere din o\u021bel corten sunt goale, cu desene decupate, care pot fi iluminate din interior pentru un efect str\u0103lucitor pe timp de noapte.<\/li>\n<\/ul>","protected":false},"featured_media":1288,"comment_status":"open","ping_status":"closed","template":"","meta":{"_eb_attr":"","_monsterinsights_skip_tracking":false,"_monsterinsights_sitenote_active":false,"_monsterinsights_sitenote_note":"","_monsterinsights_sitenote_category":0,"_uf_show_specific_survey":0,"_uf_disable_surveys":false},"product_brand":[],"product_cat":[54],"product_tag":[],"class_list":{"0":"post-1287","1":"product","2":"type-product","3":"status-publish","4":"has-post-thumbnail","6":"product_cat-wood-fire-pit","8":"first","9":"instock","10":"shipping-taxable","11":"product-type-simple"},"_links":{"self":[{"href":"https:\/\/keweicorten.com\/ro\/wp-json\/wp\/v2\/product\/1287"}],"collection":[{"href":"https:\/\/keweicorten.com\/ro\/wp-json\/wp\/v2\/product"}],"about":[{"href":"https:\/\/keweicorten.com\/ro\/wp-json\/wp\/v2\/types\/product"}],"replies":[{"embeddable":true,"href":"https:\/\/keweicorten.com\/ro\/wp-json\/wp\/v2\/comments?post=1287"}],"version-history":[{"count":1,"href":"https:\/\/keweicorten.com\/ro\/wp-json\/wp\/v2\/product\/1287\/revisions"}],"predecessor-version":[{"id":1289,"href":"https:\/\/keweicorten.com\/ro\/wp-json\/wp\/v2\/product\/1287\/revisions\/1289"}],"wp:featuredmedia":[{"embeddable":true,"href":"https:\/\/keweicorten.com\/ro\/wp-json\/wp\/v2\/media\/1288"}],"wp:attachment":[{"href":"https:\/\/keweicorten.com\/ro\/wp-json\/wp\/v2\/media?parent=1287"}],"wp:term":[{"taxonomy":"product_brand","embeddable":true,"href":"https:\/\/keweicorten.com\/ro\/wp-json\/wp\/v2\/product_brand?post=1287"},{"taxonomy":"product_cat","embeddable":true,"href":"https:\/\/keweicorten.com\/ro\/wp-json\/wp\/v2\/product_cat?post=1287"},{"taxonomy":"product_tag","embeddable":true,"href":"https:\/\/keweicorten.com\/ro\/wp-json\/wp\/v2\/product_tag?post=1287"}],"curies":[{"name":"wp","href":"https:\/\/api.w.org\/{rel}","templated":true}]}}