{"id":1296,"date":"2024-09-20T07:01:54","date_gmt":"2024-09-20T07:01:54","guid":{"rendered":"https:\/\/keweicorten.com\/?post_type=product&#038;p=1296"},"modified":"2025-01-15T06:24:54","modified_gmt":"2025-01-15T06:24:54","slug":"paravane-de-gradina-din-corten","status":"publish","type":"product","link":"https:\/\/keweicorten.com\/ro\/paravane-de-gradina-din-corten\/","title":{"rendered":"paravane de gr\u0103din\u0103 din corten"},"content":{"rendered":"<h2>Principalele caracteristici ale ecranelor de gr\u0103din\u0103 Corten:<\/h2>\n<ol>\n<li><strong>Material<\/strong>:\n<ul>\n<li><strong>O\u021bel Corten<\/strong>: Cunoscut pentru propriet\u0103\u021bile sale rezistente la intemperii, o\u021belul corten formeaz\u0103 un aspect stabil asem\u0103n\u0103tor ruginei dup\u0103 ce este expus la elemente. Aceast\u0103 patin\u0103 protejeaz\u0103 o\u021belul de coroziune ulterioar\u0103, f\u0103c\u00e2ndu-l ideal pentru utilizarea pe termen lung \u00een exterior.<\/li>\n<li><strong>\u00centre\u021binere redus\u0103<\/strong>: Odat\u0103 ce se formeaz\u0103 stratul protector de rugin\u0103, ecranele necesit\u0103 foarte pu\u021bin\u0103 \u00eentre\u021binere, deoarece patina protejeaz\u0103 metalul subiacent de degradarea ulterioar\u0103.<\/li>\n<\/ul>\n<\/li>\n<li><strong>Design<\/strong>:\n<ul>\n<li><strong>Decupaje cu model<\/strong>: Ecranele de gr\u0103din\u0103 Corten prezint\u0103 de obicei modele complicate t\u0103iate cu laser sau manual, variind de la desene geometrice abstracte la motive inspirate din natur\u0103 precum frunze, copaci sau flori. Aceste decupaje permit luminii s\u0103 treac\u0103 prin ele, cre\u00e2nd umbre \u0219i efecte vizuale uimitoare.<\/li>\n<li><strong>Personalizabil<\/strong>: Multe ecrane corten pot fi personalizate pentru a se potrivi preferin\u021belor individuale de design, inclusiv dimensiunea, modelul \u0219i forma.<\/li>\n<\/ul>\n<\/li>\n<li><strong>Utiliz\u0103ri<\/strong>:\n<ul>\n<li><strong>Ecrane de confiden\u021bialitate<\/strong>: Ecranele Corten pot fi utilizate pentru a crea zone private \u00een aer liber, protej\u00e2nd p\u0103r\u021bi ale gr\u0103dinii sau terasei de vizibilitate, men\u021bin\u00e2nd \u00een acela\u0219i timp o senza\u021bie de deschidere \u0219i aerisire datorit\u0103 modelelor decupate.<\/li>\n<li><strong>Separatoare de gr\u0103din\u0103<\/strong>: Ele pot servi \u0219i ca separatoare, ajut\u00e2nd la separarea diferitelor zone ale gr\u0103dinii pentru diferite utiliz\u0103ri (de exemplu, zone de luat masa, de relaxare sau de plantare).<\/li>\n<li><strong>Elemente decorative<\/strong>: Pe l\u00e2ng\u0103 aplica\u021biile lor practice, ecranele din corten sunt adesea utilizate \u00een scopuri pur estetice, ad\u0103ug\u00e2nd un element artistic spa\u021biului dvs. exterior.<\/li>\n<li><strong>Suport pentru plante c\u0103\u021b\u0103r\u0103toare<\/strong>: Ecranele Corten pot ac\u021biona \u0219i ca spaliere pentru plantele c\u0103\u021b\u0103r\u0103toare, ad\u0103ug\u00e2nd verdea\u021b\u0103 aspectului lor metalic.<\/li>\n<\/ul>\n<\/li>\n<li><strong>Rezisten\u021b\u0103 la intemperii<\/strong>:\n<ul>\n<li><strong>Durabil \u00een toate condi\u021biile<\/strong>: Procesul de intemperii al o\u021belului corten este cel care \u00eei confer\u0103 rezisten\u021b\u0103, astfel \u00eenc\u00e2t ecranele corten pot rezista la ploaie, v\u00e2nt \u0219i soare f\u0103r\u0103 s\u0103 se deterioreze structural.<\/li>\n<\/ul>\n<\/li>\n<li><strong>Dimensiuni \u0219i instalare<\/strong>:\n<ul>\n<li><strong>Versatilitate<\/strong>: Ecranele de gr\u0103din\u0103 Corten sunt disponibile \u00een diferite dimensiuni pentru a se potrivi diferitelor spa\u021bii \u0219i nevoi.<\/li>\n<li><strong>De sine st\u0103t\u0103tor sau montat pe perete<\/strong>: Acestea pot fi fie amplasate \u00een sol ca ecrane independente, fie ata\u0219ate la structuri existente, cum ar fi ziduri sau garduri.<\/li>\n<\/ul>\n<\/li>\n<\/ol>\n<h2>Beneficiile ecranelor de gr\u0103din\u0103 Corten:<\/h2>\n<ul>\n<li><strong>Apelul estetic<\/strong>: Finisajul ruginiu natural se potrive\u0219te cu o varietate de decoruri exterioare, oferind un ton cald, p\u0103m\u00e2ntesc, care contrasteaz\u0103 frumos cu verdea\u021ba.<\/li>\n<li><strong>Durabilitate<\/strong>: Proiectate pentru a rezista la elementele exterioare, ecranele de gr\u0103din\u0103 din corten sunt un plus de durat\u0103 pentru orice gr\u0103din\u0103.<\/li>\n<li><strong>\u00centre\u021binere minim\u0103<\/strong>: Odat\u0103 ce patina ruginit\u0103 se formeaz\u0103, ecranele nu necesit\u0103 aproape nicio \u00eentre\u021binere.<\/li>\n<\/ul>\n<table border=\"1\" data-spm-anchor-id=\"a2700.details.0.i38.253559f23mRDXW\">\n<tbody>\n<tr>\n<td>Numele produsului<\/td>\n<td>\u00a0ecranele corten din o\u021bel corten produc\u0103tor de ecran de o\u021bel corten ecran de rugin\u0103 gol<\/td>\n<\/tr>\n<tr>\n<td>Material<\/td>\n<td>O\u021bel Cor-ten, o\u021bel carbon, o\u021bel inoxidabil<\/td>\n<\/tr>\n<tr>\n<td>Terminare<\/td>\n<td>Ruginiu,Negru<\/td>\n<\/tr>\n<tr>\n<td>M\u0103rime normal\u0103<\/td>\n<td>38X15cm, 60X32cm, 48x24cm sau personalizate<\/td>\n<\/tr>\n<tr>\n<td>Design<\/td>\n<td>Accepta\u021bi personalizate<\/td>\n<\/tr>\n<tr>\n<td>Aplica\u021bie<\/td>\n<td>Decorarea gazonului \u00een aer liber<\/td>\n<\/tr>\n<\/tbody>\n<\/table>\n<figure style=\"width: 704px\" class=\"wp-caption alignnone\"><a href=\"https:\/\/keweicorten.com\/ro\"><img fetchpriority=\"high\" decoding=\"async\" title=\"ecrane corten\" src=\"https:\/\/sc04.alicdn.com\/kf\/H73a20dbdfcdc4f58a6724b94790c8cb8Z\/272909659\/H73a20dbdfcdc4f58a6724b94790c8cb8Z.jpg\" alt=\"\" width=\"704\" height=\"704\" \/><\/a><figcaption class=\"wp-caption-text\">ecrane corten<\/figcaption><\/figure>","protected":false},"excerpt":{"rendered":"<p>Ecranul din o\u021bel Corten pe care \u00eel vede\u021bi aici creeaz\u0103 un aspect izbitor pentru casa \u0219i gr\u0103dina dvs. pentru aspectul s\u0103u organic, Atunci c\u00e2nd rugine\u0219te, o\u021belul Corten dezvolt\u0103 o suprafa\u021b\u0103 bogat\u0103 de oxid ro\u0219u-maroniu, Ar fi un lucru uimitor s\u0103 ad\u0103uga\u021bi o sculptur\u0103 decorativ\u0103 pentru a v\u0103 completa gr\u0103dina sau casa.<\/p>","protected":false},"featured_media":1297,"comment_status":"open","ping_status":"closed","template":"","meta":{"_eb_attr":"","_monsterinsights_skip_tracking":false,"_monsterinsights_sitenote_active":false,"_monsterinsights_sitenote_note":"","_monsterinsights_sitenote_category":0,"_uf_show_specific_survey":0,"_uf_disable_surveys":false},"product_brand":[],"product_cat":[57],"product_tag":[],"class_list":{"0":"post-1296","1":"product","2":"type-product","3":"status-publish","4":"has-post-thumbnail","6":"product_cat-screen-panel","8":"first","9":"instock","10":"shipping-taxable","11":"product-type-simple"},"_links":{"self":[{"href":"https:\/\/keweicorten.com\/ro\/wp-json\/wp\/v2\/product\/1296"}],"collection":[{"href":"https:\/\/keweicorten.com\/ro\/wp-json\/wp\/v2\/product"}],"about":[{"href":"https:\/\/keweicorten.com\/ro\/wp-json\/wp\/v2\/types\/product"}],"replies":[{"embeddable":true,"href":"https:\/\/keweicorten.com\/ro\/wp-json\/wp\/v2\/comments?post=1296"}],"version-history":[{"count":1,"href":"https:\/\/keweicorten.com\/ro\/wp-json\/wp\/v2\/product\/1296\/revisions"}],"predecessor-version":[{"id":1298,"href":"https:\/\/keweicorten.com\/ro\/wp-json\/wp\/v2\/product\/1296\/revisions\/1298"}],"wp:featuredmedia":[{"embeddable":true,"href":"https:\/\/keweicorten.com\/ro\/wp-json\/wp\/v2\/media\/1297"}],"wp:attachment":[{"href":"https:\/\/keweicorten.com\/ro\/wp-json\/wp\/v2\/media?parent=1296"}],"wp:term":[{"taxonomy":"product_brand","embeddable":true,"href":"https:\/\/keweicorten.com\/ro\/wp-json\/wp\/v2\/product_brand?post=1296"},{"taxonomy":"product_cat","embeddable":true,"href":"https:\/\/keweicorten.com\/ro\/wp-json\/wp\/v2\/product_cat?post=1296"},{"taxonomy":"product_tag","embeddable":true,"href":"https:\/\/keweicorten.com\/ro\/wp-json\/wp\/v2\/product_tag?post=1296"}],"curies":[{"name":"wp","href":"https:\/\/api.w.org\/{rel}","templated":true}]}}