{"id":1299,"date":"2024-09-20T07:17:42","date_gmt":"2024-09-20T07:17:42","guid":{"rendered":"https:\/\/keweicorten.com\/?post_type=product&#038;p=1299"},"modified":"2025-01-15T06:24:46","modified_gmt":"2025-01-15T06:24:46","slug":"panouri-metalice-pentru-ecran-de-confidentialitate","status":"publish","type":"product","link":"https:\/\/keweicorten.com\/ro\/panouri-metalice-pentru-ecran-de-confidentialitate\/","title":{"rendered":"panouri metalice pentru ecran de confiden\u021bialitate"},"content":{"rendered":"<p>Panourile metalice de protec\u021bie a intimit\u0103\u021bii sunt o solu\u021bie elegant\u0103 \u0219i durabil\u0103 pentru a ad\u0103uga intimitate \u0219i valoare estetic\u0103 spa\u021biilor exterioare. Aceste panouri de protec\u021bie din metal sunt de obicei fabricate din materiale precum o\u021bel corten, aluminiu sau o\u021bel inoxidabil \u0219i sunt disponibile \u00eentr-o varietate de modele, inclusiv modele geometrice, motive inspirate din natur\u0103 sau forme abstracte.<\/p>\n<p>Unele tipuri populare includ:<\/p>\n<ul>\n<li><strong>Panouri din o\u021bel Corten<\/strong>: Acestea dezvolt\u0103 un finisaj natural asem\u0103n\u0103tor ruginei \u00een timp, potrivindu-se bine cu gr\u0103dinile \u0219i decorurile exterioare.<\/li>\n<li><strong>Panouri din aluminiu<\/strong>: U\u0219oare \u0219i rezistente la rugin\u0103, disponibile \u00een diferite finisaje \u0219i culori.<\/li>\n<li><strong>Panouri t\u0103iate cu laser<\/strong>: Acestea prezint\u0103 decupaje complicate, decorative, care permit trecerea luminii, oferind \u00een acela\u0219i timp intimitate.<\/li>\n<\/ul>\n<table class=\"all magic-4\">\n<tbody>\n<tr>\n<td colspan=\"1\" rowspan=\"1\">\n<div class=\"magic-5\" data-spm-anchor-id=\"a2700.details.0.i37.3f646f66fyuP5C\">Denumirea produsului<\/div>\n<\/td>\n<td colspan=\"4\" rowspan=\"1\">\n<div class=\"magic-6\">\u00cen aer liber stil modern grafic\u0103 ecran gard ruginit Metal Steel Privacy Screen<\/div>\n<\/td>\n<\/tr>\n<tr>\n<td colspan=\"1\" rowspan=\"1\">\n<div class=\"magic-5\">Material<\/div>\n<\/td>\n<td colspan=\"4\" rowspan=\"1\">\n<div class=\"magic-6\">O\u021bel Corten, o\u021bel inoxidabil<\/div>\n<\/td>\n<\/tr>\n<tr>\n<td colspan=\"1\" rowspan=\"1\">\n<div class=\"magic-5\">M\u0103rime<\/div>\n<\/td>\n<td colspan=\"4\" rowspan=\"1\">\n<div class=\"magic-6\">1800 * 900mm, 2mm grosime sau personalizate<\/div>\n<\/td>\n<\/tr>\n<tr>\n<td colspan=\"1\" rowspan=\"1\">\n<div class=\"magic-5\">Suprafa\u021b\u0103<\/div>\n<\/td>\n<td colspan=\"4\" rowspan=\"1\">\n<div class=\"magic-6\">\u00a0pre-ruginite<\/div>\n<\/td>\n<\/tr>\n<tr>\n<td colspan=\"1\" rowspan=\"1\">\n<div class=\"magic-5\">Tehnologie<\/div>\n<\/td>\n<td colspan=\"4\" rowspan=\"1\">\n<div class=\"magic-6\">\u00a0T\u0103iere cu laser, \u00eendoire, perforare, sudur\u0103, intemperii<\/div>\n<\/td>\n<\/tr>\n<tr>\n<td colspan=\"1\" rowspan=\"1\">\n<div class=\"magic-5\">Aplica\u021bie<\/div>\n<\/td>\n<td colspan=\"4\" rowspan=\"1\">\n<div class=\"magic-9\">Decor pentru exterior sau curte<\/div>\n<\/td>\n<\/tr>\n<\/tbody>\n<\/table>\n<p><span data-spm-anchor-id=\"a2700.details.0.i37.5d654e69Sbz9JA\">Panou cu ecran laser - design exclusiv<\/span><br \/>\nPanou de ecran solid, 2-3 mm grosime<br \/>\nCu acoperire cu pulbere, acoperire antirugin\u0103 sau acoperire cu vopsea<br \/>\nAg\u0103\u021bat pe perete, fixat pe coloan\u0103 cu \u0219uruburi sau fixat pe picior pe sol dur<br \/>\nRezistent la uzur\u0103, capabil de ani \u00eentregi de \u00eentre\u021binere \u0219i utilizare f\u0103r\u0103 probleme<br \/>\nAcesta poate fi utilizat \u00een interior sau \u00een exterior.<br \/>\nDimensiuni standard: 900x1800mm sau personalizate.<\/p>\n<figure style=\"width: 750px\" class=\"wp-caption alignnone\"><a href=\"https:\/\/keweicorten.com\/ro\/contactati-ne\/\"><img fetchpriority=\"high\" decoding=\"async\" title=\"panou separator camer\u0103\" src=\"https:\/\/sc04.alicdn.com\/kf\/H64e3151244ed4b99824b11960bcb95b1N\/253038816\/H64e3151244ed4b99824b11960bcb95b1N.jpg\" alt=\"\" width=\"750\" height=\"542\" \/><\/a><figcaption class=\"wp-caption-text\">panou separator camer\u0103<\/figcaption><\/figure>","protected":false},"excerpt":{"rendered":"<p>Material Detalii: O\u021bel Corten, o\u021bel galvanizat sau material personalizat Finisaj: Dezvolt\u0103 finisaj patin\u0103 ruginit\u0103, finisaj acoperit cu pulbere, vopsire, etc.<\/p>\n<p>Patina protejeaz\u0103 \u00eempotriva coroziunii suplimentare<\/p>\n<p>Poate fi utilizat \u00een medii reziden\u021biale \u0219i comerciale<\/p>","protected":false},"featured_media":1300,"comment_status":"open","ping_status":"closed","template":"","meta":{"_eb_attr":"","_monsterinsights_skip_tracking":false,"_monsterinsights_sitenote_active":false,"_monsterinsights_sitenote_note":"","_monsterinsights_sitenote_category":0,"_uf_show_specific_survey":0,"_uf_disable_surveys":false},"product_brand":[],"product_cat":[57],"product_tag":[],"class_list":{"0":"post-1299","1":"product","2":"type-product","3":"status-publish","4":"has-post-thumbnail","6":"product_cat-screen-panel","8":"first","9":"instock","10":"shipping-taxable","11":"product-type-simple"},"_links":{"self":[{"href":"https:\/\/keweicorten.com\/ro\/wp-json\/wp\/v2\/product\/1299"}],"collection":[{"href":"https:\/\/keweicorten.com\/ro\/wp-json\/wp\/v2\/product"}],"about":[{"href":"https:\/\/keweicorten.com\/ro\/wp-json\/wp\/v2\/types\/product"}],"replies":[{"embeddable":true,"href":"https:\/\/keweicorten.com\/ro\/wp-json\/wp\/v2\/comments?post=1299"}],"version-history":[{"count":1,"href":"https:\/\/keweicorten.com\/ro\/wp-json\/wp\/v2\/product\/1299\/revisions"}],"predecessor-version":[{"id":1301,"href":"https:\/\/keweicorten.com\/ro\/wp-json\/wp\/v2\/product\/1299\/revisions\/1301"}],"wp:featuredmedia":[{"embeddable":true,"href":"https:\/\/keweicorten.com\/ro\/wp-json\/wp\/v2\/media\/1300"}],"wp:attachment":[{"href":"https:\/\/keweicorten.com\/ro\/wp-json\/wp\/v2\/media?parent=1299"}],"wp:term":[{"taxonomy":"product_brand","embeddable":true,"href":"https:\/\/keweicorten.com\/ro\/wp-json\/wp\/v2\/product_brand?post=1299"},{"taxonomy":"product_cat","embeddable":true,"href":"https:\/\/keweicorten.com\/ro\/wp-json\/wp\/v2\/product_cat?post=1299"},{"taxonomy":"product_tag","embeddable":true,"href":"https:\/\/keweicorten.com\/ro\/wp-json\/wp\/v2\/product_tag?post=1299"}],"curies":[{"name":"wp","href":"https:\/\/api.w.org\/{rel}","templated":true}]}}