{"id":1302,"date":"2024-09-20T08:13:16","date_gmt":"2024-09-20T08:13:16","guid":{"rendered":"https:\/\/keweicorten.com\/?post_type=product&#038;p=1302"},"modified":"2025-01-15T06:24:37","modified_gmt":"2025-01-15T06:24:37","slug":"ecrane-metalice-taiate-cu-laser","status":"publish","type":"product","link":"https:\/\/keweicorten.com\/ro\/ecrane-metalice-taiate-cu-laser\/","title":{"rendered":"ecrane metalice t\u0103iate cu laser"},"content":{"rendered":"<p>Ecranele metalice t\u0103iate cu laser sunt o modalitate elegant\u0103 \u0219i func\u021bional\u0103 de a ad\u0103uga intimitate, umbr\u0103 sau elemente decorative \u00een spa\u021biile interioare \u0219i exterioare. Acestea sunt create prin t\u0103ierea unor modele sau desene complicate \u00een foi de metal cu ajutorul tehnologiei laser de precizie. Aceste ecrane sunt populare \u00een gr\u0103dini, terase \u0219i chiar interioare pentru a crea interes vizual, men\u021bin\u00e2nd \u00een acela\u0219i timp fluxul de aer \u0219i lumina.<\/p>\n<p><strong>Utiliz\u0103ri comune:<\/strong><\/p>\n<ol>\n<li><strong>Ecrane de confiden\u021bialitate<\/strong>: Ideal pentru blocarea zonelor f\u0103r\u0103 a le \u00eenchide complet.<\/li>\n<li><strong>Separatoare decorative<\/strong>: Folosit pentru a separa spa\u021bii sau pentru a ad\u0103uga o not\u0103 artistic\u0103 pere\u021bilor.<\/li>\n<li><strong>Garduri<\/strong>: Poate fi folosit pentru solu\u021bii moderne, decorative de \u00eemprejmuire.<\/li>\n<li><strong>Panouri pergol\u0103<\/strong>: Ad\u0103ugat la structuri de exterior, cum ar fi pergolele, pentru umbr\u0103 \u0219i decor.<\/li>\n<li><strong>Placare pentru cl\u0103diri<\/strong>: Pentru a crea fa\u021bade izbitoare cu desene geometrice sau organice.\n<figure style=\"width: 699px\" class=\"wp-caption alignnone\"><a href=\"https:\/\/keweicorten.com\/ro\/contactati-ne\/\"><img fetchpriority=\"high\" decoding=\"async\" title=\"ecran desp\u0103r\u021bitor \u00een aer liber\" src=\"https:\/\/sc04.alicdn.com\/kf\/H85266be5e3dc462a85f820c052485447j\/253038816\/H85266be5e3dc462a85f820c052485447j.jpg\" alt=\"\" width=\"699\" height=\"393\" \/><\/a><figcaption class=\"wp-caption-text\">ecran desp\u0103r\u021bitor \u00een aer liber<\/figcaption><\/figure>\n<p>1. Intimitate: panourile de intimitate pentru curte ofer\u0103 un nivel ridicat de intimitate, f\u0103c\u00e2nd imposibil\u0103 p\u0103trunderea str\u0103inilor \u00een spa\u021biul dvs.<br \/>\n2. Durabilitate: Panourile metalice sunt robuste \u0219i rezistente, ceea ce \u00eenseamn\u0103 c\u0103 pot rezista condi\u021biilor meteorologice dificile \u0219i sunt<br \/>\nde lung\u0103 durat\u0103.<br \/>\n3. \u00centre\u021binere redus\u0103: Spre deosebire de alte op\u021biuni de ecranare a intimit\u0103\u021bii, panourile decorative metalice pentru garduri de intimitate necesit\u0103 foarte pu\u021bin\u0103 \u00eentre\u021binere.<br \/>\n4. Atrac\u021bie estetic\u0103: Panourile metalice pentru ecran de confiden\u021bialitate sunt disponibile \u00eentr-o gam\u0103 larg\u0103 de modele, culori \u0219i modele, ceea ce faciliteaz\u0103<br \/>\ng\u0103si\u021bi una care se potrive\u0219te stilului dvs. personal.<\/li>\n<\/ol>","protected":false},"excerpt":{"rendered":"<p>Panourile din o\u021bel Corten sunt utilizate pe scar\u0103 larg\u0103 \u00een multe aplica\u021bii \u00een aer liber, deoarece formeaz\u0103 un strat protector de rugin\u0103 care \u00eei confer\u0103 un ciclu de via\u021b\u0103 lung, ceea ce \u00eel face o solu\u021bie cu \u00eentre\u021binere redus\u0103 pentru o varietate de utiliz\u0103ri.<\/p>","protected":false},"featured_media":1303,"comment_status":"open","ping_status":"closed","template":"","meta":{"_eb_attr":"","_monsterinsights_skip_tracking":false,"_monsterinsights_sitenote_active":false,"_monsterinsights_sitenote_note":"","_monsterinsights_sitenote_category":0,"_uf_show_specific_survey":0,"_uf_disable_surveys":false},"product_brand":[],"product_cat":[57],"product_tag":[],"class_list":{"0":"post-1302","1":"product","2":"type-product","3":"status-publish","4":"has-post-thumbnail","6":"product_cat-screen-panel","8":"first","9":"instock","10":"shipping-taxable","11":"product-type-simple"},"_links":{"self":[{"href":"https:\/\/keweicorten.com\/ro\/wp-json\/wp\/v2\/product\/1302"}],"collection":[{"href":"https:\/\/keweicorten.com\/ro\/wp-json\/wp\/v2\/product"}],"about":[{"href":"https:\/\/keweicorten.com\/ro\/wp-json\/wp\/v2\/types\/product"}],"replies":[{"embeddable":true,"href":"https:\/\/keweicorten.com\/ro\/wp-json\/wp\/v2\/comments?post=1302"}],"version-history":[{"count":1,"href":"https:\/\/keweicorten.com\/ro\/wp-json\/wp\/v2\/product\/1302\/revisions"}],"predecessor-version":[{"id":1304,"href":"https:\/\/keweicorten.com\/ro\/wp-json\/wp\/v2\/product\/1302\/revisions\/1304"}],"wp:featuredmedia":[{"embeddable":true,"href":"https:\/\/keweicorten.com\/ro\/wp-json\/wp\/v2\/media\/1303"}],"wp:attachment":[{"href":"https:\/\/keweicorten.com\/ro\/wp-json\/wp\/v2\/media?parent=1302"}],"wp:term":[{"taxonomy":"product_brand","embeddable":true,"href":"https:\/\/keweicorten.com\/ro\/wp-json\/wp\/v2\/product_brand?post=1302"},{"taxonomy":"product_cat","embeddable":true,"href":"https:\/\/keweicorten.com\/ro\/wp-json\/wp\/v2\/product_cat?post=1302"},{"taxonomy":"product_tag","embeddable":true,"href":"https:\/\/keweicorten.com\/ro\/wp-json\/wp\/v2\/product_tag?post=1302"}],"curies":[{"name":"wp","href":"https:\/\/api.w.org\/{rel}","templated":true}]}}