{"id":1305,"date":"2024-09-20T08:36:04","date_gmt":"2024-09-20T08:36:04","guid":{"rendered":"https:\/\/keweicorten.com\/?post_type=product&#038;p=1305"},"modified":"2025-01-15T06:24:28","modified_gmt":"2025-01-15T06:24:28","slug":"panouri-de-perete-taiate-cu-laser","status":"publish","type":"product","link":"https:\/\/keweicorten.com\/ro\/panouri-de-perete-taiate-cu-laser\/","title":{"rendered":"panouri de perete t\u0103iate cu laser"},"content":{"rendered":"<p>Panourile de perete t\u0103iate cu laser sunt elemente decorative \u0219i func\u021bionale adesea utilizate at\u00e2t pentru spa\u021biile interioare, c\u00e2t \u0219i pentru cele exterioare. Aceste panouri sunt de obicei realizate din materiale precum metal (cum ar fi o\u021bel corten, aluminiu sau o\u021bel inoxidabil), lemn sau materiale compozite. Ele sunt create prin t\u0103ierea precis\u0103 a unor modele, desene sau forme geometrice complicate pe suprafa\u021ba panoului cu ajutorul tehnologiei laser.<\/p>\n<ul>\n<li><strong>Pere\u021bi desp\u0103r\u021bitori:<\/strong> Aceste panouri pot separa spa\u021bii \u00eentr-o cas\u0103 sau \u00eentr-un birou cu plan deschis.<\/li>\n<li><strong>Art\u0103 de perete:<\/strong> Ca element artistic \u00een camere de zi, terase sau zone exterioare.<\/li>\n<li><strong>Ecrane de confiden\u021bialitate:<\/strong> Pentru a ad\u0103uga un sentiment de izolare pe balcoane, terase sau gr\u0103dini.<\/li>\n<li><strong>Garduri sau por\u021bi:<\/strong> Pentru securitate sporit\u0103 sau decorare \u00een zonele exterioare.<\/li>\n<\/ul>\n<p><strong>Panouri de perete t\u0103iate cu laser Avantaje:<\/strong><\/p>\n<ul>\n<li><strong>Personalizare:<\/strong> Modelele pot fi personalizate pentru a se potrivi cu orice estetic\u0103.<\/li>\n<li><strong>Durabilitate:<\/strong> Metalele precum o\u021belul corten dezvolt\u0103 o patin\u0103 de rugin\u0103 protectoare \u00een timp, ceea ce le face potrivite pentru utilizarea \u00een exterior.<\/li>\n<li><strong>Versatilitate:<\/strong> Poate fi folosit \u00een modele moderne, rustice sau tradi\u021bionale.<\/li>\n<\/ul>","protected":false},"excerpt":{"rendered":"<p><span class=\"magic-17\" style=\"color: #f70843;\">100% Garan\u021bie de satisfac\u021bie<\/span><\/p>\n<div><span class=\"magic-17\" style=\"color: #f70843;\">Material - o\u021bel Corten<br \/>\n<\/span><\/div>\n<div><span class=\"magic-17\" style=\"color: #f70843;\">Acesta poate fi utilizat at\u00e2t \u00een interior, c\u00e2t \u0219i \u00een exterior.<\/span><\/div>\n<div>\n<table class=\"has-title all magic-9\">\n<tbody>\n<tr>\n<td colspan=\"1\" rowspan=\"1\">\n<div class=\"magic-10\" data-spm-anchor-id=\"a2700.details.0.i39.2f0453fbTWsH9o\">Tip produs<\/div>\n<\/td>\n<td colspan=\"1\" rowspan=\"1\">\n<div class=\"magic-11\">Panou metalic pentru ecran<\/div>\n<\/td>\n<td colspan=\"1\" rowspan=\"1\">\n<div class=\"magic-12\">Material<\/div>\n<\/td>\n<td colspan=\"1\" rowspan=\"1\">\n<div class=\"magic-13\">O\u021bel Corten, Metal<\/div>\n<\/td>\n<\/tr>\n<tr>\n<td colspan=\"1\" rowspan=\"1\">\n<div class=\"magic-10\">Dimensiuni<\/div>\n<\/td>\n<td colspan=\"1\" rowspan=\"1\">\n<div class=\"magic-11\">Personalizat<\/div>\n<\/td>\n<td colspan=\"1\" rowspan=\"1\">\n<div class=\"magic-12\">Model<\/div>\n<\/td>\n<td colspan=\"1\" rowspan=\"1\">\n<div class=\"magic-13\">Personalizat<\/div>\n<\/td>\n<\/tr>\n<tr>\n<td colspan=\"1\" rowspan=\"1\">\n<div class=\"magic-10\">Aplica\u021bie<\/div>\n<\/td>\n<td colspan=\"3\" rowspan=\"1\">\n<div class=\"magic-14\">Divizat\u0103, intimitate, decorare etc.<\/div>\n<\/td>\n<\/tr>\n<tr>\n<td colspan=\"1\" rowspan=\"1\">\n<div class=\"magic-10\">Ambalare<\/div>\n<\/td>\n<td colspan=\"3\" rowspan=\"1\">\n<div class=\"magic-14\">Carcas\u0103 din lemn, carton, personalizat\u0103<\/div>\n<\/td>\n<\/tr>\n<\/tbody>\n<\/table>\n<\/div>","protected":false},"featured_media":1306,"comment_status":"open","ping_status":"closed","template":"","meta":{"_eb_attr":"","_monsterinsights_skip_tracking":false,"_monsterinsights_sitenote_active":false,"_monsterinsights_sitenote_note":"","_monsterinsights_sitenote_category":0,"_uf_show_specific_survey":0,"_uf_disable_surveys":false},"product_brand":[],"product_cat":[57],"product_tag":[],"class_list":{"0":"post-1305","1":"product","2":"type-product","3":"status-publish","4":"has-post-thumbnail","6":"product_cat-screen-panel","8":"first","9":"instock","10":"shipping-taxable","11":"product-type-simple"},"_links":{"self":[{"href":"https:\/\/keweicorten.com\/ro\/wp-json\/wp\/v2\/product\/1305"}],"collection":[{"href":"https:\/\/keweicorten.com\/ro\/wp-json\/wp\/v2\/product"}],"about":[{"href":"https:\/\/keweicorten.com\/ro\/wp-json\/wp\/v2\/types\/product"}],"replies":[{"embeddable":true,"href":"https:\/\/keweicorten.com\/ro\/wp-json\/wp\/v2\/comments?post=1305"}],"version-history":[{"count":1,"href":"https:\/\/keweicorten.com\/ro\/wp-json\/wp\/v2\/product\/1305\/revisions"}],"predecessor-version":[{"id":1307,"href":"https:\/\/keweicorten.com\/ro\/wp-json\/wp\/v2\/product\/1305\/revisions\/1307"}],"wp:featuredmedia":[{"embeddable":true,"href":"https:\/\/keweicorten.com\/ro\/wp-json\/wp\/v2\/media\/1306"}],"wp:attachment":[{"href":"https:\/\/keweicorten.com\/ro\/wp-json\/wp\/v2\/media?parent=1305"}],"wp:term":[{"taxonomy":"product_brand","embeddable":true,"href":"https:\/\/keweicorten.com\/ro\/wp-json\/wp\/v2\/product_brand?post=1305"},{"taxonomy":"product_cat","embeddable":true,"href":"https:\/\/keweicorten.com\/ro\/wp-json\/wp\/v2\/product_cat?post=1305"},{"taxonomy":"product_tag","embeddable":true,"href":"https:\/\/keweicorten.com\/ro\/wp-json\/wp\/v2\/product_tag?post=1305"}],"curies":[{"name":"wp","href":"https:\/\/api.w.org\/{rel}","templated":true}]}}