{"id":1317,"date":"2024-09-23T06:34:32","date_gmt":"2024-09-23T06:34:32","guid":{"rendered":"https:\/\/keweicorten.com\/?post_type=product&#038;p=1317"},"modified":"2025-01-15T06:23:43","modified_gmt":"2025-01-15T06:23:43","slug":"otel-corten-in-aer-liber-rugina-bbq","status":"publish","type":"product","link":"https:\/\/keweicorten.com\/ro\/otel-corten-in-aer-liber-rugina-bbq\/","title":{"rendered":"\u00cen aer liber Corten o\u021bel rugina BBQ"},"content":{"rendered":"<h2>Caracteristici ale gr\u0103tarului pentru c\u0103rbuni din o\u021bel Corten<\/h2>\n<p>Un gr\u0103tar de exterior din o\u021bel Corten cu rugin\u0103 combin\u0103 at\u00e2t func\u021bionalitatea, c\u00e2t \u0219i aspectul estetic. Materialul din o\u021bel Corten este cunoscut pentru propriet\u0103\u021bile sale rezistente la intemperii, care dezvolt\u0103 \u00een timp o suprafa\u021b\u0103 protectoare asem\u0103n\u0103toare ruginei, ceea ce \u00eel face durabil \u0219i surprinz\u0103tor din punct de vedere vizual. Aceste gr\u0103tare de exterior din o\u021bel Corten ruginit se integreaz\u0103 adesea perfect \u00een decorurile exterioare, d\u00e2nd un aer rustic, industrial gr\u0103dinii sau terasei dvs.<\/p>\n<table class=\"all magic-22\">\n<tbody>\n<tr>\n<td colspan=\"2\" rowspan=\"1\">\n<div class=\"magic-23\" data-spm-anchor-id=\"a2700.details.0.i39.767b11fcnAZI6v\">Numele produsului<\/div>\n<\/td>\n<td colspan=\"3\" rowspan=\"1\">\n<div class=\"magic-26\">Mare lemn de ardere Corten Steel Metal Portable BBQ Grills<\/div>\n<\/td>\n<\/tr>\n<tr>\n<td colspan=\"2\" rowspan=\"1\">\n<div class=\"magic-23\">Materie prim\u0103<\/div>\n<\/td>\n<td colspan=\"3\" rowspan=\"1\">\n<div class=\"magic-26\">Plac\u0103 metalic\u0103 Corten, o\u021bel carbon<\/div>\n<\/td>\n<\/tr>\n<tr>\n<td colspan=\"2\" rowspan=\"1\">\n<div class=\"magic-28\">Dimensiune pentru a alege<\/div>\n<\/td>\n<td colspan=\"3\" rowspan=\"1\">\n<div class=\"magic-30\">1000mm \u0219i tip rotund, de asemenea, accepta OEM personalizate<\/div>\n<\/td>\n<\/tr>\n<tr>\n<td colspan=\"2\" rowspan=\"1\">\n<div class=\"magic-23\">Tip combustibil<\/div>\n<\/td>\n<td colspan=\"3\" rowspan=\"1\">\n<div class=\"magic-26\">\u00cen mod obi\u0219nuit este lemn de c\u0103rbune, de asemenea, se poate schimba tipul de gaz \/ propan<\/div>\n<\/td>\n<\/tr>\n<tr>\n<td colspan=\"2\" rowspan=\"1\">\n<div class=\"magic-28\">Pachet<\/div>\n<\/td>\n<td colspan=\"3\" rowspan=\"1\">\n<div class=\"magic-30\">Pachet de carton cu pale\u021bi<\/div>\n<\/td>\n<\/tr>\n<tr>\n<td colspan=\"2\" rowspan=\"1\">\n<div class=\"magic-28\">MOQ<\/div>\n<\/td>\n<td colspan=\"3\" rowspan=\"1\">\n<div class=\"magic-30\">1pcs, \u0219i 80pcs pentru un container de 20GP<\/div>\n<\/td>\n<\/tr>\n<tr>\n<td colspan=\"2\" rowspan=\"1\">\n<div class=\"magic-28\">Pia\u021ba principal\u0103<\/div>\n<\/td>\n<td colspan=\"3\" rowspan=\"1\">\n<div class=\"magic-30\">Europa\/ SUA\/ Australia<\/div>\n<\/td>\n<\/tr>\n<\/tbody>\n<\/table>\n<div class=\"J_module\">\n<div class=\"detail-decorate-json-renderer-container\">\n<div class=\"magic-4\">\n<div class=\"magic-7\" data-spm-anchor-id=\"a2700.details.0.i41.767b11fcnAZI6v\">\n<div class=\"magic-8\">\n<div class=\"magic-9\">\n<p><span class=\"magic-10\">Spre deosebire de \u00eenc\u0103lzitoarele tradi\u021bionale de exterior, un gr\u0103tar \u00een aer liber din o\u021bel Corten cu rugin\u0103 ofer\u0103 360 de grade de flac\u0103r\u0103 deschis\u0103 \u0219i va aduce un element distractiv, atr\u0103g\u0103tor \u0219i captivant spa\u021biului dvs. de locuit \u00een aer liber.<\/span><span class=\"magic-10\">Indiferent dac\u0103 decorul dvs. de exterior este tradi\u021bional, minimalist, rustic sau contemporan, exist\u0103 \u00eentotdeauna o groap\u0103 de foc care s\u0103 se potriveasc\u0103 gustului dvs. personal.<\/span><span class=\"magic-10\">Sunt disponibile accesorii op\u021bionale.<\/span><\/p>\n<div>\n<div class=\"flex-layout-v magic-20\">\n<div class=\"magic-21\">\n<figure style=\"width: 616px\" class=\"wp-caption alignnone\"><a href=\"https:\/\/keweicorten.com\/ro\"><img fetchpriority=\"high\" decoding=\"async\" class=\"magic-22\" title=\"c\u0103rbune bbq\" src=\"https:\/\/sc04.alicdn.com\/kf\/Hc2409745ccc84643881e8baac0e202c8d\/223026859\/Hc2409745ccc84643881e8baac0e202c8d.jpg\" alt=\"\" width=\"616\" height=\"616\" data-src=\"\/\/sc04.alicdn.com\/kf\/Hc2409745ccc84643881e8baac0e202c8d\/223026859\/Hc2409745ccc84643881e8baac0e202c8d.jpg\" data-spm-anchor-id=\"a2700.details.0.i44.20af498aXXDt0K\" \/><\/a><figcaption class=\"wp-caption-text\">c\u0103rbune bbq<\/figcaption><\/figure>\n<\/div>\n<\/div>\n<div class=\"text-wrapper magic-23\">\n<div class=\"text-wrapper-right text-theme-light text-align-left\" data-spm-anchor-id=\"a2700.details.0.i43.20af498aXXDt0K\">\n<div class=\"text-title\" data-spm-anchor-id=\"a2700.details.0.i41.20af498aXXDt0K\">Plac\u0103 inel de g\u0103tit pentru gr\u0103tarul BBQ<\/div>\n<div class=\"text-content\"><span data-spm-anchor-id=\"a2700.details.0.i42.20af498aXXDt0K\">Aceast\u0103 plac\u0103 superioar\u0103 este fabricat\u0103 din o\u021bel carbon c\u0103lit suficient de gros.Acest tip de material \u00eempiedic\u0103 schimbarea formei \u00een timpul expunerii la temperaturi ridicate.<\/span><\/div>\n<\/div>\n<\/div>\n<\/div>\n<\/div>\n<\/div>\n<\/div>\n<\/div>\n<\/div>\n<\/div>\n<div class=\"J_module\">\n<div class=\"icbu-pc-detailManyImage magic-11\">\n<div class=\"J_module\">\n<div class=\"icbu-pc-images magic-0\">\n<div class=\"flex-layout-h\">\n<div class=\"text-wrapper magic-24\">\n<div class=\"text-wrapper-left text-theme-light text-align-left\">\n<div data-spm-anchor-id=\"a2700.details.0.i47.20af498aXXDt0K\"><\/div>\n<div class=\"text-title\" data-spm-anchor-id=\"a2700.details.0.i47.20af498aXXDt0K\">BBQ gr\u0103tar foc castron<\/div>\n<div class=\"text-title\" data-spm-anchor-id=\"a2700.details.0.i47.20af498aXXDt0K\">Poate fi folosit ca un castron de foc cu sau f\u0103r\u0103 placa de inel de g\u0103tit.Castronul de foc este filat dintr-o singur\u0103 bucat\u0103 de o\u021bel corten f\u0103r\u0103 cus\u0103turi sau suduri.Grosimea castronului de foc este de 2mm<\/div>\n<\/div>\n<\/div>\n<div class=\"flex-layout-v magic-20\">\n<div class=\"magic-25\">\n<figure style=\"width: 618px\" class=\"wp-caption alignnone\"><a href=\"https:\/\/keweicorten.com\/ro\/contactati-ne\/\"><img decoding=\"async\" class=\"magic-26\" title=\"gr\u0103tar \u00een aer liber\" src=\"https:\/\/sc04.alicdn.com\/kf\/H753c3cf1341a40ed9a0ee9f74fe4b065O\/223026859\/H753c3cf1341a40ed9a0ee9f74fe4b065O.jpg\" alt=\"\" width=\"618\" height=\"618\" data-src=\"\/\/sc04.alicdn.com\/kf\/H753c3cf1341a40ed9a0ee9f74fe4b065O\/223026859\/H753c3cf1341a40ed9a0ee9f74fe4b065O.jpg\" \/><\/a><figcaption class=\"wp-caption-text\">gr\u0103tar \u00een aer liber<\/figcaption><\/figure>\n<\/div>\n<\/div>\n<\/div>\n<\/div>\n<\/div>\n<div class=\"J_module\">\n<div class=\"icbu-pc-images magic-0\">\n<div>\n<div class=\"flex-layout-h\">\n<div class=\"flex-layout-v magic-20\">\n<div class=\"magic-27\">\n<figure style=\"width: 616px\" class=\"wp-caption alignnone\"><a href=\"https:\/\/keweicorten.com\/ro\"><img decoding=\"async\" class=\"magic-28\" title=\"gr\u0103tar portabil\" src=\"https:\/\/sc04.alicdn.com\/kf\/H73bfd555311d40dcaf54d4700570657dA\/223026859\/H73bfd555311d40dcaf54d4700570657dA.jpg\" alt=\"\" width=\"616\" height=\"616\" data-src=\"\/\/sc04.alicdn.com\/kf\/H73bfd555311d40dcaf54d4700570657dA\/223026859\/H73bfd555311d40dcaf54d4700570657dA.jpg\" \/><\/a><figcaption class=\"wp-caption-text\">gr\u0103tar portabil<\/figcaption><\/figure>\n<\/div>\n<\/div>\n<div class=\"text-wrapper magic-23\" data-spm-anchor-id=\"a2700.details.0.i48.20af498aXXDt0K\">\n<div class=\"text-wrapper-right text-theme-light text-align-left\">\n<div class=\"text-title\">Rezervor pe baz\u0103 de gr\u0103tar BBQ<\/div>\n<div class=\"text-content\">\n<p>Rezervorul de baz\u0103 este fabricat dintr-un tip special de o\u021bel care con\u021bine cupru (Corten). O\u021belul Corten este uneori numit o\u021bel rezistent la intemperii.Poate fi l\u0103sat afar\u0103 tot timpul anului; baza dezvolt\u0103 \u00een timp o patin\u0103 frumoas\u0103, f\u0103r\u0103 \u00eentre\u021binere<\/p>\n<\/div>\n<\/div>\n<\/div>\n<\/div>\n<\/div>\n<\/div>\n<\/div>\n<\/div>\n<\/div>","protected":false},"excerpt":{"rendered":"<p>Preg\u0103ti\u021bi o mas\u0103 s\u0103n\u0103toas\u0103 \u00een aer liber cu aceast\u0103 groap\u0103 de foc cu gr\u0103tar, \u00een timp ce placa de pr\u0103jit plat\u0103 groas\u0103 pe care o utiliza\u021bi ca teppanyaki. cu liniile sale simple \u0219i clasice, gr\u0103tarul nostru este mai practic \u0219i mai elegant dec\u00e2t un gr\u0103tar tradi\u021bional \u0219i se potrive\u0219te perfect \u00een orice zon\u0103, de la gr\u0103din\u0103 la terasa unui restaurant \u0219ic. c\u00e2nd este timpul pentru o \u00eent\u00e2lnire confortabil\u0103 \u00een aer liber, aceast\u0103 lucrare de art\u0103 elegant\u0103 se transform\u0103 \u00eentr-un loc cald \u0219i primitor pentru a g\u0103ti \u0219i a distra oaspe\u021bii.<\/p>","protected":false},"featured_media":1318,"comment_status":"open","ping_status":"closed","template":"","meta":{"_eb_attr":"","_monsterinsights_skip_tracking":false,"_monsterinsights_sitenote_active":false,"_monsterinsights_sitenote_note":"","_monsterinsights_sitenote_category":0,"_uf_show_specific_survey":0,"_uf_disable_surveys":false},"product_brand":[],"product_cat":[63],"product_tag":[],"class_list":{"0":"post-1317","1":"product","2":"type-product","3":"status-publish","4":"has-post-thumbnail","6":"product_cat-steel-bbq-grill","8":"first","9":"instock","10":"shipping-taxable","11":"product-type-simple"},"_links":{"self":[{"href":"https:\/\/keweicorten.com\/ro\/wp-json\/wp\/v2\/product\/1317"}],"collection":[{"href":"https:\/\/keweicorten.com\/ro\/wp-json\/wp\/v2\/product"}],"about":[{"href":"https:\/\/keweicorten.com\/ro\/wp-json\/wp\/v2\/types\/product"}],"replies":[{"embeddable":true,"href":"https:\/\/keweicorten.com\/ro\/wp-json\/wp\/v2\/comments?post=1317"}],"version-history":[{"count":3,"href":"https:\/\/keweicorten.com\/ro\/wp-json\/wp\/v2\/product\/1317\/revisions"}],"predecessor-version":[{"id":1321,"href":"https:\/\/keweicorten.com\/ro\/wp-json\/wp\/v2\/product\/1317\/revisions\/1321"}],"wp:featuredmedia":[{"embeddable":true,"href":"https:\/\/keweicorten.com\/ro\/wp-json\/wp\/v2\/media\/1318"}],"wp:attachment":[{"href":"https:\/\/keweicorten.com\/ro\/wp-json\/wp\/v2\/media?parent=1317"}],"wp:term":[{"taxonomy":"product_brand","embeddable":true,"href":"https:\/\/keweicorten.com\/ro\/wp-json\/wp\/v2\/product_brand?post=1317"},{"taxonomy":"product_cat","embeddable":true,"href":"https:\/\/keweicorten.com\/ro\/wp-json\/wp\/v2\/product_cat?post=1317"},{"taxonomy":"product_tag","embeddable":true,"href":"https:\/\/keweicorten.com\/ro\/wp-json\/wp\/v2\/product_tag?post=1317"}],"curies":[{"name":"wp","href":"https:\/\/api.w.org\/{rel}","templated":true}]}}