{"id":1327,"date":"2024-09-23T07:09:51","date_gmt":"2024-09-23T07:09:51","guid":{"rendered":"https:\/\/keweicorten.com\/?post_type=product&#038;p=1327"},"modified":"2024-09-23T07:09:51","modified_gmt":"2024-09-23T07:09:51","slug":"placa-de-otel-corten-q550nh","status":"publish","type":"product","link":"https:\/\/keweicorten.com\/ro\/placa-de-otel-corten-q550nh\/","title":{"rendered":"Q550NH Plac\u0103 de o\u021bel Corten"},"content":{"rendered":"<p>Placa de o\u021bel corten Q550NH este un alt o\u021bel cu rezisten\u021b\u0103 ridicat\u0103 \u0219i slab aliat (HSLA), similar cu alte clase de o\u021bel corten sau rezistent la intemperii, dar cu o limit\u0103 de curgere mai mare dec\u00e2t Q450NQR1. Este special conceput pentru utilizarea \u00een aplica\u021bii structurale care necesit\u0103 at\u00e2t rezisten\u021b\u0103, c\u00e2t \u0219i rezisten\u021b\u0103 la coroziune \u00een medii atmosferice.<\/p>\n<h2>Principalele caracteristici ale pl\u0103cii de o\u021bel Corten Q550NH:<\/h2>\n<p>1. Rezisten\u021b\u0103 ridicat\u0103 la rupere: \"550\" indic\u0103 o limit\u0103 de curgere de 550 MPa, ceea ce \u00eel face ideal pentru utiliz\u0103ri structurale grele.<br \/>\n2. Rezisten\u021ba la coroziune: Ca \u0219i alte o\u021beluri corten, Q550NH formeaz\u0103 un strat de oxid stabil \u0219i autoprotector atunci c\u00e2nd este expus la condi\u021biile atmosferice, reduc\u00e2nd necesitatea vopsirii sau acoperirii.<br \/>\n3. Rezisten\u021b\u0103 \u0219i durabilitate: Potrivit pentru utilizarea \u00een medii dificile, cum ar fi zonele industriale \u0219i set\u0103rile \u00een aer liber, unde longevitatea este crucial\u0103.<br \/>\n4. ** \u00centre\u021binere redus\u0103: Stratul de rugin\u0103 al o\u021belului rezistent la intemperii serve\u0219te drept protec\u021bie, reduc\u00e2nd nevoia de \u00eentre\u021binere \u00een timp.<br \/>\n5. Sudabilitate \u00eembun\u0103t\u0103\u021bit\u0103: Compozi\u021bia aliajului s\u0103u permite o sudare u\u0219oar\u0103, f\u0103c\u00e2ndu-l versatil \u00een construc\u021bii \u0219i fabricare.<\/p>\n<p>Aplica\u021bii tipice:<br \/>\n- Poduri \u0219i suporturi structurale<br \/>\n- Elemente arhitecturale exterioare<br \/>\n- Structuri de gr\u0103din\u0103 \u0219i peisaj<br \/>\n- Fa\u021bade \u0219i plac\u0103ri ale cl\u0103dirilor<br \/>\n- Infrastructur\u0103 industrial\u0103 precum silozuri, co\u0219uri de fum \u0219i centrale electrice<br \/>\n- Containere maritime \u0219i vehicule de transport<\/p>\n<p>Placa de o\u021bel Corten Q550NH este ideal\u0103 atunci c\u00e2nd rezisten\u021ba ridicat\u0103 \u0219i rezisten\u021ba la coroziune sunt ambele critice. Anun\u021ba\u021bi-m\u0103 dac\u0103 dori\u021bi informa\u021bii sau aplica\u021bii mai specifice!<\/p>\n<table border=\"1\" width=\"747\" cellspacing=\"0\" cellpadding=\"0\">\n<tbody>\n<tr class=\"firstRow\">\n<td width=\"196\" height=\"27\">Produse de baz\u0103<\/td>\n<td width=\"548\" height=\"27\">Plac\u0103\/foaie de o\u021bel corten\/corten A\/B\/ SPA-H pre\u021b o\u021bel corten<\/td>\n<\/tr>\n<tr>\n<td width=\"196\" height=\"62\">caracteristic\u0103<\/td>\n<td width=\"548\" height=\"62\">Suprafa\u021ba o\u021belului corten poate forma un strat de oxidare maro \u00eenchis, care inhib\u0103 p\u0103trunderea mai ad\u00e2nc\u0103, pentru a economisi costul nevoii de vopsire \u0219i \u00eentre\u021binere costisitoare de prevenire a ruginii de-a lungul anilor.<\/td>\n<\/tr>\n<tr>\n<td rowspan=\"3\" width=\"196\" height=\"79\">M\u0103rime<\/td>\n<td width=\"548\" height=\"26\">Grosime: 1.6mm-80mm<\/td>\n<\/tr>\n<tr>\n<td width=\"548\" height=\"26\">L\u0103\u021bime: 900mm-2100mm<\/td>\n<\/tr>\n<tr>\n<td width=\"548\" height=\"27\">Lungime: 1m-11.8m<\/td>\n<\/tr>\n<tr>\n<td rowspan=\"4\" width=\"196\" height=\"105\">Ce am putea furniza<\/td>\n<td width=\"548\" height=\"26\">Furnizarea direct\u0103 a bobinelor<\/td>\n<\/tr>\n<tr>\n<td width=\"548\" height=\"26\">Decoil la foaie \u00een func\u021bie de lungimea cererii<\/td>\n<\/tr>\n<tr>\n<td width=\"548\" height=\"26\">Se poate t\u0103ia la orice form\u0103 \u0219i proces \u00een conformitate cu desenul.<\/td>\n<\/tr>\n<tr>\n<td width=\"548\" height=\"27\">Se poate suda la bare rotunde, p\u0103trate, dreptunghiulare \u0219i etc.<\/td>\n<\/tr>\n<tr>\n<td width=\"196\" height=\"27\">Certificat<\/td>\n<td width=\"548\" height=\"27\" data-spm-anchor-id=\"a2700.details.0.i74.5fe220238AtyJw\">ISO, SGS, MTC<\/td>\n<\/tr>\n<\/tbody>\n<\/table>\n<figure id=\"attachment_1331\" aria-describedby=\"caption-attachment-1331\" style=\"width: 434px\" class=\"wp-caption alignnone\"><img fetchpriority=\"high\" decoding=\"async\" class=\"wp-image-1331\" src=\"https:\/\/keweicorten.com\/wp-content\/uploads\/2024\/09\/\u8010\u5019\u94a2\u677f_\u8010\u5019\u94a2\u677f_\u5c71\u4e1c\u6c83\u5361\u91d1\u5c5e\u5236\u54c1\u6709\u9650\u516c\u53f8_3f14be75-300x300.jpg\" alt=\"\" width=\"434\" height=\"434\" srcset=\"https:\/\/keweicorten.com\/wp-content\/uploads\/2024\/09\/\u8010\u5019\u94a2\u677f_\u8010\u5019\u94a2\u677f_\u5c71\u4e1c\u6c83\u5361\u91d1\u5c5e\u5236\u54c1\u6709\u9650\u516c\u53f8_3f14be75-300x300.jpg 300w, https:\/\/keweicorten.com\/wp-content\/uploads\/2024\/09\/\u8010\u5019\u94a2\u677f_\u8010\u5019\u94a2\u677f_\u5c71\u4e1c\u6c83\u5361\u91d1\u5c5e\u5236\u54c1\u6709\u9650\u516c\u53f8_3f14be75-150x150.jpg 150w, https:\/\/keweicorten.com\/wp-content\/uploads\/2024\/09\/\u8010\u5019\u94a2\u677f_\u8010\u5019\u94a2\u677f_\u5c71\u4e1c\u6c83\u5361\u91d1\u5c5e\u5236\u54c1\u6709\u9650\u516c\u53f8_3f14be75-12x12.jpg 12w, https:\/\/keweicorten.com\/wp-content\/uploads\/2024\/09\/\u8010\u5019\u94a2\u677f_\u8010\u5019\u94a2\u677f_\u5c71\u4e1c\u6c83\u5361\u91d1\u5c5e\u5236\u54c1\u6709\u9650\u516c\u53f8_3f14be75-600x600.jpg 600w, https:\/\/keweicorten.com\/wp-content\/uploads\/2024\/09\/\u8010\u5019\u94a2\u677f_\u8010\u5019\u94a2\u677f_\u5c71\u4e1c\u6c83\u5361\u91d1\u5c5e\u5236\u54c1\u6709\u9650\u516c\u53f8_3f14be75-100x100.jpg 100w, https:\/\/keweicorten.com\/wp-content\/uploads\/2024\/09\/\u8010\u5019\u94a2\u677f_\u8010\u5019\u94a2\u677f_\u5c71\u4e1c\u6c83\u5361\u91d1\u5c5e\u5236\u54c1\u6709\u9650\u516c\u53f8_3f14be75.jpg 700w\" sizes=\"(max-width: 434px) 100vw, 434px\" \/><figcaption id=\"caption-attachment-1331\" class=\"wp-caption-text\">plac\u0103 de o\u021bel erodat\u0103<\/figcaption><\/figure>\n<figure id=\"attachment_1332\" aria-describedby=\"caption-attachment-1332\" style=\"width: 429px\" class=\"wp-caption alignnone\"><img decoding=\"async\" class=\"wp-image-1332\" src=\"https:\/\/keweicorten.com\/wp-content\/uploads\/2024\/09\/\u8010\u5019\u94a2\u677f_\u8010\u5019\u94a2\u677f_\u5c71\u4e1c\u6c83\u5361\u91d1\u5c5e\u5236\u54c1\u6709\u9650\u516c\u53f8_4b932984-300x300.jpg\" alt=\"\" width=\"429\" height=\"429\" srcset=\"https:\/\/keweicorten.com\/wp-content\/uploads\/2024\/09\/\u8010\u5019\u94a2\u677f_\u8010\u5019\u94a2\u677f_\u5c71\u4e1c\u6c83\u5361\u91d1\u5c5e\u5236\u54c1\u6709\u9650\u516c\u53f8_4b932984-300x300.jpg 300w, https:\/\/keweicorten.com\/wp-content\/uploads\/2024\/09\/\u8010\u5019\u94a2\u677f_\u8010\u5019\u94a2\u677f_\u5c71\u4e1c\u6c83\u5361\u91d1\u5c5e\u5236\u54c1\u6709\u9650\u516c\u53f8_4b932984-150x150.jpg 150w, https:\/\/keweicorten.com\/wp-content\/uploads\/2024\/09\/\u8010\u5019\u94a2\u677f_\u8010\u5019\u94a2\u677f_\u5c71\u4e1c\u6c83\u5361\u91d1\u5c5e\u5236\u54c1\u6709\u9650\u516c\u53f8_4b932984-12x12.jpg 12w, https:\/\/keweicorten.com\/wp-content\/uploads\/2024\/09\/\u8010\u5019\u94a2\u677f_\u8010\u5019\u94a2\u677f_\u5c71\u4e1c\u6c83\u5361\u91d1\u5c5e\u5236\u54c1\u6709\u9650\u516c\u53f8_4b932984-600x600.jpg 600w, https:\/\/keweicorten.com\/wp-content\/uploads\/2024\/09\/\u8010\u5019\u94a2\u677f_\u8010\u5019\u94a2\u677f_\u5c71\u4e1c\u6c83\u5361\u91d1\u5c5e\u5236\u54c1\u6709\u9650\u516c\u53f8_4b932984-100x100.jpg 100w, https:\/\/keweicorten.com\/wp-content\/uploads\/2024\/09\/\u8010\u5019\u94a2\u677f_\u8010\u5019\u94a2\u677f_\u5c71\u4e1c\u6c83\u5361\u91d1\u5c5e\u5236\u54c1\u6709\u9650\u516c\u53f8_4b932984.jpg 700w\" sizes=\"(max-width: 429px) 100vw, 429px\" \/><figcaption id=\"caption-attachment-1332\" class=\"wp-caption-text\">Pre\u021bul pl\u0103cii de o\u021bel corten<\/figcaption><\/figure>\n<figure id=\"attachment_1333\" aria-describedby=\"caption-attachment-1333\" style=\"width: 427px\" class=\"wp-caption alignnone\"><img decoding=\"async\" class=\"wp-image-1333\" src=\"https:\/\/keweicorten.com\/wp-content\/uploads\/2024\/09\/\u8010\u5019\u94a2\u677f_\u8010\u5019\u94a2\u677f_\u5c71\u4e1c\u6c83\u5361\u91d1\u5c5e\u5236\u54c1\u6709\u9650\u516c\u53f8_175f6748-300x300.jpg\" alt=\"\" width=\"427\" height=\"427\" srcset=\"https:\/\/keweicorten.com\/wp-content\/uploads\/2024\/09\/\u8010\u5019\u94a2\u677f_\u8010\u5019\u94a2\u677f_\u5c71\u4e1c\u6c83\u5361\u91d1\u5c5e\u5236\u54c1\u6709\u9650\u516c\u53f8_175f6748-300x300.jpg 300w, https:\/\/keweicorten.com\/wp-content\/uploads\/2024\/09\/\u8010\u5019\u94a2\u677f_\u8010\u5019\u94a2\u677f_\u5c71\u4e1c\u6c83\u5361\u91d1\u5c5e\u5236\u54c1\u6709\u9650\u516c\u53f8_175f6748-150x150.jpg 150w, https:\/\/keweicorten.com\/wp-content\/uploads\/2024\/09\/\u8010\u5019\u94a2\u677f_\u8010\u5019\u94a2\u677f_\u5c71\u4e1c\u6c83\u5361\u91d1\u5c5e\u5236\u54c1\u6709\u9650\u516c\u53f8_175f6748-12x12.jpg 12w, https:\/\/keweicorten.com\/wp-content\/uploads\/2024\/09\/\u8010\u5019\u94a2\u677f_\u8010\u5019\u94a2\u677f_\u5c71\u4e1c\u6c83\u5361\u91d1\u5c5e\u5236\u54c1\u6709\u9650\u516c\u53f8_175f6748-600x600.jpg 600w, https:\/\/keweicorten.com\/wp-content\/uploads\/2024\/09\/\u8010\u5019\u94a2\u677f_\u8010\u5019\u94a2\u677f_\u5c71\u4e1c\u6c83\u5361\u91d1\u5c5e\u5236\u54c1\u6709\u9650\u516c\u53f8_175f6748-100x100.jpg 100w, https:\/\/keweicorten.com\/wp-content\/uploads\/2024\/09\/\u8010\u5019\u94a2\u677f_\u8010\u5019\u94a2\u677f_\u5c71\u4e1c\u6c83\u5361\u91d1\u5c5e\u5236\u54c1\u6709\u9650\u516c\u53f8_175f6748.jpg 700w\" sizes=\"(max-width: 427px) 100vw, 427px\" \/><figcaption id=\"caption-attachment-1333\" class=\"wp-caption-text\">pre\u021b foaie corten<\/figcaption><\/figure>","protected":false},"excerpt":{"rendered":"<div class=\"fr\">\n<p>Plac\u0103 de o\u021bel corten Q550NH<br \/>\nPlaca de o\u021bel Corten, datorit\u0103 caracteristicilor sale unice de \u00eenalt\u0103 calitate, poate rezista mediului de lucru dur pentru o lung\u0103 perioad\u0103 de timp, cu o bun\u0103 plasticitate.<\/p>\n<\/div>\n<div><a class=\"pconmore mmv\" href=\"https:\/\/keweicorten.com\/ro\/contactati-ne\/\" rel=\"nofollow\">Trimite anchet\u0103<\/a><\/div>","protected":false},"featured_media":1329,"comment_status":"open","ping_status":"closed","template":"","meta":{"_eb_attr":"","_monsterinsights_skip_tracking":false,"_monsterinsights_sitenote_active":false,"_monsterinsights_sitenote_note":"","_monsterinsights_sitenote_category":0,"_uf_show_specific_survey":0,"_uf_disable_surveys":false},"product_brand":[],"product_cat":[21],"product_tag":[],"class_list":{"0":"post-1327","1":"product","2":"type-product","3":"status-publish","4":"has-post-thumbnail","6":"product_cat-weather-resistant-steel-plate","8":"first","9":"instock","10":"shipping-taxable","11":"product-type-simple"},"_links":{"self":[{"href":"https:\/\/keweicorten.com\/ro\/wp-json\/wp\/v2\/product\/1327"}],"collection":[{"href":"https:\/\/keweicorten.com\/ro\/wp-json\/wp\/v2\/product"}],"about":[{"href":"https:\/\/keweicorten.com\/ro\/wp-json\/wp\/v2\/types\/product"}],"replies":[{"embeddable":true,"href":"https:\/\/keweicorten.com\/ro\/wp-json\/wp\/v2\/comments?post=1327"}],"version-history":[{"count":1,"href":"https:\/\/keweicorten.com\/ro\/wp-json\/wp\/v2\/product\/1327\/revisions"}],"predecessor-version":[{"id":1334,"href":"https:\/\/keweicorten.com\/ro\/wp-json\/wp\/v2\/product\/1327\/revisions\/1334"}],"wp:featuredmedia":[{"embeddable":true,"href":"https:\/\/keweicorten.com\/ro\/wp-json\/wp\/v2\/media\/1329"}],"wp:attachment":[{"href":"https:\/\/keweicorten.com\/ro\/wp-json\/wp\/v2\/media?parent=1327"}],"wp:term":[{"taxonomy":"product_brand","embeddable":true,"href":"https:\/\/keweicorten.com\/ro\/wp-json\/wp\/v2\/product_brand?post=1327"},{"taxonomy":"product_cat","embeddable":true,"href":"https:\/\/keweicorten.com\/ro\/wp-json\/wp\/v2\/product_cat?post=1327"},{"taxonomy":"product_tag","embeddable":true,"href":"https:\/\/keweicorten.com\/ro\/wp-json\/wp\/v2\/product_tag?post=1327"}],"curies":[{"name":"wp","href":"https:\/\/api.w.org\/{rel}","templated":true}]}}