{"id":1335,"date":"2024-09-24T02:49:42","date_gmt":"2024-09-24T02:49:42","guid":{"rendered":"https:\/\/keweicorten.com\/?post_type=product&#038;p=1335"},"modified":"2025-01-15T06:23:33","modified_gmt":"2025-01-15T06:23:33","slug":"taierea-cu-laser-a-ecranului-metalic-din-otel-corten","status":"publish","type":"product","link":"https:\/\/keweicorten.com\/ro\/taierea-cu-laser-a-ecranului-metalic-din-otel-corten\/","title":{"rendered":"t\u0103ierea cu laser a ecranului metalic din o\u021bel corten"},"content":{"rendered":"<p>Ecranele din o\u021bel corten t\u0103iate cu laser sunt populare at\u00e2t \u00een scopuri estetice, c\u00e2t \u0219i func\u021bionale \u00een spa\u021bii exterioare \u0219i interioare. O\u021belul corten, cunoscut \u0219i sub denumirea de o\u021bel rezistent la intemperii, este foarte durabil \u0219i dezvolt\u0103 \u00een timp o patin\u0103 unic\u0103 asem\u0103n\u0103toare ruginei, care \u00eel protejeaz\u0103 de coroziune \u0219i \u00eei confer\u0103 un aspect industrial distinctiv.<\/p>\n<h2>Utiliz\u0103ri de t\u0103iere cu laser de metal corten ecran din o\u021bel:<\/h2>\n<ol>\n<li><strong>Ecrane de confiden\u021bialitate<\/strong>: Ecranele Corten sunt adesea folosite ca panouri de intimitate \u00een gr\u0103dini sau terase, oferind izolare, p\u0103str\u00e2nd \u00een acela\u0219i timp un aspect decorativ.<\/li>\n<li><strong>Caracteristici decorative de perete<\/strong>: Aceste ecrane pot ac\u021biona ca fundaluri frumoase, texturate pe pere\u021bi, at\u00e2t \u00een interior, c\u00e2t \u0219i \u00een exterior, ad\u0103ug\u00e2nd profunzime \u0219i o not\u0103 artistic\u0103.<\/li>\n<li><strong>Separatoare de camer\u0103<\/strong>: \u00cen interior, paravanele din o\u021bel corten pot fi utilizate ca separatoare elegante de camere \u00een spa\u021bii deschise.<\/li>\n<li><strong>Garduri \u0219i por\u021bi de exterior<\/strong>: Modelele t\u0103iate cu laser permit personalizarea gardurilor de gr\u0103din\u0103 sau a modelelor de por\u021bi.<\/li>\n<li><strong>Accente arhitecturale<\/strong>: Pot fi utilizate pe fa\u021badele cl\u0103dirilor at\u00e2t \u00een scopuri func\u021bionale, cum ar fi umbrirea de soare, c\u00e2t \u0219i ca elemente pur decorative.<\/li>\n<li><strong>Caracteristici de gr\u0103din\u0103<\/strong>: Adesea \u00eencorporat \u00een amenaj\u0103rile peisagistice pentru a crea puncte de atrac\u021bie, \u00een special cu desene botanice sau abstracte t\u0103iate cu laser.<\/li>\n<\/ol>\n<figure style=\"width: 700px\" class=\"wp-caption alignnone\"><a href=\"https:\/\/keweicorten.com\/ro\/produs\/paravane-de-gradina-din-corten\/\"><img fetchpriority=\"high\" decoding=\"async\" title=\"separator de camer\u0103 din o\u021bel corten\" src=\"https:\/\/sc04.alicdn.com\/kf\/Ha5bd72f10af14e85b735c24e7732ca75E\/235950374\/Ha5bd72f10af14e85b735c24e7732ca75E.jpg\" alt=\"\" width=\"700\" height=\"700\" \/><\/a><figcaption class=\"wp-caption-text\">separator de camer\u0103 din o\u021bel corten<\/figcaption><\/figure>\n<figure style=\"width: 702px\" class=\"wp-caption alignnone\"><a href=\"https:\/\/keweicorten.com\/ro\/produse\/\"><img decoding=\"async\" title=\"gard de ecran\" src=\"https:\/\/sc04.alicdn.com\/kf\/H2c81b89ee3ce41ae9c42fe2650984af7f\/235950374\/H2c81b89ee3ce41ae9c42fe2650984af7f.jpg\" alt=\"\" width=\"702\" height=\"395\" \/><\/a><figcaption class=\"wp-caption-text\">gard de ecran<\/figcaption><\/figure>","protected":false},"excerpt":{"rendered":"<p class=\"magic-13\">Decorative din metal ruginit exterior panou de perete gard de gradina<\/p>\n<div class=\"magic-14\">\n<div class=\"magic-15\">\n<div class=\"magic-16\">\n<p class=\"magic-17\">1. Grad: CNC \u0219i t\u0103iere cu laser din o\u021bel cor-ten, foaie de o\u021bel inoxidabil SUS201\/304\/316, foaie de aluminiu<br \/>\n2. Grosime: 0.5mm-25mm<br \/>\n3. Standard: GB, ASTM, JIS etc.<br \/>\n4. Certificare: ISO9001, SGS, CTI, ROHS<\/p>\n<\/div>\n<\/div>\n<\/div>","protected":false},"featured_media":1336,"comment_status":"open","ping_status":"closed","template":"","meta":{"_eb_attr":"","_monsterinsights_skip_tracking":false,"_monsterinsights_sitenote_active":false,"_monsterinsights_sitenote_note":"","_monsterinsights_sitenote_category":0,"_uf_show_specific_survey":0,"_uf_disable_surveys":false},"product_brand":[],"product_cat":[57],"product_tag":[],"class_list":{"0":"post-1335","1":"product","2":"type-product","3":"status-publish","4":"has-post-thumbnail","6":"product_cat-screen-panel","8":"first","9":"instock","10":"shipping-taxable","11":"product-type-simple"},"_links":{"self":[{"href":"https:\/\/keweicorten.com\/ro\/wp-json\/wp\/v2\/product\/1335"}],"collection":[{"href":"https:\/\/keweicorten.com\/ro\/wp-json\/wp\/v2\/product"}],"about":[{"href":"https:\/\/keweicorten.com\/ro\/wp-json\/wp\/v2\/types\/product"}],"replies":[{"embeddable":true,"href":"https:\/\/keweicorten.com\/ro\/wp-json\/wp\/v2\/comments?post=1335"}],"version-history":[{"count":1,"href":"https:\/\/keweicorten.com\/ro\/wp-json\/wp\/v2\/product\/1335\/revisions"}],"predecessor-version":[{"id":1337,"href":"https:\/\/keweicorten.com\/ro\/wp-json\/wp\/v2\/product\/1335\/revisions\/1337"}],"wp:featuredmedia":[{"embeddable":true,"href":"https:\/\/keweicorten.com\/ro\/wp-json\/wp\/v2\/media\/1336"}],"wp:attachment":[{"href":"https:\/\/keweicorten.com\/ro\/wp-json\/wp\/v2\/media?parent=1335"}],"wp:term":[{"taxonomy":"product_brand","embeddable":true,"href":"https:\/\/keweicorten.com\/ro\/wp-json\/wp\/v2\/product_brand?post=1335"},{"taxonomy":"product_cat","embeddable":true,"href":"https:\/\/keweicorten.com\/ro\/wp-json\/wp\/v2\/product_cat?post=1335"},{"taxonomy":"product_tag","embeddable":true,"href":"https:\/\/keweicorten.com\/ro\/wp-json\/wp\/v2\/product_tag?post=1335"}],"curies":[{"name":"wp","href":"https:\/\/api.w.org\/{rel}","templated":true}]}}