{"id":1347,"date":"2024-09-24T07:19:21","date_gmt":"2024-09-24T07:19:21","guid":{"rendered":"https:\/\/keweicorten.com\/?post_type=product&#038;p=1347"},"modified":"2025-01-15T06:23:06","modified_gmt":"2025-01-15T06:23:06","slug":"gratar-in-aer-liber-cu-carbune-bbq","status":"publish","type":"product","link":"https:\/\/keweicorten.com\/ro\/gratar-in-aer-liber-cu-carbune-bbq\/","title":{"rendered":"Gr\u0103tar BBQ cu c\u0103rbune \u00een aer liber"},"content":{"rendered":"<h2>Aplicarea o\u021belului Corten \u00een gr\u0103tarul BBQ cu c\u0103rbune \u00een aer liber<\/h2>\n<p>Durabilitate pe termen lung: Rezisten\u021ba la intemperii a o\u021belului Corten \u00eel face ideal pentru gr\u0103tarele de exterior. Spre deosebire de gr\u0103tarele tradi\u021bionale din o\u021bel, o\u021belul Corten poate rezista utiliz\u0103rii \u00een aer liber pe termen lung, f\u0103r\u0103 \u00eentre\u021binere frecvent\u0103 sau \u00eengrijor\u0103ri legate de rugin\u0103.<br \/>\nEste deosebit de potrivit pentru utilizarea \u00een clim\u0103 umed\u0103 sau variabil\u0103, deoarece nu se corodeaz\u0103 rapid \u00een urma expunerii la ploaie \u0219i umiditate, precum o\u021belul obi\u0219nuit.<\/p>\n<p>Eficien\u021b\u0103 termic\u0103 \u0219i conductivitate termic\u0103: De\u0219i o\u021belul Corten este cunoscut \u00een principal pentru rezisten\u021ba sa la intemperii, acesta are \u0219i o bun\u0103 conductivitate termic\u0103. Aceasta \u00eenseamn\u0103 c\u0103 poate distribui eficient c\u0103ldura \u00een mod uniform \u00een timpul procesului de gr\u0103tar, astfel \u00eenc\u00e2t alimentele s\u0103 fie \u00eenc\u0103lzite mai uniform, \u00eembun\u0103t\u0103\u021bind astfel efectul de gr\u0103tar.<br \/>\n\u00cen plus, grosimea o\u021belului Corten este de obicei mai mare, ceea ce \u00eenseamn\u0103 c\u0103 poate stoca c\u0103ldura, re\u021bin\u00e2nd astfel continuu c\u0103ldura cu un consum mai mic de combustibil.<\/p>\n<p>Func\u021bionalitate \u0219i diversitate: Gr\u0103tarele pentru gr\u0103tar cu c\u0103rbuni de exterior Corten sunt adesea proiectate ca dispozitive multifunc\u021bionale care pot fi utilizate fie ca gr\u0103tar, fie ca brazier, cresc\u00e2nd \u0219i mai mult varietatea scenariilor \u00een care pot fi utilizate. Durabilitatea \u0219i rezisten\u021ba la coroziune \u00eei permit s\u0103 reziste la temperaturi ridicate, \u00een timp ce estetica sa \u00eel face un punct de atrac\u021bie vizual pentru adun\u0103rile \u00een aer liber.<\/p>\n<table class=\"all magic-17\" style=\"height: 250px;\" width=\"734\">\n<tbody>\n<tr>\n<td colspan=\"2\" rowspan=\"1\">\n<div class=\"magic-18\" data-spm-anchor-id=\"a2700.details.0.i39.133e3f8dQmxxUd\">Numele produsului<\/div>\n<\/td>\n<td colspan=\"3\" rowspan=\"1\">\n<div class=\"magic-21\">Garden Party Wood Charcoal Corten metal BBQ Grill Fire pit<\/div>\n<\/td>\n<\/tr>\n<tr>\n<td colspan=\"2\" rowspan=\"1\">\n<div class=\"magic-18\">Materie prim\u0103<\/div>\n<\/td>\n<td colspan=\"3\" rowspan=\"1\">\n<div class=\"magic-21\">Foaie de metal Corten, grad alimentar 304 din o\u021bel inoxidabil<\/div>\n<\/td>\n<\/tr>\n<tr>\n<td colspan=\"2\" rowspan=\"1\">\n<div class=\"magic-23\">Dimensiune pentru a alege<\/div>\n<\/td>\n<td colspan=\"3\" rowspan=\"1\">\n<div class=\"magic-25\">500 * 500 * 1000mm \u0219i tip rotund, de asemenea, accepta OEM personalizate<\/div>\n<\/td>\n<\/tr>\n<tr>\n<td colspan=\"2\" rowspan=\"1\">\n<div class=\"magic-18\">Tip combustibil<\/div>\n<\/td>\n<td colspan=\"3\" rowspan=\"1\">\n<div class=\"magic-21\">\u00cen mod obi\u0219nuit este lemn de c\u0103rbune, de asemenea, se poate schimba tipul de gaz \/ propan<\/div>\n<\/td>\n<\/tr>\n<tr>\n<td colspan=\"2\" rowspan=\"1\">\n<div class=\"magic-23\">Certificare<\/div>\n<\/td>\n<td colspan=\"3\" rowspan=\"1\">\n<div class=\"magic-25\">CE\/ 3C\/ CAS<\/div>\n<\/td>\n<\/tr>\n<tr>\n<td colspan=\"2\" rowspan=\"1\">\n<div class=\"magic-23\">Pachet<\/div>\n<\/td>\n<td colspan=\"3\" rowspan=\"1\">\n<div class=\"magic-25\">Pachet de carton cu pale\u021bi<\/div>\n<\/td>\n<\/tr>\n<tr>\n<td colspan=\"2\" rowspan=\"1\">\n<div class=\"magic-23\">MOQ<\/div>\n<\/td>\n<td colspan=\"3\" rowspan=\"1\">\n<div class=\"magic-25\">1pcs, \u0219i 80pcs pentru un container de 20GP<\/div>\n<\/td>\n<\/tr>\n<tr>\n<td colspan=\"2\" rowspan=\"1\">\n<div class=\"magic-23\">Pia\u021ba principal\u0103<\/div>\n<\/td>\n<td colspan=\"3\" rowspan=\"1\">\n<div class=\"magic-25\">Europa\/ SUA\/ Australia<\/div>\n<\/td>\n<\/tr>\n<\/tbody>\n<\/table>\n<figure style=\"width: 700px\" class=\"wp-caption alignnone\"><a href=\"https:\/\/keweicorten.com\/ro\"><img fetchpriority=\"high\" decoding=\"async\" title=\"Groap\u0103 de foc\" src=\"https:\/\/sc04.alicdn.com\/kf\/H3251a163a5d842c7bd1860b59de2a48bk\/252624420\/H3251a163a5d842c7bd1860b59de2a48bk.jpg\" alt=\"\" width=\"700\" height=\"700\" \/><\/a><figcaption class=\"wp-caption-text\">Groap\u0103 de foc<\/figcaption><\/figure>\n<figure style=\"width: 700px\" class=\"wp-caption alignnone\"><a href=\"https:\/\/keweicorten.com\/ro\/produse\/\"><img decoding=\"async\" title=\"Groap\u0103 de foc BBQ Grill\" src=\"https:\/\/sc04.alicdn.com\/kf\/H10865e80ce434dcf8b929e7e39ebec96l\/252624420\/H10865e80ce434dcf8b929e7e39ebec96l.jpg\" alt=\"\" width=\"700\" height=\"700\" \/><\/a><figcaption class=\"wp-caption-text\">Groap\u0103 de foc BBQ Grill<\/figcaption><\/figure>","protected":false},"excerpt":{"rendered":"<p class=\"magic-5\"><span class=\"magic-6\"><span data-spm-anchor-id=\"a2700.details.0.i44.133e3f8dQmxxUd\">Garden Party Wood Charcoal Corten metal BBQ Grill Fire pit<\/span><\/span><\/p>\n<p class=\"magic-5\"><span style=\"font-size: 16px;\">Fluxul arat\u0103 \u00een detaliu dimensiunea \u0219i grosimea materiei prime:<\/span><\/p>\n<div class=\"magic-7\">\n<div class=\"magic-8\">\n<div class=\"magic-9\">1.Scara de foc sau \u00een\u0103l\u021bimea conului este de obicei de 27 cm, laminat\u0103 cu o foaie de metal corten de 2,0 mm.<\/p>\n<div>2.Placa de copt: tabl\u0103 de o\u021bel laminat\u0103 la rece de 10 mm Diamater este de 100 cm<br \/>\n3.Camera de foc folosind o\u021bel Corten cu grosimea de 2,0 mm<br \/>\n4.The Ash bunc\u0103r: 2 mm o\u021bel Corten<br \/>\n5.Down corp: o\u021bel Corten grosime: 2 mm Dimensiune: 700 * 500 * 500 mm<\/div>\n<\/div>\n<\/div>\n<\/div>","protected":false},"featured_media":1348,"comment_status":"open","ping_status":"closed","template":"","meta":{"_eb_attr":"","_monsterinsights_skip_tracking":false,"_monsterinsights_sitenote_active":false,"_monsterinsights_sitenote_note":"","_monsterinsights_sitenote_category":0,"_uf_show_specific_survey":0,"_uf_disable_surveys":false},"product_brand":[],"product_cat":[63],"product_tag":[],"class_list":{"0":"post-1347","1":"product","2":"type-product","3":"status-publish","4":"has-post-thumbnail","6":"product_cat-steel-bbq-grill","8":"first","9":"instock","10":"shipping-taxable","11":"product-type-simple"},"_links":{"self":[{"href":"https:\/\/keweicorten.com\/ro\/wp-json\/wp\/v2\/product\/1347"}],"collection":[{"href":"https:\/\/keweicorten.com\/ro\/wp-json\/wp\/v2\/product"}],"about":[{"href":"https:\/\/keweicorten.com\/ro\/wp-json\/wp\/v2\/types\/product"}],"replies":[{"embeddable":true,"href":"https:\/\/keweicorten.com\/ro\/wp-json\/wp\/v2\/comments?post=1347"}],"version-history":[{"count":1,"href":"https:\/\/keweicorten.com\/ro\/wp-json\/wp\/v2\/product\/1347\/revisions"}],"predecessor-version":[{"id":1352,"href":"https:\/\/keweicorten.com\/ro\/wp-json\/wp\/v2\/product\/1347\/revisions\/1352"}],"wp:featuredmedia":[{"embeddable":true,"href":"https:\/\/keweicorten.com\/ro\/wp-json\/wp\/v2\/media\/1348"}],"wp:attachment":[{"href":"https:\/\/keweicorten.com\/ro\/wp-json\/wp\/v2\/media?parent=1347"}],"wp:term":[{"taxonomy":"product_brand","embeddable":true,"href":"https:\/\/keweicorten.com\/ro\/wp-json\/wp\/v2\/product_brand?post=1347"},{"taxonomy":"product_cat","embeddable":true,"href":"https:\/\/keweicorten.com\/ro\/wp-json\/wp\/v2\/product_cat?post=1347"},{"taxonomy":"product_tag","embeddable":true,"href":"https:\/\/keweicorten.com\/ro\/wp-json\/wp\/v2\/product_tag?post=1347"}],"curies":[{"name":"wp","href":"https:\/\/api.w.org\/{rel}","templated":true}]}}