{"id":1356,"date":"2024-09-24T07:39:02","date_gmt":"2024-09-24T07:39:02","guid":{"rendered":"https:\/\/keweicorten.com\/?post_type=product&#038;p=1356"},"modified":"2024-09-24T07:39:02","modified_gmt":"2024-09-24T07:39:02","slug":"foi-de-otel-corten-astm-a242","status":"publish","type":"product","link":"https:\/\/keweicorten.com\/ro\/foi-de-otel-corten-astm-a242\/","title":{"rendered":"ASTM A242 Foi de o\u021bel Corten"},"content":{"rendered":"<p>ASTM A242 Corten Steel Sheets este un o\u021bel de \u00eenalt\u0103 rezisten\u021b\u0103, slab aliat, denumit \u00een mod obi\u0219nuit o\u021bel Corten. Acesta este conceput pentru a avea propriet\u0103\u021bi mai bune de rezisten\u021b\u0103 la coroziune, \u00een special \u00een condi\u021bii atmosferice, \u00een compara\u021bie cu o\u021belurile standard cu carbon. ASTM A242 Corten Steel Sheets se realizeaz\u0103 prin compozi\u021bia sa chimic\u0103 unic\u0103, care formeaz\u0103 un aspect stabil asem\u0103n\u0103tor ruginei dup\u0103 expunerea la intemperii, protej\u00e2nd o\u021belul de coroziune ulterioar\u0103.<\/p>\n<h2>Caracteristici ale tablelor de o\u021bel ASTM A242 Corten:<\/h2>\n<ol>\n<li><strong>Rezisten\u021ba la coroziune<\/strong>: Dezvolt\u0103 un strat protector de oxid (patin\u0103) atunci c\u00e2nd este expus la intemperii, care previne ruginirea ulterioar\u0103.<\/li>\n<li><strong>Rezisten\u021b\u0103 ridicat\u0103<\/strong>: Are o rezisten\u021b\u0103 bun\u0103 la trac\u021biune, ceea ce \u00eel face potrivit pentru aplica\u021bii structurale.<\/li>\n<li><strong>Durabilitate<\/strong>: Rezist\u0103 la condi\u021bii meteorologice dificile, fiind ideal pentru utilizarea \u00een exterior, cum ar fi \u00een fa\u021bade arhitecturale, sculpturi \u0219i focare de gr\u0103din\u0103.<\/li>\n<\/ol>\n<figure style=\"width: 650px\" class=\"wp-caption alignnone\"><a href=\"https:\/\/keweicorten.com\/ro\"><img fetchpriority=\"high\" decoding=\"async\" title=\"foi de corten\" src=\"https:\/\/image.made-in-china.com\/2f0j00LkoVQuIcOqRb\/ASTM-A242-Steel-Corten-a-Provides-ASTM-A242-Steel-Plate-and-Customized-Steel-Profiles.jpg\" alt=\"ASTM A242 O\u021bel Corten o ofer\u0103 ASTM A242 plac\u0103 de o\u021bel \u0219i personalizate ...\" width=\"650\" height=\"650\" \/><\/a><figcaption class=\"wp-caption-text\">foi de corten<\/figcaption><\/figure>\n<figure style=\"width: 651px\" class=\"wp-caption alignnone\"><a href=\"https:\/\/keweicorten.com\/ro\"><img decoding=\"async\" title=\"plac\u0103 corten\" src=\"https:\/\/www.amardeepsteel.com\/images\/corten-steel-irsm-41-97-steel-plates.jpg\" alt=\"IRSM 41-97 Furnizor de pl\u0103ci \u0219i foi din o\u021bel Corten\" width=\"651\" height=\"367\" \/><\/a><figcaption class=\"wp-caption-text\">plac\u0103 corten<\/figcaption><\/figure>\n<table style=\"height: 285px;\" border=\"1\" width=\"959\" cellspacing=\"1\" cellpadding=\"1\">\n<tbody>\n<tr>\n<td>Tip \u021beav\u0103 de o\u021bel<\/td>\n<td>\u021aeav\u0103 sudat\u0103 cu cus\u0103tur\u0103 dreapt\u0103 \u021beav\u0103 de o\u021bel cs pentru materiale de construc\u021bii<\/td>\n<\/tr>\n<tr>\n<td>Dia(mm) exterior<\/td>\n<td>10.3-1219mm<\/td>\n<\/tr>\n<tr>\n<td>Grosimea peretelui (mm)<\/td>\n<td>1.5-30mm<\/td>\n<\/tr>\n<tr>\n<td>Lungime<\/td>\n<td>Lungime aleatorie: 5-12m<\/td>\n<\/tr>\n<tr>\n<td>Standard<\/td>\n<td>API5L , ASTM A106 Gr.B, ASTM A53 Gr.B,<br \/>\nASTMA179\/A192\/A213\/A210\/370WP91,WP11,WP22 GB5310-2009,GB3087-2008,GB6479-2013,GB9948-2013,<br \/>\nGB\/T8163-2008, GB8162-2008,GB\/T17396-2009<\/td>\n<\/tr>\n<tr>\n<td>Material<\/td>\n<td>20#, A53B, A106B, API 5L<br \/>\nST37.0,ST35.8,St37.2,St35.4\/8,St42,St45,St52,St52.4<br \/>\nSTP G38,STP G42,STPT42,STB42,STS42,STPT49,STS49<\/td>\n<\/tr>\n<tr>\n<td>Suprafa\u021b\u0103<\/td>\n<td>Vopsea neagr\u0103, vopsea de lac, ulei anti-rugin\u0103, galvanizat la cald, galvanizat la rece, 3PE, ect<\/td>\n<\/tr>\n<tr>\n<td>Ambalaje<\/td>\n<td>Pachet vrac, ambalate \u00een pachete (3Ton Max), \u021bevi bundled cu dou\u0103 praguri la ambele capete pentru \u00eenc\u0103rcare \u0219i desc\u0103rcare u\u0219oar\u0103, End<br \/>\ncu capace din plastic sau conform cerin\u021belor<\/td>\n<\/tr>\n<tr>\n<td>Aplica\u021bie<\/td>\n<td>API5L ISO 9001:2008 TUV SGS BV etc<\/td>\n<\/tr>\n<\/tbody>\n<\/table>","protected":false},"excerpt":{"rendered":"<p>10mm grosime a242 plac\u0103 de o\u021bel corten ASTM A242 foi de o\u021bel corten<\/p>\n<p>&nbsp;<\/p>\n<div><\/div>","protected":false},"featured_media":1357,"comment_status":"open","ping_status":"closed","template":"","meta":{"_eb_attr":"","_monsterinsights_skip_tracking":false,"_monsterinsights_sitenote_active":false,"_monsterinsights_sitenote_note":"","_monsterinsights_sitenote_category":0,"_uf_show_specific_survey":0,"_uf_disable_surveys":false},"product_brand":[],"product_cat":[21],"product_tag":[],"class_list":{"0":"post-1356","1":"product","2":"type-product","3":"status-publish","4":"has-post-thumbnail","6":"product_cat-weather-resistant-steel-plate","8":"first","9":"instock","10":"shipping-taxable","11":"product-type-simple"},"_links":{"self":[{"href":"https:\/\/keweicorten.com\/ro\/wp-json\/wp\/v2\/product\/1356"}],"collection":[{"href":"https:\/\/keweicorten.com\/ro\/wp-json\/wp\/v2\/product"}],"about":[{"href":"https:\/\/keweicorten.com\/ro\/wp-json\/wp\/v2\/types\/product"}],"replies":[{"embeddable":true,"href":"https:\/\/keweicorten.com\/ro\/wp-json\/wp\/v2\/comments?post=1356"}],"version-history":[{"count":1,"href":"https:\/\/keweicorten.com\/ro\/wp-json\/wp\/v2\/product\/1356\/revisions"}],"predecessor-version":[{"id":1358,"href":"https:\/\/keweicorten.com\/ro\/wp-json\/wp\/v2\/product\/1356\/revisions\/1358"}],"wp:featuredmedia":[{"embeddable":true,"href":"https:\/\/keweicorten.com\/ro\/wp-json\/wp\/v2\/media\/1357"}],"wp:attachment":[{"href":"https:\/\/keweicorten.com\/ro\/wp-json\/wp\/v2\/media?parent=1356"}],"wp:term":[{"taxonomy":"product_brand","embeddable":true,"href":"https:\/\/keweicorten.com\/ro\/wp-json\/wp\/v2\/product_brand?post=1356"},{"taxonomy":"product_cat","embeddable":true,"href":"https:\/\/keweicorten.com\/ro\/wp-json\/wp\/v2\/product_cat?post=1356"},{"taxonomy":"product_tag","embeddable":true,"href":"https:\/\/keweicorten.com\/ro\/wp-json\/wp\/v2\/product_tag?post=1356"}],"curies":[{"name":"wp","href":"https:\/\/api.w.org\/{rel}","templated":true}]}}