{"id":1359,"date":"2024-09-24T07:49:55","date_gmt":"2024-09-24T07:49:55","guid":{"rendered":"https:\/\/keweicorten.com\/?post_type=product&#038;p=1359"},"modified":"2024-09-24T07:49:55","modified_gmt":"2024-09-24T07:49:55","slug":"a588-corten-weathering-steel-plate","status":"publish","type":"product","link":"https:\/\/keweicorten.com\/ro\/a588-corten-weathering-steel-plate\/","title":{"rendered":"A588 CORTEN Plac\u0103 de o\u021bel rezistent la intemperii"},"content":{"rendered":"<h2>Features of A588 CORTEN Weathering Steel Plate <span style=\"font-size: 16px;\">:<\/span><\/h2>\n<ol>\n<li><strong>Enhanced Corrosion Resistance<\/strong>: Like A242, A588 forms a protective oxide layer when exposed to weather, which minimizes further corrosion.<\/li>\n<li><strong>Rezisten\u021b\u0103 ridicat\u0103<\/strong>: Provides excellent structural strength and can withstand harsh environmental conditions.<\/li>\n<li><strong>Sudabilitate<\/strong>: A588 steel can be welded easily, making it suitable for various structural projects.<\/li>\n<li><strong>Durabilitate<\/strong>: Withstands extreme temperatures, making it ideal for outdoor use and long-lasting installations.<\/li>\n<\/ol>\n<h3>Composition:<\/h3>\n<p>A588 steel typically contains small amounts of copper, chromium, nickel, and phosphorus, which contribute to its weathering characteristics.<\/p>\n<p>Exist\u0103 mai multe beneficii asociate cu placa de o\u021bel A588 Corten care \u00eei permit s\u0103 fie utilizat\u0103 pentru aplica\u021bii industriale \u00een \u00eentreaga lume. Beneficiile pl\u0103cii de o\u021bel pentru intemperii A588 includ:<\/p>\n<ul>\n<li>\u00centre\u021binere redus\u0103<\/li>\n<li>Reducerea costurilor<\/li>\n<li>Viteza de construc\u021bie<\/li>\n<li>Siguran\u021b\u0103<\/li>\n<li>Ecologic<\/li>\n<li>Estetic atr\u0103g\u0103tor<\/li>\n<\/ul>\n<p>The A588 CORTEN Weathering Steel Plate specification is intended primarily for use in unpainted applications, where savings in weight or added durability is important along with the longer life cycle due to its corrosion resistant properties and\/or to achieve an aesthetically pleasing appearance.<\/p>\n<figure style=\"width: 650px\" class=\"wp-caption alignnone\"><a href=\"https:\/\/keweicorten.com\/ro\/produse\/\"><img fetchpriority=\"high\" decoding=\"async\" title=\"A588 CORTEN Plac\u0103 de o\u021bel rezistent la intemperii \" src=\"https:\/\/www.csteelindia.com\/images\/astm-a242-corten-plates.jpg\" alt=\"Corten Steel Corten Steel Plate Weathering Steel - vrogue.co\" width=\"650\" height=\"366\" \/><\/a><figcaption class=\"wp-caption-text\">A588 CORTEN Plac\u0103 de o\u021bel rezistent la intemperii<\/figcaption><\/figure>\n<figure style=\"width: 650px\" class=\"wp-caption alignnone\"><a href=\"https:\/\/keweicorten.com\/ro\/contactati-ne\/\"><img decoding=\"async\" title=\"foi de corten\" src=\"https:\/\/www.cortensteels.com\/uploads\/202130314\/weathering-corten-steel-plate-a58823590722739.jpg\" alt=\"China Weathering Corten Steel Plate A588 Manufacturers, Suppliers ...\" width=\"650\" height=\"650\" \/><\/a><figcaption class=\"wp-caption-text\">foi de corten<\/figcaption><\/figure>\n<figure style=\"width: 650px\" class=\"wp-caption alignnone\"><a href=\"https:\/\/keweicorten.com\/ro\/produse\/\"><img decoding=\"async\" title=\"Plac\u0103 de o\u021bel corten\" src=\"https:\/\/th.bing.com\/th\/id\/R.40d0e63328c61babd24d04e063856bdb?rik=NpoNYTQbDSmrgQ&amp;riu=http%3a%2f%2fwww.gescosteel.com%2fphoto%2fpt32409668-a387_gr_5_steel_plate_a387_pressure_vessel_plates_a387_hot_rolled_steel_sheet_10_mm_thickness_a387_11_alloy_steel_plate.jpg&amp;ehk=B1K4358OD3RHH2%2fZ8nb4DSuUIux5ccqh8DKyh0EV76Y%3d&amp;risl=&amp;pid=ImgRaw&amp;r=0\" alt=\"A387 Gr.5 Steel Plate A387 Pressure Vessel Plates A387 Hot Rolled Steel ...\" width=\"650\" height=\"463\" \/><\/a><figcaption class=\"wp-caption-text\">Plac\u0103 de o\u021bel corten<\/figcaption><\/figure>","protected":false},"excerpt":{"rendered":"<p>A588 Corten weathering steel plate is another type of high-strength, low-alloy structural steel with improved atmospheric corrosion resistance. It is often referred to as &#8220;weathering steel&#8221; and is widely used in outdoor applications due to its ability to form a protective rust layer, similar to ASTM A242.<\/p>","protected":false},"featured_media":1360,"comment_status":"open","ping_status":"closed","template":"","meta":{"_eb_attr":"","_monsterinsights_skip_tracking":false,"_monsterinsights_sitenote_active":false,"_monsterinsights_sitenote_note":"","_monsterinsights_sitenote_category":0,"_uf_show_specific_survey":0,"_uf_disable_surveys":false},"product_brand":[],"product_cat":[21],"product_tag":[],"class_list":{"0":"post-1359","1":"product","2":"type-product","3":"status-publish","4":"has-post-thumbnail","6":"product_cat-weather-resistant-steel-plate","8":"first","9":"instock","10":"shipping-taxable","11":"product-type-simple"},"_links":{"self":[{"href":"https:\/\/keweicorten.com\/ro\/wp-json\/wp\/v2\/product\/1359"}],"collection":[{"href":"https:\/\/keweicorten.com\/ro\/wp-json\/wp\/v2\/product"}],"about":[{"href":"https:\/\/keweicorten.com\/ro\/wp-json\/wp\/v2\/types\/product"}],"replies":[{"embeddable":true,"href":"https:\/\/keweicorten.com\/ro\/wp-json\/wp\/v2\/comments?post=1359"}],"version-history":[{"count":1,"href":"https:\/\/keweicorten.com\/ro\/wp-json\/wp\/v2\/product\/1359\/revisions"}],"predecessor-version":[{"id":1361,"href":"https:\/\/keweicorten.com\/ro\/wp-json\/wp\/v2\/product\/1359\/revisions\/1361"}],"wp:featuredmedia":[{"embeddable":true,"href":"https:\/\/keweicorten.com\/ro\/wp-json\/wp\/v2\/media\/1360"}],"wp:attachment":[{"href":"https:\/\/keweicorten.com\/ro\/wp-json\/wp\/v2\/media?parent=1359"}],"wp:term":[{"taxonomy":"product_brand","embeddable":true,"href":"https:\/\/keweicorten.com\/ro\/wp-json\/wp\/v2\/product_brand?post=1359"},{"taxonomy":"product_cat","embeddable":true,"href":"https:\/\/keweicorten.com\/ro\/wp-json\/wp\/v2\/product_cat?post=1359"},{"taxonomy":"product_tag","embeddable":true,"href":"https:\/\/keweicorten.com\/ro\/wp-json\/wp\/v2\/product_tag?post=1359"}],"curies":[{"name":"wp","href":"https:\/\/api.w.org\/{rel}","templated":true}]}}