{"id":1365,"date":"2024-09-24T08:26:42","date_gmt":"2024-09-24T08:26:42","guid":{"rendered":"https:\/\/keweicorten.com\/?post_type=product&#038;p=1365"},"modified":"2024-09-24T08:49:31","modified_gmt":"2024-09-24T08:49:31","slug":"wtst52-3-teava-din-otel-corten","status":"publish","type":"product","link":"https:\/\/keweicorten.com\/ro\/wtst52-3-teava-din-otel-corten\/","title":{"rendered":"WTSt52-3 \u021aeav\u0103 din o\u021bel Corten"},"content":{"rendered":"<p>WTSt52-3 Corten Steel Pipe este o calitate de o\u021bel rezistent\u0103 la intemperii care apar\u021bine familiei o\u021belurilor Corten. Similar cu alte o\u021beluri Corten precum A242 \u0219i A588, WTSt52-3 este conceput pentru a avea o rezisten\u021b\u0103 superioar\u0103 la coroziune prin formarea unei patine protectoare pe suprafa\u021ba sa atunci c\u00e2nd este expus la condi\u021biile meteorologice. Patina ac\u021bioneaz\u0103 ca o barier\u0103, \u00eempiedic\u00e2nd coroziunea mai profund\u0103 \u0219i permi\u021b\u00e2nd o\u021belului s\u0103 fie utilizat \u00een medii dificile f\u0103r\u0103 a fi nevoie de acoperiri de protec\u021bie.<\/p>\n<p>Ca \u0219i alte o\u021beluri pentru intemperii, WTSt52-3 Corten Steel Pipe include cantit\u0103\u021bi mici de elemente de aliere, cum ar fi:<\/p>\n<ul>\n<li><strong>Cupru<\/strong><\/li>\n<li><strong>Crom<\/strong><\/li>\n<li><strong>Nichel<\/strong><\/li>\n<li><strong>Fosfor<\/strong> Aceste elemente \u00eei sporesc rezisten\u021ba la coroziune \u0219i \u00eei permit s\u0103 formeze o patin\u0103 stabil\u0103 atunci c\u00e2nd este expus la mediu.<\/li>\n<\/ul>\n<h3>Avantaje:<\/h3>\n<ul>\n<li><strong>Apelul estetic<\/strong>: Patina ofer\u0103 un aspect industrial, rustic, care este adesea folosit \u00een proiectele arhitecturale moderne.<\/li>\n<li><strong>Durabilitate<\/strong>: Ofer\u0103 performan\u021b\u0103 pe termen lung \u00een aplica\u021bii exterioare f\u0103r\u0103 a fi nevoie de vopsire sau repara\u021bii frecvente.<\/li>\n<li><strong>Cost-eficiente<\/strong>: Reduce nevoia de acoperiri de protec\u021bie \u0219i de \u00eentre\u021binere periodic\u0103, ceea ce reduce costurile generale ale ciclului de via\u021b\u0103.<\/li>\n<\/ul>\n<table style=\"height: 91px;\" width=\"772\">\n<tbody>\n<tr>\n<th>Gama OD<\/th>\n<td>12-150mm<\/td>\n<\/tr>\n<tr>\n<th>Gama Thk<\/th>\n<td>1.5-8mm<\/td>\n<\/tr>\n<tr>\n<th>Lungime<\/th>\n<td>Aleatorie simpl\u0103, aleatorie dubl\u0103 \u0219i lungime t\u0103iat\u0103<\/td>\n<\/tr>\n<tr>\n<th>Tip<\/th>\n<td>Rotund, p\u0103trat, dreptunghi<\/td>\n<\/tr>\n<tr>\n<th>Standard<\/th>\n<td>GB, ASTM, UE<\/td>\n<\/tr>\n<tr>\n<th>Grad<\/th>\n<td>Q235NH, Q295NH, Q355NH, 09CUPGENI-A, 09CUPGENI-B, CORTEN A, CORTEN B, ASTM A423 CLASA 1,<br \/>\nASTM A847, ASTM A588, ASTM A242, ASTM A606, S355JOW, S355JOWP, S355J2W, S355J2WP<\/td>\n<\/tr>\n<\/tbody>\n<\/table>\n<figure style=\"width: 559px\" class=\"wp-caption alignnone\"><a href=\"https:\/\/keweicorten.com\/ro\/contactati-ne\/\"><img fetchpriority=\"high\" decoding=\"async\" title=\"Plac\u0103 de o\u021bel corten\" src=\"https:\/\/www.offersteels.com\/uploads\/allimg\/corten-steel-pipe.jpg\" alt=\"Furnizori de \u021bevi din o\u021bel Corten, rezisten\u021b\u0103 la coroziune a \u021bevilor la intemperii\" width=\"559\" height=\"419\" \/><\/a><figcaption class=\"wp-caption-text\">Plac\u0103 de o\u021bel corten<\/figcaption><\/figure>\n<figure style=\"width: 560px\" class=\"wp-caption alignnone\"><a href=\"https:\/\/keweicorten.com\/ro\/produse\/\"><img decoding=\"async\" title=\"Plac\u0103 de o\u021bel corten\" src=\"https:\/\/www.offersteels.com\/uploads\/allimg\/Corten-steel-pipe-productive-process.jpg\" alt=\"Procesul de produc\u021bie a \u021bevilor din o\u021bel Corten\" width=\"560\" height=\"441\" \/><\/a><figcaption class=\"wp-caption-text\">Plac\u0103 de o\u021bel corten<\/figcaption><\/figure>\n<figure style=\"width: 559px\" class=\"wp-caption alignnone\"><a href=\"https:\/\/keweicorten.com\/ro\/produse\/\"><img decoding=\"async\" title=\"\u021aeav\u0103 din o\u021bel Corten\" src=\"https:\/\/www.offersteels.com\/uploads\/allimg\/What-is-Corten-Steel-Pipe.jpg\" alt=\"Furnizori de \u021bevi din o\u021bel Corten, rezisten\u021b\u0103 la coroziune a \u021bevilor la intemperii\" width=\"559\" height=\"419\" \/><\/a><figcaption class=\"wp-caption-text\">\u021aeav\u0103 din o\u021bel Corten<\/figcaption><\/figure>","protected":false},"excerpt":{"rendered":"<p>O\u021belul Corten este utilizat \u00een principal \u00een c\u0103i ferate, vehicule, poduri, piloni, fotovoltaice, inginerie de mare vitez\u0103 \u0219i alte structuri din o\u021bel care sunt expuse la atmosfer\u0103 pentru o perioad\u0103 lung\u0103 de timp.<\/p>","protected":false},"featured_media":1366,"comment_status":"open","ping_status":"closed","template":"","meta":{"_eb_attr":"","_monsterinsights_skip_tracking":false,"_monsterinsights_sitenote_active":false,"_monsterinsights_sitenote_note":"","_monsterinsights_sitenote_category":0,"_uf_show_specific_survey":0,"_uf_disable_surveys":false},"product_brand":[],"product_cat":[21],"product_tag":[],"class_list":{"0":"post-1365","1":"product","2":"type-product","3":"status-publish","4":"has-post-thumbnail","6":"product_cat-weather-resistant-steel-plate","8":"first","9":"instock","10":"shipping-taxable","11":"product-type-simple"},"_links":{"self":[{"href":"https:\/\/keweicorten.com\/ro\/wp-json\/wp\/v2\/product\/1365"}],"collection":[{"href":"https:\/\/keweicorten.com\/ro\/wp-json\/wp\/v2\/product"}],"about":[{"href":"https:\/\/keweicorten.com\/ro\/wp-json\/wp\/v2\/types\/product"}],"replies":[{"embeddable":true,"href":"https:\/\/keweicorten.com\/ro\/wp-json\/wp\/v2\/comments?post=1365"}],"version-history":[{"count":1,"href":"https:\/\/keweicorten.com\/ro\/wp-json\/wp\/v2\/product\/1365\/revisions"}],"predecessor-version":[{"id":1367,"href":"https:\/\/keweicorten.com\/ro\/wp-json\/wp\/v2\/product\/1365\/revisions\/1367"}],"wp:featuredmedia":[{"embeddable":true,"href":"https:\/\/keweicorten.com\/ro\/wp-json\/wp\/v2\/media\/1366"}],"wp:attachment":[{"href":"https:\/\/keweicorten.com\/ro\/wp-json\/wp\/v2\/media?parent=1365"}],"wp:term":[{"taxonomy":"product_brand","embeddable":true,"href":"https:\/\/keweicorten.com\/ro\/wp-json\/wp\/v2\/product_brand?post=1365"},{"taxonomy":"product_cat","embeddable":true,"href":"https:\/\/keweicorten.com\/ro\/wp-json\/wp\/v2\/product_cat?post=1365"},{"taxonomy":"product_tag","embeddable":true,"href":"https:\/\/keweicorten.com\/ro\/wp-json\/wp\/v2\/product_tag?post=1365"}],"curies":[{"name":"wp","href":"https:\/\/api.w.org\/{rel}","templated":true}]}}