{"id":1382,"date":"2024-09-25T02:12:26","date_gmt":"2024-09-25T02:12:26","guid":{"rendered":"https:\/\/keweicorten.com\/?post_type=product&#038;p=1382"},"modified":"2024-09-25T02:12:26","modified_gmt":"2024-09-25T02:12:26","slug":"q355nh-teava-din-otel-corten","status":"publish","type":"product","link":"https:\/\/keweicorten.com\/ro\/q355nh-teava-din-otel-corten\/","title":{"rendered":"Q355NH \u021beav\u0103 din o\u021bel corten"},"content":{"rendered":"<p>\u021aeava din o\u021bel corten Q355NH este un o\u021bel cu rezisten\u021b\u0103 ridicat\u0103, slab aliat, utilizat \u00een principal \u00een construc\u021bii \u0219i structuri de inginerie, \u00een special \u00een aplica\u021bii pentru medii dure. Principalele sale caracteristici includ:<\/p>\n<p>Rezisten\u021b\u0103 la intemperii: \u021aeava din o\u021bel corten Q355NH are o bun\u0103 rezisten\u021b\u0103 la coroziune, iar suprafa\u021ba va forma un film de oxid protector, care poate rezista la eroziunea factorilor naturali, cum ar fi ploaia \u0219i v\u00e2ntul.<\/p>\n<p>Rezisten\u021b\u0103 ridicat\u0103: \u021beava de o\u021bel are o rezisten\u021b\u0103 ridicat\u0103 la trac\u021biune \u0219i rezisten\u021b\u0103 la curgere, potrivit\u0103 pentru a suporta sarcini mari \u0219i este utilizat\u0103 pe scar\u0103 larg\u0103 \u00een poduri, cl\u0103diri \u0219i alte structuri.<\/p>\n<p>Propriet\u0103\u021bi de prelucrare: \u021aeava din o\u021bel corten Q355NH poate fi sudat\u0103, t\u0103iat\u0103 \u0219i format\u0103, potrivit\u0103 pentru diverse nevoi de inginerie.<\/p>\n<p>Protec\u021bia mediului: Datorit\u0103 rezisten\u021bei sale la coroziune, structura care utilizeaz\u0103 acest o\u021bel este \u00eentre\u021binut\u0103 \u0219i \u00eenlocuit\u0103 mai rar la sf\u00e2r\u0219itul duratei sale de via\u021b\u0103, reduc\u00e2nd risipa de resurse.<\/p>\n<p>Aplica\u021bie: Adesea utilizate \u00een construc\u021bii, poduri, generarea energiei eoliene, echipamente miniere \u0219i alte domenii.<\/p>\n<p><strong>Q355NH compozi\u021bie chimic\u0103 (%)<\/strong><\/p>\n<table style=\"height: 182px;\" border=\"1\" width=\"739\">\n<tbody>\n<tr>\n<td rowspan=\"2\">Grad<\/td>\n<td colspan=\"5\">Q355NH compozi\u021bie chimic\u0103 (%)<\/td>\n<\/tr>\n<tr>\n<td>C Max<\/td>\n<td>Si Max<\/td>\n<td>Mn<\/td>\n<td>P<\/td>\n<td>S Max<\/td>\n<\/tr>\n<tr>\n<td>China GB\/T 4171 Q355NH<\/td>\n<td>0.16<\/td>\n<td>0.5<\/td>\n<td>0.5-1.5<\/td>\n<td>0.030<\/td>\n<td>0.030<\/td>\n<\/tr>\n<\/tbody>\n<\/table>\n<p><strong>Q355NH proprietate mecanic\u0103<\/strong><\/p>\n<div class=\"pro_page_table\">\n<table style=\"height: 126px;\" border=\"1\" width=\"741\">\n<tbody>\n<tr>\n<td rowspan=\"2\">Grad<\/td>\n<td colspan=\"3\">\u00a0Q355NH proprietate mecanic\u0103<\/td>\n<td><\/td>\n<\/tr>\n<tr>\n<td>Rezisten\u021ba la cedare (MPa)<\/td>\n<td>Rezisten\u021ba la trac\u021biune (MPa)<\/td>\n<td colspan=\"2\">% Alungire min<\/td>\n<\/tr>\n<tr>\n<td>China GB\/T 4171 Q355NH<\/td>\n<td>325-355<\/td>\n<td>490-630<\/td>\n<td colspan=\"2\">20<\/td>\n<\/tr>\n<\/tbody>\n<\/table>\n<figure style=\"width: 700px\" class=\"wp-caption alignnone\"><a href=\"https:\/\/keweicorten.com\/ro\/produse\/\"><img fetchpriority=\"high\" decoding=\"async\" title=\"o\u021bel q355nh\" src=\"https:\/\/www.cortensteels.com\/Content\/uploads\/2021703620\/2021120314394427325a6d6acd48e599d3b44088f95067.jpg\" alt=\"China Q355NH corten Steel Plate Produc\u0103tori, furnizori - Pre\u021bul direct al fabricii \" width=\"700\" height=\"700\" \/><\/a><figcaption class=\"wp-caption-text\">o\u021bel q355nh<\/figcaption><\/figure>\n<p><a href=\"https:\/\/keweicorten.com\/ro\/contactati-ne\/\"><img decoding=\"async\" class=\"alignnone\" title=\"Q355NH corten\" src=\"https:\/\/www.cortensteels.com\/uploads\/202030314\/q355nh-weather-resistant-steel-plate29522879022.jpg\" alt=\"China Q355NH corten Steel Plate Produc\u0103tori, furnizori - Pre\u021bul direct al fabricii ...\" width=\"700\" height=\"700\" \/><\/a><\/p>\n<\/div>","protected":false},"excerpt":{"rendered":"<p>Specifica\u021biile:<br \/>\nGrosime: 3mm-150mm<br \/>\nL\u0103\u021bime: 30mm-4000mm<br \/>\nLungime: 1000mm-12000mm<br \/>\nStandard: ASTM EN10025 JIS GB<\/p>","protected":false},"featured_media":1383,"comment_status":"open","ping_status":"closed","template":"","meta":{"_eb_attr":"","_monsterinsights_skip_tracking":false,"_monsterinsights_sitenote_active":false,"_monsterinsights_sitenote_note":"","_monsterinsights_sitenote_category":0,"_uf_show_specific_survey":0,"_uf_disable_surveys":false},"product_brand":[],"product_cat":[21],"product_tag":[],"class_list":{"0":"post-1382","1":"product","2":"type-product","3":"status-publish","4":"has-post-thumbnail","6":"product_cat-weather-resistant-steel-plate","8":"first","9":"instock","10":"shipping-taxable","11":"product-type-simple"},"_links":{"self":[{"href":"https:\/\/keweicorten.com\/ro\/wp-json\/wp\/v2\/product\/1382"}],"collection":[{"href":"https:\/\/keweicorten.com\/ro\/wp-json\/wp\/v2\/product"}],"about":[{"href":"https:\/\/keweicorten.com\/ro\/wp-json\/wp\/v2\/types\/product"}],"replies":[{"embeddable":true,"href":"https:\/\/keweicorten.com\/ro\/wp-json\/wp\/v2\/comments?post=1382"}],"version-history":[{"count":1,"href":"https:\/\/keweicorten.com\/ro\/wp-json\/wp\/v2\/product\/1382\/revisions"}],"predecessor-version":[{"id":1384,"href":"https:\/\/keweicorten.com\/ro\/wp-json\/wp\/v2\/product\/1382\/revisions\/1384"}],"wp:featuredmedia":[{"embeddable":true,"href":"https:\/\/keweicorten.com\/ro\/wp-json\/wp\/v2\/media\/1383"}],"wp:attachment":[{"href":"https:\/\/keweicorten.com\/ro\/wp-json\/wp\/v2\/media?parent=1382"}],"wp:term":[{"taxonomy":"product_brand","embeddable":true,"href":"https:\/\/keweicorten.com\/ro\/wp-json\/wp\/v2\/product_brand?post=1382"},{"taxonomy":"product_cat","embeddable":true,"href":"https:\/\/keweicorten.com\/ro\/wp-json\/wp\/v2\/product_cat?post=1382"},{"taxonomy":"product_tag","embeddable":true,"href":"https:\/\/keweicorten.com\/ro\/wp-json\/wp\/v2\/product_tag?post=1382"}],"curies":[{"name":"wp","href":"https:\/\/api.w.org\/{rel}","templated":true}]}}