{"id":1450,"date":"2024-09-26T02:48:17","date_gmt":"2024-09-26T02:48:17","guid":{"rendered":"https:\/\/keweicorten.com\/?post_type=product&#038;p=1450"},"modified":"2025-01-15T06:22:41","modified_gmt":"2025-01-15T06:22:41","slug":"cosuri-de-gunoi-din-otel-corten","status":"publish","type":"product","link":"https:\/\/keweicorten.com\/ro\/cosuri-de-gunoi-din-otel-corten\/","title":{"rendered":"Co\u0219uri de gunoi din o\u021bel corten"},"content":{"rendered":"<p>Durabilitate: O\u021belul rezistent la intemperii are o rezisten\u021b\u0103 excelent\u0103 la coroziune \u0219i rezisten\u021b\u0103 la uzur\u0103, care poate rezista la diferite condi\u021bii meteorologice nefavorabile \u0219i poate prelungi durata de via\u021b\u0103.<\/p>\n<p>Estetic\u0103: Culoarea unic\u0103 a ruginei \u0219i textura o\u021belului rezistent la intemperii pot fi integrate armonios cu mediul natural pentru a ad\u0103uga frumuse\u021be.<\/p>\n<p>\u00centre\u021binere simpl\u0103: O\u021belul rezistent la intemperii este mai u\u0219or de cur\u0103\u021bat dec\u00e2t alte materiale, reduc\u00e2nd costurile de \u00eentre\u021binere.<\/p>\n<p>Protec\u021bia mediului: O\u021belul rezistent la intemperii poate fi reciclat, \u00een conformitate cu cerin\u021bele de dezvoltare durabil\u0103.<\/p>\n<p>Stabilitate: Natura grea a o\u021belului rezistent la intemperii face ca co\u0219ul de gunoi s\u0103 nu fie deplasat cu u\u0219urin\u021b\u0103 \u00een condi\u021bii de v\u00e2nt puternic sau vreme rea.<\/p>\n<p>Rezisten\u021b\u0103 la foc: O\u021belul rezistent la intemperii are o bun\u0103 rezisten\u021b\u0103 la foc \u0219i este potrivit pentru o varietate de medii.<\/p>\n<p>Co\u0219urile de gunoi din o\u021bel Corten sunt un produs durabil, de \u00eenalt\u0103 calitate, care este utilizat pe scar\u0103 larg\u0103 \u00een locuri publice \u0219i acas\u0103. Are propriet\u0103\u021bi excelente, cum ar fi prevenirea ruginii, prevenirea coroziunii, protec\u021bia \u00eempotriva v\u00e2ntului \u0219i protec\u021bia \u00eempotriva soarelui, care pot rezista eficient la eroziunea diferi\u021bilor factori externi \u0219i pot men\u021bine aspectul \u0219i efectul de utilizare pentru o lung\u0103 perioad\u0103 de timp. \u00cen plus, acest co\u0219 de gunoi are, de asemenea, o capacitate mare, u\u0219or de utilizat, instalare simpl\u0103.<\/p>\n<table class=\"hight-light-first-column all magic-4\">\n<tbody>\n<tr>\n<td colspan=\"1\" rowspan=\"1\">\n<div class=\"magic-5\"><span class=\"magic-6\">Numele produsului<\/span><\/div>\n<\/td>\n<td colspan=\"1\" rowspan=\"1\">\n<div class=\"magic-7\" data-spm-anchor-id=\"a2700.details.0.i40.36d855992VT0SR\"><span class=\"magic-8\">\u00cen aer liber publice comerciale Corten o\u021bel gunoi mare metal sortare gunoi reciclare Litter co\u0219 de gunoi<\/span><\/div>\n<\/td>\n<\/tr>\n<tr>\n<td colspan=\"1\" rowspan=\"1\">\n<div class=\"magic-5\"><span class=\"magic-6\">Material<\/span><\/div>\n<\/td>\n<td colspan=\"1\" rowspan=\"1\">\n<div class=\"magic-7\"><span class=\"magic-8\">O\u021bel corten<\/span><\/div>\n<\/td>\n<\/tr>\n<tr>\n<td colspan=\"1\" rowspan=\"1\">\n<div class=\"magic-5\"><span class=\"magic-6\">M\u0103rime<\/span><\/div>\n<\/td>\n<td colspan=\"1\" rowspan=\"1\">\n<div class=\"magic-7\"><span class=\"magic-8\">Asisten\u021b\u0103 personalizat\u0103<\/span><\/div>\n<\/td>\n<\/tr>\n<tr>\n<td colspan=\"1\" rowspan=\"1\">\n<div class=\"magic-5\"><span class=\"magic-6\">Grosime<\/span><\/div>\n<\/td>\n<td colspan=\"1\" rowspan=\"1\">\n<div class=\"magic-7\"><span class=\"magic-8\">2-10mm<\/span><\/div>\n<\/td>\n<\/tr>\n<tr>\n<td colspan=\"1\" rowspan=\"1\">\n<div class=\"magic-5\"><span class=\"magic-6\">Finisare<\/span><\/div>\n<\/td>\n<td colspan=\"1\" rowspan=\"1\">\n<div class=\"magic-7\" data-spm-anchor-id=\"a2700.details.0.i39.36d855992VT0SR\"><span class=\"magic-8\">Tratament de coroziune, tratament de \u00eent\u0103rire<\/span><\/div>\n<\/td>\n<\/tr>\n<tr>\n<td colspan=\"1\" rowspan=\"1\">\n<div class=\"magic-5\"><span class=\"magic-6\">Caracteristici<\/span><\/div>\n<\/td>\n<td colspan=\"1\" rowspan=\"1\">\n<div class=\"magic-7\"><span class=\"magic-8\">Anti-rugin\u0103, rezistent la ap\u0103<\/span><\/div>\n<\/td>\n<\/tr>\n<tr>\n<td colspan=\"1\" rowspan=\"1\">\n<div class=\"magic-5\"><span class=\"magic-6\">Certificat<\/span><\/div>\n<\/td>\n<td colspan=\"1\" rowspan=\"1\">\n<div class=\"magic-7\"><span class=\"magic-8\">SGS\/TUV Rheinland\/ISO9001\/ISO14001\/OHSAS18001<\/span><\/div>\n<\/td>\n<\/tr>\n<tr>\n<td colspan=\"1\" rowspan=\"1\">\n<div class=\"magic-5\"><span class=\"magic-6\">Utilizare<\/span><\/div>\n<\/td>\n<td colspan=\"1\" rowspan=\"1\">\n<div class=\"magic-7\"><span class=\"magic-8\">Strad\u0103\/parc\/gr\u0103din\u0103\/exterior\/zon\u0103 comercial\u0103\/public\u0103<\/span><\/div>\n<\/td>\n<\/tr>\n<tr>\n<td colspan=\"1\" rowspan=\"1\">\n<div class=\"magic-5\"><span class=\"magic-6\">Termen de plat\u0103<\/span><\/div>\n<\/td>\n<td colspan=\"1\" rowspan=\"1\">\n<div class=\"magic-7\"><span class=\"magic-8\">T\/T, L\/C, Western Union, Money gram<\/span><\/div>\n<\/td>\n<\/tr>\n<\/tbody>\n<\/table>\n<div><\/div>\n<div>Facilit\u0103\u021bi publice: Utilizate \u00een locuri publice, cum ar fi parcuri, pie\u021be \u0219i str\u0103zi pietonale, oferind o colectare convenabil\u0103 a gunoiului.<br \/>\nSpa\u021bii comerciale: Zonele exterioare ale restaurantelor, cafenelelor \u0219i ale altor locuri care sunt at\u00e2t practice, c\u00e2t \u0219i \u00eembun\u0103t\u0103\u021besc atmosfera.<br \/>\nZon\u0103 reziden\u021bial\u0103: O zon\u0103 comun\u0103 sau o gr\u0103din\u0103 \u00eentr-o zon\u0103 reziden\u021bial\u0103 care este at\u00e2t frumoas\u0103, c\u00e2t \u0219i convenabil\u0103 pentru locuitori.<\/div>\n<figure style=\"width: 700px\" class=\"wp-caption alignnone\"><a href=\"https:\/\/keweicorten.com\/ro\"><img fetchpriority=\"high\" decoding=\"async\" title=\"Co\u0219uri de gunoi metalice din o\u021bel Corten\" src=\"https:\/\/sc04.alicdn.com\/kf\/H1e127c663dd74393b4f53f9ea41248ebz\/230822811\/H1e127c663dd74393b4f53f9ea41248ebz.jpg\" alt=\" Corten Steel Metal Litter Bins-fabrican\u021bi, furnizori, personalizate, en-gros, ieftine, de v\u00e2nzare, \u00een stoc.shkw\" width=\"700\" height=\"700\" \/><\/a><figcaption class=\"wp-caption-text\">Co\u0219uri de gunoi metalice din o\u021bel Corten<\/figcaption><\/figure>\n<figure style=\"width: 698px\" class=\"wp-caption alignnone\"><a href=\"https:\/\/keweicorten.com\/ro\/produse\/\"><img decoding=\"async\" title=\" O\u021bel Corten Gunoi\" src=\"https:\/\/sc04.alicdn.com\/kf\/Hea8fb4330e9346b19fb3e3f3067b143ee\/230822811\/Hea8fb4330e9346b19fb3e3f3067b143ee.jpg\" alt=\" Corten Steel Rubbish produc\u0103tori, furnizori, personalizate, en-gros, ieftine, de v\u00e2nzare, \u00een stoc.-shkw\" width=\"698\" height=\"698\" \/><\/a><figcaption class=\"wp-caption-text\">O\u021bel Corten Gunoi<\/figcaption><\/figure>\n<p>Co\u0219ul de gunoi Corten iese \u00een eviden\u021b\u0103 \u00een ceea ce prive\u0219te designul cu un design dreptunghiular distinctiv. Dispun\u00e2nd de un cadru exterior COR-TEN de 6 mm pentru o estetic\u0103 unic\u0103 \u0219i un co\u0219 interior din o\u021bel galvanizat care poate con\u021bine p\u00e2n\u0103 la 110L de de\u0219euri.<\/p>","protected":false},"excerpt":{"rendered":"<p>Co\u0219ul de gunoi de \u00eenalt\u0103 calitate cu scrumier\u0103 integrat\u0103 se caracterizeaz\u0103 prin func\u021bionalitate ridicat\u0103 \u0219i manevrare u\u0219oar\u0103. Golirea scrumierei este rapid\u0103 \u0219i u\u0219oar\u0103: prin simpla deschidere a clapetei de sub scrumier\u0103, cenu\u0219a cade direct \u00een recipientul pentru de\u0219euri.<\/p>","protected":false},"featured_media":1452,"comment_status":"open","ping_status":"closed","template":"","meta":{"_eb_attr":"","_monsterinsights_skip_tracking":false,"_monsterinsights_sitenote_active":false,"_monsterinsights_sitenote_note":"","_monsterinsights_sitenote_category":0,"_uf_show_specific_survey":0,"_uf_disable_surveys":false},"product_brand":[],"product_cat":[23],"product_tag":[],"class_list":{"0":"post-1450","1":"product","2":"type-product","3":"status-publish","4":"has-post-thumbnail","6":"product_cat-patio-furniture","8":"first","9":"instock","10":"shipping-taxable","11":"product-type-simple"},"_links":{"self":[{"href":"https:\/\/keweicorten.com\/ro\/wp-json\/wp\/v2\/product\/1450"}],"collection":[{"href":"https:\/\/keweicorten.com\/ro\/wp-json\/wp\/v2\/product"}],"about":[{"href":"https:\/\/keweicorten.com\/ro\/wp-json\/wp\/v2\/types\/product"}],"replies":[{"embeddable":true,"href":"https:\/\/keweicorten.com\/ro\/wp-json\/wp\/v2\/comments?post=1450"}],"version-history":[{"count":1,"href":"https:\/\/keweicorten.com\/ro\/wp-json\/wp\/v2\/product\/1450\/revisions"}],"predecessor-version":[{"id":1453,"href":"https:\/\/keweicorten.com\/ro\/wp-json\/wp\/v2\/product\/1450\/revisions\/1453"}],"wp:featuredmedia":[{"embeddable":true,"href":"https:\/\/keweicorten.com\/ro\/wp-json\/wp\/v2\/media\/1452"}],"wp:attachment":[{"href":"https:\/\/keweicorten.com\/ro\/wp-json\/wp\/v2\/media?parent=1450"}],"wp:term":[{"taxonomy":"product_brand","embeddable":true,"href":"https:\/\/keweicorten.com\/ro\/wp-json\/wp\/v2\/product_brand?post=1450"},{"taxonomy":"product_cat","embeddable":true,"href":"https:\/\/keweicorten.com\/ro\/wp-json\/wp\/v2\/product_cat?post=1450"},{"taxonomy":"product_tag","embeddable":true,"href":"https:\/\/keweicorten.com\/ro\/wp-json\/wp\/v2\/product_tag?post=1450"}],"curies":[{"name":"wp","href":"https:\/\/api.w.org\/{rel}","templated":true}]}}