{"id":1495,"date":"2024-09-26T06:37:55","date_gmt":"2024-09-26T06:37:55","guid":{"rendered":"https:\/\/keweicorten.com\/?post_type=product&#038;p=1495"},"modified":"2025-01-15T06:22:32","modified_gmt":"2025-01-15T06:22:32","slug":"set-bbq-din-otel-inoxidabil","status":"publish","type":"product","link":"https:\/\/keweicorten.com\/ro\/set-bbq-din-otel-inoxidabil\/","title":{"rendered":"Set gr\u0103tar din o\u021bel inoxidabil"},"content":{"rendered":"<p>Un set de gr\u0103tar din o\u021bel inoxidabil este un must-have pentru orice maestru al gr\u0103tarului. Este durabil, de lung\u0103 durat\u0103 \u0219i u\u0219or de cur\u0103\u021bat. Nu trebuie s\u0103 v\u0103 face\u021bi griji cu privire la rugin\u0103 sau coroziune, ceea ce \u00eenseamn\u0103 c\u0103 uneltele dvs. vor ar\u0103ta \u00eentotdeauna ca noi, chiar \u0219i dup\u0103 multe utiliz\u0103ri.<\/p>\n<p>Acest set de gr\u0103tar din o\u021bel inoxidabil vine cu toate uneltele de care ave\u021bi nevoie pentru a face din experien\u021ba dvs. de gr\u0103tar un succes. Ve\u021bi avea o spatul\u0103, un cle\u0219te, o furculi\u021b\u0103, o perie de ungere, o perie pentru gr\u0103tar \u0219i multe altele - toate realizate din o\u021bel inoxidabil de \u00eenalt\u0103 calitate.<\/p>\n<p>Aceste unelte sunt concepute pentru a v\u0103 face procesul de gr\u0103tar mai u\u0219or \u0219i mai eficient. Cu uneltele potrivite, pute\u021bi \u00eentoarce hamburgeri, c\u00e2rna\u021bi \u0219i marinate cu u\u0219urin\u021b\u0103. \u00cen plus, m\u00e2nerele rezistente la c\u0103ldur\u0103 v\u0103 asigur\u0103 c\u0103 nu v\u0103 arde\u021bi \u00een timp ce lucra\u021bi pe gr\u0103tar.<\/p>\n<table border=\"0\">\n<tbody>\n<tr>\n<td colspan=\"2\">cle\u0219te bbq, furculi\u021b\u0103 bbq, cle\u0219te pentru gr\u0103tar, cle\u0219te pentru gr\u0103tar, raclete pentru gr\u0103tar<\/td>\n<\/tr>\n<tr>\n<td>\u00a0<a href=\"https:\/\/keweicorten.com\/ro\/produse\/\"><img fetchpriority=\"high\" decoding=\"async\" class=\"alignnone\" title=\"gr\u0103tar bbq\" src=\"https:\/\/sc04.alicdn.com\/kf\/H7855c4c7327146229cdf50da73b79143i\/206073447\/H7855c4c7327146229cdf50da73b79143i.jpg\" alt=\"Grill Accesorii Factory, china, pre\u021b\" width=\"400\" height=\"400\" data-src=\"\/\/sc04.alicdn.com\/kf\/H7855c4c7327146229cdf50da73b79143i\/206073447\/H7855c4c7327146229cdf50da73b79143i.jpg\" data-width=\"400\" data-height=\"400\" \/><\/a><\/td>\n<td>\n<table border=\"1\">\n<tbody>\n<tr>\n<td>\u00a0Material<\/td>\n<td>\u00a0SS420 + m\u00e2ner SS410<\/td>\n<\/tr>\n<tr>\n<td>\u00a0M\u0103rime<\/td>\n<td>\u00a040*15*5cm<\/td>\n<\/tr>\n<tr>\n<td>\u00a0Terminare<\/td>\n<td>\u00a0Perie \/ Lustruire \/ acoperire \/ Personalizat<\/td>\n<\/tr>\n<tr>\n<td>\u00a0Func\u021bia<\/td>\n<td>\u00a0Unelte de gr\u0103tar cu sac din \u021bes\u0103tur\u0103 oxford<\/td>\n<\/tr>\n<tr>\n<td>\u00a0Logo<\/td>\n<td>\u00a0BMA \/ niciunul \/ logo-ul clientului<\/td>\n<\/tr>\n<tr>\n<td>\u00a0Transport maritim<\/td>\n<td>\u00a0DHL, TNT, UPS, FEDEX, EMS<\/td>\n<\/tr>\n<tr>\n<td>\u00a0Livrare<\/td>\n<td>\u00a07-30 de zile \u00een func\u021bie de cantitate<\/td>\n<\/tr>\n<\/tbody>\n<\/table>\n<\/td>\n<\/tr>\n<\/tbody>\n<\/table>\n<p><a href=\"https:\/\/keweicorten.com\/ro\/contactati-ne\/\"><img decoding=\"async\" class=\"alignnone\" title=\"Accesorii pentru gr\u0103tar \" src=\"https:\/\/s.alicdn.com\/@sc04\/kf\/Haadfa9ae644e49dba1d39883ab9aa4eeZ.jpg_720x720q50.jpg\" alt=\"Grill Accesorii en-gros, ieftine, de v\u00e2nzare, \u00een stoc.\" width=\"599\" height=\"599\" \/><\/a><\/p>\n<p><a href=\"https:\/\/keweicorten.com\/ro\/contactati-ne\/\"><img decoding=\"async\" class=\"alignnone\" title=\"Accesorii pentru gr\u0103tar \" src=\"https:\/\/sc04.alicdn.com\/kf\/H5aab0d25d3ea485eb5379bf84249bef0t\/22449\/H5aab0d25d3ea485eb5379bf84249bef0t.jpg\" alt=\"Grill Accessories Factory, china, pre\u021b, produc\u0103tori, furnizori, personalizate, en-gros, ieftine, de v\u00e2nzare, \u00een stoc.\" width=\"600\" height=\"495\" \/><\/a><\/p>","protected":false},"excerpt":{"rendered":"<p>Un set de gr\u0103tar din o\u021bel inoxidabil este o investi\u021bie excelent\u0103 pentru orice pasionat de gr\u0103tar. Nu numai c\u0103 v\u0103 va u\u0219ura procesul de preparare a gr\u0103tarului, dar v\u0103 va fi de folos \u0219i \u00een anii urm\u0103tori. A\u0219adar, dac\u0103 dori\u021bi s\u0103 v\u0103 duce\u021bi jocul la gr\u0103tar la nivelul urm\u0103tor, lua\u021bi \u00een considerare achizi\u021bionarea unui set de gr\u0103tar din o\u021bel inoxidabil ast\u0103zi!<\/p>","protected":false},"featured_media":1496,"comment_status":"open","ping_status":"closed","template":"","meta":{"_eb_attr":"","_monsterinsights_skip_tracking":false,"_monsterinsights_sitenote_active":false,"_monsterinsights_sitenote_note":"","_monsterinsights_sitenote_category":0,"_uf_show_specific_survey":0,"_uf_disable_surveys":false},"product_brand":[],"product_cat":[49],"product_tag":[],"class_list":{"0":"post-1495","1":"product","2":"type-product","3":"status-publish","4":"has-post-thumbnail","6":"product_cat-bbq-accessories","8":"first","9":"instock","10":"shipping-taxable","11":"product-type-simple"},"_links":{"self":[{"href":"https:\/\/keweicorten.com\/ro\/wp-json\/wp\/v2\/product\/1495"}],"collection":[{"href":"https:\/\/keweicorten.com\/ro\/wp-json\/wp\/v2\/product"}],"about":[{"href":"https:\/\/keweicorten.com\/ro\/wp-json\/wp\/v2\/types\/product"}],"replies":[{"embeddable":true,"href":"https:\/\/keweicorten.com\/ro\/wp-json\/wp\/v2\/comments?post=1495"}],"version-history":[{"count":1,"href":"https:\/\/keweicorten.com\/ro\/wp-json\/wp\/v2\/product\/1495\/revisions"}],"predecessor-version":[{"id":1497,"href":"https:\/\/keweicorten.com\/ro\/wp-json\/wp\/v2\/product\/1495\/revisions\/1497"}],"wp:featuredmedia":[{"embeddable":true,"href":"https:\/\/keweicorten.com\/ro\/wp-json\/wp\/v2\/media\/1496"}],"wp:attachment":[{"href":"https:\/\/keweicorten.com\/ro\/wp-json\/wp\/v2\/media?parent=1495"}],"wp:term":[{"taxonomy":"product_brand","embeddable":true,"href":"https:\/\/keweicorten.com\/ro\/wp-json\/wp\/v2\/product_brand?post=1495"},{"taxonomy":"product_cat","embeddable":true,"href":"https:\/\/keweicorten.com\/ro\/wp-json\/wp\/v2\/product_cat?post=1495"},{"taxonomy":"product_tag","embeddable":true,"href":"https:\/\/keweicorten.com\/ro\/wp-json\/wp\/v2\/product_tag?post=1495"}],"curies":[{"name":"wp","href":"https:\/\/api.w.org\/{rel}","templated":true}]}}