{"id":1502,"date":"2024-09-26T06:55:57","date_gmt":"2024-09-26T06:55:57","guid":{"rendered":"https:\/\/keweicorten.com\/?post_type=product&#038;p=1502"},"modified":"2025-01-15T06:22:19","modified_gmt":"2025-01-15T06:22:19","slug":"gratar-gratar-unelte-bbq-accesorii","status":"publish","type":"product","link":"https:\/\/keweicorten.com\/ro\/gratar-gratar-unelte-bbq-accesorii\/","title":{"rendered":"Barbecue Instrumente pentru gr\u0103tar Accesorii BBQ"},"content":{"rendered":"<p>Uneltele de gr\u0103tar pentru gr\u0103tar Accesoriile pentru gr\u0103tar sunt un echipament esen\u021bial pentru oricine iube\u0219te s\u0103 g\u0103teasc\u0103 m\u00e2ncare delicioas\u0103 \u00een aer liber. Dac\u0103 inten\u021biona\u021bi s\u0103 organiza\u021bi o petrecere grozav\u0103 la gr\u0103tar cu prietenii \u0219i familia, trebuie s\u0103 ave\u021bi setul potrivit de instrumente pentru gr\u0103tar, care v\u0103 poate ajuta s\u0103 g\u0103ti\u021bi \u0219i s\u0103 servi\u021bi m\u00e2ncarea cu u\u0219urin\u021b\u0103.<\/p>\n<p>Accesorii op\u021bionale<\/p>\n<ul>\n<li>Co\u0219 pentru gr\u0103tar: Excelent pentru pr\u0103jirea legumelor mici sau a articolelor fragile precum pe\u0219tele.<\/li>\n<li>Piatra pentru pizza: Pentru pr\u0103jirea pizzelor pentru a ob\u021bine o crust\u0103 crocant\u0103.<\/li>\n<li>Injector de alimente: Pentru marinarea c\u0103rnii prin injectarea de arome direct \u00een carne.<\/li>\n<li>Caddy pentru condimente\/mirodenii: \u021aine sosurile, condimentele \u0219i marinadele pentru acces u\u0219or \u00een timpul gr\u0103tarului.<\/li>\n<\/ul>\n<p>Considera\u021bii la cump\u0103rarea unui set de unelte pentru gr\u0103tar BBQ<\/p>\n<ul>\n<li>Material: C\u0103uta\u021bi o\u021bel inoxidabil pentru durabilitate \u0219i rezisten\u021b\u0103 la c\u0103ldur\u0103. M\u00e2nerele din lemn pot oferi, de asemenea, o prindere bun\u0103, dar pot necesita mai mult\u0103 \u00eengrijire.<\/li>\n<li>Depozitare: Unele seturi vin cu o geant\u0103 de transport pentru transport \u0219i depozitare u\u0219oar\u0103.<\/li>\n<li>Ergonomie: M\u00e2nerele confortabile \u0219i uneltele bine concepute pot face diferen\u021ba \u00een timpul sesiunilor lungi de gr\u0103tar.<\/li>\n<li>Num\u0103rul de piese: \u00cen func\u021bie de obiceiurile dvs. de gr\u0103tar, lua\u021bi \u00een considerare de c\u00e2te unelte ave\u021bi nevoie.<\/li>\n<\/ul>\n<table class=\"all magic-3\">\n<tbody>\n<tr>\n<td colspan=\"1\" rowspan=\"1\">\n<div class=\"magic-4\" data-spm-anchor-id=\"a2700.details.0.i37.6b594a004vlN25\">Marca<\/div>\n<\/td>\n<td colspan=\"1\" rowspan=\"1\">\n<div class=\"magic-5\">SHKW<\/div>\n<\/td>\n<td colspan=\"1\" rowspan=\"1\">\n<div class=\"magic-4\">Certificare<\/div>\n<\/td>\n<td colspan=\"1\" rowspan=\"1\">\n<div class=\"magic-6\">LFGB, CE, SGS, BSCI, ISO9001: 2015<\/div>\n<\/td>\n<\/tr>\n<tr>\n<td colspan=\"1\" rowspan=\"1\">\n<div class=\"magic-4\">OEM<\/div>\n<\/td>\n<td colspan=\"1\" rowspan=\"1\">\n<div class=\"magic-5\">Disponibil<\/div>\n<\/td>\n<td colspan=\"1\" rowspan=\"1\">\n<div class=\"magic-4\">Pachet<\/div>\n<\/td>\n<td colspan=\"1\" rowspan=\"1\">\n<div class=\"magic-6\">a\u0219a cum a\u021bi solicitat<\/div>\n<\/td>\n<\/tr>\n<tr>\n<td colspan=\"1\" rowspan=\"1\">\n<div class=\"magic-4\">ODM<\/div>\n<\/td>\n<td colspan=\"1\" rowspan=\"1\">\n<div class=\"magic-5\">Disponibil<\/div>\n<\/td>\n<td colspan=\"1\" rowspan=\"1\">\n<div class=\"magic-4\">Exemplu de serviciu<\/div>\n<\/td>\n<td colspan=\"1\" rowspan=\"1\">\n<div class=\"magic-6\">Disponibil \u00een 5 zile<\/div>\n<\/td>\n<\/tr>\n<tr>\n<td colspan=\"1\" rowspan=\"1\">\n<div class=\"magic-4\">MOQ<\/div>\n<\/td>\n<td colspan=\"1\" rowspan=\"1\">\n<div class=\"magic-5\">500 seturi<\/div>\n<\/td>\n<td colspan=\"1\" rowspan=\"1\">\n<div class=\"magic-4\">Logo<\/div>\n<\/td>\n<td colspan=\"1\" rowspan=\"1\">\n<div class=\"magic-6\">Laser \/ gravur\u0103 personalizat\u0103<\/div>\n<\/td>\n<\/tr>\n<tr>\n<td colspan=\"1\" rowspan=\"1\">\n<div class=\"magic-4\">Metoda de plat\u0103<\/div>\n<\/td>\n<td colspan=\"1\" rowspan=\"1\">\n<div class=\"magic-5\">Trade Assurance, T\/T, PayPal, L\/C<\/div>\n<\/td>\n<td colspan=\"1\" rowspan=\"1\">\n<div class=\"magic-4\">Timp de livrare<\/div>\n<\/td>\n<td colspan=\"1\" rowspan=\"1\">\n<div class=\"magic-6\">30-40 de zile pentru produc\u021bia \u00een vrac<\/div>\n<\/td>\n<\/tr>\n<\/tbody>\n<\/table>\n<p>&nbsp;<\/p>\n<p><a href=\"https:\/\/keweicorten.com\/ro\/contactati-ne\/\"><img fetchpriority=\"high\" decoding=\"async\" class=\"alignnone\" title=\"Instrument pentru gr\u0103tar\" src=\"https:\/\/sc04.alicdn.com\/kf\/H9b17e89c59f247e6beb1bcc143827a07d\/272223269\/H9b17e89c59f247e6beb1bcc143827a07d.jpg\" alt=\"Barbecue Tool en-gros, ieftin, de v\u00e2nzare, \u00een stoc.\" width=\"700\" height=\"700\" \/><\/a><\/p>\n<p><img decoding=\"async\" class=\"alignnone\" title=\"Instrument pentru gr\u0103tar\" src=\"https:\/\/s.alicdn.com\/@sc04\/kf\/H1dcdec7f57db4c42a12201a3b50f443fd.jpg_720x720q50.jpg\" alt=\"Barbecue Tool en-gros, ieftin, de v\u00e2nzare, \u00een stoc.\" width=\"700\" height=\"761\" \/><\/p>","protected":false},"excerpt":{"rendered":"<p>Un set bun de unelte pentru gr\u0103tar vine cu toate uneltele necesare de care ave\u021bi nevoie pentru gr\u0103tar, inclusiv o spatul\u0103, cle\u0219te, perie pentru gr\u0103tar, furculi\u021b\u0103 \u0219i multe altele. Aceste unelte sunt fabricate din materiale de \u00eenalt\u0103 calitate care sunt durabile, u\u0219or de cur\u0103\u021bat \u0219i pot rezista la temperaturi ridicate. Cu uneltele potrivite, v\u0103 pute\u021bi \u00eentoarce, \u00eentoarce \u0219i servi cu u\u0219urin\u021b\u0103 m\u00e2ncarea f\u0103r\u0103 nicio problem\u0103.<\/p>","protected":false},"featured_media":1503,"comment_status":"open","ping_status":"closed","template":"","meta":{"_eb_attr":"","_monsterinsights_skip_tracking":false,"_monsterinsights_sitenote_active":false,"_monsterinsights_sitenote_note":"","_monsterinsights_sitenote_category":0,"_uf_show_specific_survey":0,"_uf_disable_surveys":false},"product_brand":[],"product_cat":[49],"product_tag":[],"class_list":{"0":"post-1502","1":"product","2":"type-product","3":"status-publish","4":"has-post-thumbnail","6":"product_cat-bbq-accessories","8":"first","9":"instock","10":"shipping-taxable","11":"product-type-simple"},"_links":{"self":[{"href":"https:\/\/keweicorten.com\/ro\/wp-json\/wp\/v2\/product\/1502"}],"collection":[{"href":"https:\/\/keweicorten.com\/ro\/wp-json\/wp\/v2\/product"}],"about":[{"href":"https:\/\/keweicorten.com\/ro\/wp-json\/wp\/v2\/types\/product"}],"replies":[{"embeddable":true,"href":"https:\/\/keweicorten.com\/ro\/wp-json\/wp\/v2\/comments?post=1502"}],"version-history":[{"count":1,"href":"https:\/\/keweicorten.com\/ro\/wp-json\/wp\/v2\/product\/1502\/revisions"}],"predecessor-version":[{"id":1504,"href":"https:\/\/keweicorten.com\/ro\/wp-json\/wp\/v2\/product\/1502\/revisions\/1504"}],"wp:featuredmedia":[{"embeddable":true,"href":"https:\/\/keweicorten.com\/ro\/wp-json\/wp\/v2\/media\/1503"}],"wp:attachment":[{"href":"https:\/\/keweicorten.com\/ro\/wp-json\/wp\/v2\/media?parent=1502"}],"wp:term":[{"taxonomy":"product_brand","embeddable":true,"href":"https:\/\/keweicorten.com\/ro\/wp-json\/wp\/v2\/product_brand?post=1502"},{"taxonomy":"product_cat","embeddable":true,"href":"https:\/\/keweicorten.com\/ro\/wp-json\/wp\/v2\/product_cat?post=1502"},{"taxonomy":"product_tag","embeddable":true,"href":"https:\/\/keweicorten.com\/ro\/wp-json\/wp\/v2\/product_tag?post=1502"}],"curies":[{"name":"wp","href":"https:\/\/api.w.org\/{rel}","templated":true}]}}