{"id":1538,"date":"2024-09-26T08:58:30","date_gmt":"2024-09-26T08:58:30","guid":{"rendered":"https:\/\/keweicorten.com\/?post_type=product&#038;p=1538"},"modified":"2025-01-15T06:22:11","modified_gmt":"2025-01-15T06:22:11","slug":"kit-pentru-gradinarit-la-domiciliu","status":"publish","type":"product","link":"https:\/\/keweicorten.com\/ro\/kit-pentru-gradinarit-la-domiciliu\/","title":{"rendered":"kit pentru gr\u0103din\u0103rit la domiciliu"},"content":{"rendered":"<p>Gr\u0103din\u0103ritul la domiciliu poate fi o experien\u021b\u0103 distractiv\u0103 \u0219i plin\u0103 de satisfac\u021bii, dar uneori poate fi cople\u0219itor s\u0103 \u0219tii de unde s\u0103 \u00eencepi sau ce materiale s\u0103 folose\u0219ti. \u00cen acest caz, un kit de gr\u0103din\u0103rit la domiciliu poate fi o investi\u021bie excelent\u0103. Aceste kituri vin de obicei cu toate uneltele \u0219i materialele de care ave\u021bi nevoie pentru a \u00eencepe s\u0103 v\u0103 amenaja\u021bi gr\u0103dina, facilit\u00e2ndu-le \u00eencep\u0103torilor s\u0103 se apuce de treab\u0103.<\/p>\n<p>Unul dintre avantajele utiliz\u0103rii unui set de gr\u0103din\u0103rit la domiciliu este c\u0103 v\u0103 poate ajuta s\u0103 economisi\u021bi bani pe termen lung. \u00cen loc s\u0103 cump\u0103ra\u021bi fiecare instrument \u00een parte, kitul vine de obicei cu un set de instrumente de baz\u0103, cum ar fi o mistrie, un t\u0103ietor \u0219i un udator, care sunt esen\u021biale pentru orice gr\u0103din\u0103. \u00cen plus, aceste kituri vin adesea cu semin\u021be sau plante de pornire, astfel \u00eenc\u00e2t nu va trebui s\u0103 cheltui\u021bi bani \u00een plus pe plante sau semin\u021be de la o pepinier\u0103.<\/p>\n<p><b data-spm-anchor-id=\"a2700.details.0.i35.79516fccEpXinR\">GR\u0102DIN\u0102 CA UN PRO-RIGHT OUT OF THE BOX: <\/b>Gr\u0103din\u0103ritul este mai distractiv cu uneltele potrivite. Am umplut acest set de seturi gata oric\u00e2nd cu cele mai inovatoare \u0219i foarte durabile unelte din aluminiu care lupt\u0103 \u00eempotriva ruginii. Fiecare pies\u0103 este proiectat\u0103 s\u0103 \u021bin\u0103 pasul cu cel mai avid program de gr\u0103din\u0103rit peisagistic, fiind \u00een acela\u0219i timp suficient de u\u0219oar\u0103 pentru a lucra toat\u0103 ziua.<\/p>\n<div class=\"J_module\">\n<div class=\"detail-decorate-json-renderer-container\">\n<div class=\"magic-1\">\n<div class=\"magic-6\" data-spm-anchor-id=\"a2700.details.0.i43.79516fccEpXinR\">\n<div class=\"magic-7\">\n<div class=\"magic-8\" data-spm-anchor-id=\"a2700.details.0.i46.79516fccEpXinR\"><span class=\"magic-9\" style=\"font-family: Arial;\"><span data-spm-anchor-id=\"a2700.details.0.i42.79516fccEpXinR\"><b data-spm-anchor-id=\"a2700.details.0.i45.79516fccEpXinR\">PROTEJA\u021aI-V\u0102 M\u00c2INILE: <\/b>Ne place s\u0103 lucr\u0103m cu m\u00e2inile noastre, dar nu vrem ca m\u00e2inile noastre s\u0103 sufere pentru asta. De aceea folosim materiale care dureaz\u0103. Sleek Series se lipe\u0219te de noile noastre m\u0103nu\u0219i de bambus pentru curtea de gazon pentru a oferi protec\u021bie avansat\u0103 \u00eempotriva r\u0103nilor pielii, t\u0103ieturilor \u0219i murd\u0103riei. Nu mai folosi\u021bi acele m\u0103nu\u0219i mari \u0219i ne\u00eendem\u00e2natice atunci c\u00e2nd v\u0103 face\u021bi treburile casnice. Cu confort \u0219i stil hi-tech, fiecare corvoad\u0103 devine mai u\u0219oar\u0103: De la lucr\u0103ri de garaj \u00een interior la gr\u0103din\u0103rit \u00een aer liber \u0219i multe altele! Acestea sunt m\u0103nu\u0219i de gr\u0103din\u0103rit pe care femeile le iubesc, iar tata la fel! Cel mai bun cadou! <\/span><\/span><span class=\"magic-9\" style=\"font-family: Arial;\"><br \/>\n<\/span><\/div>\n<\/div>\n<\/div>\n<\/div>\n<\/div>\n<\/div>\n<div class=\"J_module\">\n<div class=\"icbu-pc-detailManyImage magic-10\"><\/div>\n<\/div>\n<p><img fetchpriority=\"high\" decoding=\"async\" class=\"\" src=\"https:\/\/sc04.alicdn.com\/kf\/Hbc2591bcee4745e0b4aabf3538f8f051r\/277646274\/Hbc2591bcee4745e0b4aabf3538f8f051r.jpg\" width=\"694\" height=\"694\" \/><\/p>","protected":false},"excerpt":{"rendered":"<p>Un alt beneficiu al utiliz\u0103rii unei truse de gr\u0103din\u0103rit la domiciliu este c\u0103 v\u0103 poate ajuta s\u0103 v\u0103 organiza\u021bi. Av\u00e2nd toate uneltele \u0219i materialele \u00eentr-un singur loc, nu va trebui s\u0103 v\u0103 face\u021bi griji cu privire la pierderea sau r\u0103t\u0103cirea acestora. \u00cen plus, multe kituri de gr\u0103din\u0103rit la domiciliu sunt \u00eenso\u021bite de instruc\u021biuni detaliate sau sfaturi cu privire la modul de plantare \u0219i \u00eengrijire a gr\u0103dinii, astfel \u00eenc\u00e2t s\u0103 v\u0103 pute\u021bi sim\u021bi \u00eencrez\u0103tor \u00een capacitatea dumneavoastr\u0103 de a cre\u0219te plante s\u0103n\u0103toase.<\/p>","protected":false},"featured_media":1539,"comment_status":"open","ping_status":"closed","template":"","meta":{"_eb_attr":"","_monsterinsights_skip_tracking":false,"_monsterinsights_sitenote_active":false,"_monsterinsights_sitenote_note":"","_monsterinsights_sitenote_category":0,"_uf_show_specific_survey":0,"_uf_disable_surveys":false},"product_brand":[],"product_cat":[50],"product_tag":[],"class_list":{"0":"post-1538","1":"product","2":"type-product","3":"status-publish","4":"has-post-thumbnail","6":"product_cat-flower-assessories","8":"first","9":"instock","10":"shipping-taxable","11":"product-type-simple"},"_links":{"self":[{"href":"https:\/\/keweicorten.com\/ro\/wp-json\/wp\/v2\/product\/1538"}],"collection":[{"href":"https:\/\/keweicorten.com\/ro\/wp-json\/wp\/v2\/product"}],"about":[{"href":"https:\/\/keweicorten.com\/ro\/wp-json\/wp\/v2\/types\/product"}],"replies":[{"embeddable":true,"href":"https:\/\/keweicorten.com\/ro\/wp-json\/wp\/v2\/comments?post=1538"}],"version-history":[{"count":1,"href":"https:\/\/keweicorten.com\/ro\/wp-json\/wp\/v2\/product\/1538\/revisions"}],"predecessor-version":[{"id":1542,"href":"https:\/\/keweicorten.com\/ro\/wp-json\/wp\/v2\/product\/1538\/revisions\/1542"}],"wp:featuredmedia":[{"embeddable":true,"href":"https:\/\/keweicorten.com\/ro\/wp-json\/wp\/v2\/media\/1539"}],"wp:attachment":[{"href":"https:\/\/keweicorten.com\/ro\/wp-json\/wp\/v2\/media?parent=1538"}],"wp:term":[{"taxonomy":"product_brand","embeddable":true,"href":"https:\/\/keweicorten.com\/ro\/wp-json\/wp\/v2\/product_brand?post=1538"},{"taxonomy":"product_cat","embeddable":true,"href":"https:\/\/keweicorten.com\/ro\/wp-json\/wp\/v2\/product_cat?post=1538"},{"taxonomy":"product_tag","embeddable":true,"href":"https:\/\/keweicorten.com\/ro\/wp-json\/wp\/v2\/product_tag?post=1538"}],"curies":[{"name":"wp","href":"https:\/\/api.w.org\/{rel}","templated":true}]}}