{"id":1549,"date":"2024-09-26T09:12:10","date_gmt":"2024-09-26T09:12:10","guid":{"rendered":"https:\/\/keweicorten.com\/?post_type=product&#038;p=1549"},"modified":"2025-01-15T06:21:51","modified_gmt":"2025-01-15T06:21:51","slug":"led-bollard-lumini-in-aer-liber","status":"publish","type":"product","link":"https:\/\/keweicorten.com\/ro\/led-bollard-lumini-in-aer-liber\/","title":{"rendered":"led bollard lumini \u00een aer liber"},"content":{"rendered":"<h3><strong>Aplica\u021bii ale luminilor de exterior pentru bolarzi cu led:<\/strong><\/h3>\n<ol>\n<li><strong>Iluminat pentru gr\u0103din\u0103 \u0219i peisaj<\/strong>:\n<ul>\n<li>Luminile Corten sunt utilizate \u00een mod obi\u0219nuit \u00een gr\u0103dini \u0219i peisaje pentru a ilumina aleile, pentru a eviden\u021bia copacii sau plantele \u0219i pentru a \u00eembun\u0103t\u0103\u021bi zonele de relaxare \u00een aer liber. Aspectul lor rustic se \u00eembin\u0103 perfect cu mediile naturale.<\/li>\n<\/ul>\n<\/li>\n<li><strong>Spa\u021bii urbane \u0219i publice<\/strong>:\n<ul>\n<li>\u00cen parcurile publice, pie\u021be \u0219i alei urbane, luminile din o\u021bel Corten sunt adesea utilizate ca st\u00e2lpi sau l\u0103mpi stradale. Rezisten\u021ba lor la intemperii le face ideale pentru instala\u021bii exterioare pe termen lung.<\/li>\n<\/ul>\n<\/li>\n<li><strong>Iluminat arhitectural<\/strong>:\n<ul>\n<li>Corpurile de iluminat Corten sunt din ce \u00een ce mai populare \u00een proiectele arhitecturale, montate pe pere\u021bi exteriori, fa\u021bade sau integrate \u00een zonele de relaxare \u00een aer liber, ad\u0103ug\u00e2nd at\u00e2t func\u021bionalitate, c\u00e2t \u0219i stil.<\/li>\n<\/ul>\n<\/li>\n<li><strong>Utilizare decorativ\u0103 pentru interior<\/strong>:\n<ul>\n<li>\u00cen interior, corpurile de iluminat din o\u021bel Corten pot ad\u0103uga un aspect industrial \u0219ic locuin\u021belor moderne, cafenelelor sau spa\u021biilor comerciale. Luminile suspendate \u0219i aplicele de perete realizate din o\u021bel Corten ofer\u0103 un efect de iluminare cald \u0219i moale datorit\u0103 culorii \u0219i texturii materialului.<\/li>\n<\/ul>\n<\/li>\n<\/ol>\n<h3><strong>Avantajele luminilor de exterior cu bolarzi led:<\/strong><\/h3>\n<ul>\n<li><strong>Durabilitate<\/strong>: Rezist\u0103 la condi\u021bii meteorologice dificile f\u0103r\u0103 a se degrada.<\/li>\n<li><strong>Ecologic<\/strong>: Nu este nevoie de vopsele sau acoperiri; Corten este \u00een mod natural rezistent la coroziune.<\/li>\n<li><strong>Apelul estetic<\/strong>: Dezvolt\u0103 o patin\u0103 unic\u0103 \u00een timp, oferind un aspect dinamic, \u00een continu\u0103 evolu\u021bie.<\/li>\n<li><strong>Design versatil<\/strong>: Luminile Corten vin \u00een numeroase forme \u0219i stiluri, permi\u021b\u00e2nd modele creative \u0219i personalizate.<\/li>\n<\/ul>\n<table border=\"1\">\n<tbody>\n<tr>\n<td>Numele produsului<\/td>\n<td>\u00cen aer liber impermeabil modern gazon lumina Corten o\u021bel peisaj Bollard lumina<\/td>\n<\/tr>\n<tr>\n<td>Corp principal Materie prim\u0103<\/td>\n<td>O\u021bel corten<\/td>\n<\/tr>\n<tr>\n<td>Puterea LED-ului<\/td>\n<td>10W, 12W<\/td>\n<\/tr>\n<tr>\n<td>IP Grdae<\/td>\n<td>IP65, IP66<\/td>\n<\/tr>\n<tr>\n<td>Culoarea suprafe\u021bei<\/td>\n<td>Ruginit sau personalizat<\/td>\n<\/tr>\n<tr>\n<td>Tip<\/td>\n<td>Accepta\u021bi personalizate<\/td>\n<\/tr>\n<\/tbody>\n<\/table>\n<p><a href=\"https:\/\/keweicorten.com\/ro\"><img fetchpriority=\"high\" decoding=\"async\" class=\"alignnone\" title=\"st\u00e2lpi de iluminat exterior cu led\" src=\"https:\/\/sc04.alicdn.com\/kf\/Hdad8686d076d4158871c35c4c66c1fb7s\/252624420\/Hdad8686d076d4158871c35c4c66c1fb7s.jpg\" alt=\"\u00een aer liber a condus st\u00e2lpi de lamp\u0103 din o\u021bel Corten peisaj Bollard lumina\" width=\"751\" height=\"501\" \/><\/a><\/p>\n<p><a href=\"https:\/\/keweicorten.com\/ro\/produse\/\"><img decoding=\"async\" class=\"alignnone\" title=\"lamp\u0103 st\u00e2lp de lumin\u0103\" src=\"https:\/\/sc04.alicdn.com\/kf\/Hc3e5b19145ce4d02869cc0b16e531dbat\/232904194\/Hc3e5b19145ce4d02869cc0b16e531dbat.png\" alt=\"lamp\u0103 st\u00e2lp de lumin\u0103\" width=\"750\" height=\"449\" \/><\/a><\/p>","protected":false},"excerpt":{"rendered":"<p>Luminile din o\u021bel Corten sunt o alegere excelent\u0103 pentru oricine dore\u0219te s\u0103 adauge spa\u021biilor exterioare sau interioare o iluminare de lung\u0103 durat\u0103, cu \u00eentre\u021binere redus\u0103 \u0219i atractiv\u0103 din punct de vedere vizual. Acestea ofer\u0103 at\u00e2t iluminare func\u021bional\u0103, c\u00e2t \u0219i valoare estetic\u0103, \u00eencadr\u00e2ndu-se perfect \u00een peisajele naturale sau \u00een proiectele arhitecturale moderne.<\/p>","protected":false},"featured_media":1550,"comment_status":"open","ping_status":"closed","template":"","meta":{"_eb_attr":"","_monsterinsights_skip_tracking":false,"_monsterinsights_sitenote_active":false,"_monsterinsights_sitenote_note":"","_monsterinsights_sitenote_category":0,"_uf_show_specific_survey":0,"_uf_disable_surveys":false},"product_brand":[],"product_cat":[61],"product_tag":[],"class_list":{"0":"post-1549","1":"product","2":"type-product","3":"status-publish","4":"has-post-thumbnail","6":"product_cat-light-post","8":"first","9":"instock","10":"shipping-taxable","11":"product-type-simple"},"_links":{"self":[{"href":"https:\/\/keweicorten.com\/ro\/wp-json\/wp\/v2\/product\/1549"}],"collection":[{"href":"https:\/\/keweicorten.com\/ro\/wp-json\/wp\/v2\/product"}],"about":[{"href":"https:\/\/keweicorten.com\/ro\/wp-json\/wp\/v2\/types\/product"}],"replies":[{"embeddable":true,"href":"https:\/\/keweicorten.com\/ro\/wp-json\/wp\/v2\/comments?post=1549"}],"version-history":[{"count":1,"href":"https:\/\/keweicorten.com\/ro\/wp-json\/wp\/v2\/product\/1549\/revisions"}],"predecessor-version":[{"id":1551,"href":"https:\/\/keweicorten.com\/ro\/wp-json\/wp\/v2\/product\/1549\/revisions\/1551"}],"wp:featuredmedia":[{"embeddable":true,"href":"https:\/\/keweicorten.com\/ro\/wp-json\/wp\/v2\/media\/1550"}],"wp:attachment":[{"href":"https:\/\/keweicorten.com\/ro\/wp-json\/wp\/v2\/media?parent=1549"}],"wp:term":[{"taxonomy":"product_brand","embeddable":true,"href":"https:\/\/keweicorten.com\/ro\/wp-json\/wp\/v2\/product_brand?post=1549"},{"taxonomy":"product_cat","embeddable":true,"href":"https:\/\/keweicorten.com\/ro\/wp-json\/wp\/v2\/product_cat?post=1549"},{"taxonomy":"product_tag","embeddable":true,"href":"https:\/\/keweicorten.com\/ro\/wp-json\/wp\/v2\/product_tag?post=1549"}],"curies":[{"name":"wp","href":"https:\/\/api.w.org\/{rel}","templated":true}]}}