{"id":1553,"date":"2024-09-27T02:16:32","date_gmt":"2024-09-27T02:16:32","guid":{"rendered":"https:\/\/keweicorten.com\/?post_type=product&#038;p=1553"},"modified":"2024-09-27T02:16:32","modified_gmt":"2024-09-27T02:16:32","slug":"placa-q235nh","status":"publish","type":"product","link":"https:\/\/keweicorten.com\/ro\/placa-q235nh\/","title":{"rendered":"Plac\u0103 Q235NH"},"content":{"rendered":"<p>Placa Q235NH este o\u021bel de laminare continu\u0103 la cald, rezistent la coroziunea atmosferic\u0103, cunoscut \u0219i sub numele de o\u021bel Cowden, o\u021bel rezistent la coroziune<\/p>\n<p>Plac\u0103 de o\u021bel Q235NH stare de livrare: laminare la cald, laminare controlat\u0103 sau normalizare stare<\/p>\n<p>Specifica\u021biile:<br \/>\nGrosime: 3mm-150mm<br \/>\nL\u0103\u021bime: 30mm-4000mm<br \/>\nLungime: 1000mm-12000mm<br \/>\nStandard: ASTM EN10025 JIS GB<\/p>\n<h2>Compozi\u021bia chimic\u0103 a pl\u0103cii Q235NH:<\/h2>\n<table data-draft-node=\"block\" data-draft-type=\"table\" data-size=\"normal\" data-row-style=\"normal\">\n<tbody>\n<tr>\n<td>Marca<\/td>\n<td>C<\/td>\n<td>Si<\/td>\n<td>Mn<\/td>\n<td>P<\/td>\n<td>S<\/td>\n<td>Cu<\/td>\n<td>Cr<\/td>\n<td>Ni<\/td>\n<\/tr>\n<tr>\n<td>Q235NH<\/td>\n<td>\u22640.13<\/td>\n<td>0.10-0.40<\/td>\n<td>0.20-0.60<\/td>\n<td>\u22640.030<\/td>\n<td>\u22640.030<\/td>\n<td>0.25-0.55<\/td>\n<td>0.40-0.80<\/td>\n<td>\u22640.65<\/td>\n<\/tr>\n<\/tbody>\n<\/table>\n<p>Propriet\u0103\u021bi mecanice ale pl\u0103cii Q235NH:<\/p>\n<table style=\"height: 64px;\" width=\"592\" data-draft-node=\"block\" data-draft-type=\"table\" data-size=\"normal\" data-row-style=\"normal\">\n<tbody>\n<tr>\n<td>Marca<\/td>\n<td>Rezisten\u021ba la rupere<\/td>\n<td>Rezisten\u021ba la trac\u021biune Rm<\/td>\n<td>Alungirea dup\u0103 fractur\u0103 A50mm%<\/td>\n<\/tr>\n<tr>\n<td>Q235NH<\/td>\n<td>\u2265235MPa<\/td>\n<td>360-510<\/td>\n<td>\u226525<\/td>\n<\/tr>\n<\/tbody>\n<\/table>\n<p>&nbsp;<\/p>\n<p><a href=\"https:\/\/keweicorten.com\/ro\"><img fetchpriority=\"high\" decoding=\"async\" class=\"alignnone\" title=\"Q235nh Rezisten\u021ba la intemperii\" src=\"https:\/\/th.bing.com\/th\/id\/OIP.e_2IU6yvCMdIJAM39GeUXwHaHa?rs=1&amp;pid=ImgDetMain\" alt=\"Q235nh Rezisten\u021ba la intemperii canelat fibra de ciment bord\" width=\"550\" height=\"550\" \/><\/a><\/p>\n<p><a href=\"https:\/\/keweicorten.com\/ro\/contactati-ne\/\"><img decoding=\"async\" class=\"alignnone\" title=\"Plac\u0103 de o\u021bel corten\" src=\"https:\/\/th.bing.com\/th\/id\/OIP.F6D_oA8vdxqhLeEMwnmSIQHaHa?rs=1&amp;pid=ImgDetMain\" alt=\"Q235nh Vremea Rezisten\u021b\u0103 canelat fibra de ciment Consiliul de intemperii\" width=\"549\" height=\"549\" \/><\/a><\/p>","protected":false},"excerpt":{"rendered":"<p>O\u021belul Q235NH Weathering ofer\u0103 solu\u021bii de calitate pentru industria construc\u021biilor cu rezisten\u021b\u0103 excelent\u0103 la coroziune \u0219i rezisten\u021b\u0103. Afla\u021bi mai multe pentru a v\u0103 ajuta proiectul s\u0103 aib\u0103 succes.<\/p>","protected":false},"featured_media":1554,"comment_status":"open","ping_status":"closed","template":"","meta":{"_eb_attr":"","_monsterinsights_skip_tracking":false,"_monsterinsights_sitenote_active":false,"_monsterinsights_sitenote_note":"","_monsterinsights_sitenote_category":0,"_uf_show_specific_survey":0,"_uf_disable_surveys":false},"product_brand":[],"product_cat":[21],"product_tag":[],"class_list":{"0":"post-1553","1":"product","2":"type-product","3":"status-publish","4":"has-post-thumbnail","6":"product_cat-weather-resistant-steel-plate","8":"first","9":"instock","10":"shipping-taxable","11":"product-type-simple"},"_links":{"self":[{"href":"https:\/\/keweicorten.com\/ro\/wp-json\/wp\/v2\/product\/1553"}],"collection":[{"href":"https:\/\/keweicorten.com\/ro\/wp-json\/wp\/v2\/product"}],"about":[{"href":"https:\/\/keweicorten.com\/ro\/wp-json\/wp\/v2\/types\/product"}],"replies":[{"embeddable":true,"href":"https:\/\/keweicorten.com\/ro\/wp-json\/wp\/v2\/comments?post=1553"}],"version-history":[{"count":1,"href":"https:\/\/keweicorten.com\/ro\/wp-json\/wp\/v2\/product\/1553\/revisions"}],"predecessor-version":[{"id":1555,"href":"https:\/\/keweicorten.com\/ro\/wp-json\/wp\/v2\/product\/1553\/revisions\/1555"}],"wp:featuredmedia":[{"embeddable":true,"href":"https:\/\/keweicorten.com\/ro\/wp-json\/wp\/v2\/media\/1554"}],"wp:attachment":[{"href":"https:\/\/keweicorten.com\/ro\/wp-json\/wp\/v2\/media?parent=1553"}],"wp:term":[{"taxonomy":"product_brand","embeddable":true,"href":"https:\/\/keweicorten.com\/ro\/wp-json\/wp\/v2\/product_brand?post=1553"},{"taxonomy":"product_cat","embeddable":true,"href":"https:\/\/keweicorten.com\/ro\/wp-json\/wp\/v2\/product_cat?post=1553"},{"taxonomy":"product_tag","embeddable":true,"href":"https:\/\/keweicorten.com\/ro\/wp-json\/wp\/v2\/product_tag?post=1553"}],"curies":[{"name":"wp","href":"https:\/\/api.w.org\/{rel}","templated":true}]}}