{"id":1556,"date":"2024-09-27T02:43:16","date_gmt":"2024-09-27T02:43:16","guid":{"rendered":"https:\/\/keweicorten.com\/?post_type=product&#038;p=1556"},"modified":"2024-09-27T02:45:40","modified_gmt":"2024-09-27T02:45:40","slug":"a588-otel-rezistent-la-intemperii","status":"publish","type":"product","link":"https:\/\/keweicorten.com\/ro\/a588-otel-rezistent-la-intemperii\/","title":{"rendered":"a588 o\u021bel rezistent la intemperii"},"content":{"rendered":"<div class=\"layui-field-box\">\n<p>O\u021belul A588 pentru intemperii este un tip de o\u021bel foarte popular \u0219i utilizat pe scar\u0103 larg\u0103 \u00een diverse industrii datorit\u0103 propriet\u0103\u021bilor sale de rezisten\u021b\u0103 ridicat\u0103, durabilitate \u0219i rezisten\u021b\u0103 la coroziune. Este un o\u021bel slab aliat care con\u021bine cupru, crom, nichel \u0219i alte elemente care ofer\u0103 o rezisten\u021b\u0103 excelent\u0103 la intemperii. Acest o\u021bel este adesea utilizat \u00een aplica\u021bii de construc\u021bie \u00een aer liber, cum ar fi poduri, cl\u0103diri \u0219i alte structuri.<\/p>\n<table class=\"all magic-1\" style=\"height: 234px;\" width=\"989\">\n<tbody>\n<tr>\n<td colspan=\"1\" rowspan=\"1\">\n<div class=\"magic-2\" data-spm-anchor-id=\"a2700.details.0.i41.6deeb7e3IgOhEQ\"><span style=\"font-family: Times New Roman, Times; font-size: large;\">Articolul<\/span><\/div>\n<\/td>\n<td colspan=\"3\" rowspan=\"1\">\n<div class=\"magic-3\"><span style=\"font-family: Times New Roman, Times; font-size: large;\">A588 garde Plac\u0103 de o\u021bel rezistent\u0103 la intemperii<\/span><\/div>\n<\/td>\n<\/tr>\n<tr>\n<td colspan=\"1\" rowspan=\"1\">\n<div class=\"magic-2\"><span style=\"font-family: Times New Roman, Times; font-size: large;\">Grad<\/span><\/div>\n<\/td>\n<td colspan=\"3\" rowspan=\"1\">\n<div class=\"magic-3\"><span style=\"font-family: Times New Roman, Times; font-size: large;\">09CuPCrNi-A,09CuP, 09CuPCrNiA, 09CrCuSb Q355NH,Q460NH,Q345GNHL,Q355GNH,Q345GNH,Q295NH,Q310GNH,Q345NH,Q235NH,Q500NH,Q235GNH,Q550NH<br \/>\n<\/span><\/div>\n<div class=\"magic-3\"><span style=\"font-family: Times New Roman, Times; font-size: large;\">,Q265GNH,Q295GNH,Q450NQR1A,S355J0W,S355J2WP,S355J2W,S235J0W,SPA-H<br \/>\nB480GNQR<\/span><\/p>\n<div><span style=\"font-family: Times New Roman, Times; font-size: large;\">CortenA, CortenB<\/span><\/div>\n<\/div>\n<\/td>\n<\/tr>\n<tr>\n<td colspan=\"1\" rowspan=\"1\">\n<div class=\"magic-2\"><span style=\"font-family: Times New Roman, Times; font-size: large;\">Aplica\u021bie<\/span><\/div>\n<\/td>\n<td colspan=\"3\" rowspan=\"1\">\n<div class=\"magic-3\"><span style=\"font-family: Times New Roman, Times; font-size: large;\">Acesta poate fi utilizat \u00een placa de podea, containere, co\u0219uri de centrale electrice, inginerie feroviar\u0103 \u0219i alte o\u021beluri \u00een aer liber, cum ar fi o\u021belul de sculptur\u0103 mare \u00een aer liber.<\/span><\/div>\n<\/td>\n<\/tr>\n<tr>\n<td colspan=\"1\" rowspan=\"1\">\n<div class=\"magic-2\"><span style=\"font-family: Times New Roman, Times; font-size: large;\">Mostr\u0103<\/span><\/div>\n<\/td>\n<td colspan=\"3\" rowspan=\"1\">\n<div class=\"magic-5\"><span style=\"font-family: Times New Roman, Times; font-size: large;\">E\u0219antionul este disponibil<\/span><\/div>\n<\/td>\n<\/tr>\n<\/tbody>\n<\/table>\n<h2>A588 Avantajele pl\u0103cii de o\u021bel pentru intemperii<\/h2>\n<p>Exist\u0103 mai multe beneficii asociate cu placa de o\u021bel A588 Corten care \u00eei permit s\u0103 fie utilizat\u0103 pentru aplica\u021bii industriale \u00een \u00eentreaga lume. Beneficiile pl\u0103cii de o\u021bel pentru intemperii A588 includ:<\/p>\n<ul>\n<li>\u00centre\u021binere redus\u0103<\/li>\n<li>Reducerea costurilor<\/li>\n<li>Viteza de construc\u021bie<\/li>\n<li>Siguran\u021b\u0103<\/li>\n<li>Ecologic<\/li>\n<li>Estetic atr\u0103g\u0103tor<\/li>\n<\/ul>\n<table style=\"font-weight: 400;\">\n<tbody>\n<tr>\n<td style=\"font-weight: 400;\" colspan=\"1\" rowspan=\"1\">\n<p data-spm-anchor-id=\"a2700.pc-decorate.0.i44.8e343333yaYbbo\">Numele produsului<\/p>\n<\/td>\n<td style=\"font-weight: 400;\" colspan=\"1\" rowspan=\"1\">Plac\u0103 de o\u021bel rezistent\u0103 la intemperii<\/td>\n<\/tr>\n<tr>\n<td style=\"font-weight: 400;\" colspan=\"1\" rowspan=\"3\">\n<p data-spm-anchor-id=\"a2700.pc-decorate.0.i26.8e343333yaYbbo\">Specifica\u021bii<\/p>\n<\/td>\n<td style=\"font-weight: 400;\" colspan=\"1\" rowspan=\"1\">\n<p data-spm-anchor-id=\"0.0.0.i10.3e8c4f05UxthN7\">Grosime: 1mm-100mm<\/p>\n<\/td>\n<\/tr>\n<tr>\n<td style=\"font-weight: 400;\" colspan=\"1\" rowspan=\"1\">L\u0103\u021bime: \u22643000mm<\/td>\n<\/tr>\n<tr>\n<td style=\"font-weight: 400;\" colspan=\"1\" rowspan=\"1\">Lungime: \u226412000mm<\/td>\n<\/tr>\n<tr>\n<td style=\"font-weight: 400;\" colspan=\"1\" rowspan=\"1\">\n<p data-spm-anchor-id=\"0.0.0.i16.3e8c4f05UxthN7\">Tehnic\u0103<\/p>\n<\/td>\n<td style=\"font-weight: 400;\" colspan=\"1\" rowspan=\"1\">Laminate la cald<\/td>\n<\/tr>\n<tr>\n<td style=\"font-weight: 400;\" colspan=\"1\" rowspan=\"1\">Suprafa\u021b\u0103<\/td>\n<td style=\"font-weight: 400;\" colspan=\"1\" rowspan=\"1\">Tratarea ruginii, cur\u0103\u021bare, sablare sau \u00een func\u021bie de cerin\u021bele clientului<\/td>\n<\/tr>\n<\/tbody>\n<\/table>\n<p><a href=\"https:\/\/keweicorten.com\/ro\/produse\/\"><img fetchpriority=\"high\" decoding=\"async\" class=\"alignnone\" title=\"Personalizat ASTM A588 \" src=\"https:\/\/www.shipbuilding-plate.com\/uploads\/202230316\/astm-a588-steel-plate33020225533.jpg\" alt=\"Furnizori personaliza\u021bi de pl\u0103ci de o\u021bel ASTM A588 - Pre\u021b cu ridicata -keweicorten\" width=\"650\" height=\"650\" \/><\/a><\/p>\n<p><img decoding=\"async\" class=\"alignnone\" title=\"A588 garde Plac\u0103 de o\u021bel rezistent\u0103 la intemperii\" src=\"https:\/\/sc04.alicdn.com\/kf\/H9a942ed341824d248078e5b222d679c6J\/267682295\/H9a942ed341824d248078e5b222d679c6J.jpg\" alt=\"A588 garde Weather Resistant Steel Plate pre\u021b, produc\u0103tori, furnizori, personalizate-keweicorten\" width=\"650\" height=\"390\" \/><\/p>\n<\/div>","protected":false},"excerpt":{"rendered":"<p>O\u021belul A588 este un material fiabil \u0219i durabil care ofer\u0103 o rezisten\u021b\u0103 excelent\u0103 \u0219i rezisten\u021b\u0103 la factorii de mediu. Este un material versatil care poate fi utilizat \u00eentr-o varietate de aplica\u021bii \u0219i ofer\u0103 beneficii de lung\u0103 durat\u0103 pentru cei care \u00eel folosesc. Ca atare, este o alegere excelent\u0103 pentru oricine caut\u0103 un material fiabil \u0219i rentabil pentru proiectele lor de construc\u021bie.<\/p>","protected":false},"featured_media":1557,"comment_status":"open","ping_status":"closed","template":"","meta":{"_eb_attr":"","_monsterinsights_skip_tracking":false,"_monsterinsights_sitenote_active":false,"_monsterinsights_sitenote_note":"","_monsterinsights_sitenote_category":0,"_uf_show_specific_survey":0,"_uf_disable_surveys":false},"product_brand":[],"product_cat":[21],"product_tag":[],"class_list":{"0":"post-1556","1":"product","2":"type-product","3":"status-publish","4":"has-post-thumbnail","6":"product_cat-weather-resistant-steel-plate","8":"first","9":"instock","10":"shipping-taxable","11":"product-type-simple"},"_links":{"self":[{"href":"https:\/\/keweicorten.com\/ro\/wp-json\/wp\/v2\/product\/1556"}],"collection":[{"href":"https:\/\/keweicorten.com\/ro\/wp-json\/wp\/v2\/product"}],"about":[{"href":"https:\/\/keweicorten.com\/ro\/wp-json\/wp\/v2\/types\/product"}],"replies":[{"embeddable":true,"href":"https:\/\/keweicorten.com\/ro\/wp-json\/wp\/v2\/comments?post=1556"}],"version-history":[{"count":2,"href":"https:\/\/keweicorten.com\/ro\/wp-json\/wp\/v2\/product\/1556\/revisions"}],"predecessor-version":[{"id":1559,"href":"https:\/\/keweicorten.com\/ro\/wp-json\/wp\/v2\/product\/1556\/revisions\/1559"}],"wp:featuredmedia":[{"embeddable":true,"href":"https:\/\/keweicorten.com\/ro\/wp-json\/wp\/v2\/media\/1557"}],"wp:attachment":[{"href":"https:\/\/keweicorten.com\/ro\/wp-json\/wp\/v2\/media?parent=1556"}],"wp:term":[{"taxonomy":"product_brand","embeddable":true,"href":"https:\/\/keweicorten.com\/ro\/wp-json\/wp\/v2\/product_brand?post=1556"},{"taxonomy":"product_cat","embeddable":true,"href":"https:\/\/keweicorten.com\/ro\/wp-json\/wp\/v2\/product_cat?post=1556"},{"taxonomy":"product_tag","embeddable":true,"href":"https:\/\/keweicorten.com\/ro\/wp-json\/wp\/v2\/product_tag?post=1556"}],"curies":[{"name":"wp","href":"https:\/\/api.w.org\/{rel}","templated":true}]}}