{"id":1613,"date":"2024-09-29T01:53:19","date_gmt":"2024-09-29T01:53:19","guid":{"rendered":"https:\/\/keweicorten.com\/?post_type=product&#038;p=1613"},"modified":"2024-09-29T01:53:19","modified_gmt":"2024-09-29T01:53:19","slug":"grad-b-placa-de-otel-corten","status":"publish","type":"product","link":"https:\/\/keweicorten.com\/ro\/grad-b-placa-de-otel-corten\/","title":{"rendered":"Placa de o\u021bel Corten de gradul B"},"content":{"rendered":"<div>\n<p>Placa de o\u021bel Corten de grad B este un o\u021bel structural de \u00eenalt\u0103 rezisten\u021b\u0103, slab aliat, care este cunoscut pentru propriet\u0103\u021bile sale rezistente la intemperii, ceea ce \u00eel face ideal pentru aplica\u021bii \u00een aer liber. Iat\u0103 c\u00e2teva caracteristici cheie:<\/p>\n<ol>\n<li><strong>Rezisten\u021b\u0103 la intemperii<\/strong>: O\u021belul Corten dezvolt\u0103 un strat protector de rugin\u0103 care previne coroziunea ulterioar\u0103, motiv pentru care este adesea utilizat \u00een aplica\u021bii arhitecturale \u0219i structuri exterioare.<\/li>\n<li><strong>Propriet\u0103\u021bi mecanice<\/strong>: De obicei, are o limit\u0103 de curgere de aproximativ 50 ksi (345 MPa) \u0219i o rezisten\u021b\u0103 la trac\u021biune de 70 ksi (483 MPa).<\/li>\n<li><strong>Aplica\u021bii<\/strong>: Utilizat frecvent \u00een poduri, cl\u0103diri \u0219i sculpturi, precum \u0219i \u00een mobilierul de exterior \u0219i instala\u021biile de art\u0103.<\/li>\n<li><strong>Sudare \u0219i fabricare<\/strong>: Poate fi sudat folosind tehnici standard de sudare, dar pre\u00eenc\u0103lzirea poate fi necesar\u0103 \u00een unele cazuri pentru a evita fisurarea.<\/li>\n<li><strong>Terminare<\/strong>: Culoarea ruginie natural\u0103 ofer\u0103 un apel estetic, adesea dorit \u00een arhitectura modern\u0103.<\/li>\n<\/ol>\n<h3 data-fontsize=\"19\" data-lineheight=\"26.79px\">Specifica\u021bii pentru o\u021bel Corten ASTM A588 Grad B Plac\u0103 \u0219i foaie<\/h3>\n<\/div>\n<div>\n<table style=\"height: 494px;\" border=\"1\" width=\"716\" cellspacing=\"0\" cellpadding=\"0\">\n<tbody>\n<tr>\n<td>\n<h4 data-fontsize=\"14\" data-lineheight=\"20.02px\">Articolul<\/h4>\n<\/td>\n<td>\n<h4 data-fontsize=\"14\" data-lineheight=\"20.02px\">O\u021bel Corten<\/h4>\n<\/td>\n<\/tr>\n<tr>\n<td>\n<h4 data-fontsize=\"14\" data-lineheight=\"20.02px\">Standard<\/h4>\n<\/td>\n<td>\n<h4 data-fontsize=\"14\" data-lineheight=\"20.02px\">ASTM A588, A242, EN 10027-1, CR 10260 &amp; IRSM<\/h4>\n<\/td>\n<\/tr>\n<tr>\n<td>\n<h4 data-fontsize=\"14\" data-lineheight=\"20.02px\">Material<\/h4>\n<\/td>\n<td>\n<h4 data-fontsize=\"14\" data-lineheight=\"20.02px\">Corten A , Corten B , S235J0W , S235J2W , S355J0WP , S355J0W , S355J2W , S355K2W , A588 Grade A , A588 Grade B , A588 Grade C , A242 Type 1 , A 588 Gr. K , A 242 Type-2 , IRSM-41<\/h4>\n<\/td>\n<\/tr>\n<tr>\n<td>\n<h4 data-fontsize=\"14\" data-lineheight=\"20.02px\">Grosime<\/h4>\n<\/td>\n<td>\n<h4 data-fontsize=\"14\" data-lineheight=\"20.02px\">0.3-500mm<\/h4>\n<\/td>\n<\/tr>\n<tr>\n<td>\n<h4 data-fontsize=\"14\" data-lineheight=\"20.02px\">L\u0103\u021bime<\/h4>\n<\/td>\n<td>\n<h4 data-fontsize=\"14\" data-lineheight=\"20.02px\">1000-3500 mm<\/h4>\n<\/td>\n<\/tr>\n<tr>\n<td>\n<h4 data-fontsize=\"14\" data-lineheight=\"20.02px\">Lungime<\/h4>\n<\/td>\n<td>\n<h4 data-fontsize=\"14\" data-lineheight=\"20.02px\">1000 - 12000 mm<\/h4>\n<\/td>\n<\/tr>\n<\/tbody>\n<\/table>\n<div class=\"uvc-main-heading ult-responsive\" data-ultimate-target=\".uvc-heading.ultimate-heading-772166f8b0eb826fe h2\" data-responsive-json-new=\"{&quot;font-size&quot;:&quot;&quot;,&quot;line-height&quot;:&quot;&quot;}\">\n<p><strong>Placa Corten B Grad echivalent<\/strong><\/p>\n<\/div>\n<div class=\"uvc-sub-heading ult-responsive\" data-ultimate-target=\".uvc-heading.ultimate-heading-772166f8b0eb826fe .uvc-sub-heading \" data-responsive-json-new=\"{&quot;font-size&quot;:&quot;&quot;,&quot;line-height&quot;:&quot;&quot;}\">\n<table style=\"height: 46px;\" width=\"715\">\n<tbody>\n<tr>\n<td width=\"308\"><strong>Grad de o\u021bel<\/strong><\/td>\n<td width=\"308\"><strong>EN 10025-5:2004<\/strong><\/td>\n<\/tr>\n<tr>\n<td width=\"308\">COR-TEN B<\/td>\n<td width=\"308\">S355J0W \u0219i S355J2W<\/td>\n<\/tr>\n<\/tbody>\n<\/table>\n<div class=\"three\">Gama de dimensiuni a pl\u0103cii ASTM A588 gr.B<\/div>\n<div class=\"table-responsive\">\n<table class=\"table table-bordered table-striped table-hover\" style=\"height: 190px;\" width=\"712\">\n<thead>\n<tr>\n<th colspan=\"1\">GRAD<\/th>\n<th colspan=\"1\">TIP DE PRODUS<\/th>\n<th colspan=\"1\">LUNGIME<br \/>\n(\u00een)<\/th>\n<th colspan=\"1\">GROSIME<br \/>\n(\u00een)<\/th>\n<th colspan=\"1\">LUNGIME<br \/>\n(\u00een)<\/th>\n<\/tr>\n<\/thead>\n<tbody>\n<tr data-index=\"1\" data-offset=\"0\">\n<td rowspan=\"1\">Nota B<\/td>\n<td rowspan=\"1\">Farfurie<\/td>\n<td rowspan=\"1\">72 - 120<\/td>\n<td rowspan=\"1\">0.250 - 2.000<\/td>\n<td rowspan=\"1\">240 - 1020<\/td>\n<\/tr>\n<tr data-index=\"0\" data-offset=\"0\">\n<td rowspan=\"1\">Nota B<\/td>\n<td rowspan=\"1\">Farfurie<\/td>\n<td rowspan=\"1\">72 - 96<\/td>\n<td rowspan=\"1\">0.188 - 0.500<\/td>\n<td rowspan=\"1\">240 - 720<\/td>\n<\/tr>\n<tr data-index=\"2\" data-offset=\"0\">\n<td rowspan=\"1\">Nota B<\/td>\n<td rowspan=\"1\">Farfurie<\/td>\n<td rowspan=\"1\">72 - 131.9<\/td>\n<td rowspan=\"1\">2.01 - 4.90<\/td>\n<td rowspan=\"1\">240 - 1020<\/td>\n<\/tr>\n<\/tbody>\n<\/table>\n<p><a href=\"https:\/\/keweicorten.com\/ro\/produse\/\"><img fetchpriority=\"high\" decoding=\"async\" class=\"alignnone\" title=\" ASTM A588 Gradul B \" src=\"https:\/\/th.bing.com\/th\/id\/OIP.ejT7J32EJYNbQj05jy0v0AAAAA?rs=1&amp;pid=ImgDetMain\" alt=\"Aplicarea pl\u0103cilor de o\u021bel corten ASTM A588 Grade B \u00een proiectarea peisajului\" width=\"573\" height=\"370\" \/><\/a><\/p>\n<p><a href=\"https:\/\/keweicorten.com\/ro\/contactati-ne\/\"><img decoding=\"async\" class=\"alignnone\" title=\" ASTM A588 Gradul B \" src=\"https:\/\/www.gescosteel.com\/photo\/ps32365492-grade_b_corten_steel_plate.jpg\" alt=\"Placa de o\u021bel Corten de gradul B\" width=\"700\" height=\"499\" \/><\/a><\/p>\n<\/div>\n<\/div>\n<\/div>","protected":false},"excerpt":{"rendered":"<p>Placa de o\u021bel ASTM A588 Grade B Corten este un o\u021bel structural cu rezisten\u021b\u0103 ridicat\u0103, slab aliat, proiectat pentru aplica\u021bii \u00een care rezisten\u021ba la coroziunea atmosferic\u0103 este esen\u021bial\u0103.<\/p>","protected":false},"featured_media":1614,"comment_status":"open","ping_status":"closed","template":"","meta":{"_eb_attr":"","_monsterinsights_skip_tracking":false,"_monsterinsights_sitenote_active":false,"_monsterinsights_sitenote_note":"","_monsterinsights_sitenote_category":0,"_uf_show_specific_survey":0,"_uf_disable_surveys":false},"product_brand":[],"product_cat":[21],"product_tag":[],"class_list":{"0":"post-1613","1":"product","2":"type-product","3":"status-publish","4":"has-post-thumbnail","6":"product_cat-weather-resistant-steel-plate","8":"first","9":"instock","10":"shipping-taxable","11":"product-type-simple"},"_links":{"self":[{"href":"https:\/\/keweicorten.com\/ro\/wp-json\/wp\/v2\/product\/1613"}],"collection":[{"href":"https:\/\/keweicorten.com\/ro\/wp-json\/wp\/v2\/product"}],"about":[{"href":"https:\/\/keweicorten.com\/ro\/wp-json\/wp\/v2\/types\/product"}],"replies":[{"embeddable":true,"href":"https:\/\/keweicorten.com\/ro\/wp-json\/wp\/v2\/comments?post=1613"}],"version-history":[{"count":1,"href":"https:\/\/keweicorten.com\/ro\/wp-json\/wp\/v2\/product\/1613\/revisions"}],"predecessor-version":[{"id":1615,"href":"https:\/\/keweicorten.com\/ro\/wp-json\/wp\/v2\/product\/1613\/revisions\/1615"}],"wp:featuredmedia":[{"embeddable":true,"href":"https:\/\/keweicorten.com\/ro\/wp-json\/wp\/v2\/media\/1614"}],"wp:attachment":[{"href":"https:\/\/keweicorten.com\/ro\/wp-json\/wp\/v2\/media?parent=1613"}],"wp:term":[{"taxonomy":"product_brand","embeddable":true,"href":"https:\/\/keweicorten.com\/ro\/wp-json\/wp\/v2\/product_brand?post=1613"},{"taxonomy":"product_cat","embeddable":true,"href":"https:\/\/keweicorten.com\/ro\/wp-json\/wp\/v2\/product_cat?post=1613"},{"taxonomy":"product_tag","embeddable":true,"href":"https:\/\/keweicorten.com\/ro\/wp-json\/wp\/v2\/product_tag?post=1613"}],"curies":[{"name":"wp","href":"https:\/\/api.w.org\/{rel}","templated":true}]}}