{"id":1616,"date":"2024-09-29T02:11:45","date_gmt":"2024-09-29T02:11:45","guid":{"rendered":"https:\/\/keweicorten.com\/?post_type=product&#038;p=1616"},"modified":"2024-09-29T02:11:45","modified_gmt":"2024-09-29T02:11:45","slug":"tabla-de-otel-corten-laminata-la-cald","status":"publish","type":"product","link":"https:\/\/keweicorten.com\/ro\/tabla-de-otel-corten-laminata-la-cald\/","title":{"rendered":"Foaie de o\u021bel Corten laminat\u0103 la cald"},"content":{"rendered":"<p><strong>Specifica\u021biile foii de o\u021bel Corten laminate la cald (plac\u0103 de o\u021bel Corten) includ de obicei urm\u0103toarele aspecte:<\/strong><\/p>\n<p>Grosimea: Grosimea obi\u0219nuit\u0103 variaz\u0103 de la 3 mm la 25 mm.<br \/>\nDimensiuni: Dimensiunile comune sunt 1000mm x 2000mm, 1250mm x 2500mm, etc.<br \/>\nCompozi\u021bie chimic\u0103: De obicei con\u021bine fier, cupru, nichel, crom \u0219i alte elemente pentru a spori rezisten\u021ba la coroziune.<br \/>\nStandard: \u00cen conformitate cu ASTM A588, A242 \u0219i alte standarde.<\/p>\n<table border=\"1\" cellspacing=\"0\">\n<tbody>\n<tr>\n<td>Produs<\/td>\n<td>Foaie de o\u021bel Corten laminat\u0103 la cald<\/td>\n<\/tr>\n<tr>\n<td>Grosime<\/td>\n<td>2-100mm sau cererea clientului<\/td>\n<\/tr>\n<tr>\n<td>M\u0103rime<\/td>\n<td>1000-3000mm 1250mm 1500mm 2000mm \u0219i ca client<\/td>\n<\/tr>\n<tr>\n<td>Aplica\u021bie<\/td>\n<td>vehicule, containere, cl\u0103diri, turnuri \u0219i alte structuri cu \u0219uruburi, nituri \u0219i sudur\u0103 a p\u0103r\u021bilor structurale<\/td>\n<\/tr>\n<tr>\n<td>Suprafa\u021b\u0103<\/td>\n<td>Negru sau argintiu<\/td>\n<\/tr>\n<tr>\n<td>Material<\/td>\n<td>SPA-H, Q235NH, Q355NH, Q355GNH, 09CuPCrNiA, Corten A, CortenB, SMA400AW\/BW\/CW, SAM490AW\/BW\/CW\/, SAM570W\/P<\/td>\n<\/tr>\n<tr>\n<td>Origine<\/td>\n<td>POSCO, JISCO, TISCO, LISCO, BAOSTEEL etc.<\/td>\n<\/tr>\n<tr>\n<td>Mod de ambalare<\/td>\n<td>PVC + h\u00e2rtie impermeabil\u0103 + pachet puternic din lemn rezistent la mare<\/td>\n<\/tr>\n<tr>\n<td>Pia\u021ba principal\u0103<\/td>\n<td>Orientul Mijlociu, Africa, America de Nord \u0219i de Sud, Europa de Est \u0219i de Vest<\/td>\n<\/tr>\n<tr>\n<td>Livrare Port<\/td>\n<td>Qingdao, Tianjin, Shanghai<\/td>\n<\/tr>\n<tr>\n<td>Termen de livrare<\/td>\n<td>FOB\/CIF\/CFR<\/td>\n<\/tr>\n<tr>\n<td>Timp de livrare<\/td>\n<td>\u00cen 10-15 zile de la primirea depozitului<\/td>\n<\/tr>\n<\/tbody>\n<\/table>\n<p><strong>Caracteristicile de performan\u021b\u0103 ale foii de o\u021bel Corten laminate la cald includ:<\/strong><\/p>\n<p>Rezisten\u021b\u0103 la coroziune:<\/p>\n<p>Suprafa\u021ba din o\u021bel Corten va forma un strat stabil de rugin\u0103, poate rezista eficient coroziunii ulterioare, potrivit pentru utilizarea \u00een exterior.<br \/>\nRezisten\u021b\u0103 ridicat\u0103:<\/p>\n<p>Are o rezisten\u021b\u0103 ridicat\u0103 la trac\u021biune \u0219i la curgere \u0219i poate rezista la sarcini mari.<br \/>\nSudabilitate excelent\u0103:<\/p>\n<p>Acesta poate fi prelucrat prin sudare \u0219i alte metode de prelucrare pentru a satisface o varietate de cerin\u021be de aplicare.<br \/>\nDuctilitate bun\u0103:<\/p>\n<p>Cu ductilitate bun\u0103, potrivit\u0103 pentru prelucrarea prin turnare.<br \/>\nAspect frumos:<\/p>\n<p>\u00cen timp, culoarea natural\u0103 se schimb\u0103 din cauza ruginii de suprafa\u021b\u0103, conferindu-i un aspect artistic unic.<br \/>\nPerforman\u021ba tratamentului termic:<\/p>\n<p>Nu este necesar un tratament termic special, dar propriet\u0103\u021bile mecanice bune sunt men\u021binute \u0219i dup\u0103 prelucrare.<br \/>\nRezisten\u021b\u0103 la uzur\u0103:<\/p>\n<p>Prezint\u0103 o bun\u0103 rezisten\u021b\u0103 la uzur\u0103 \u00een unele aplica\u021bii.<\/p>\n<p><a href=\"https:\/\/keweicorten.com\/ro\/produse\/\"><img fetchpriority=\"high\" decoding=\"async\" class=\"alignnone\" title=\"Foaie de o\u021bel Corten laminat\u0103 la cald\" src=\"https:\/\/th.bing.com\/th\/id\/OIP.jzXn_qdaUc_AuFmyzx-ysgHaHa?rs=1&amp;pid=ImgDetMain\" alt=\"Laminate la cald Corten Steel Sheet Metal acoperit pre\u021bul de suprafa\u021b\u0103\" width=\"550\" height=\"550\" \/><\/a><\/p>\n<p><a href=\"https:\/\/keweicorten.com\/ro\/produse\/\"><img decoding=\"async\" class=\"alignnone\" title=\"Foaie de o\u021bel Corten laminat\u0103 la cald\" src=\"https:\/\/th.bing.com\/th\/id\/OIP.PGlPvUX5GtZLs4uk-2FJewHaHa?rs=1&amp;pid=ImgDetMain\" alt=\" Hot Rolled Corten Steel Sheet Furnizori \u0219i produc\u0103tori - China ...\" width=\"550\" height=\"550\" \/><\/a><\/p>","protected":false},"excerpt":{"rendered":"<p>Oferim foi de o\u021bel de \u00eenalt\u0103 calitate, laminate la cald, rezistente la intemperii, pentru o gam\u0103 larg\u0103 de proiecte de inginerie, asigur\u00e2nd durabilitate \u0219i estetic\u0103 superioare. Ob\u021bine\u021bi mai multe informa\u021bii acum.<\/p>","protected":false},"featured_media":1617,"comment_status":"open","ping_status":"closed","template":"","meta":{"_eb_attr":"","_monsterinsights_skip_tracking":false,"_monsterinsights_sitenote_active":false,"_monsterinsights_sitenote_note":"","_monsterinsights_sitenote_category":0,"_uf_show_specific_survey":0,"_uf_disable_surveys":false},"product_brand":[],"product_cat":[21],"product_tag":[],"class_list":{"0":"post-1616","1":"product","2":"type-product","3":"status-publish","4":"has-post-thumbnail","6":"product_cat-weather-resistant-steel-plate","8":"first","9":"instock","10":"shipping-taxable","11":"product-type-simple"},"_links":{"self":[{"href":"https:\/\/keweicorten.com\/ro\/wp-json\/wp\/v2\/product\/1616"}],"collection":[{"href":"https:\/\/keweicorten.com\/ro\/wp-json\/wp\/v2\/product"}],"about":[{"href":"https:\/\/keweicorten.com\/ro\/wp-json\/wp\/v2\/types\/product"}],"replies":[{"embeddable":true,"href":"https:\/\/keweicorten.com\/ro\/wp-json\/wp\/v2\/comments?post=1616"}],"version-history":[{"count":1,"href":"https:\/\/keweicorten.com\/ro\/wp-json\/wp\/v2\/product\/1616\/revisions"}],"predecessor-version":[{"id":1618,"href":"https:\/\/keweicorten.com\/ro\/wp-json\/wp\/v2\/product\/1616\/revisions\/1618"}],"wp:featuredmedia":[{"embeddable":true,"href":"https:\/\/keweicorten.com\/ro\/wp-json\/wp\/v2\/media\/1617"}],"wp:attachment":[{"href":"https:\/\/keweicorten.com\/ro\/wp-json\/wp\/v2\/media?parent=1616"}],"wp:term":[{"taxonomy":"product_brand","embeddable":true,"href":"https:\/\/keweicorten.com\/ro\/wp-json\/wp\/v2\/product_brand?post=1616"},{"taxonomy":"product_cat","embeddable":true,"href":"https:\/\/keweicorten.com\/ro\/wp-json\/wp\/v2\/product_cat?post=1616"},{"taxonomy":"product_tag","embeddable":true,"href":"https:\/\/keweicorten.com\/ro\/wp-json\/wp\/v2\/product_tag?post=1616"}],"curies":[{"name":"wp","href":"https:\/\/api.w.org\/{rel}","templated":true}]}}