{"id":1648,"date":"2024-09-30T06:36:19","date_gmt":"2024-09-30T06:36:19","guid":{"rendered":"https:\/\/keweicorten.com\/?post_type=product&#038;p=1648"},"modified":"2024-09-30T06:36:19","modified_gmt":"2024-09-30T06:36:19","slug":"q295nh-panouri-din-otel-corten-rezistente-la-intemperii","status":"publish","type":"product","link":"https:\/\/keweicorten.com\/ro\/q295nh-panouri-din-otel-corten-rezistente-la-intemperii\/","title":{"rendered":"Q295NH Panouri din o\u021bel Corten rezistente la intemperii"},"content":{"rendered":"<p><strong>Caracteristicile de performan\u021b\u0103 ale panourilor din o\u021bel Corten Q295NH:<\/strong><\/p>\n<p>1. Rezisten\u021b\u0103 la intemperii:<br \/>\nStrat de rugin\u0103 autoprotector:<br \/>\nQ295NH formeaz\u0103 un strat stabil de oxid (patin\u0103) atunci c\u00e2nd este expus la condi\u021biile atmosferice, care previne coroziunea ulterioar\u0103. Aceast\u0103 patin\u0103 se dezvolt\u0103 \u00een timp, f\u0103c\u00e2nd materialul foarte rezistent la intemperii, f\u0103r\u0103 a fi nevoie de vopsire sau acoperiri suplimentare.<br \/>\nRezisten\u021b\u0103 la coroziune:<br \/>\nO\u021belul are o rezisten\u021b\u0103 sporit\u0103 la coroziunea atmosferic\u0103 \u00een compara\u021bie cu o\u021belul obi\u0219nuit, \u00een special \u00een medii cu umiditate variabil\u0103 \u0219i cicluri umed-uscat.<\/p>\n<p>2. Propriet\u0103\u021bi mecanice:<br \/>\nRezisten\u021ba la trac\u021biune: \u2265 490 MPa<br \/>\nRezisten\u021ba la \u00eentindere: \u2265 295 MPa<br \/>\nAlungire: \u2265 20%<br \/>\nAceste propriet\u0103\u021bi mecanice fac ca Q295NH s\u0103 fie potrivit pentru medii cu tensiuni ridicate, men\u021bin\u00e2nd \u00een acela\u0219i timp flexibilitatea \u0219i duritatea.<\/p>\n<p>3. Rezisten\u021ba la impact:<br \/>\nEnergie de impact: \u2265 27J la -20\u00b0C<br \/>\nAceast\u0103 rezisten\u021b\u0103 ridicat\u0103 la impact la temperaturi sc\u0103zute asigur\u0103 c\u0103 o\u021belul r\u0103m\u00e2ne durabil \u00een condi\u021bii climatice dificile.4. Durabilitate ridicat\u0103:**<br \/>\nDurat\u0103 lung\u0103 de via\u021b\u0103:<br \/>\nStratul de rugin\u0103 natural\u0103 ofer\u0103 protec\u021bie pe termen lung, ceea ce \u00eel face potrivit pentru aplica\u021bii \u00een exterior, cum ar fi fa\u021bade, poduri \u0219i elemente arhitecturale.<br \/>\n\u00centre\u021binere redus\u0103:<br \/>\nDatorit\u0103 stratului protector autoformant, nevoia de vopsire \u0219i \u00eentre\u021binere este minim\u0103.<\/p>\n<p>5. Sudabilitate:<br \/>\nQ295NH are o bun\u0103 sudabilitate, ceea ce \u00eel face u\u0219or de fabricat \u0219i de integrat \u00een structuri mari. Trebuie utilizate tehnici adecvate de sudare pentru a men\u021bine propriet\u0103\u021bile de rezisten\u021b\u0103 la intemperii.<\/p>\n<p>6. Adaptabilitatea atmosferic\u0103:<br \/>\nAdaptabil la climatele aspre:<br \/>\nO\u021belul func\u021bioneaz\u0103 bine at\u00e2t \u00een medii uscate, c\u00e2t \u0219i umede \u0219i poate rezista radia\u021biilor UV \u0219i polu\u0103rii.<br \/>\nDezvoltarea patinei:<br \/>\nPatina se dezvolt\u0103 mai rapid \u00een medii umede \u0219i uscate alternante, oferind o protec\u021bie \u00eembun\u0103t\u0103\u021bit\u0103 \u00een timp.<\/p>\n<p>7. Apelul estetic:<br \/>\nAspectul natural:<br \/>\nSuprafa\u021ba ruginit\u0103 are un aspect atr\u0103g\u0103tor, rustic, care este foarte dorit \u00een aplica\u021biile arhitecturale \u0219i de amenajare a teritoriului.<\/p>\n<p>8. Beneficii pentru mediu:<br \/>\nSustenabilitate:<br \/>\nPrin eliminarea nevoii de vopsire sau acoperire, Q295NH este considerat mai ecologic. Patina reduce degradarea o\u021belului, prelungindu-i ciclul de via\u021b\u0103 \u0219i reduc\u00e2nd nevoia de \u00eenlocuiri.<\/p>\n<p><a href=\"https:\/\/keweicorten.com\/ro\"><img fetchpriority=\"high\" decoding=\"async\" class=\"alignnone\" title=\"Q295NH Panouri din o\u021bel Corten rezistente la intemperii \" src=\"https:\/\/th.bing.com\/th\/id\/OIP._-rX8x76XtiJCvzh5ULlWwAAAA?rs=1&amp;pid=ImgDetMain\" alt=\"Q295NH Corten Steel Panels Weather Resistant Factory, china, pre\u021b, produc\u0103tori, \" width=\"600\" height=\"600\" \/><\/a><\/p>\n<p><a href=\"https:\/\/keweicorten.com\/ro\/produs\/paravane-de-gradina-din-corten\/\"><img decoding=\"async\" class=\"alignnone\" title=\"Q295NH Panouri din o\u021bel Corten rezistente la intemperii \" src=\"https:\/\/th.bing.com\/th\/id\/R.b85b66e6f1a03b187a7a190e3c04c310?rik=kKtgu8fkuFUPLA&amp;riu=http%3a%2f%2fwww.sdxawy.com%2fUploadFiles%2fOthers%2f201507081113359580278.jpg&amp;ehk=TFvcfO%2fBsrEHg0n7Qm9ZVT9EjVarZKMOBTpSW3Gm2LY%3d&amp;risl=&amp;pid=ImgRaw&amp;r=0\" alt=\"Q295NH Corten Steel Panels Weather Resistant Factory, china, pre\u021b, produc\u0103tori, \" width=\"601\" height=\"413\" \/><\/a><\/p>","protected":false},"excerpt":{"rendered":"<ul>\n<li><strong>Denumirea materialului:<\/strong> Q295NH O\u021bel Corten<\/li>\n<li><strong>Tip:<\/strong> O\u021bel rezistent la intemperii<\/li>\n<li><strong>Cerere:<\/strong> Panouri de construc\u021bie, structuri de exterior, poduri, mobilier de gr\u0103din\u0103 etc.<\/li>\n<\/ul>","protected":false},"featured_media":1649,"comment_status":"open","ping_status":"closed","template":"","meta":{"_eb_attr":"","_monsterinsights_skip_tracking":false,"_monsterinsights_sitenote_active":false,"_monsterinsights_sitenote_note":"","_monsterinsights_sitenote_category":0,"_uf_show_specific_survey":0,"_uf_disable_surveys":false},"product_brand":[],"product_cat":[21],"product_tag":[],"class_list":{"0":"post-1648","1":"product","2":"type-product","3":"status-publish","4":"has-post-thumbnail","6":"product_cat-weather-resistant-steel-plate","8":"first","9":"instock","10":"shipping-taxable","11":"product-type-simple"},"_links":{"self":[{"href":"https:\/\/keweicorten.com\/ro\/wp-json\/wp\/v2\/product\/1648"}],"collection":[{"href":"https:\/\/keweicorten.com\/ro\/wp-json\/wp\/v2\/product"}],"about":[{"href":"https:\/\/keweicorten.com\/ro\/wp-json\/wp\/v2\/types\/product"}],"replies":[{"embeddable":true,"href":"https:\/\/keweicorten.com\/ro\/wp-json\/wp\/v2\/comments?post=1648"}],"version-history":[{"count":1,"href":"https:\/\/keweicorten.com\/ro\/wp-json\/wp\/v2\/product\/1648\/revisions"}],"predecessor-version":[{"id":1650,"href":"https:\/\/keweicorten.com\/ro\/wp-json\/wp\/v2\/product\/1648\/revisions\/1650"}],"wp:featuredmedia":[{"embeddable":true,"href":"https:\/\/keweicorten.com\/ro\/wp-json\/wp\/v2\/media\/1649"}],"wp:attachment":[{"href":"https:\/\/keweicorten.com\/ro\/wp-json\/wp\/v2\/media?parent=1648"}],"wp:term":[{"taxonomy":"product_brand","embeddable":true,"href":"https:\/\/keweicorten.com\/ro\/wp-json\/wp\/v2\/product_brand?post=1648"},{"taxonomy":"product_cat","embeddable":true,"href":"https:\/\/keweicorten.com\/ro\/wp-json\/wp\/v2\/product_cat?post=1648"},{"taxonomy":"product_tag","embeddable":true,"href":"https:\/\/keweicorten.com\/ro\/wp-json\/wp\/v2\/product_tag?post=1648"}],"curies":[{"name":"wp","href":"https:\/\/api.w.org\/{rel}","templated":true}]}}