{"id":1729,"date":"2024-10-08T07:19:38","date_gmt":"2024-10-08T07:19:38","guid":{"rendered":"https:\/\/keweicorten.com\/?post_type=product&#038;p=1729"},"modified":"2025-01-15T06:19:42","modified_gmt":"2025-01-15T06:19:42","slug":"gratar-bbq-2","status":"publish","type":"product","link":"https:\/\/keweicorten.com\/ro\/gratar-bbq-2\/","title":{"rendered":"Gr\u0103tare din o\u021bel Corten"},"content":{"rendered":"<h2><strong>Caracteristici ale gr\u0103tarelor din o\u021bel Corten<\/strong>:<\/h2>\n<ol>\n<li><strong>Rezisten\u021b\u0103 la intemperii<\/strong>:\n<ul>\n<li>O\u021belul Corten este special conceput pentru a rezista la coroziune prin dezvoltarea unui strat protector de rugin\u0103. Acest lucru \u00eel face ideal pentru utilizarea \u00een exterior, unde gr\u0103tarele sunt expuse la diverse condi\u021bii meteorologice. Stratul de rugin\u0103 nu numai c\u0103 spore\u0219te durabilitatea gr\u0103tarului, dar \u00eei confer\u0103 \u0219i un aspect unic \u00een timp.<\/li>\n<\/ul>\n<\/li>\n<li><strong>Apelul estetic<\/strong>:\n<ul>\n<li>Tonurile bogate \u0219i p\u0103m\u00e2ntii ale o\u021belului \u00eenvechit se \u00eembin\u0103 perfect cu mediile naturale de exterior. Gr\u0103tarele din o\u021bel Corten sunt adesea alese pentru aspectul lor rustic \u0219i industrial, care evolueaz\u0103 pe m\u0103sur\u0103 ce o\u021belul \u00eemb\u0103tr\u00e2ne\u0219te \u0219i \u00ee\u0219i ad\u00e2nce\u0219te culoarea.<\/li>\n<\/ul>\n<\/li>\n<li><strong>Durabilitate<\/strong>:\n<ul>\n<li>O\u021belul Corten este foarte durabil \u0219i rezistent la intemperii. Stratul protector de rugin\u0103 previne coroziunea profund\u0103, asigur\u00e2nd o durat\u0103 de via\u021b\u0103 mai lung\u0103 a gr\u0103tarului dec\u00e2t a celor din o\u021bel sau fier obi\u0219nuit.<\/li>\n<\/ul>\n<\/li>\n<li><strong>\u00centre\u021binere redus\u0103<\/strong>:\n<ul>\n<li>Spre deosebire de gr\u0103tarele vopsite sau acoperite care pot necesita retu\u0219uri, gr\u0103tarele din o\u021bel Corten necesit\u0103 o \u00eentre\u021binere minim\u0103. Stratul natural de rugin\u0103 se \u00eentre\u021bine singur \u0219i nu trebuie vopsit sau sigilat.<\/li>\n<\/ul>\n<\/li>\n<li><strong>Reten\u021bia c\u0103ldurii<\/strong>:\n<ul>\n<li>O\u021belul corten are propriet\u0103\u021bi bune de re\u021binere a c\u0103ldurii, ceea ce \u00eel face un material excelent pentru gr\u0103tare. Ajut\u0103 la distribuirea uniform\u0103 a c\u0103ldurii pe suprafa\u021ba de g\u0103tit, asigur\u00e2ndu-se c\u0103 alimentele sunt g\u0103tite corespunz\u0103tor.<\/li>\n<\/ul>\n<\/li>\n<\/ol>\n<p><a href=\"https:\/\/keweicorten.com\/ro\"><img fetchpriority=\"high\" decoding=\"async\" class=\"alignnone\" title=\"gr\u0103tar bbq din o\u021bel corten\" src=\"https:\/\/sc04.alicdn.com\/kf\/H753466d0919a44c58cdec2fa46b567c7r\/253038816\/H753466d0919a44c58cdec2fa46b567c7r.jpg\" alt=\"o\u021bel corten bbq grill china pre\u021b de fabric\u0103 -keweicorten\" width=\"650\" height=\"650\" \/><\/a><\/p>\n<p><strong>Aplica\u021bii ale gropilor de foc din o\u021bel Corten:<\/strong><\/p>\n<ol>\n<li><strong>Gr\u0103tare pentru curte \u0219i gr\u0103din\u0103<\/strong><\/li>\n<li><strong>Utilizare comercial\u0103 \u0219i restaurant<\/strong><\/li>\n<li><strong>Foi\u0219oare cu gr\u0103tare<\/strong><\/li>\n<li><strong>Gr\u0103tare portabile<\/strong>:<\/li>\n<\/ol>\n<p><a href=\"https:\/\/keweicorten.com\/ro\/produs\/paravane-de-gradina-din-corten\/\"><img decoding=\"async\" class=\"alignnone\" title=\"gr\u0103tar corten bbq\" src=\"https:\/\/sc04.alicdn.com\/kf\/Ha38b145b3aba45c79d67d0d9f2bc2d83B\/253038816\/Ha38b145b3aba45c79d67d0d9f2bc2d83B.jpg\" alt=\"gr\u0103tar corten bbq\" width=\"650\" height=\"650\" \/><\/a><\/p>\n<p><strong>Avantajele gr\u0103tarelor din o\u021bel Corten<\/strong>:<strong>Material de lung\u0103 durat\u0103<\/strong>: Propriet\u0103\u021bile inerente de rezisten\u021b\u0103 la intemperii ale o\u021belului Corten prelungesc durata de via\u021b\u0103 a gr\u0103tarului, reduc\u00e2nd nevoia de \u00eenlocuire.<strong>Estetic\u0103 natural\u0103<\/strong>: Gr\u0103tarele din o\u021bel Corten au un aspect natural, robust, care \u00eembun\u0103t\u0103\u021be\u0219te mediul de g\u0103tit \u00een aer liber, oferind at\u00e2t func\u021bionalitate, c\u00e2t \u0219i stil.<strong>Ecologic<\/strong>: Deoarece o\u021belul Corten \u00ee\u0219i dezvolt\u0103 propriul strat protector, acesta elimin\u0103 nevoia de vopsele sau acoperiri d\u0103un\u0103toare mediului.<strong>Personalizare<\/strong>: Multe gr\u0103tare din o\u021bel corten sunt personalizabile, permi\u021b\u00e2nd forme, dimensiuni \u0219i modele unice pentru a se potrivi preferin\u021belor personale sau designului peisajului.<\/p>\n<p><strong>Sfaturi de \u00eentre\u021binere pentru <\/strong>Gr\u0103tar BBQ din o\u021bel Corten:<\/p>\n<p><strong>Cur\u0103\u021ba\u021bi regulat gr\u0103tarele de g\u0103tit<\/strong>:\u00cen timp ce o\u021belul Corten necesit\u0103 pu\u021bin\u0103 \u00eentre\u021binere pentru exteriorul s\u0103u, gr\u0103tarele de g\u0103tit (adesea din o\u021bel inoxidabil sau font\u0103) trebuie cur\u0103\u021bate dup\u0103 fiecare utilizare pentru a \u00eendep\u0103rta reziduurile de alimente \u0219i gr\u0103simea.<\/p>\n<p><strong>Evita\u021bi stagnarea apei<\/strong>:Asigura\u021bi-v\u0103 c\u0103 gr\u0103tarul nu este l\u0103sat \u00een ap\u0103 st\u0103t\u0103toare pentru perioade lungi, deoarece expunerea prelungit\u0103 la ap\u0103 poate afecta procesul natural de ruginire al o\u021belului Corten. De\u0219i este rezistent la intemperii, umiditatea excesiv\u0103 poate accelera ruginirea dincolo de stratul de protec\u021bie prev\u0103zut.<\/p>\n<p><strong>Unge\u021bi cu ulei suprafa\u021ba de g\u0103tit<\/strong>:Aplica\u021bi un strat sub\u021bire de ulei de g\u0103tit pe gr\u0103tare \u00eenainte de gr\u0103tar pentru a preveni lipirea alimentelor \u0219i pentru a proteja metalul de c\u0103ldura direct\u0103.<\/p>\n<p><strong>Utiliza\u021bi un capac atunci c\u00e2nd nu este utilizat<\/strong>:De\u0219i o\u021belul Corten este durabil, utilizarea unui capac pentru gr\u0103tar poate contribui la prelungirea duratei sale de via\u021b\u0103, protej\u00e2ndu-l de ploaie \u0219i z\u0103pad\u0103, \u00een special \u00een climatele aspre.<\/p>","protected":false},"excerpt":{"rendered":"<p>Placa superioar\u0103 de coacere are temperaturi de g\u0103tit diferite folosind arderea lemnului. \u00cen centrul pl\u0103cii de gr\u0103tar bbq din o\u021bel corten este mult mai mare, iar temperatura p\u0103r\u021bilor exterioare este pu\u021bin mai sc\u0103zut\u0103.<\/p>","protected":false},"featured_media":1731,"comment_status":"open","ping_status":"closed","template":"","meta":{"_eb_attr":"","_monsterinsights_skip_tracking":false,"_monsterinsights_sitenote_active":false,"_monsterinsights_sitenote_note":"","_monsterinsights_sitenote_category":0,"_uf_show_specific_survey":0,"_uf_disable_surveys":false},"product_brand":[],"product_cat":[63],"product_tag":[],"class_list":{"0":"post-1729","1":"product","2":"type-product","3":"status-publish","4":"has-post-thumbnail","6":"product_cat-steel-bbq-grill","8":"first","9":"instock","10":"shipping-taxable","11":"product-type-simple"},"_links":{"self":[{"href":"https:\/\/keweicorten.com\/ro\/wp-json\/wp\/v2\/product\/1729"}],"collection":[{"href":"https:\/\/keweicorten.com\/ro\/wp-json\/wp\/v2\/product"}],"about":[{"href":"https:\/\/keweicorten.com\/ro\/wp-json\/wp\/v2\/types\/product"}],"replies":[{"embeddable":true,"href":"https:\/\/keweicorten.com\/ro\/wp-json\/wp\/v2\/comments?post=1729"}],"version-history":[{"count":1,"href":"https:\/\/keweicorten.com\/ro\/wp-json\/wp\/v2\/product\/1729\/revisions"}],"predecessor-version":[{"id":1736,"href":"https:\/\/keweicorten.com\/ro\/wp-json\/wp\/v2\/product\/1729\/revisions\/1736"}],"wp:featuredmedia":[{"embeddable":true,"href":"https:\/\/keweicorten.com\/ro\/wp-json\/wp\/v2\/media\/1731"}],"wp:attachment":[{"href":"https:\/\/keweicorten.com\/ro\/wp-json\/wp\/v2\/media?parent=1729"}],"wp:term":[{"taxonomy":"product_brand","embeddable":true,"href":"https:\/\/keweicorten.com\/ro\/wp-json\/wp\/v2\/product_brand?post=1729"},{"taxonomy":"product_cat","embeddable":true,"href":"https:\/\/keweicorten.com\/ro\/wp-json\/wp\/v2\/product_cat?post=1729"},{"taxonomy":"product_tag","embeddable":true,"href":"https:\/\/keweicorten.com\/ro\/wp-json\/wp\/v2\/product_tag?post=1729"}],"curies":[{"name":"wp","href":"https:\/\/api.w.org\/{rel}","templated":true}]}}