{"id":1744,"date":"2024-10-18T02:15:15","date_gmt":"2024-10-18T02:15:15","guid":{"rendered":"https:\/\/keweicorten.com\/?post_type=product&#038;p=1744"},"modified":"2025-01-15T06:19:50","modified_gmt":"2025-01-15T06:19:50","slug":"stalp-de-iluminat-din-otel-rezistent-la-intemperii","status":"publish","type":"product","link":"https:\/\/keweicorten.com\/ro\/stalp-de-iluminat-din-otel-rezistent-la-intemperii\/","title":{"rendered":"St\u00e2lp de iluminat din o\u021bel rezistent la intemperii"},"content":{"rendered":"<p>Cutie de lumin\u0103 din o\u021bel Corten - ideal\u0103 durabil\u0103, personalizat\u0103, cu \u00eentre\u021binere redus\u0103<\/p>\n<p>\u00cen domeniul iluminatului exterior, este esen\u021bial s\u0103 alege\u021bi o cutie de lumin\u0103 care este at\u00e2t frumoas\u0103, c\u00e2t \u0219i durabil\u0103. Cu caracteristicile sale excelente, caseta de lumin\u0103 din o\u021bel Corten ** rezolv\u0103 punctele comune de durere ale cutiilor de lumin\u0103 tradi\u021bionale \u0219i devine prima alegere pentru proiectul dvs.<\/p>\n<p>1. Nu este u\u0219or de corodat, durabil<br \/>\nCel mai mare avantaj al o\u021belului Corten este rezisten\u021ba sa superioar\u0103 la coroziune. Atunci c\u00e2nd este expus la aer \u0219i ap\u0103, o\u021belul Corten formeaz\u0103 un strat protector unic de oxidare care previne \u00een mod eficient coroziunea ulterioar\u0103. Indiferent dac\u0103 se confrunt\u0103 cu ploaie, z\u0103pad\u0103, umiditate sau soare, poate men\u021bine o structur\u0103 \u0219i un aspect stabile. Acest ton de rugin\u0103 format \u00een mod natural nu numai c\u0103 spore\u0219te frumuse\u021bea casetei luminoase, dar \u00eei confer\u0103 \u0219i rezisten\u021b\u0103 la coroziune pe termen lung, elimin\u00e2nd problema \u00eenlocuirii frecvente.<\/p>\n<p>2. Diverse stiluri, personalizare suport<br \/>\nOferim Weathering st\u00e2lp de lamp\u0103 din o\u021bel varietate de stiluri, suport personalizat de personalizare **. Fie c\u0103 ave\u021bi nevoie de un design simplu \u0219i modern, fie de un model complex sau de o sculptur\u0103 a identit\u0103\u021bii de marc\u0103, cutiile luminoase din o\u021bel Corten v\u0103 pot satisface cerin\u021bele. Designul s\u0103u flexibil \u0219i procesul de produc\u021bie \u00eei permit s\u0103 creeze o cutie de lumin\u0103 unic\u0103 pentru dvs. \u00een func\u021bie de diferite scene \u0219i nevoi, ajut\u00e2nd la \u00eembun\u0103t\u0103\u021birea imaginii de brand sau la crearea unei atmosfere unice a spa\u021biului.<\/p>\n<p>3. Cost redus de \u00eentre\u021binere<br \/>\nSt\u00e2lpii de iluminat din o\u021bel rezistent la intemperii au costuri de \u00eentre\u021binere extrem de sc\u0103zute. Acest material nu necesit\u0103 vopsire suplimentar\u0103 sau tratament de protec\u021bie, iar stratul de oxid \u00een sine este cea mai bun\u0103 barier\u0103 de protec\u021bie a sa. Trebuie doar s\u0103 efectua\u021bi o simpl\u0103 cur\u0103\u021bare zilnic\u0103, pute\u021bi men\u021bine func\u021bia \u0219i frumuse\u021bea casetei de lumin\u0103, reduc\u00e2nd astfel foarte mult costurile de \u00eentre\u021binere \u00een perioada ulterioar\u0103.<\/p>\n<p>4 Durat\u0103 lung\u0103 de via\u021b\u0103<br \/>\nCu durabilitatea sa cea mai ridicat\u0103, durata de via\u021b\u0103 a st\u00e2lpilor de iluminat din o\u021bel Weathering este mult mai lung\u0103 dec\u00e2t cea a materialelor obi\u0219nuite. Robuste\u021bea \u0219i rezisten\u021ba la intemperii a o\u021belului Corten \u00eel fac o proprietate stabil\u0103 \u00een medii exterioare pentru o lung\u0103 perioad\u0103 de timp, f\u0103c\u00e2ndu-l o investi\u021bie pe termen lung care nu este doar frumoas\u0103 \u0219i practic\u0103, ci va continua s\u0103 v\u0103 serveasc\u0103 pentru mul\u021bi ani de acum \u00eenainte.<\/p>\n<p><a href=\"https:\/\/keweicorten.com\/ro\"><img fetchpriority=\"high\" decoding=\"async\" class=\"alignnone\" title=\"lumin\u0103 corten\" src=\"https:\/\/sc04.alicdn.com\/kf\/Hbfd36546659b40b8b1012ec41b13121bi\/235950374\/Hbfd36546659b40b8b1012ec41b13121bi.jpg\" alt=\"Mediu-frendly corten culoare lumina bollard corten gradina lumini corten lumini de perete \u00een aer liber\" width=\"650\" height=\"325\" \/><\/a><\/p>\n<p>&nbsp;<\/p>","protected":false},"excerpt":{"rendered":"<p>Dac\u0103 sunte\u021bi \u00een c\u0103utarea unei cutii luminoase exterioare durabile, personalizate, cu \u00eentre\u021binere redus\u0103, cu o durat\u0103 lung\u0103 de via\u021b\u0103, cutia luminoas\u0103 din o\u021bel Corten este f\u0103r\u0103 \u00eendoial\u0103 alegerea ideal\u0103. Performan\u021ba sa superioar\u0103 \u0219i designul elegant vor aduce frumuse\u021be \u0219i func\u021bionalitate de durat\u0103 proiectului dumneavoastr\u0103.<\/p>","protected":false},"featured_media":1745,"comment_status":"open","ping_status":"closed","template":"","meta":{"_eb_attr":"","_monsterinsights_skip_tracking":false,"_monsterinsights_sitenote_active":false,"_monsterinsights_sitenote_note":"","_monsterinsights_sitenote_category":0,"_uf_show_specific_survey":0,"_uf_disable_surveys":false},"product_brand":[],"product_cat":[61],"product_tag":[],"class_list":{"0":"post-1744","1":"product","2":"type-product","3":"status-publish","4":"has-post-thumbnail","6":"product_cat-light-post","8":"first","9":"instock","10":"shipping-taxable","11":"product-type-simple"},"_links":{"self":[{"href":"https:\/\/keweicorten.com\/ro\/wp-json\/wp\/v2\/product\/1744"}],"collection":[{"href":"https:\/\/keweicorten.com\/ro\/wp-json\/wp\/v2\/product"}],"about":[{"href":"https:\/\/keweicorten.com\/ro\/wp-json\/wp\/v2\/types\/product"}],"replies":[{"embeddable":true,"href":"https:\/\/keweicorten.com\/ro\/wp-json\/wp\/v2\/comments?post=1744"}],"version-history":[{"count":1,"href":"https:\/\/keweicorten.com\/ro\/wp-json\/wp\/v2\/product\/1744\/revisions"}],"predecessor-version":[{"id":1746,"href":"https:\/\/keweicorten.com\/ro\/wp-json\/wp\/v2\/product\/1744\/revisions\/1746"}],"wp:featuredmedia":[{"embeddable":true,"href":"https:\/\/keweicorten.com\/ro\/wp-json\/wp\/v2\/media\/1745"}],"wp:attachment":[{"href":"https:\/\/keweicorten.com\/ro\/wp-json\/wp\/v2\/media?parent=1744"}],"wp:term":[{"taxonomy":"product_brand","embeddable":true,"href":"https:\/\/keweicorten.com\/ro\/wp-json\/wp\/v2\/product_brand?post=1744"},{"taxonomy":"product_cat","embeddable":true,"href":"https:\/\/keweicorten.com\/ro\/wp-json\/wp\/v2\/product_cat?post=1744"},{"taxonomy":"product_tag","embeddable":true,"href":"https:\/\/keweicorten.com\/ro\/wp-json\/wp\/v2\/product_tag?post=1744"}],"curies":[{"name":"wp","href":"https:\/\/api.w.org\/{rel}","templated":true}]}}