{"id":1747,"date":"2024-10-18T07:48:03","date_gmt":"2024-10-18T07:48:03","guid":{"rendered":"https:\/\/keweicorten.com\/?post_type=product&#038;p=1747"},"modified":"2025-01-15T06:20:00","modified_gmt":"2025-01-15T06:20:00","slug":"gratar-bbq-din-otel-corten-de-inalta-calitate","status":"publish","type":"product","link":"https:\/\/keweicorten.com\/ro\/gratar-bbq-din-otel-corten-de-inalta-calitate\/","title":{"rendered":"Grill BBQ din o\u021bel Corten de \u00eenalt\u0103 calitate"},"content":{"rendered":"<div style=\"width: 800px;\" class=\"wp-video\"><!--[if lt IE 9]><script>document.createElement('video');<\/script><![endif]-->\n<video class=\"wp-video-shortcode\" id=\"video-1747-1\" width=\"800\" height=\"450\" loop=\"1\" preload=\"metadata\" controls=\"controls\"><source type=\"video\/mp4\" src=\"https:\/\/keweicorten.com\/wp-content\/uploads\/2024\/10\/corten-steel-BBQ-grill.mp4?_=1\" \/><a href=\"https:\/\/keweicorten.com\/wp-content\/uploads\/2024\/10\/corten-steel-BBQ-grill.mp4\">https:\/\/keweicorten.com\/wp-content\/uploads\/2024\/10\/corten-steel-BBQ-grill.mp4<\/a><\/video><\/div>\n<p>\u00cen c\u0103utarea unei calit\u0103\u021bi ridicate a vie\u021bii de ast\u0103zi, a avea un gr\u0103tar BBQ din o\u021bel Corten de \u00eenalt\u0103 calitate, durabil \u0219i u\u0219or de \u00eentre\u021binut a devenit prima alegere pentru multe familii. Gr\u0103tarele noastre din o\u021bel rezistent la intemperii ofer\u0103 o experien\u021b\u0103 de gr\u0103tar de neegalat datorit\u0103 rezisten\u021bei excelente la coroziune, designului u\u0219or de cur\u0103\u021bat \u0219i instal\u0103rii u\u0219oare.<\/p>\n<ol>\n<li>Caracteristicile produsului<br \/>\nO\u021bel rezistent la intemperii, puternic \u0219i durabil<br \/>\nUtilizarea materialului din o\u021bel de \u00eenalt\u0103 calitate cu rezisten\u021b\u0103 excelent\u0103 la coroziune, chiar \u0219i \u00een condi\u021bii meteorologice nefavorabile, poate men\u021bine aspectul \u0219i func\u021bia bune. Fie c\u0103 este vorba de un gr\u0103tar \u00een aer liber sau de o utilizare \u00een interior, acesta va rezista testului timpului.<\/li>\n<li>Design u\u0219or de cur\u0103\u021bat, economise\u0219te timp \u0219i efort<br \/>\nDesignul unic face cur\u0103\u021barea extrem de u\u0219oar\u0103. V\u0103 pute\u021bi cur\u0103\u021ba gr\u0103tarul \u00een doar c\u00e2teva minute, spune\u021bi adio procesului plictisitor de cur\u0103\u021bare \u0219i v\u0103 ofer\u0103 mai mult timp pentru a v\u0103 bucura de m\u00e2ncarea dvs.<\/li>\n<li>U\u0219or de instalat, convenabil \u0219i rapid<br \/>\nInstalarea este u\u0219oar\u0103 pentru oricine f\u0103r\u0103 unelte complexe \u0219i expertiz\u0103. Pa\u0219ii simpli de asamblare v\u0103 permit s\u0103 \u00eencepe\u021bi gr\u0103tarul \u0219i s\u0103 v\u0103 bucura\u021bi de mese delicioase \u00een cel mai scurt timp posibil.<\/li>\n<\/ol>\n<p>De ce s\u0103 ne alege\u021bi?<br \/>\nMaterial de \u00eenalt\u0103 calitate: o\u021belul rezistent la intemperii asigur\u0103 o durat\u0103 lung\u0103 de via\u021b\u0103 a produsului.<br \/>\nDesign u\u0219or de cur\u0103\u021bat: Permite\u021bi s\u0103 v\u0103 bucura\u021bi de m\u00e2ncare \u00een acela\u0219i timp, reduce\u021bi problemele de cur\u0103\u021bare.<br \/>\nInstalare u\u0219oar\u0103: Asamblare rapid\u0103 pentru distrac\u021bie instantanee la gr\u0103tar.<\/p>\n<p><a href=\"https:\/\/keweicorten.com\/ro\"><img fetchpriority=\"high\" decoding=\"async\" class=\"alignnone\" title=\"gr\u0103tar bbq din o\u021bel corten\" src=\"https:\/\/sc04.alicdn.com\/kf\/H4a94e032d1814121892c0ee8ba904035Y\/230328874\/H4a94e032d1814121892c0ee8ba904035Y.jpg\" alt=\"o\u021bel corten bbq grill personalizate, en-gros, ieftine, de v\u00e2nzare keweicorten\" width=\"650\" height=\"433\" \/><\/a><\/p>\n<p><a href=\"https:\/\/keweicorten.com\/ro\/produs\/paravane-de-gradina-din-corten\/\"><img decoding=\"async\" class=\"alignnone\" src=\"https:\/\/sc04.alicdn.com\/kf\/Hb286da351b8f4b9b9b3970b3a8a63625w\/230328874\/Hb286da351b8f4b9b9b3970b3a8a63625w.jpg\" alt=\"o\u021bel corten bbq grill personalizate, en-gros, ieftine, de v\u00e2nzare\" width=\"650\" height=\"650\" \/><\/a><\/p>\n<p>Gr\u0103tarul Fire BBQ este fabricat din o\u021bel Corten (sau o\u021bel rezistent la intemperii), un aliaj care formeaz\u0103 \u00een mod natural un strat de rugin\u0103 \u00een primele aproximativ 9 luni de expunere la intemperii. Interesant este c\u0103, datorit\u0103 compozi\u021biei acestui aliaj special, acest strat de rugin\u0103 formeaz\u0103 un strat protector care \u00eempiedic\u0103 ruginirea \u00een continuare. O\u021belul de dedesubt r\u0103m\u00e2ne neatins, deoarece stratul exterior continu\u0103 s\u0103 protejeze \u0219i s\u0103 se regenereze pe m\u0103sur\u0103 ce este expus la ap\u0103 \u0219i oxigen.<\/p>\n<p><a href=\"https:\/\/keweicorten.com\/ro\"><img decoding=\"async\" class=\"alignnone\" title=\"gr\u0103tar corten bbq\" src=\"https:\/\/sc04.alicdn.com\/kf\/Hf12500ad95134ae791d1dd097784240aV\/230328874\/Hf12500ad95134ae791d1dd097784240aV.jpg\" alt=\"corten bbq grill Factory, china, pre\u021b, produc\u0103tori keweicorten\" width=\"650\" height=\"487\" \/><\/a><\/p>\n<p class=\"magic-28\" data-spm-anchor-id=\"a2700.details.0.i45.9c387fd44v8MUV\"><b><span class=\"magic-29\"><br \/>\nDe ce s\u0103 ne alege\u021bi s\u0103 cooper\u0103m?<\/span><\/b><b><\/b><\/p>\n<p class=\"magic-28\"><span class=\"magic-31\"><span class=\"magic-19\" style=\"color: #48916c;\">1. C\u00e2te modele ave\u021bi?<\/span><\/span><\/p>\n<div class=\"magic-28\">\n<p><span class=\"magic-31\"><span class=\"magic-19\">\u00cen prezent, avem mai mult de zece stiluri de gr\u0103tare bbq din o\u021bel corten. Dac\u0103 ave\u021bi nevoie, exist\u0103 <\/span><\/span><span class=\"magic-19\">nici o problem\u0103 pentru a personaliza gropile de foc \u00een func\u021bie de cerin\u021bele dumneavoastr\u0103.<\/span><\/p>\n<p class=\"magic-30\"><span class=\"magic-31\"><span style=\"color: #48916c;\">2. De c\u00e2\u021bi ani face\u021bi \u0219eminee? <\/span><\/span><\/p>\n<p class=\"magic-30\"><span class=\"magic-31\">Foi\u0219oarele de foc sunt produse de mai bine de 4 ani.<\/span><\/p>\n<p class=\"magic-30\"><span style=\"color: #48916c;\"><span class=\"magic-31\">3. Pute\u021bi face designul <\/span>pentru noi?<\/span><\/p>\n<p class=\"magic-30\"><span class=\"magic-31\">Da, desigur. avem o echip\u0103 de profesioni\u0219ti cu o bogat\u0103 experien\u021b\u0103 \u00een proiectare \u0219i produc\u021bie. Doar trimite\u021bi-ne <span style=\"color: #000000;\">desene de <\/span><\/span><span style=\"color: #000000;\">gropile de foc de care ave\u021bi nevoie sau fotografiile cu dimensiunea.<\/span><\/p>\n<p class=\"magic-30\"><span class=\"magic-31\"><span style=\"color: #48916c;\">4. Care este pachetul de co\u0219uri de fum?<\/span><\/span><\/p>\n<p class=\"magic-30\"><span class=\"magic-31\">Plywood Box, Iron Pallet, Plywood Pallet \u0219i \u00een func\u021bie de cerin\u021bele clientului.<\/span><\/p>\n<\/div>","protected":false},"excerpt":{"rendered":"<p>Aleg\u00e2nd gr\u0103tarele noastre din o\u021bel rezistent la intemperii, nu alege\u021bi doar o calitate ridicat\u0103 a vie\u021bii, ci \u0219i combina\u021bia perfect\u0103 de confort \u0219i durabilitate. S\u0103 ne bucur\u0103m \u00eempreun\u0103 de pl\u0103cerea gr\u0103tarului!Cump\u0103ra\u021bi acum pentru a v\u0103 \u00eencepe c\u0103l\u0103toria culinar\u0103!<\/p>","protected":false},"featured_media":1748,"comment_status":"open","ping_status":"closed","template":"","meta":{"_eb_attr":"","_monsterinsights_skip_tracking":false,"_monsterinsights_sitenote_active":false,"_monsterinsights_sitenote_note":"","_monsterinsights_sitenote_category":0,"_uf_show_specific_survey":0,"_uf_disable_surveys":false},"product_brand":[],"product_cat":[63],"product_tag":[],"class_list":{"0":"post-1747","1":"product","2":"type-product","3":"status-publish","4":"has-post-thumbnail","6":"product_cat-steel-bbq-grill","8":"first","9":"instock","10":"shipping-taxable","11":"product-type-simple"},"_links":{"self":[{"href":"https:\/\/keweicorten.com\/ro\/wp-json\/wp\/v2\/product\/1747"}],"collection":[{"href":"https:\/\/keweicorten.com\/ro\/wp-json\/wp\/v2\/product"}],"about":[{"href":"https:\/\/keweicorten.com\/ro\/wp-json\/wp\/v2\/types\/product"}],"replies":[{"embeddable":true,"href":"https:\/\/keweicorten.com\/ro\/wp-json\/wp\/v2\/comments?post=1747"}],"version-history":[{"count":2,"href":"https:\/\/keweicorten.com\/ro\/wp-json\/wp\/v2\/product\/1747\/revisions"}],"predecessor-version":[{"id":1756,"href":"https:\/\/keweicorten.com\/ro\/wp-json\/wp\/v2\/product\/1747\/revisions\/1756"}],"wp:featuredmedia":[{"embeddable":true,"href":"https:\/\/keweicorten.com\/ro\/wp-json\/wp\/v2\/media\/1748"}],"wp:attachment":[{"href":"https:\/\/keweicorten.com\/ro\/wp-json\/wp\/v2\/media?parent=1747"}],"wp:term":[{"taxonomy":"product_brand","embeddable":true,"href":"https:\/\/keweicorten.com\/ro\/wp-json\/wp\/v2\/product_brand?post=1747"},{"taxonomy":"product_cat","embeddable":true,"href":"https:\/\/keweicorten.com\/ro\/wp-json\/wp\/v2\/product_cat?post=1747"},{"taxonomy":"product_tag","embeddable":true,"href":"https:\/\/keweicorten.com\/ro\/wp-json\/wp\/v2\/product_tag?post=1747"}],"curies":[{"name":"wp","href":"https:\/\/api.w.org\/{rel}","templated":true}]}}