{"id":1882,"date":"2024-11-01T06:47:16","date_gmt":"2024-11-01T06:47:16","guid":{"rendered":"https:\/\/keweicorten.com\/?post_type=product&#038;p=1882"},"modified":"2024-11-01T06:47:16","modified_gmt":"2024-11-01T06:47:16","slug":"q310gnh-otel-rezistent-la-intemperii","status":"publish","type":"product","link":"https:\/\/keweicorten.com\/ro\/q310gnh-otel-rezistent-la-intemperii\/","title":{"rendered":"Q310GNH o\u021bel rezistent la intemperii"},"content":{"rendered":"<p><strong>Specifica\u021bia pl\u0103cii de o\u021bel Q310GNH:<\/strong><\/p>\n<table style=\"height: 110px;\" width=\"747\">\n<tbody>\n<tr class=\"firstRow\">\n<td valign=\"top\" width=\"374\">Grad: Q310GNH<\/p>\n<p>Standard: China GB\/T 4171<\/p>\n<p>Grosime: 1mm la 100mm, Suport deschis<\/td>\n<td valign=\"top\" width=\"374\">Larg: 1000mm la 4100mm, suport deschis<\/p>\n<p>Lungime: 1000mm la 12000mm, Suport deschis<\/td>\n<\/tr>\n<\/tbody>\n<\/table>\n<p><strong>Q310GNH aplicarea o\u021belului de intemperii:<\/strong><br \/>\nPlaca de o\u021bel Q310GNH este utilizat\u0103 pe scar\u0103 larg\u0103 \u00een vehicule, poduri, turnuri, containere \u0219i a\u0219a mai departe.<br \/>\nPropriet\u0103\u021bi mecanice ale pl\u0103cii de o\u021bel pentru intemperii GB \/ T 4171 Q310GNH<br \/>\nRezisten\u021ba la trac\u021biune Mpa Min:450 Rezisten\u021ba la \u00eentindere Mpa Min:310<\/p>\n<p><strong>\u00a0Q310GNH starea de livrare a o\u021belului rezistent la intemperii:<\/strong><br \/>\nTip o\u021bel: Q310GNH o\u021bel rezistent la intemperii<br \/>\nGrosime: Suport set deschis<br \/>\nL\u0103\u021bime: Suport deschis<br \/>\nLungime: poate fi setat \u00een func\u021bie de nevoile dvs. reale<br \/>\nBrand: Baosteel, Angang Steel, etc<\/p>\n<p><a href=\"https:\/\/keweicorten.com\/ro\"><img fetchpriority=\"high\" decoding=\"async\" class=\"alignnone\" title=\"Q310GNH Plac\u0103 de o\u021bel rezistent\u0103 la intemperii,\" src=\"https:\/\/5.imimg.com\/data5\/DB\/BS\/QS\/SELLER-101088024\/gb-t-4171-q310gnh-weather-resistant-steel-plate-500x500.jpg\" alt=\"Q310GNH Plac\u0103 de o\u021bel rezistent\u0103 la intemperii,\" width=\"500\" height=\"417\" \/><\/a><\/p>\n<p>&nbsp;<\/p>","protected":false},"excerpt":{"rendered":"<p>Material produs plac\u0103 de o\u021bel rezistent la intemperii:<\/p>\n<p>O\u021bel de \u00eenalt\u0103 rezisten\u021b\u0103 la intemperii: Q295GNH, Q355GNH, Q265GNH, Q310GNH<\/p>\n<p>O\u021bel sudat pentru intemperii: Q235NH, Q295NH Q355NH, Q415NH, Q460NH, Q500NH, Q550NH<\/p>","protected":false},"featured_media":1883,"comment_status":"open","ping_status":"closed","template":"","meta":{"_eb_attr":"","_monsterinsights_skip_tracking":false,"_monsterinsights_sitenote_active":false,"_monsterinsights_sitenote_note":"","_monsterinsights_sitenote_category":0,"_uf_show_specific_survey":0,"_uf_disable_surveys":false},"product_brand":[],"product_cat":[21],"product_tag":[],"class_list":{"0":"post-1882","1":"product","2":"type-product","3":"status-publish","4":"has-post-thumbnail","6":"product_cat-weather-resistant-steel-plate","8":"first","9":"instock","10":"shipping-taxable","11":"product-type-simple"},"_links":{"self":[{"href":"https:\/\/keweicorten.com\/ro\/wp-json\/wp\/v2\/product\/1882"}],"collection":[{"href":"https:\/\/keweicorten.com\/ro\/wp-json\/wp\/v2\/product"}],"about":[{"href":"https:\/\/keweicorten.com\/ro\/wp-json\/wp\/v2\/types\/product"}],"replies":[{"embeddable":true,"href":"https:\/\/keweicorten.com\/ro\/wp-json\/wp\/v2\/comments?post=1882"}],"version-history":[{"count":1,"href":"https:\/\/keweicorten.com\/ro\/wp-json\/wp\/v2\/product\/1882\/revisions"}],"predecessor-version":[{"id":1884,"href":"https:\/\/keweicorten.com\/ro\/wp-json\/wp\/v2\/product\/1882\/revisions\/1884"}],"wp:featuredmedia":[{"embeddable":true,"href":"https:\/\/keweicorten.com\/ro\/wp-json\/wp\/v2\/media\/1883"}],"wp:attachment":[{"href":"https:\/\/keweicorten.com\/ro\/wp-json\/wp\/v2\/media?parent=1882"}],"wp:term":[{"taxonomy":"product_brand","embeddable":true,"href":"https:\/\/keweicorten.com\/ro\/wp-json\/wp\/v2\/product_brand?post=1882"},{"taxonomy":"product_cat","embeddable":true,"href":"https:\/\/keweicorten.com\/ro\/wp-json\/wp\/v2\/product_cat?post=1882"},{"taxonomy":"product_tag","embeddable":true,"href":"https:\/\/keweicorten.com\/ro\/wp-json\/wp\/v2\/product_tag?post=1882"}],"curies":[{"name":"wp","href":"https:\/\/api.w.org\/{rel}","templated":true}]}}