{"id":1910,"date":"2024-11-05T07:46:19","date_gmt":"2024-11-05T07:46:19","guid":{"rendered":"https:\/\/keweicorten.com\/?post_type=product&#038;p=1910"},"modified":"2025-01-15T06:20:40","modified_gmt":"2025-01-15T06:20:40","slug":"gratar-in-aer-liber-corten-bbq","status":"publish","type":"product","link":"https:\/\/keweicorten.com\/ro\/gratar-in-aer-liber-corten-bbq\/","title":{"rendered":"Gr\u0103tar \u00een aer liber Corten BBQ"},"content":{"rendered":"<p>Gr\u0103tarul \u00een aer liber Corten BBQ are o mas\u0103 de g\u0103tit de 10 mm grosime \u0219i poate avea un diametru de 1000 mm sau 850 mm. \u00cenc\u0103lzi\u021bi tabla la aproximativ 300\u02daC printr-un foc de lemn \u00een oal\u0103 fierbinte (c\u0103rbunele este de asemenea posibil, dar mai pu\u021bin interesant deoarece nu d\u0103 flac\u0103ra \u0219i nu miroase a fum). Se porne\u0219te sc\u00e2ndura cu ulei \u0219i se g\u0103te\u0219te. Suprafa\u021b\u0103 mare de g\u0103tit.<\/p>\n<table>\n<tbody>\n<tr>\n<td>Marca comercial\u0103<\/td>\n<td>Gr\u0103dina SHKW<\/td>\n<td>Aplica\u021bie<\/td>\n<td>Foc \u00een aer liber Pit Tabelul Bowl<\/td>\n<\/tr>\n<tr>\n<td>Capacitatea de produc\u021bie<\/td>\n<td>10000 Set pe \/lun\u0103<\/td>\n<td>Cuvinte-cheie<\/td>\n<td>Barbeque Gr\u0103tar cu c\u0103rbune<\/td>\n<\/tr>\n<tr>\n<td>Origine<\/td>\n<td>China<\/td>\n<td>Tip gr\u0103tar<\/td>\n<td>Gr\u0103tare cu c\u0103rbune<\/td>\n<\/tr>\n<tr>\n<td>Numele produsului<\/td>\n<td>Gr\u0103tar \u00een aer liber Corten BBQ<\/td>\n<td>Dispozitiv de siguran\u021b\u0103<\/td>\n<td>Dispozitiv de siguran\u021b\u0103 pentru flac\u0103r\u0103<\/td>\n<\/tr>\n<tr>\n<td>Tip metal<\/td>\n<td>O\u021bel<\/td>\n<td>Material<\/td>\n<td>Corten<\/td>\n<\/tr>\n<tr>\n<td>Caracteristic\u0103<\/td>\n<td>U\u0219or de asamblat, U\u0219or de cur\u0103\u021bat, C\u0103rucior<\/td>\n<td>Utilizare<\/td>\n<td>Buc\u0103t\u0103rie G\u0103tit\\Buc\u0103t\u0103rie\\BBQ<\/td>\n<\/tr>\n<tr>\n<td>Combustibil<\/td>\n<td>C\u0103rbune de lemn<\/td>\n<td>Descriere<\/td>\n<td>Gr\u0103tar pentru gr\u0103tar Gr\u0103tar Bbq cu c\u0103rbune<\/td>\n<\/tr>\n<\/tbody>\n<\/table>\n<p><a href=\"https:\/\/keweicorten.com\/ro\/categorie-produs\/groapa-de-foc\/\"><img fetchpriority=\"high\" decoding=\"async\" class=\"alignnone\" title=\"Gr\u0103tar \u00een aer liber Corten BBQ\" src=\"https:\/\/sc04.alicdn.com\/kf\/Habd862920bd5488eab74e502cd481a56f\/276463663\/Habd862920bd5488eab74e502cd481a56f.jpg\" alt=\"Grill \u00een aer liber Corten BBQ personalizate, en-gros, ieftine-keweicorten\" width=\"517\" height=\"517\" \/><\/a><\/p>\n<p>Un gr\u0103tar cu legume proaspete, \u00eenconjurat de pietri\u0219, ofer\u0103 o scen\u0103 frumoas\u0103 pentru un gr\u0103tar \u00een aer liber.<\/p>\n<div class=\"sr-txt-title\">\n<p class=\"sr-txt-h2\">Ambalare \u0219i livrare<\/p>\n<\/div>\n<div class=\"sr-layout-content\">\n<div class=\"basic-info-list\">\n<div class=\"bsc-item full cf\">\n<div class=\"bac-item-label fl\">Dimensiunea pachetului\uff1a100.00cm * 100.00cm * 100.00cm<\/div>\n<\/div>\n<div class=\"bsc-item full cf\">\n<div class=\"bac-item-label fl\">Greutatea brut\u0103 a pachetului: 50.000kg<\/div>\n<div><a href=\"https:\/\/keweicorten.com\/ro\/categorie-produs\/groapa-de-foc\/\"><img decoding=\"async\" class=\"alignnone wp-image-1914 size-full\" title=\" gr\u0103tar corten bbq\" src=\"https:\/\/keweicorten.com\/wp-content\/uploads\/2024\/11\/\u5fae\u4fe1\u56fe\u7247_20241105154209.jpg\" alt=\" corten bbq grill en-gros, ieftine, de v\u00e2nzare, \u00een stoc.\" width=\"700\" height=\"300\" srcset=\"https:\/\/keweicorten.com\/wp-content\/uploads\/2024\/11\/\u5fae\u4fe1\u56fe\u7247_20241105154209.jpg 700w, https:\/\/keweicorten.com\/wp-content\/uploads\/2024\/11\/\u5fae\u4fe1\u56fe\u7247_20241105154209-300x129.jpg 300w, https:\/\/keweicorten.com\/wp-content\/uploads\/2024\/11\/\u5fae\u4fe1\u56fe\u7247_20241105154209-18x8.jpg 18w, https:\/\/keweicorten.com\/wp-content\/uploads\/2024\/11\/\u5fae\u4fe1\u56fe\u7247_20241105154209-600x257.jpg 600w\" sizes=\"(max-width: 700px) 100vw, 700px\" \/><\/a><\/div>\n<p><strong>Gr\u0103tar \u00een aer liber Corten BBQ Caracteristici principale:<\/strong><\/p>\n<p>O\u021bel rezistent la intemperii<br \/>\nDesign portabil<br \/>\nStructur\u0103 compact\u0103<br \/>\nU\u0219or de cur\u0103\u021bat<br \/>\nSecuritate ridicat\u0103<br \/>\nDurabilitate puternic\u0103<br \/>\nCosturi reduse de \u00eentre\u021binere<br \/>\nProtec\u021bia mediului \u0219i economisirea energiei<br \/>\nUtilizare multifunc\u021bional\u0103<\/p>\n<p><a href=\"https:\/\/keweicorten.com\/ro\/categorie-produs\/groapa-de-foc\/\"><img decoding=\"async\" class=\"alignnone wp-image-1915 size-full\" title=\"Gr\u0103tar \u00een aer liber Corten BBQ\" src=\"https:\/\/keweicorten.com\/wp-content\/uploads\/2024\/11\/\u5fae\u4fe1\u56fe\u7247_20241105154214.jpg\" alt=\" Grill \u00een aer liber Corten BBQ en-gros, ieftin, de v\u00e2nzare, \u00een stoc.-keweicorten\" width=\"700\" height=\"300\" srcset=\"https:\/\/keweicorten.com\/wp-content\/uploads\/2024\/11\/\u5fae\u4fe1\u56fe\u7247_20241105154214.jpg 700w, https:\/\/keweicorten.com\/wp-content\/uploads\/2024\/11\/\u5fae\u4fe1\u56fe\u7247_20241105154214-300x129.jpg 300w, https:\/\/keweicorten.com\/wp-content\/uploads\/2024\/11\/\u5fae\u4fe1\u56fe\u7247_20241105154214-18x8.jpg 18w, https:\/\/keweicorten.com\/wp-content\/uploads\/2024\/11\/\u5fae\u4fe1\u56fe\u7247_20241105154214-600x257.jpg 600w\" sizes=\"(max-width: 700px) 100vw, 700px\" \/><\/a><\/p>\n<\/div>\n<\/div>\n<\/div>","protected":false},"excerpt":{"rendered":"<p>Gr\u0103tar portabil pentru exterior Corten BBQ este un dispozitiv de gr\u0103tar proiectat pentru utilizare \u00een exterior. O\u021belul Corten este utilizat pe scar\u0103 larg\u0103 \u00een fabricarea echipamentelor pentru exterior datorit\u0103 rezisten\u021bei sale la coroziune \u0219i la intemperii.<\/p>","protected":false},"featured_media":1912,"comment_status":"open","ping_status":"closed","template":"","meta":{"_eb_attr":"","_monsterinsights_skip_tracking":false,"_monsterinsights_sitenote_active":false,"_monsterinsights_sitenote_note":"","_monsterinsights_sitenote_category":0,"_uf_show_specific_survey":0,"_uf_disable_surveys":false},"product_brand":[],"product_cat":[63],"product_tag":[],"class_list":{"0":"post-1910","1":"product","2":"type-product","3":"status-publish","4":"has-post-thumbnail","6":"product_cat-steel-bbq-grill","8":"first","9":"instock","10":"shipping-taxable","11":"product-type-simple"},"_links":{"self":[{"href":"https:\/\/keweicorten.com\/ro\/wp-json\/wp\/v2\/product\/1910"}],"collection":[{"href":"https:\/\/keweicorten.com\/ro\/wp-json\/wp\/v2\/product"}],"about":[{"href":"https:\/\/keweicorten.com\/ro\/wp-json\/wp\/v2\/types\/product"}],"replies":[{"embeddable":true,"href":"https:\/\/keweicorten.com\/ro\/wp-json\/wp\/v2\/comments?post=1910"}],"version-history":[{"count":1,"href":"https:\/\/keweicorten.com\/ro\/wp-json\/wp\/v2\/product\/1910\/revisions"}],"predecessor-version":[{"id":1916,"href":"https:\/\/keweicorten.com\/ro\/wp-json\/wp\/v2\/product\/1910\/revisions\/1916"}],"wp:featuredmedia":[{"embeddable":true,"href":"https:\/\/keweicorten.com\/ro\/wp-json\/wp\/v2\/media\/1912"}],"wp:attachment":[{"href":"https:\/\/keweicorten.com\/ro\/wp-json\/wp\/v2\/media?parent=1910"}],"wp:term":[{"taxonomy":"product_brand","embeddable":true,"href":"https:\/\/keweicorten.com\/ro\/wp-json\/wp\/v2\/product_brand?post=1910"},{"taxonomy":"product_cat","embeddable":true,"href":"https:\/\/keweicorten.com\/ro\/wp-json\/wp\/v2\/product_cat?post=1910"},{"taxonomy":"product_tag","embeddable":true,"href":"https:\/\/keweicorten.com\/ro\/wp-json\/wp\/v2\/product_tag?post=1910"}],"curies":[{"name":"wp","href":"https:\/\/api.w.org\/{rel}","templated":true}]}}