{"id":2432,"date":"2024-11-26T02:47:59","date_gmt":"2024-11-26T02:47:59","guid":{"rendered":"https:\/\/keweicorten.com\/?post_type=product&#038;p=2432"},"modified":"2025-01-15T06:14:28","modified_gmt":"2025-01-15T06:14:28","slug":"perete-despartitor-metalic-de-gradina","status":"publish","type":"product","link":"https:\/\/keweicorten.com\/ro\/perete-despartitor-metalic-de-gradina\/","title":{"rendered":"Parti\u021bie Metal Garden Ecran"},"content":{"rendered":"<h2><a href=\"https:\/\/keweicorten.com\/ro\/contactati-ne\/\"><strong>Ecran metalic de gr\u0103din\u0103 Partition: Combina\u021bia perfect\u0103 de stil \u0219i func\u021bionalitate pentru spa\u021biul dvs. exterior<\/strong><\/a><\/h2>\n<p>Paravanele metalice pentru gr\u0103din\u0103 devin un element de baz\u0103 \u00een amenaj\u0103rile peisagistice moderne, oferind at\u00e2t beneficii practice, c\u00e2t \u0219i atractivitate estetic\u0103. Fie c\u0103 dori\u021bi s\u0103 ad\u0103uga\u021bi intimitate, s\u0103 defini\u021bi spa\u021bii sau s\u0103 crea\u021bi puncte focale uimitoare, aceste ecrane versatile sunt solu\u021bia ideal\u0103. Iat\u0103 tot ce trebuie s\u0103 \u0219ti\u021bi despre \u00eencorporarea paravanelor metalice de gr\u0103din\u0103 \u00een designul dvs. exterior.<\/p>\n<h3><strong>Ce este un paravan metalic pentru gr\u0103din\u0103?<\/strong><\/h3>\n<p>Un paravan metalic de gr\u0103din\u0103 este un panou decorativ realizat din materiale durabile, cum ar fi o\u021belul corten, aluminiul sau metalul acoperit cu pulbere. Aceste ecrane prezint\u0103 adesea modele complicate t\u0103iate cu laser, variind de la desene abstracte la motive inspirate din natur\u0103, ceea ce le face un accesoriu elegant pentru orice gr\u0103din\u0103 sau teras\u0103.<\/p>\n<div style=\"width: 800px;\" class=\"wp-video\"><!--[if lt IE 9]><script>document.createElement('video');<\/script><![endif]-->\n<video class=\"wp-video-shortcode\" id=\"video-2432-1\" width=\"800\" height=\"450\" loop=\"1\" autoplay=\"1\" preload=\"metadata\" controls=\"controls\"><source type=\"video\/mp4\" src=\"https:\/\/keweicorten.com\/wp-content\/uploads\/2024\/11\/decorative-garden-screens-1.mp4?_=1\" \/><a href=\"https:\/\/keweicorten.com\/wp-content\/uploads\/2024\/11\/decorative-garden-screens-1.mp4\">https:\/\/keweicorten.com\/wp-content\/uploads\/2024\/11\/decorative-garden-screens-1.mp4<\/a><\/video><\/div>\n<h3><strong>Beneficiile paravanelor metalice de separare pentru gr\u0103din\u0103<\/strong><\/h3>\n<ol>\n<li><strong>Intimitate f\u0103r\u0103 sacrificarea stilului<\/strong><br \/>\nAceste paravane decorative de gr\u0103din\u0103 ofer\u0103 o modalitate elegant\u0103 de a men\u021bine intimitatea \u00een spa\u021biile dvs. exterioare. Fie c\u0103 sunt amplasate pe un balcon sau \u00een curtea din spate, acestea ac\u021bioneaz\u0103 ca o barier\u0103, permi\u021b\u00e2nd \u00een acela\u0219i timp trecerea luminii \u0219i a fluxului de aer, datorit\u0103 modelelor lor perforate unice.<\/li>\n<li><strong>Divizia spa\u021bial\u0103<\/strong><br \/>\nUtiliza\u021bi paravane de intimitate pentru exterior pentru a defini diferite zone din gr\u0103din\u0103, cum ar fi separarea zonelor de luat masa de zonele de joac\u0103 sau crearea de col\u021buri confortabile pentru relaxare.<\/li>\n<li><strong>Durabilitate \u0219i \u00eentre\u021binere redus\u0103<\/strong><br \/>\nAceste ecrane rezist\u0103 condi\u021biilor exterioare dificile cu o \u00eentre\u021binere minim\u0103 \u0219i sunt fabricate din materiale rezistente la intemperii, cum ar fi o\u021belul corten sau aluminiul acoperit cu pulbere.<\/li>\n<li><strong>Apelul estetic<\/strong><br \/>\nCu modele \u0219i finisaje personalizabile, panourile de gr\u0103din\u0103 t\u0103iate cu laser adaug\u0103 o not\u0103 artistic\u0103, transform\u00e2nd spa\u021biile obi\u0219nuite \u00een refugii captivante \u00een aer liber.<\/li>\n<li><strong>Op\u021biuni ecologice<\/strong><br \/>\nMulte ecrane metalice sunt fabricate din materiale reciclabile, ceea ce le face o alegere durabil\u0103 pentru proprietarii de locuin\u021be preocupa\u021bi de mediu.<\/li>\n<\/ol>\n<h3><a href=\"https:\/\/keweicorten.com\/ro\/produs\/paravane-de-gradina-din-corten\/\"><strong>Aplica\u021bii populare pentru ecrane metalice de gr\u0103din\u0103<\/strong><\/a><\/h3>\n<ul>\n<li><strong>Panouri de confiden\u021bialitate:<\/strong> Perfect pentru protejarea teraselor, balcoanelor sau zonelor cu jacuzzi.<\/li>\n<li><strong>Caracteristici de gr\u0103din\u0103:<\/strong> Utiliza\u021bi ca fundal pentru plante sau elemente de ap\u0103 pentru a crea un aspect vizual uimitor.<\/li>\n<li><strong>Pere\u021bi pergol\u0103:<\/strong> \u00cembun\u0103t\u0103\u021bi\u021bi designul pergolelor sau al foi\u0219oarelor cu panouri decorative.<\/li>\n<li><strong>Art\u0103 de perete:<\/strong> Monta\u021bi ecrane mai mici ca art\u0103 de perete pentru un aspect contemporan.<\/li>\n<\/ul>\n<p><a href=\"https:\/\/keweicorten.com\/ro\/contactati-ne\/\"><img fetchpriority=\"high\" decoding=\"async\" class=\"alignnone wp-image-2437 size-full\" title=\" ecrane peisagistice moderne\" src=\"https:\/\/keweicorten.com\/wp-content\/uploads\/2024\/11\/photobank-93.jpg\" alt=\" ecrane peisagistice moderne en-gros, ieftine, de v\u00e2nzare, \u00een stoc-keweicorten\" width=\"750\" height=\"750\" srcset=\"https:\/\/keweicorten.com\/wp-content\/uploads\/2024\/11\/photobank-93.jpg 750w, https:\/\/keweicorten.com\/wp-content\/uploads\/2024\/11\/photobank-93-300x300.jpg 300w, https:\/\/keweicorten.com\/wp-content\/uploads\/2024\/11\/photobank-93-150x150.jpg 150w, https:\/\/keweicorten.com\/wp-content\/uploads\/2024\/11\/photobank-93-12x12.jpg 12w, https:\/\/keweicorten.com\/wp-content\/uploads\/2024\/11\/photobank-93-600x600.jpg 600w, https:\/\/keweicorten.com\/wp-content\/uploads\/2024\/11\/photobank-93-100x100.jpg 100w\" sizes=\"(max-width: 750px) 100vw, 750px\" \/><\/a><\/p>\n<h3><a href=\"https:\/\/keweicorten.com\/ro\/produs\/corten-garden-screen-panels\/\"><strong>De ce s\u0103 alege\u021bi o\u021belul Corten pentru paravanul dvs. de gr\u0103din\u0103?<\/strong><\/a><\/h3>\n<p>O\u021belul Corten este un material popular pentru ecranele metalice de gr\u0103din\u0103 datorit\u0103 aspectului s\u0103u unic asem\u0103n\u0103tor ruginei \u0219i durabilit\u0103\u021bii excep\u021bionale. \u00cen timp, acesta formeaz\u0103 o patin\u0103 protectoare care \u00eei spore\u0219te rezisten\u021ba la intemperii, ceea ce \u00eel face o alegere perfect\u0103 pentru utilizarea \u00een exterior.<\/p>\n<h3><strong>Sfaturi pentru selectarea parti\u021biei potrivite Ecran metalic de gr\u0103din\u0103<\/strong><\/h3>\n<ul>\n<li><strong>Material:<\/strong> Alege\u021bi un material care se potrive\u0219te climatului \u0219i preferin\u021belor dvs. de \u00eentre\u021binere.<\/li>\n<li><strong>Design:<\/strong> Opta\u021bi pentru modele moderne, clasice sau rustice care completeaz\u0103 stilul gr\u0103dinii dvs.<\/li>\n<li><strong>Dimensiune:<\/strong> Asigura\u021bi-v\u0103 c\u0103 paravanul se potrive\u0219te spa\u021biului destinat \u0219i \u00ee\u0219i \u00eendepline\u0219te scopul, fie c\u0103 este pentru intimitate sau decorare.<\/li>\n<li><strong>Instalare:<\/strong> Unele ecrane sunt de sine st\u0103t\u0103toare, \u00een timp ce altele necesit\u0103 montare. Lua\u021bi \u00een considerare ce func\u021bioneaz\u0103 cel mai bine pentru nevoile dvs.<\/li>\n<\/ul>\n<p><a href=\"https:\/\/keweicorten.com\/ro\/contactati-ne\/\"><img decoding=\"async\" class=\"alignnone wp-image-2438 size-full\" title=\" panouri de gr\u0103din\u0103 t\u0103iate cu laser\" src=\"https:\/\/keweicorten.com\/wp-content\/uploads\/2024\/11\/\u5fae\u4fe1\u56fe\u7247_20230704114302.jpg\" alt=\" panouri de gr\u0103din\u0103 t\u0103iate cu laser Factory, china, pre\u021b, produc\u0103tori, furnizori, personalizate-keweicorten\" width=\"750\" height=\"624\" srcset=\"https:\/\/keweicorten.com\/wp-content\/uploads\/2024\/11\/\u5fae\u4fe1\u56fe\u7247_20230704114302.jpg 750w, https:\/\/keweicorten.com\/wp-content\/uploads\/2024\/11\/\u5fae\u4fe1\u56fe\u7247_20230704114302-300x250.jpg 300w, https:\/\/keweicorten.com\/wp-content\/uploads\/2024\/11\/\u5fae\u4fe1\u56fe\u7247_20230704114302-14x12.jpg 14w, https:\/\/keweicorten.com\/wp-content\/uploads\/2024\/11\/\u5fae\u4fe1\u56fe\u7247_20230704114302-600x499.jpg 600w\" sizes=\"(max-width: 750px) 100vw, 750px\" \/><\/a><\/p>","protected":false},"excerpt":{"rendered":"<p>Ecranele metalice pentru gr\u0103din\u0103 sunt o solu\u021bie versatil\u0103 \u0219i elegant\u0103 pentru \u00eembun\u0103t\u0103\u021birea spa\u021biilor \u00een aer liber. De la crearea intimit\u0103\u021bii la utilizarea ca elemente decorative uimitoare, aceste ecrane aduc frumuse\u021be \u0219i func\u021bionalitate gr\u0103dinilor, teraselor \u0219i nu numai<\/p>","protected":false},"featured_media":2442,"comment_status":"open","ping_status":"closed","template":"","meta":{"_eb_attr":"","_monsterinsights_skip_tracking":false,"_monsterinsights_sitenote_active":false,"_monsterinsights_sitenote_note":"","_monsterinsights_sitenote_category":0,"_uf_show_specific_survey":0,"_uf_disable_surveys":false},"product_brand":[],"product_cat":[57],"product_tag":[],"class_list":{"0":"post-2432","1":"product","2":"type-product","3":"status-publish","4":"has-post-thumbnail","6":"product_cat-screen-panel","8":"first","9":"instock","10":"shipping-taxable","11":"product-type-simple"},"_links":{"self":[{"href":"https:\/\/keweicorten.com\/ro\/wp-json\/wp\/v2\/product\/2432"}],"collection":[{"href":"https:\/\/keweicorten.com\/ro\/wp-json\/wp\/v2\/product"}],"about":[{"href":"https:\/\/keweicorten.com\/ro\/wp-json\/wp\/v2\/types\/product"}],"replies":[{"embeddable":true,"href":"https:\/\/keweicorten.com\/ro\/wp-json\/wp\/v2\/comments?post=2432"}],"version-history":[{"count":1,"href":"https:\/\/keweicorten.com\/ro\/wp-json\/wp\/v2\/product\/2432\/revisions"}],"predecessor-version":[{"id":2443,"href":"https:\/\/keweicorten.com\/ro\/wp-json\/wp\/v2\/product\/2432\/revisions\/2443"}],"wp:featuredmedia":[{"embeddable":true,"href":"https:\/\/keweicorten.com\/ro\/wp-json\/wp\/v2\/media\/2442"}],"wp:attachment":[{"href":"https:\/\/keweicorten.com\/ro\/wp-json\/wp\/v2\/media?parent=2432"}],"wp:term":[{"taxonomy":"product_brand","embeddable":true,"href":"https:\/\/keweicorten.com\/ro\/wp-json\/wp\/v2\/product_brand?post=2432"},{"taxonomy":"product_cat","embeddable":true,"href":"https:\/\/keweicorten.com\/ro\/wp-json\/wp\/v2\/product_cat?post=2432"},{"taxonomy":"product_tag","embeddable":true,"href":"https:\/\/keweicorten.com\/ro\/wp-json\/wp\/v2\/product_tag?post=2432"}],"curies":[{"name":"wp","href":"https:\/\/api.w.org\/{rel}","templated":true}]}}