{"id":2644,"date":"2024-12-02T02:50:12","date_gmt":"2024-12-02T02:50:12","guid":{"rendered":"https:\/\/keweicorten.com\/?post_type=product&#038;p=2644"},"modified":"2025-01-15T06:14:19","modified_gmt":"2025-01-15T06:14:19","slug":"turca-de-peleti","status":"publish","type":"product","link":"https:\/\/keweicorten.com\/ro\/turca-de-peleti\/","title":{"rendered":"turc\u0103 de pele\u021bi"},"content":{"rendered":"<p>Sobele Rocket Pellet sunt dispozitive de ardere eficiente, ecologice, utilizate \u00een mod obi\u0219nuit pentru \u00eenc\u0103lzirea locuin\u021bei \u0219i pentru utilizare \u00een aer liber. Combin\u0103 eficien\u021ba de ardere a unei sobe Rocket cu economia \u0219i durabilitatea combustibilului pe pele\u021bi.<\/p>\n<h2>Care sunt caracteristicile unui cuptor pe pele\u021bi de rachet\u0103\uff1f<\/h2>\n<ul>\n<li>Ardere eficient\u0103:<br \/>\nPrin proiectarea cuptorului cu rachet\u0103, camera de ardere poate produce temperaturi extrem de ridicate, astfel \u00eenc\u00e2t combustibilul s\u0103 fie ars complet, iar emisiile de gaze arse s\u0103 fie reduse.<\/li>\n<li>Utilizarea combustibilului pe pele\u021bi:<br \/>\nSe pot arde combustibili din biomas\u0103 regenerabil\u0103, cum ar fi pele\u021bii din lemn \u0219i cereale, ceea ce este economic \u0219i ecologic.<\/li>\n<li>Emisii reduse:<br \/>\nReduce emisiile de dioxid de carbon \u0219i de substan\u021be nocive, care sunt foarte potrivite pentru zonele cu cerin\u021be ridicate de protec\u021bie a mediului.<\/li>\n<li>Portabilitate:<br \/>\nUnele modele sunt mici, u\u0219or de transportat \u0219i instalat, potrivite pentru camping \u00een aer liber \u0219i utilizare \u00een caz de urgen\u021b\u0103.<\/li>\n<li>Multifunc\u021bional:<br \/>\nAcesta poate fi utilizat pentru \u00eenc\u0103lzire, g\u0103tit, fierbere a apei, etc.<\/li>\n<\/ul>\n<p><a href=\"https:\/\/keweicorten.com\/ro\/contactati-ne\/\"><img fetchpriority=\"high\" decoding=\"async\" class=\"alignnone wp-image-2645\" title=\"turc\u0103 de pele\u021bi\" src=\"https:\/\/keweicorten.com\/wp-content\/uploads\/2024\/12\/Pellet-torch-.jpg\" alt=\"pellet tourch Factory, china, pre\u021b, produc\u0103tori, furnizori, personalizate, en-gros, ieftine, de v\u00e2nzare, \u00een stoc.-keweicorten \" width=\"678\" height=\"678\" srcset=\"https:\/\/keweicorten.com\/wp-content\/uploads\/2024\/12\/Pellet-torch-.jpg 899w, https:\/\/keweicorten.com\/wp-content\/uploads\/2024\/12\/Pellet-torch--300x300.jpg 300w, https:\/\/keweicorten.com\/wp-content\/uploads\/2024\/12\/Pellet-torch--150x150.jpg 150w, https:\/\/keweicorten.com\/wp-content\/uploads\/2024\/12\/Pellet-torch--768x768.jpg 768w, https:\/\/keweicorten.com\/wp-content\/uploads\/2024\/12\/Pellet-torch--12x12.jpg 12w, https:\/\/keweicorten.com\/wp-content\/uploads\/2024\/12\/Pellet-torch--600x600.jpg 600w, https:\/\/keweicorten.com\/wp-content\/uploads\/2024\/12\/Pellet-torch--100x100.jpg 100w\" sizes=\"(max-width: 678px) 100vw, 678px\" \/><\/a><\/p>\n<p>Scenariu de aplicare<br \/>\n\u00cenc\u0103lzirea locuin\u021bei: Potrivit pentru case mici, case din lemn sau garaje \u00een timpul sezonului rece.<br \/>\nActivit\u0103\u021bi \u00een aer liber: camping, gr\u0103tar, etc.<\/p>\n<p>Sugestie de achizi\u021bie<br \/>\nCompatibilitatea cu combustibilul: Selecta\u021bi modelul potrivit pentru combustibilii locali din biomas\u0103.<br \/>\nMaterialul cuptorului: o\u021bel rezistent la temperaturi ridicate de \u00eenalt\u0103 calitate sau material din o\u021bel inoxidabil este mai durabil.<br \/>\nSiguran\u021b\u0103 la utilizare: Verifica\u021bi filtrarea fumului \u0219i controlul fl\u0103c\u0103rii.<br \/>\nBranding \u0219i servicii post-v\u00e2nzare: Alege\u021bi un produc\u0103tor sau un furnizor de renume.<\/p>\n<p><a href=\"https:\/\/keweicorten.com\/ro\/contactati-ne\/\"><img decoding=\"async\" class=\"alignnone wp-image-2646 size-full\" title=\"\u00eenc\u0103lzitor pe pele\u021bi de lemn\" src=\"https:\/\/keweicorten.com\/wp-content\/uploads\/2024\/12\/s-l500.jpg\" alt=\"\u00eenc\u0103lzitor pe pele\u021bi de lemn pre\u021b, produc\u0103tori, furnizori, personalizate, en-gros, ieftine, de v\u00e2nzare, \u00een stoc.-keweicorten\" width=\"375\" height=\"500\" srcset=\"https:\/\/keweicorten.com\/wp-content\/uploads\/2024\/12\/s-l500.jpg 375w, https:\/\/keweicorten.com\/wp-content\/uploads\/2024\/12\/s-l500-225x300.jpg 225w, https:\/\/keweicorten.com\/wp-content\/uploads\/2024\/12\/s-l500-9x12.jpg 9w\" sizes=\"(max-width: 375px) 100vw, 375px\" \/><\/a><\/p>","protected":false},"excerpt":{"rendered":"<p>Sobele pe pele\u021bi sunt dispozitive moderne de ardere care utilizeaz\u0103 combustibili pe pele\u021bi din biomas\u0103 (cum ar fi pele\u021bii de lemn) \u0219i sunt utilizate pe scar\u0103 larg\u0103 \u00een \u00eenc\u0103lzirea locuin\u021belor \u0219i \u00een spa\u021biile comerciale<\/p>","protected":false},"featured_media":2647,"comment_status":"open","ping_status":"closed","template":"","meta":{"_eb_attr":"","_monsterinsights_skip_tracking":false,"_monsterinsights_sitenote_active":false,"_monsterinsights_sitenote_note":"","_monsterinsights_sitenote_category":0,"_uf_show_specific_survey":0,"_uf_disable_surveys":false},"product_brand":[],"product_cat":[52],"product_tag":[],"class_list":{"0":"post-2644","1":"product","2":"type-product","3":"status-publish","4":"has-post-thumbnail","6":"product_cat-wood-pellet-tourch","8":"first","9":"instock","10":"shipping-taxable","11":"product-type-simple"},"_links":{"self":[{"href":"https:\/\/keweicorten.com\/ro\/wp-json\/wp\/v2\/product\/2644"}],"collection":[{"href":"https:\/\/keweicorten.com\/ro\/wp-json\/wp\/v2\/product"}],"about":[{"href":"https:\/\/keweicorten.com\/ro\/wp-json\/wp\/v2\/types\/product"}],"replies":[{"embeddable":true,"href":"https:\/\/keweicorten.com\/ro\/wp-json\/wp\/v2\/comments?post=2644"}],"version-history":[{"count":1,"href":"https:\/\/keweicorten.com\/ro\/wp-json\/wp\/v2\/product\/2644\/revisions"}],"predecessor-version":[{"id":2650,"href":"https:\/\/keweicorten.com\/ro\/wp-json\/wp\/v2\/product\/2644\/revisions\/2650"}],"wp:featuredmedia":[{"embeddable":true,"href":"https:\/\/keweicorten.com\/ro\/wp-json\/wp\/v2\/media\/2647"}],"wp:attachment":[{"href":"https:\/\/keweicorten.com\/ro\/wp-json\/wp\/v2\/media?parent=2644"}],"wp:term":[{"taxonomy":"product_brand","embeddable":true,"href":"https:\/\/keweicorten.com\/ro\/wp-json\/wp\/v2\/product_brand?post=2644"},{"taxonomy":"product_cat","embeddable":true,"href":"https:\/\/keweicorten.com\/ro\/wp-json\/wp\/v2\/product_cat?post=2644"},{"taxonomy":"product_tag","embeddable":true,"href":"https:\/\/keweicorten.com\/ro\/wp-json\/wp\/v2\/product_tag?post=2644"}],"curies":[{"name":"wp","href":"https:\/\/api.w.org\/{rel}","templated":true}]}}