{"id":2999,"date":"2024-12-25T07:01:12","date_gmt":"2024-12-25T07:01:12","guid":{"rendered":"https:\/\/keweicorten.com\/?post_type=product&#038;p=2999"},"modified":"2025-01-15T06:12:44","modified_gmt":"2025-01-15T06:12:44","slug":"barbeque-corten","status":"publish","type":"product","link":"https:\/\/keweicorten.com\/ro\/barbeque-corten\/","title":{"rendered":"barbeque corten"},"content":{"rendered":"<h2 data-pm-slice=\"1 3 []\">Barbeque din o\u021bel corten: Alegerea perfect\u0103 pentru entuzia\u0219tii g\u0103titului \u00een aer liber<\/h2>\n<p>Dac\u0103 sunte\u021bi pasionat de g\u0103titul \u00een aer liber \u0219i dori\u021bi s\u0103 v\u0103 \u00eembun\u0103t\u0103\u021bi\u021bi experien\u021ba cu gr\u0103tarele, un gr\u0103tar din o\u021bel corten este o schimbare radical\u0103. Combin\u00e2nd func\u021bionalitatea, durabilitatea \u0219i aspectul estetic, gr\u0103tarele din o\u021bel corten au devenit din ce \u00een ce mai populare printre pasiona\u021bii de g\u0103tit \u00een aer liber. Acest material este o alegere excelent\u0103 pentru urm\u0103torul dvs. gr\u0103tar.<\/p>\n<h4>Ce este o\u021belul Corten?<\/h4>\n<p>O\u021belul Corten, cunoscut \u0219i sub denumirea de o\u021bel rezistent la intemperii, este un tip de aliaj de o\u021bel conceput pentru a forma un aspect stabil de rugin\u0103 dup\u0103 expunerea la intemperii. Aceast\u0103 proprietate unic\u0103 \u00eel face deosebit din punct de vedere vizual \u0219i foarte rezistent la coroziune. Spre deosebire de o\u021belul tradi\u021bional, o\u021belul corten dezvolt\u0103 o patin\u0103 protectoare \u00een timp, care protejeaz\u0103 materialul de deterior\u0103ri ulterioare, asigur\u00e2nd o performan\u021b\u0103 de lung\u0103 durat\u0103.<\/p>\n<h4>Beneficiile unui gr\u0103tar din o\u021bel Corten<\/h4>\n<ol start=\"1\" data-spread=\"true\">\n<li><strong>Durabilitate \u0219i Longevitate<\/strong> O\u021belul corten este conceput pentru a rezista condi\u021biilor meteorologice dificile, fiind ideal pentru utilizarea \u00een exterior. Propriet\u0103\u021bile sale rezistente la coroziune \u00eenseamn\u0103 c\u0103 gr\u0103tarul dvs. va r\u0103m\u00e2ne func\u021bional \u0219i frumos pentru anii urm\u0103tori.<\/li>\n<li><strong>\u00centre\u021binere redus\u0103<\/strong> Patina natural\u0103 care se formeaz\u0103 pe o\u021belul corten elimin\u0103 nevoia de \u00eentre\u021binere frecvent\u0103. Spre deosebire de alte materiale care necesit\u0103 vopsire sau etan\u0219are, gr\u0103tarele din o\u021bel corten sunt practic lipsite de probleme.<\/li>\n<li><strong>Apelul estetic<\/strong> Tonurile bogate, p\u0103m\u00e2ntii ale o\u021belului corten adaug\u0103 o not\u0103 modern\u0103 \u0219i sofisticat\u0103 oric\u0103rui spa\u021biu exterior. Fie c\u0103 prefera\u021bi un design minimalist sau un aspect mai rustic, o\u021belul corten completeaz\u0103 diverse stiluri de exterior.<\/li>\n<li><strong>Reten\u021bia \u0219i distribu\u021bia c\u0103ldurii<\/strong> O\u021belul corten este un conductor excelent al c\u0103ldurii, asigur\u00e2nd temperaturi de g\u0103tit uniforme. Aceast\u0103 caracteristic\u0103 \u00eembun\u0103t\u0103\u021be\u0219te calitatea alimentelor la gr\u0103tar, oferind rezultate perfecte de fiecare dat\u0103.<\/li>\n<\/ol>\n<p><a href=\"https:\/\/keweicorten.com\/ro\"><img fetchpriority=\"high\" decoding=\"async\" class=\"alignnone wp-image-3004 size-medium\" title=\"gr\u0103tar corten bbq\u00a0\" src=\"https:\/\/keweicorten.com\/wp-content\/uploads\/2024\/12\/IMG20220916175214-300x300.jpg\" alt=\"cump\u0103ra reducere corten bbq grill Free Sample -keweicorten\" width=\"300\" height=\"300\" srcset=\"https:\/\/keweicorten.com\/wp-content\/uploads\/2024\/12\/IMG20220916175214-300x300.jpg 300w, https:\/\/keweicorten.com\/wp-content\/uploads\/2024\/12\/IMG20220916175214-150x150.jpg 150w, https:\/\/keweicorten.com\/wp-content\/uploads\/2024\/12\/IMG20220916175214-12x12.jpg 12w, https:\/\/keweicorten.com\/wp-content\/uploads\/2024\/12\/IMG20220916175214-600x600.jpg 600w, https:\/\/keweicorten.com\/wp-content\/uploads\/2024\/12\/IMG20220916175214-100x100.jpg 100w, https:\/\/keweicorten.com\/wp-content\/uploads\/2024\/12\/IMG20220916175214.jpg 750w\" sizes=\"(max-width: 300px) 100vw, 300px\" \/><\/a><a href=\"https:\/\/keweicorten.com\/ro\/contactati-ne\/\"><img decoding=\"async\" class=\"alignnone wp-image-3001 size-medium\" title=\"gr\u0103tar corten bbq\u00a0\" src=\"https:\/\/keweicorten.com\/wp-content\/uploads\/2024\/12\/IMG20220916161902-300x300.jpg\" alt=\"cump\u0103ra reducere corten bbq grill Free Sample -keweicorten\" width=\"300\" height=\"300\" srcset=\"https:\/\/keweicorten.com\/wp-content\/uploads\/2024\/12\/IMG20220916161902-300x300.jpg 300w, https:\/\/keweicorten.com\/wp-content\/uploads\/2024\/12\/IMG20220916161902-150x150.jpg 150w, https:\/\/keweicorten.com\/wp-content\/uploads\/2024\/12\/IMG20220916161902-12x12.jpg 12w, https:\/\/keweicorten.com\/wp-content\/uploads\/2024\/12\/IMG20220916161902-600x600.jpg 600w, https:\/\/keweicorten.com\/wp-content\/uploads\/2024\/12\/IMG20220916161902-100x100.jpg 100w, https:\/\/keweicorten.com\/wp-content\/uploads\/2024\/12\/IMG20220916161902.jpg 750w\" sizes=\"(max-width: 300px) 100vw, 300px\" \/><\/a> <a href=\"https:\/\/keweicorten.com\/ro\/categorie-produs\/groapa-de-foc\/\"><img decoding=\"async\" class=\"alignnone wp-image-3002 size-medium\" title=\"gr\u0103tar corten bbq\" src=\"https:\/\/keweicorten.com\/wp-content\/uploads\/2024\/12\/IMG20220916161905-300x300.jpg\" alt=\"cump\u0103ra reducere corten bbq grill Free Sample -keweicorten\" width=\"300\" height=\"300\" srcset=\"https:\/\/keweicorten.com\/wp-content\/uploads\/2024\/12\/IMG20220916161905-300x300.jpg 300w, https:\/\/keweicorten.com\/wp-content\/uploads\/2024\/12\/IMG20220916161905-150x150.jpg 150w, https:\/\/keweicorten.com\/wp-content\/uploads\/2024\/12\/IMG20220916161905-12x12.jpg 12w, https:\/\/keweicorten.com\/wp-content\/uploads\/2024\/12\/IMG20220916161905-600x600.jpg 600w, https:\/\/keweicorten.com\/wp-content\/uploads\/2024\/12\/IMG20220916161905-100x100.jpg 100w, https:\/\/keweicorten.com\/wp-content\/uploads\/2024\/12\/IMG20220916161905.jpg 750w\" sizes=\"(max-width: 300px) 100vw, 300px\" \/><\/a><\/p>\n<h4>Modele populare de gr\u0103tare din o\u021bel Corten<\/h4>\n<ol start=\"1\" data-spread=\"true\">\n<li><strong>Gr\u0103tare BBQ independente<\/strong> Acestea sunt perfecte pentru cei care doresc o op\u021biune versatil\u0103 \u0219i portabil\u0103. Acestea sunt disponibile \u00een diferite forme \u0219i dimensiuni pentru a se potrivi diferitelor nevoi de g\u0103tit.<\/li>\n<li><strong>Gr\u0103tar cu foc<\/strong> Combin\u00e2nd func\u021bionalitatea unui gr\u0103tar \u0219i ambian\u021ba unei gropi de foc, aceste modele sunt perfecte pentru primirea oaspe\u021bilor \u0219i crearea unei atmosfere confortabile.<\/li>\n<li><strong>Sta\u021bii de gr\u0103tar \u00eencorporate<\/strong> Pentru o instalare mai permanent\u0103, gr\u0103tarele \u00eencorporate din o\u021bel corten sunt o alegere excelent\u0103. Acestea pot fi personalizate pentru a se integra perfect \u00een buc\u0103t\u0103ria dvs. \u00een aer liber.<\/li>\n<\/ol>\n<p><a href=\"https:\/\/keweicorten.com\/ro\"><img loading=\"lazy\" decoding=\"async\" class=\"alignnone wp-image-2981 size-full\" title=\"gr\u0103tar corten\" src=\"https:\/\/keweicorten.com\/wp-content\/uploads\/2024\/12\/\u672a\u547d\u540d.jpg\" alt=\"cump\u0103ra reducere corten barbecue \" width=\"750\" height=\"750\" srcset=\"https:\/\/keweicorten.com\/wp-content\/uploads\/2024\/12\/\u672a\u547d\u540d.jpg 750w, https:\/\/keweicorten.com\/wp-content\/uploads\/2024\/12\/\u672a\u547d\u540d-300x300.jpg 300w, https:\/\/keweicorten.com\/wp-content\/uploads\/2024\/12\/\u672a\u547d\u540d-150x150.jpg 150w, https:\/\/keweicorten.com\/wp-content\/uploads\/2024\/12\/\u672a\u547d\u540d-12x12.jpg 12w, https:\/\/keweicorten.com\/wp-content\/uploads\/2024\/12\/\u672a\u547d\u540d-600x600.jpg 600w, https:\/\/keweicorten.com\/wp-content\/uploads\/2024\/12\/\u672a\u547d\u540d-100x100.jpg 100w\" sizes=\"(max-width: 750px) 100vw, 750px\" \/><\/a><\/p>\n<h4>De ce s\u0103 alege\u021bi o\u021belul Corten pentru gr\u0103tarul dumneavoastr\u0103?<\/h4>\n<ul data-spread=\"false\">\n<li><strong>Eco-Friendly:<\/strong> O\u021belul Corten este reciclabil, ceea ce \u00eel face o alegere durabil\u0103 pentru consumatorii preocupa\u021bi de mediu.<\/li>\n<li><strong>Proces unic de \u00eemb\u0103tr\u00e2nire:<\/strong> \u00cen timp, aspectul o\u021belului se \u00eembun\u0103t\u0103\u021be\u0219te, ad\u0103ug\u00e2nd caracter spa\u021biului dvs. exterior.<\/li>\n<li><strong>Rezisten\u021b\u0103 la intemperii:<\/strong> Capacitatea sa de a rezista la condi\u021bii extreme asigur\u0103 faptul c\u0103 r\u0103m\u00e2ne func\u021bional \u0219i atractiv din punct de vedere vizual pe tot parcursul anului.<\/li>\n<\/ul>\n<p><a href=\"https:\/\/keweicorten.com\/ro\"><img loading=\"lazy\" decoding=\"async\" class=\"alignnone wp-image-2979 size-full\" title=\"gr\u0103tar BBQ din o\u021bel corten \" src=\"https:\/\/keweicorten.com\/wp-content\/uploads\/2024\/12\/photobank-3.png\" alt=\"cump\u0103ra reducere o\u021bel corten BBQ grill -keweicorten\" width=\"437\" height=\"195\" srcset=\"https:\/\/keweicorten.com\/wp-content\/uploads\/2024\/12\/photobank-3.png 437w, https:\/\/keweicorten.com\/wp-content\/uploads\/2024\/12\/photobank-3-300x134.png 300w, https:\/\/keweicorten.com\/wp-content\/uploads\/2024\/12\/photobank-3-18x8.png 18w\" sizes=\"(max-width: 437px) 100vw, 437px\" \/><\/a><\/p>\n<h4>Sfaturi pentru \u00eentre\u021binerea gr\u0103tarului dvs. din o\u021bel Corten<\/h4>\n<ul data-spread=\"false\">\n<li>Evita\u021bi amplasarea acestuia \u00een zone cu umiditate constant\u0103 pentru a preveni ruginirea excesiv\u0103.<\/li>\n<li>Cur\u0103\u021ba\u021bi periodic suprafa\u021ba gr\u0103tarului pentru a \u00eendep\u0103rta reziduurile alimentare.<\/li>\n<li>Utiliza\u021bi un capac de protec\u021bie dac\u0103 locui\u021bi \u00een regiuni cu precipita\u021bii abundente sau z\u0103pad\u0103fa<\/li>\n<\/ul>","protected":false},"excerpt":{"rendered":"<p data-pm-slice=\"1 1 []\">Barbeque-ul din o\u021bel Corten nu este doar despre func\u021bionalitate; este despre \u00eembun\u0103t\u0103\u021birea spa\u021biului dvs. de locuit \u00een aer liber cu o pies\u0103 central\u0103 durabil\u0103, cu \u00eentre\u021binere redus\u0103 \u0219i uimitoare din punct de vedere vizual.<\/p>","protected":false},"featured_media":3005,"comment_status":"open","ping_status":"closed","template":"","meta":{"_eb_attr":"","_monsterinsights_skip_tracking":false,"_monsterinsights_sitenote_active":false,"_monsterinsights_sitenote_note":"","_monsterinsights_sitenote_category":0,"_uf_show_specific_survey":0,"_uf_disable_surveys":false},"product_brand":[],"product_cat":[63],"product_tag":[],"class_list":{"0":"post-2999","1":"product","2":"type-product","3":"status-publish","4":"has-post-thumbnail","6":"product_cat-steel-bbq-grill","8":"first","9":"instock","10":"shipping-taxable","11":"product-type-simple"},"_links":{"self":[{"href":"https:\/\/keweicorten.com\/ro\/wp-json\/wp\/v2\/product\/2999"}],"collection":[{"href":"https:\/\/keweicorten.com\/ro\/wp-json\/wp\/v2\/product"}],"about":[{"href":"https:\/\/keweicorten.com\/ro\/wp-json\/wp\/v2\/types\/product"}],"replies":[{"embeddable":true,"href":"https:\/\/keweicorten.com\/ro\/wp-json\/wp\/v2\/comments?post=2999"}],"version-history":[{"count":1,"href":"https:\/\/keweicorten.com\/ro\/wp-json\/wp\/v2\/product\/2999\/revisions"}],"predecessor-version":[{"id":3007,"href":"https:\/\/keweicorten.com\/ro\/wp-json\/wp\/v2\/product\/2999\/revisions\/3007"}],"wp:featuredmedia":[{"embeddable":true,"href":"https:\/\/keweicorten.com\/ro\/wp-json\/wp\/v2\/media\/3005"}],"wp:attachment":[{"href":"https:\/\/keweicorten.com\/ro\/wp-json\/wp\/v2\/media?parent=2999"}],"wp:term":[{"taxonomy":"product_brand","embeddable":true,"href":"https:\/\/keweicorten.com\/ro\/wp-json\/wp\/v2\/product_brand?post=2999"},{"taxonomy":"product_cat","embeddable":true,"href":"https:\/\/keweicorten.com\/ro\/wp-json\/wp\/v2\/product_cat?post=2999"},{"taxonomy":"product_tag","embeddable":true,"href":"https:\/\/keweicorten.com\/ro\/wp-json\/wp\/v2\/product_tag?post=2999"}],"curies":[{"name":"wp","href":"https:\/\/api.w.org\/{rel}","templated":true}]}}