{"id":3040,"date":"2024-12-26T06:45:28","date_gmt":"2024-12-26T06:45:28","guid":{"rendered":"https:\/\/keweicorten.com\/?post_type=product&#038;p=3040"},"modified":"2025-01-15T06:09:07","modified_gmt":"2025-01-15T06:09:07","slug":"lumini-solare-pentru-curtea-din-spate","status":"publish","type":"product","link":"https:\/\/keweicorten.com\/ro\/lumini-solare-pentru-curtea-din-spate\/","title":{"rendered":"lumini solare pentru curtea din spate"},"content":{"rendered":"<h3 data-pm-slice=\"1 1 []\">Lumini solare pentru cur\u021bile din spate: Un ghid cuprinz\u0103tor<\/h3>\n<p>Luminile solare sunt o modalitate fantastic\u0103 de a v\u0103 ilumina curtea din spate, fiind \u00een acela\u0219i timp ecologice \u0219i rentabile. Acestea utilizeaz\u0103 energie solar\u0103 regenerabil\u0103, reduc facturile la electricitate \u0219i ofer\u0103 op\u021biuni de design versatile pentru diferite stiluri de curte. Iat\u0103 tot ce trebuie s\u0103 \u0219ti\u021bi despre alegerea \u0219i utilizarea luminilor solare \u00een spa\u021biul dvs. exterior.<\/p>\n<div>\n<hr \/>\n<\/div>\n<h3><strong>Beneficiile luminilor solare<\/strong><\/h3>\n<ol start=\"1\" data-spread=\"true\">\n<li><strong>Eficien\u021ba energetic\u0103<\/strong><br \/>\nLuminile solare transform\u0103 lumina soarelui \u00een electricitate, reduc\u00e2nd semnificativ consumul \u0219i costurile de energie. Acestea sunt ideale pentru proprietarii de locuin\u021be preocupa\u021bi de mediu.<\/li>\n<li><strong>Instalare u\u0219oar\u0103<\/strong><br \/>\nCele mai multe lumini solare sunt wireless \u0219i vin cu componente u\u0219or de instalat, ceea ce le face o alegere convenabil\u0103 pentru pasiona\u021bii de bricolaj.<\/li>\n<li><strong>\u00centre\u021binere redus\u0103<\/strong><br \/>\nLuminile solare necesit\u0103 o \u00eentre\u021binere minim\u0103 cu materiale durabile \u0219i opera\u021biuni automate, oferind o iluminare f\u0103r\u0103 probleme timp de ani de zile.<\/li>\n<li><strong>Design versatil<\/strong><br \/>\nDisponibile \u00een diferite stiluri, luminile solare se pot potrivi cu estetica modern\u0103, rustic\u0103 sau tradi\u021bional\u0103 a cur\u021bii.<\/li>\n<\/ol>\n<div>\n<hr \/>\n<\/div>\n<h3><a href=\"https:\/\/keweicorten.com\/ro\/produs\/corten-lamp\/\"><img fetchpriority=\"high\" decoding=\"async\" class=\"alignnone wp-image-3045\" title=\"lumini exterioare pentru teras\u0103\" src=\"https:\/\/keweicorten.com\/wp-content\/uploads\/2024\/12\/\u5fae\u4fe1\u56fe\u7247_20241226134154.jpg\" alt=\"lumini exterioare pentru teras\u0103\" width=\"850\" height=\"1031\" srcset=\"https:\/\/keweicorten.com\/wp-content\/uploads\/2024\/12\/\u5fae\u4fe1\u56fe\u7247_20241226134154.jpg 1080w, https:\/\/keweicorten.com\/wp-content\/uploads\/2024\/12\/\u5fae\u4fe1\u56fe\u7247_20241226134154-247x300.jpg 247w, https:\/\/keweicorten.com\/wp-content\/uploads\/2024\/12\/\u5fae\u4fe1\u56fe\u7247_20241226134154-844x1024.jpg 844w, https:\/\/keweicorten.com\/wp-content\/uploads\/2024\/12\/\u5fae\u4fe1\u56fe\u7247_20241226134154-768x932.jpg 768w, https:\/\/keweicorten.com\/wp-content\/uploads\/2024\/12\/\u5fae\u4fe1\u56fe\u7247_20241226134154-10x12.jpg 10w, https:\/\/keweicorten.com\/wp-content\/uploads\/2024\/12\/\u5fae\u4fe1\u56fe\u7247_20241226134154-600x728.jpg 600w\" sizes=\"(max-width: 850px) 100vw, 850px\" \/><\/a><\/h3>","protected":false},"excerpt":{"rendered":"<p>Descoperi\u021bi lumini solare versatile pentru curtea dvs. din spate, de la \u0219iruri de lumini decorative la spoturi practice, pentru o transformare ecologic\u0103 \u0219i elegant\u0103 a exteriorului.<\/p>","protected":false},"featured_media":3041,"comment_status":"open","ping_status":"closed","template":"","meta":{"_eb_attr":"","_monsterinsights_skip_tracking":false,"_monsterinsights_sitenote_active":false,"_monsterinsights_sitenote_note":"","_monsterinsights_sitenote_category":0,"_uf_show_specific_survey":0,"_uf_disable_surveys":false},"product_brand":[],"product_cat":[61],"product_tag":[],"class_list":{"0":"post-3040","1":"product","2":"type-product","3":"status-publish","4":"has-post-thumbnail","6":"product_cat-light-post","8":"first","9":"instock","10":"shipping-taxable","11":"product-type-simple"},"_links":{"self":[{"href":"https:\/\/keweicorten.com\/ro\/wp-json\/wp\/v2\/product\/3040"}],"collection":[{"href":"https:\/\/keweicorten.com\/ro\/wp-json\/wp\/v2\/product"}],"about":[{"href":"https:\/\/keweicorten.com\/ro\/wp-json\/wp\/v2\/types\/product"}],"replies":[{"embeddable":true,"href":"https:\/\/keweicorten.com\/ro\/wp-json\/wp\/v2\/comments?post=3040"}],"version-history":[{"count":1,"href":"https:\/\/keweicorten.com\/ro\/wp-json\/wp\/v2\/product\/3040\/revisions"}],"predecessor-version":[{"id":3046,"href":"https:\/\/keweicorten.com\/ro\/wp-json\/wp\/v2\/product\/3040\/revisions\/3046"}],"wp:featuredmedia":[{"embeddable":true,"href":"https:\/\/keweicorten.com\/ro\/wp-json\/wp\/v2\/media\/3041"}],"wp:attachment":[{"href":"https:\/\/keweicorten.com\/ro\/wp-json\/wp\/v2\/media?parent=3040"}],"wp:term":[{"taxonomy":"product_brand","embeddable":true,"href":"https:\/\/keweicorten.com\/ro\/wp-json\/wp\/v2\/product_brand?post=3040"},{"taxonomy":"product_cat","embeddable":true,"href":"https:\/\/keweicorten.com\/ro\/wp-json\/wp\/v2\/product_cat?post=3040"},{"taxonomy":"product_tag","embeddable":true,"href":"https:\/\/keweicorten.com\/ro\/wp-json\/wp\/v2\/product_tag?post=3040"}],"curies":[{"name":"wp","href":"https:\/\/api.w.org\/{rel}","templated":true}]}}