{"id":3093,"date":"2025-01-07T07:43:43","date_gmt":"2025-01-07T07:43:43","guid":{"rendered":"https:\/\/keweicorten.com\/?post_type=product&#038;p=3093"},"modified":"2025-01-15T06:08:30","modified_gmt":"2025-01-15T06:08:30","slug":"h-brown-peisaj-bordura-tarus","status":"publish","type":"product","link":"https:\/\/keweicorten.com\/ro\/h-brown-peisaj-bordura-tarus\/","title":{"rendered":"H Brown peisaj bordur\u0103 \u021b\u0103ru\u0219"},"content":{"rendered":"<p>The <strong>H Brown peisaj bordur\u0103 \u021b\u0103ru\u0219<\/strong> este utilizat \u00een mod obi\u0219nuit pentru fixarea \u0219i stabilizarea marginilor peisajului. Ace\u0219ti \u021b\u0103ru\u0219i sunt de obicei fabrica\u021bi din materiale durabile, cum ar fi o\u021belul, concepute pentru o utilizare \u00eendelungat\u0103 \u00een exterior.<\/p>\n<h3>Caracteristici<\/h3>\n<ol>\n<li><strong>Material<\/strong>: De obicei din o\u021bel cu un strat maro rezistent la intemperii pentru a preveni rugina \u0219i a se integra \u00een peisaj.<\/li>\n<li><strong>Design<\/strong>: Capete conice pentru o introducere u\u0219oar\u0103 \u00een sol.<\/li>\n<li><strong>Compatibilitate<\/strong>: Func\u021bioneaz\u0103 cu majoritatea tipurilor de borduri de peisaj, cum ar fi plastic, metal sau materiale compozite.<\/li>\n<li><strong>Durabilitate<\/strong>: Suficient de puternic pentru a men\u021bine \u00een siguran\u021b\u0103 bordurile, chiar \u0219i \u00een zonele cu trafic pietonal intens sau \u00eentre\u021binere a gazonului.<\/li>\n<\/ol>\n<p><a href=\"https:\/\/keweicorten.com\/ro\"><img fetchpriority=\"high\" decoding=\"async\" class=\"alignnone\" title=\"St\u00e2lpi Corten Borduri de peisaj\" src=\"https:\/\/i.pinimg.com\/736x\/3b\/73\/b8\/3b73b8534444f9329565e210aaff22f0.jpg\" alt=\"Corten Stakes Landscape Edging Factory, china, pre\u021b, produc\u0103tori, furnizori, personalizate, en-gros, ieftine, de v\u00e2nzare, \u00een stoc.-keweicorten\" width=\"736\" height=\"736\" \/><\/a><\/p>\n<h3>Beneficii<\/h3>\n<ul>\n<li><strong>Stabilitate<\/strong>: Previne deplasarea sau \u00eenclinarea marginilor peisajului \u00een timp.<\/li>\n<li><strong>Estetic\u0103<\/strong>: \u00cenveli\u0219ul maro se combin\u0103 bine cu solul, mulciul sau pietri\u0219ul.<\/li>\n<li><strong>U\u0219urin\u021ba instal\u0103rii<\/strong>: Capetele ascu\u021bite \u0219i construc\u021bia robust\u0103 fac instalarea rapid\u0103 \u0219i eficient\u0103.<\/li>\n<\/ul>\n<h3>Aplica\u021bii<\/h3>\n<ul>\n<li>Borduri pentru alei sau paturi de gr\u0103din\u0103.<\/li>\n<li>Re\u021binerea de mulci, pietri\u0219 sau sol.<\/li>\n<li>Borduri \u00een jurul copacilor sau al straturilor de flori.<\/li>\n<\/ul>\n<p><a href=\"https:\/\/keweicorten.com\/ro\"><img decoding=\"async\" class=\"alignnone\" title=\"St\u00e2lpi Corten Borduri de peisaj\" src=\"https:\/\/i.pinimg.com\/736x\/f1\/70\/ce\/f170cee0c26b90209595bb9fe110bbe3.jpg\" alt=\"Corten Stakes Landscape Edging Factory, china, pre\u021b, produc\u0103tori, furnizori, personalizate, en-gros, ieftine, de v\u00e2nzare, \u00een stoc.-keweicorten\" width=\"736\" height=\"736\" \/><\/a><\/p>","protected":false},"excerpt":{"rendered":"<p>Cuie maro durabile pentru grani\u021ba peisajului pentru securizarea grani\u021belor \u0219i men\u021binerea peisajului curat \u0219i frumos, potrivite pentru o varietate de proiecte de curte \u0219i gr\u0103din\u0103.<\/p>","protected":false},"featured_media":3094,"comment_status":"open","ping_status":"closed","template":"","meta":{"_eb_attr":"","_monsterinsights_skip_tracking":false,"_monsterinsights_sitenote_active":false,"_monsterinsights_sitenote_note":"","_monsterinsights_sitenote_category":0,"_uf_show_specific_survey":0,"_uf_disable_surveys":false},"product_brand":[],"product_cat":[58],"product_tag":[],"class_list":{"0":"post-3093","1":"product","2":"type-product","3":"status-publish","4":"has-post-thumbnail","6":"product_cat-garden-edging","8":"first","9":"instock","10":"shipping-taxable","11":"product-type-simple"},"_links":{"self":[{"href":"https:\/\/keweicorten.com\/ro\/wp-json\/wp\/v2\/product\/3093"}],"collection":[{"href":"https:\/\/keweicorten.com\/ro\/wp-json\/wp\/v2\/product"}],"about":[{"href":"https:\/\/keweicorten.com\/ro\/wp-json\/wp\/v2\/types\/product"}],"replies":[{"embeddable":true,"href":"https:\/\/keweicorten.com\/ro\/wp-json\/wp\/v2\/comments?post=3093"}],"version-history":[{"count":1,"href":"https:\/\/keweicorten.com\/ro\/wp-json\/wp\/v2\/product\/3093\/revisions"}],"predecessor-version":[{"id":3095,"href":"https:\/\/keweicorten.com\/ro\/wp-json\/wp\/v2\/product\/3093\/revisions\/3095"}],"wp:featuredmedia":[{"embeddable":true,"href":"https:\/\/keweicorten.com\/ro\/wp-json\/wp\/v2\/media\/3094"}],"wp:attachment":[{"href":"https:\/\/keweicorten.com\/ro\/wp-json\/wp\/v2\/media?parent=3093"}],"wp:term":[{"taxonomy":"product_brand","embeddable":true,"href":"https:\/\/keweicorten.com\/ro\/wp-json\/wp\/v2\/product_brand?post=3093"},{"taxonomy":"product_cat","embeddable":true,"href":"https:\/\/keweicorten.com\/ro\/wp-json\/wp\/v2\/product_cat?post=3093"},{"taxonomy":"product_tag","embeddable":true,"href":"https:\/\/keweicorten.com\/ro\/wp-json\/wp\/v2\/product_tag?post=3093"}],"curies":[{"name":"wp","href":"https:\/\/api.w.org\/{rel}","templated":true}]}}