{"id":3586,"date":"2025-02-18T01:42:40","date_gmt":"2025-02-18T01:42:40","guid":{"rendered":"https:\/\/keweicorten.com\/?post_type=product&#038;p=3586"},"modified":"2025-02-18T01:42:41","modified_gmt":"2025-02-18T01:42:41","slug":"kit-groapa-de-foc-cu-gaz","status":"publish","type":"product","link":"https:\/\/keweicorten.com\/ro\/kit-groapa-de-foc-cu-gaz\/","title":{"rendered":"kit groap\u0103 de foc cu gaz"},"content":{"rendered":"<p data-start=\"72\" data-end=\"132\"><strong data-start=\"72\" data-end=\"132\">Kit groap\u0103 de foc cu gaz: Cea mai bun\u0103 alegere pentru spa\u021biul dvs. exterior<\/strong><\/p>\n<p data-start=\"134\" data-end=\"296\">A <strong data-start=\"136\" data-end=\"156\">Kit foc de tab\u0103r\u0103 cu gaz<\/strong> este excelent pentru zonele exterioare. Este u\u0219or de utilizat. Ofer\u0103 c\u0103ldur\u0103 \u0219i lumin\u0103. Foi\u0219oarele cu gaz sunt mai bune dec\u00e2t cele din lemn. Sunt curate \u0219i sigure.<\/p>\n<h3 data-start=\"298\" data-end=\"332\">De ce s\u0103 alege\u021bi un kit pentru foc de tab\u0103r\u0103 cu gaz?<\/h3>\n<ol data-start=\"334\" data-end=\"671\">\n<li data-start=\"334\" data-end=\"421\"><strong data-start=\"337\" data-end=\"357\">U\u0219or de instalat:<\/strong> Kitul vine cu tot ce ave\u021bi nevoie. Este simplu de configurat.<\/li>\n<li data-start=\"422\" data-end=\"490\"><strong data-start=\"425\" data-end=\"442\">Foc instantaneu:<\/strong> Aprinde\u021bi focul cu un buton - nu este nevoie de lemne.<\/li>\n<li data-start=\"491\" data-end=\"546\"><strong data-start=\"494\" data-end=\"515\">Controla\u021bi c\u0103ldura:<\/strong> Pute\u021bi modifica dimensiunea fl\u0103c\u0103rii.<\/li>\n<li data-start=\"547\" data-end=\"602\"><strong data-start=\"550\" data-end=\"563\">F\u0103r\u0103 fum:<\/strong> \u0218emineele pe gaz nu produc fum sau cenu\u0219\u0103.<\/li>\n<li data-start=\"603\" data-end=\"671\"><strong data-start=\"606\" data-end=\"625\">Design elegant:<\/strong> Foi\u0219oarele cu gaz arat\u0103 bine \u00een orice curte sau teras\u0103.<\/li>\n<\/ol>\n<p><a href=\"https:\/\/keweicorten.com\/ro\/produse\/\"><img fetchpriority=\"high\" decoding=\"async\" class=\"alignnone wp-image-3542 size-medium\" title=\"kit foc de tab\u0103r\u0103 cu gaz\" src=\"https:\/\/keweicorten.com\/wp-content\/uploads\/2025\/02\/IMG20220722160621-300x300.jpg\" alt=\"gaz FirePit kit Factory, china, pre\u021b, produc\u0103tori, furnizori, personalizate, en-gros, ieftine, de v\u00e2nzare, \u00een stoc.\" width=\"300\" height=\"300\" srcset=\"https:\/\/keweicorten.com\/wp-content\/uploads\/2025\/02\/IMG20220722160621-300x300.jpg 300w, https:\/\/keweicorten.com\/wp-content\/uploads\/2025\/02\/IMG20220722160621-1024x1024.jpg 1024w, https:\/\/keweicorten.com\/wp-content\/uploads\/2025\/02\/IMG20220722160621-150x150.jpg 150w, https:\/\/keweicorten.com\/wp-content\/uploads\/2025\/02\/IMG20220722160621-768x768.jpg 768w, https:\/\/keweicorten.com\/wp-content\/uploads\/2025\/02\/IMG20220722160621-1536x1536.jpg 1536w, https:\/\/keweicorten.com\/wp-content\/uploads\/2025\/02\/IMG20220722160621-2048x2048.jpg 2048w, https:\/\/keweicorten.com\/wp-content\/uploads\/2025\/02\/IMG20220722160621-12x12.jpg 12w, https:\/\/keweicorten.com\/wp-content\/uploads\/2025\/02\/IMG20220722160621-600x600.jpg 600w, https:\/\/keweicorten.com\/wp-content\/uploads\/2025\/02\/IMG20220722160621-100x100.jpg 100w\" sizes=\"(max-width: 300px) 100vw, 300px\" \/><\/a> <a href=\"https:\/\/keweicorten.com\/ro\"><img decoding=\"async\" class=\"alignnone wp-image-3537 size-medium\" title=\"tigaie cu gaz pentru focar\" src=\"https:\/\/keweicorten.com\/wp-content\/uploads\/2025\/02\/Remote-Gas-burner-2-300x300.jpg\" alt=\"gaz foc pit pan Factory, china, pre\u021b, produc\u0103tori, furnizori, personalizate, en-gros, ieftine, de v\u00e2nzare, \u00een stoc.\" width=\"300\" height=\"300\" srcset=\"https:\/\/keweicorten.com\/wp-content\/uploads\/2025\/02\/Remote-Gas-burner-2-300x300.jpg 300w, https:\/\/keweicorten.com\/wp-content\/uploads\/2025\/02\/Remote-Gas-burner-2-1024x1020.jpg 1024w, https:\/\/keweicorten.com\/wp-content\/uploads\/2025\/02\/Remote-Gas-burner-2-150x150.jpg 150w, https:\/\/keweicorten.com\/wp-content\/uploads\/2025\/02\/Remote-Gas-burner-2-768x765.jpg 768w, https:\/\/keweicorten.com\/wp-content\/uploads\/2025\/02\/Remote-Gas-burner-2-12x12.jpg 12w, https:\/\/keweicorten.com\/wp-content\/uploads\/2025\/02\/Remote-Gas-burner-2-600x598.jpg 600w, https:\/\/keweicorten.com\/wp-content\/uploads\/2025\/02\/Remote-Gas-burner-2-100x100.jpg 100w, https:\/\/keweicorten.com\/wp-content\/uploads\/2025\/02\/Remote-Gas-burner-2.jpg 1500w\" sizes=\"(max-width: 300px) 100vw, 300px\" \/><\/a><\/p>\n<h3 data-start=\"673\" data-end=\"730\">La ce s\u0103 v\u0103 g\u00e2ndi\u021bi atunci c\u00e2nd alege\u021bi un kit pentru foc de tab\u0103r\u0103 cu gaz:<\/h3>\n<ul data-start=\"732\" data-end=\"968\">\n<li data-start=\"732\" data-end=\"793\"><strong data-start=\"734\" data-end=\"747\">Tip gaz:<\/strong> Asigura\u021bi-v\u0103 c\u0103 kitul func\u021bioneaz\u0103 cu alimentarea cu gaz.<\/li>\n<li data-start=\"794\" data-end=\"843\"><strong data-start=\"796\" data-end=\"805\">Dimensiune:<\/strong> Alege\u021bi dimensiunea potrivit\u0103 pentru spa\u021biul dvs.<\/li>\n<li data-start=\"844\" data-end=\"902\"><strong data-start=\"846\" data-end=\"857\">Siguran\u021b\u0103:<\/strong> Alege\u021bi o groap\u0103 de foc care \u00eendepline\u0219te standardele de siguran\u021b\u0103.<\/li>\n<li data-start=\"903\" data-end=\"968\"><strong data-start=\"905\" data-end=\"918\">Material:<\/strong> O\u021belul inoxidabil \u0219i o\u021belul rezistent la intemperii sunt durabile.<\/li>\n<\/ul>\n<p><a href=\"https:\/\/keweicorten.com\/ro\"><img decoding=\"async\" class=\"alignnone wp-image-3535 size-medium\" title=\"kit pentru foc de tabl\u0103 cu gaz\" src=\"https:\/\/keweicorten.com\/wp-content\/uploads\/2025\/02\/Remote-Gas-burner-3-300x300.jpg\" alt=\"gaz foc pit kit pan Factory, china, pre\u021b, produc\u0103tori, furnizori, personalizate, en-gros, ieftine, de v\u00e2nzare, \u00een stoc.\" width=\"300\" height=\"300\" srcset=\"https:\/\/keweicorten.com\/wp-content\/uploads\/2025\/02\/Remote-Gas-burner-3-300x300.jpg 300w, https:\/\/keweicorten.com\/wp-content\/uploads\/2025\/02\/Remote-Gas-burner-3-1024x1024.jpg 1024w, https:\/\/keweicorten.com\/wp-content\/uploads\/2025\/02\/Remote-Gas-burner-3-150x150.jpg 150w, https:\/\/keweicorten.com\/wp-content\/uploads\/2025\/02\/Remote-Gas-burner-3-768x768.jpg 768w, https:\/\/keweicorten.com\/wp-content\/uploads\/2025\/02\/Remote-Gas-burner-3-12x12.jpg 12w, https:\/\/keweicorten.com\/wp-content\/uploads\/2025\/02\/Remote-Gas-burner-3-600x600.jpg 600w, https:\/\/keweicorten.com\/wp-content\/uploads\/2025\/02\/Remote-Gas-burner-3-100x100.jpg 100w, https:\/\/keweicorten.com\/wp-content\/uploads\/2025\/02\/Remote-Gas-burner-3.jpg 1500w\" sizes=\"(max-width: 300px) 100vw, 300px\" \/><\/a> <a href=\"https:\/\/keweicorten.com\/ro\"><img loading=\"lazy\" decoding=\"async\" class=\"alignnone wp-image-3534 size-medium\" title=\"Foi\u0219or la distan\u021b\u0103\" src=\"https:\/\/keweicorten.com\/wp-content\/uploads\/2025\/02\/gas-firepit-kit-pan-300x300.jpg\" alt=\"la distan\u021b\u0103 Firepit Factory, China, pre\u021b, produc\u0103tori, furnizori, personalizate, en-gros, ieftine, de v\u00e2nzare, \u00een stoc.\" width=\"300\" height=\"300\" srcset=\"https:\/\/keweicorten.com\/wp-content\/uploads\/2025\/02\/gas-firepit-kit-pan-300x300.jpg 300w, https:\/\/keweicorten.com\/wp-content\/uploads\/2025\/02\/gas-firepit-kit-pan-150x150.jpg 150w, https:\/\/keweicorten.com\/wp-content\/uploads\/2025\/02\/gas-firepit-kit-pan-12x12.jpg 12w, https:\/\/keweicorten.com\/wp-content\/uploads\/2025\/02\/gas-firepit-kit-pan-600x600.jpg 600w, https:\/\/keweicorten.com\/wp-content\/uploads\/2025\/02\/gas-firepit-kit-pan-100x100.jpg 100w, https:\/\/keweicorten.com\/wp-content\/uploads\/2025\/02\/gas-firepit-kit-pan.jpg 750w\" sizes=\"(max-width: 300px) 100vw, 300px\" \/><\/a><\/p>\n<h3 data-start=\"970\" data-end=\"978\">\u00centreb\u0103ri frecvente<\/h3>\n<p data-start=\"980\" data-end=\"1101\"><strong data-start=\"980\" data-end=\"1023\">1. Cum se instaleaz\u0103 un kit pentru foc de tab\u0103r\u0103 cu gaz?<\/strong><br data-start=\"1023\" data-end=\"1026\" \/>Este u\u0219or. Urma\u021bi instruc\u021biunile. Pute\u021bi s\u0103 o face\u021bi singur sau s\u0103 angaja\u021bi pe cineva.<\/p>\n<p data-start=\"1103\" data-end=\"1184\"><strong data-start=\"1103\" data-end=\"1144\">2. C\u00e2t de mult dureaz\u0103 un focar cu gaz?<\/strong><br data-start=\"1144\" data-end=\"1147\" \/>Un focar de gaz bun dureaz\u0103 mul\u021bi ani.<\/p>\n<p data-start=\"1186\" data-end=\"1295\"><strong data-start=\"1186\" data-end=\"1231\">3. Trebuie s\u0103-mi \u00eentre\u021bin focarul cu gaz?<\/strong><br data-start=\"1231\" data-end=\"1234\" \/>Da, cur\u0103\u021ba\u021bi-l \u00een mod regulat. Verifica\u021bi conductele de gaz pentru a le men\u021bine \u00een siguran\u021b\u0103.<\/p>","protected":false},"excerpt":{"rendered":"<p data-start=\"96\" data-end=\"303\">Descoperi\u021bi kitul perfect pentru focarul cu gaz pentru spa\u021biul dvs. exterior. U\u0219or de instalat, f\u0103r\u0103 fum sau cenu\u0219\u0103, \u0219i modele elegante care ofer\u0103 c\u0103ldur\u0103 \u0219i confort pentru terasa sau gr\u0103dina dvs. Cump\u0103ra\u021bi acum!<\/p>","protected":false},"featured_media":3535,"comment_status":"open","ping_status":"closed","template":"","meta":{"_eb_attr":"","_monsterinsights_skip_tracking":false,"_monsterinsights_sitenote_active":false,"_monsterinsights_sitenote_note":"","_monsterinsights_sitenote_category":0,"_uf_show_specific_survey":0,"_uf_disable_surveys":false},"product_brand":[],"product_cat":[55],"product_tag":[],"class_list":{"0":"post-3586","1":"product","2":"type-product","3":"status-publish","4":"has-post-thumbnail","6":"product_cat-gas-fire-pit","8":"first","9":"instock","10":"shipping-taxable","11":"product-type-simple"},"_links":{"self":[{"href":"https:\/\/keweicorten.com\/ro\/wp-json\/wp\/v2\/product\/3586"}],"collection":[{"href":"https:\/\/keweicorten.com\/ro\/wp-json\/wp\/v2\/product"}],"about":[{"href":"https:\/\/keweicorten.com\/ro\/wp-json\/wp\/v2\/types\/product"}],"replies":[{"embeddable":true,"href":"https:\/\/keweicorten.com\/ro\/wp-json\/wp\/v2\/comments?post=3586"}],"version-history":[{"count":1,"href":"https:\/\/keweicorten.com\/ro\/wp-json\/wp\/v2\/product\/3586\/revisions"}],"predecessor-version":[{"id":3587,"href":"https:\/\/keweicorten.com\/ro\/wp-json\/wp\/v2\/product\/3586\/revisions\/3587"}],"wp:featuredmedia":[{"embeddable":true,"href":"https:\/\/keweicorten.com\/ro\/wp-json\/wp\/v2\/media\/3535"}],"wp:attachment":[{"href":"https:\/\/keweicorten.com\/ro\/wp-json\/wp\/v2\/media?parent=3586"}],"wp:term":[{"taxonomy":"product_brand","embeddable":true,"href":"https:\/\/keweicorten.com\/ro\/wp-json\/wp\/v2\/product_brand?post=3586"},{"taxonomy":"product_cat","embeddable":true,"href":"https:\/\/keweicorten.com\/ro\/wp-json\/wp\/v2\/product_cat?post=3586"},{"taxonomy":"product_tag","embeddable":true,"href":"https:\/\/keweicorten.com\/ro\/wp-json\/wp\/v2\/product_tag?post=3586"}],"curies":[{"name":"wp","href":"https:\/\/api.w.org\/{rel}","templated":true}]}}