{"id":3845,"date":"2025-03-03T07:28:51","date_gmt":"2025-03-03T07:28:51","guid":{"rendered":"https:\/\/keweicorten.com\/?post_type=product&#038;p=3845"},"modified":"2025-03-03T07:28:51","modified_gmt":"2025-03-03T07:28:51","slug":"arzator-pentru-foc-de-tabara-cu-gaz","status":"publish","type":"product","link":"https:\/\/keweicorten.com\/ro\/arzator-pentru-foc-de-tabara-cu-gaz\/","title":{"rendered":"arz\u0103tor pentru foc de tab\u0103r\u0103 cu gaz"},"content":{"rendered":"<h2 data-pm-slice=\"1 1 []\">Ce este un kit pentru foc de tab\u0103r\u0103 cu gaz?<\/h2>\n<p>Kitul de focar pe gaz este o solu\u021bie de \u00eenc\u0103lzire \u00een aer liber eficient\u0103, sigur\u0103 \u0219i u\u0219or de instalat. Utilizeaz\u0103 gaz natural sau propan lichid drept combustibil pentru a ad\u0103uga c\u0103ldur\u0103 \u0219i ambian\u021b\u0103 terasei, terasei sau gr\u0103dinii dvs.<\/p>\n<h2>De ce s\u0103 alege\u021bi un kit pentru foc de tab\u0103r\u0103 cu gaz?<\/h2>\n<h3>1. Curat \u0219i ecologic<\/h3>\n<p>Spre deosebire de \u0219emineele tradi\u021bionale pe lemne, \u0219emineele pe gaz nu produc fum, cenu\u0219\u0103 sau mirosuri nepl\u0103cute, ceea ce le face o op\u021biune ecologic\u0103 \u0219i mai sigur\u0103.<\/p>\n<h3>2. U\u0219or de utilizat<\/h3>\n<p>Nu este nevoie de procese de aprindere complicate - aprinde\u021bi pur \u0219i simplu cu un buton. Unele kituri vin chiar \u0219i cu aprindere automat\u0103 \u0219i func\u021bii de control al temperaturii.<\/p>\n<h3>3. Potrivit pentru diverse set\u0103ri \u00een aer liber<\/h3>\n<p>Un kit pentru foc de tab\u0103r\u0103 cu gaz \u00eembun\u0103t\u0103\u021be\u0219te estetica \u0219i func\u021bionalitatea spa\u021biului, fie c\u0103 este vorba de o curte, un patio, o gr\u0103din\u0103 de hotel sau o zon\u0103 \u00een aer liber a unui restaurant.<\/p>\n<table style=\"height: 225px;\" border=\"2\" width=\"751\">\n<tbody>\n<tr>\n<td data-spm-anchor-id=\"a2700.details.0.i69.a1316c55K69Hkr\">Nume \u0219i prenume<\/td>\n<td>Kit de asamblare a arz\u0103torului cu tigaie de foc Diy<\/td>\n<\/tr>\n<tr>\n<td>Marterial<\/td>\n<td>O\u021bel<\/td>\n<\/tr>\n<tr>\n<td>Utilizare<\/td>\n<td>Utiliza\u021bi \u00een co\u0219uri de fum \u00een aer liber<\/td>\n<\/tr>\n<tr>\n<td>Sistemul de aprindere<\/td>\n<td data-spm-anchor-id=\"a2700.details.0.i70.a1316c55K69Hkr\">Utilizarea sistemului de aprindere mecanic sau electronic pentru groapa de foc<\/td>\n<\/tr>\n<tr>\n<td>Asamblare<\/td>\n<td>\u00a0Asamblat<\/td>\n<\/tr>\n<tr>\n<td>Garan\u021bie<\/td>\n<td>5 ani<\/td>\n<\/tr>\n<tr>\n<td>Tipuri adecvate<\/td>\n<td>Orice gr\u0103tar<\/td>\n<\/tr>\n<\/tbody>\n<\/table>\n<p><a href=\"https:\/\/keweicorten.com\/ro\/kit-arzator-pentru-groapa-de-foc-cu-gaz\/\"><img fetchpriority=\"high\" decoding=\"async\" class=\"alignnone wp-image-3846 size-full\" title=\"inel pentru focar cu gaz\" src=\"https:\/\/keweicorten.com\/wp-content\/uploads\/2025\/03\/gas-firepit-kit-pan.jpg\" alt=\"gaz foc pit inel Factory, china, pre\u021b, produc\u0103tori, furnizori, personalizate, en-gros, ieftine, de v\u00e2nzare, \u00een stoc.\" width=\"750\" height=\"750\" srcset=\"https:\/\/keweicorten.com\/wp-content\/uploads\/2025\/03\/gas-firepit-kit-pan.jpg 750w, https:\/\/keweicorten.com\/wp-content\/uploads\/2025\/03\/gas-firepit-kit-pan-300x300.jpg 300w, https:\/\/keweicorten.com\/wp-content\/uploads\/2025\/03\/gas-firepit-kit-pan-150x150.jpg 150w, https:\/\/keweicorten.com\/wp-content\/uploads\/2025\/03\/gas-firepit-kit-pan-12x12.jpg 12w, https:\/\/keweicorten.com\/wp-content\/uploads\/2025\/03\/gas-firepit-kit-pan-600x600.jpg 600w, https:\/\/keweicorten.com\/wp-content\/uploads\/2025\/03\/gas-firepit-kit-pan-100x100.jpg 100w\" sizes=\"(max-width: 750px) 100vw, 750px\" \/><\/a><\/p>\n<p><a href=\"https:\/\/keweicorten.com\/ro\/kit-arzator-pentru-groapa-de-foc-cu-gaz\/\"><img decoding=\"async\" class=\"alignnone wp-image-3847\" title=\"arz\u0103tor pentru foc de tab\u0103r\u0103 cu gaz \" src=\"https:\/\/keweicorten.com\/wp-content\/uploads\/2025\/03\/Gas-fire-pit-pan-9-\u526f\u672c-scaled.jpg\" alt=\"gaz arz\u0103tor foc Pit Factory, china, pre\u021b, produc\u0103tori, furnizori, personalizate, en-gros, ieftine, de v\u00e2nzare, \u00een stoc.\" width=\"751\" height=\"563\" srcset=\"https:\/\/keweicorten.com\/wp-content\/uploads\/2025\/03\/Gas-fire-pit-pan-9-\u526f\u672c-scaled.jpg 2560w, https:\/\/keweicorten.com\/wp-content\/uploads\/2025\/03\/Gas-fire-pit-pan-9-\u526f\u672c-300x225.jpg 300w, https:\/\/keweicorten.com\/wp-content\/uploads\/2025\/03\/Gas-fire-pit-pan-9-\u526f\u672c-1024x768.jpg 1024w, https:\/\/keweicorten.com\/wp-content\/uploads\/2025\/03\/Gas-fire-pit-pan-9-\u526f\u672c-768x576.jpg 768w, https:\/\/keweicorten.com\/wp-content\/uploads\/2025\/03\/Gas-fire-pit-pan-9-\u526f\u672c-1536x1152.jpg 1536w, https:\/\/keweicorten.com\/wp-content\/uploads\/2025\/03\/Gas-fire-pit-pan-9-\u526f\u672c-2048x1536.jpg 2048w, https:\/\/keweicorten.com\/wp-content\/uploads\/2025\/03\/Gas-fire-pit-pan-9-\u526f\u672c-16x12.jpg 16w, https:\/\/keweicorten.com\/wp-content\/uploads\/2025\/03\/Gas-fire-pit-pan-9-\u526f\u672c-600x450.jpg 600w\" sizes=\"(max-width: 751px) 100vw, 751px\" \/><\/a><\/p>\n<h2>Cum s\u0103 alege\u021bi kitul potrivit pentru co\u0219ul de fum cu gaz<\/h2>\n<h3>1. Tipul de combustibil: Gaz natural vs. propan lichid<\/h3>\n<ul data-spread=\"false\">\n<li><strong>Gaz natural<\/strong>: Necesit\u0103 o instalare fix\u0103, ideal\u0103 pentru utilizarea pe termen lung.<\/li>\n<li><strong>Propan lichid<\/strong>: Portabil \u0219i flexibil pentru amplasarea \u00een diferite loca\u021bii.<\/li>\n<\/ul>\n<h3>2. Dimensiune \u0219i form\u0103<\/h3>\n<p>Kiturile pentru focare de tab\u0103r\u0103 cu gaz sunt disponibile \u00een diferite dimensiuni \u0219i forme, inclusiv <strong>rotunde, p\u0103trate, dreptunghiulare \u0219i liniare<\/strong>-alege\u021bi unul \u00een func\u021bie de dimensiunile spa\u021biului dvs. exterior.<\/p>\n<h3>3. Selectarea materialelor<\/h3>\n<ul data-spread=\"false\">\n<li><strong>O\u021bel inoxidabil<\/strong>: Rezistent la coroziune \u0219i de lung\u0103 durat\u0103.<\/li>\n<li><strong>O\u021bel Corten<\/strong>: Dezvolt\u0103 o patin\u0103 natural\u0103 de rugin\u0103 \u00een timp, ideal\u0103 pentru designuri moderne sau \u00een stil industrial.<\/li>\n<li><strong>Ceramic\u0103 sau fibr\u0103 de sticl\u0103<\/strong>: U\u0219oare \u0219i unice din punct de vedere estetic.<\/li>\n<\/ul>\n<p><a href=\"https:\/\/keweicorten.com\/ro\/kit-arzator-pentru-groapa-de-foc-cu-gaz\/\"><img decoding=\"async\" class=\"alignnone wp-image-3848\" title=\"arz\u0103tor pentru foc de tab\u0103r\u0103 cu gaz\" src=\"https:\/\/keweicorten.com\/wp-content\/uploads\/2025\/03\/\u5fae\u4fe1\u56fe\u7247_20240105111424.jpg\" alt=\"gaz arz\u0103tor foc Pit Factory, china, pre\u021b, produc\u0103tori, furnizori, personalizate, en-gros, ieftine, de v\u00e2nzare, \u00een stoc.\" width=\"751\" height=\"751\" srcset=\"https:\/\/keweicorten.com\/wp-content\/uploads\/2025\/03\/\u5fae\u4fe1\u56fe\u7247_20240105111424.jpg 1600w, https:\/\/keweicorten.com\/wp-content\/uploads\/2025\/03\/\u5fae\u4fe1\u56fe\u7247_20240105111424-300x300.jpg 300w, https:\/\/keweicorten.com\/wp-content\/uploads\/2025\/03\/\u5fae\u4fe1\u56fe\u7247_20240105111424-1024x1024.jpg 1024w, https:\/\/keweicorten.com\/wp-content\/uploads\/2025\/03\/\u5fae\u4fe1\u56fe\u7247_20240105111424-150x150.jpg 150w, https:\/\/keweicorten.com\/wp-content\/uploads\/2025\/03\/\u5fae\u4fe1\u56fe\u7247_20240105111424-768x768.jpg 768w, https:\/\/keweicorten.com\/wp-content\/uploads\/2025\/03\/\u5fae\u4fe1\u56fe\u7247_20240105111424-1536x1536.jpg 1536w, https:\/\/keweicorten.com\/wp-content\/uploads\/2025\/03\/\u5fae\u4fe1\u56fe\u7247_20240105111424-12x12.jpg 12w, https:\/\/keweicorten.com\/wp-content\/uploads\/2025\/03\/\u5fae\u4fe1\u56fe\u7247_20240105111424-600x600.jpg 600w, https:\/\/keweicorten.com\/wp-content\/uploads\/2025\/03\/\u5fae\u4fe1\u56fe\u7247_20240105111424-100x100.jpg 100w\" sizes=\"(max-width: 751px) 100vw, 751px\" \/><\/a><\/p>\n<h2>Cum s\u0103 instala\u021bi un kit pentru foc de tab\u0103r\u0103 cu gaz<\/h2>\n<h3>1. Alege\u021bi loca\u021bia de instalare<\/h3>\n<p>Alege\u021bi o zon\u0103 bine ventilat\u0103, departe de materialele inflamabile, pentru a asigura siguran\u021ba.<\/p>\n<h3>2. Conecta\u021bi conducta de gaz<\/h3>\n<p>Urma\u021bi instruc\u021biunile produc\u0103torului pentru a conecta corect conducta de gaz \u0219i pentru a efectua un test de etan\u0219eitate.<\/p>\n<h3>3. Ad\u0103uga\u021bi Fire Media<\/h3>\n<p>\u00cembun\u0103t\u0103\u021bi\u021bi aspectul prin utilizarea <strong>roci de lav\u0103, sticl\u0103 de foc sau bu\u0219teni de ceramic\u0103<\/strong>.<\/p>\n<h3>4. Testare \u0219i reglare<\/h3>\n<p>Aprinde\u021bi focarul, regla\u021bi \u00een\u0103l\u021bimea fl\u0103c\u0103rii \u0219i asigura\u021bi-v\u0103 de buna func\u021bionare.<\/p>\n<p><a href=\"https:\/\/keweicorten.com\/ro\/kit-arzator-pentru-groapa-de-foc-cu-gaz\/\"><img loading=\"lazy\" decoding=\"async\" class=\"alignnone wp-image-3539\" title=\"groap\u0103 de foc diy lp\" src=\"https:\/\/keweicorten.com\/wp-content\/uploads\/2025\/02\/Gas-fire-pit-pan-11.jpg\" alt=\"diy lp fire pit \\Factory, china, pre\u021b, produc\u0103tori, furnizori, personalizate, en-gros, ieftine, de v\u00e2nzare, \u00een stoc.\" width=\"751\" height=\"751\" srcset=\"https:\/\/keweicorten.com\/wp-content\/uploads\/2025\/02\/Gas-fire-pit-pan-11.jpg 960w, https:\/\/keweicorten.com\/wp-content\/uploads\/2025\/02\/Gas-fire-pit-pan-11-300x300.jpg 300w, https:\/\/keweicorten.com\/wp-content\/uploads\/2025\/02\/Gas-fire-pit-pan-11-150x150.jpg 150w, https:\/\/keweicorten.com\/wp-content\/uploads\/2025\/02\/Gas-fire-pit-pan-11-768x768.jpg 768w, https:\/\/keweicorten.com\/wp-content\/uploads\/2025\/02\/Gas-fire-pit-pan-11-12x12.jpg 12w, https:\/\/keweicorten.com\/wp-content\/uploads\/2025\/02\/Gas-fire-pit-pan-11-600x600.jpg 600w, https:\/\/keweicorten.com\/wp-content\/uploads\/2025\/02\/Gas-fire-pit-pan-11-100x100.jpg 100w\" sizes=\"(max-width: 751px) 100vw, 751px\" \/><\/a><\/p>\n<h2>\u00centre\u021binere \u0219i \u00eengrijire<\/h2>\n<h3>1. Cur\u0103\u021ba\u021bi regulat arz\u0103torul<\/h3>\n<p>Evita\u021bi ca praful sau resturile s\u0103 \u00eenfund\u0103 orificiile arz\u0103torului pentru a men\u021bine eficien\u021ba.<\/p>\n<h3>2. Protejarea de elementele meteorologice<\/h3>\n<p>Utiliza\u021bi un <strong>capac rezistent la intemperii<\/strong> atunci c\u00e2nd nu este utilizat, pentru a prelungi durata de via\u021b\u0103 a focarului.<\/p>\n<h3>3. Verificarea conexiunilor de gaz<\/h3>\n<p>Inspecta\u021bi periodic conductele de gaz \u0219i supapele pentru a preveni scurgerile.<\/p>","protected":false},"excerpt":{"rendered":"<p>A <strong data-start=\"265\" data-end=\"285\">Kit foc de tab\u0103r\u0103 cu gaz<\/strong> adaug\u0103 c\u0103ldur\u0103, stil \u0219i confort oric\u0103rui spa\u021biu exterior. Alege\u021bi din diferite dimensiuni \u0219i materiale pentru o potrivire perfect\u0103. U\u0219or de instalat \u0219i \u00eentre\u021binut - ideal pentru uz casnic \u0219i profesional!<\/p>","protected":false},"featured_media":3849,"comment_status":"open","ping_status":"closed","template":"","meta":{"_eb_attr":"","_monsterinsights_skip_tracking":false,"_monsterinsights_sitenote_active":false,"_monsterinsights_sitenote_note":"","_monsterinsights_sitenote_category":0,"_uf_show_specific_survey":0,"_uf_disable_surveys":false},"product_brand":[],"product_cat":[53],"product_tag":[],"class_list":{"0":"post-3845","1":"product","2":"type-product","3":"status-publish","4":"has-post-thumbnail","6":"product_cat-gas-fire-pit-burner","8":"first","9":"instock","10":"shipping-taxable","11":"product-type-simple"},"_links":{"self":[{"href":"https:\/\/keweicorten.com\/ro\/wp-json\/wp\/v2\/product\/3845"}],"collection":[{"href":"https:\/\/keweicorten.com\/ro\/wp-json\/wp\/v2\/product"}],"about":[{"href":"https:\/\/keweicorten.com\/ro\/wp-json\/wp\/v2\/types\/product"}],"replies":[{"embeddable":true,"href":"https:\/\/keweicorten.com\/ro\/wp-json\/wp\/v2\/comments?post=3845"}],"version-history":[{"count":1,"href":"https:\/\/keweicorten.com\/ro\/wp-json\/wp\/v2\/product\/3845\/revisions"}],"predecessor-version":[{"id":3853,"href":"https:\/\/keweicorten.com\/ro\/wp-json\/wp\/v2\/product\/3845\/revisions\/3853"}],"wp:featuredmedia":[{"embeddable":true,"href":"https:\/\/keweicorten.com\/ro\/wp-json\/wp\/v2\/media\/3849"}],"wp:attachment":[{"href":"https:\/\/keweicorten.com\/ro\/wp-json\/wp\/v2\/media?parent=3845"}],"wp:term":[{"taxonomy":"product_brand","embeddable":true,"href":"https:\/\/keweicorten.com\/ro\/wp-json\/wp\/v2\/product_brand?post=3845"},{"taxonomy":"product_cat","embeddable":true,"href":"https:\/\/keweicorten.com\/ro\/wp-json\/wp\/v2\/product_cat?post=3845"},{"taxonomy":"product_tag","embeddable":true,"href":"https:\/\/keweicorten.com\/ro\/wp-json\/wp\/v2\/product_tag?post=3845"}],"curies":[{"name":"wp","href":"https:\/\/api.w.org\/{rel}","templated":true}]}}