{"id":3887,"date":"2025-03-07T06:03:46","date_gmt":"2025-03-07T06:03:46","guid":{"rendered":"https:\/\/keweicorten.com\/?post_type=product&#038;p=3887"},"modified":"2025-03-07T06:03:47","modified_gmt":"2025-03-07T06:03:47","slug":"4x8-304-tabla-din-otel-inoxidabil","status":"publish","type":"product","link":"https:\/\/keweicorten.com\/ro\/4x8-304-tabla-din-otel-inoxidabil\/","title":{"rendered":"Foaie de o\u021bel inoxidabil 4\u00d78 304"},"content":{"rendered":"<h2><strong>Titlu: Foaie de o\u021bel inoxidabil 4\u00d78 304: Caracteristici, specifica\u021bii, avantaje \u0219i solu\u021bii pentru nevoile dvs.<\/strong><\/h2>\n<p>C\u00e2nd vine vorba de alegerea materialului potrivit pentru aplica\u021bii industriale \u0219i comerciale, <strong>4\u00d78 304 tabl\u0103 din o\u021bel inoxidabil<\/strong> se remarc\u0103 prin durabilitatea, versatilitatea \u0219i rezisten\u021ba remarcabile la coroziune. Acest tip de tabl\u0103 din o\u021bel inoxidabil este utilizat pe scar\u0103 larg\u0103 \u00een diverse sectoare, inclusiv construc\u021bii, produc\u021bie \u0219i design, datorit\u0103 performan\u021belor sale excelente. \u00cen acest articol, vom aprofunda caracteristicile cheie, specifica\u021biile, avantajele \u0219i modul \u00een care produsul nostru rezolv\u0103 problemele comune ale clien\u021bilor.<\/p>\n<h2><strong>Caracteristici ale foii de o\u021bel inoxidabil 4\u00d78 304<\/strong><\/h2>\n<ul>\n<li><strong>Compozi\u021bia materialului<\/strong>: Foaia de o\u021bel inoxidabil 304 este alc\u0103tuit\u0103 \u00een principal din fier, crom (18%) \u0219i nichel (8%), oferind un aliaj puternic, rezistent la rugin\u0103, potrivit pentru o gam\u0103 larg\u0103 de aplica\u021bii.<\/li>\n<li><strong>Finisaj de suprafa\u021b\u0103<\/strong>: De obicei, este prev\u0103zut cu un finisaj periat sau \u00een oglind\u0103, oferind un aspect estetic, dar \u0219i o \u00eentre\u021binere \u0219i o cur\u0103\u021bare u\u0219oar\u0103.<\/li>\n<li><strong>Dimensiune \u0219i grosime<\/strong>: Dimensiunile standard ale foilor 4\u00d78 (48 inci pe 96 inci) sunt ideale pentru diverse proiecte. Este disponibil \u00een diferite grosimi, de la 0,02\" la 0,25\" sau mai mult, \u00een func\u021bie de cerin\u021be.<\/li>\n<li><strong>Rezisten\u021ba la coroziune<\/strong>: Foaia de o\u021bel inoxidabil 304 este foarte rezistent\u0103 la coroziune, oxidare \u0219i rugin\u0103, ceea ce o face perfect\u0103 at\u00e2t pentru mediul interior, c\u00e2t \u0219i pentru cel exterior, \u00een special \u00een zonele expuse la elemente dure.<\/li>\n<li><strong>Toleran\u021ba la temperatur\u0103<\/strong>: Poate rezista la o gam\u0103 larg\u0103 de temperaturi f\u0103r\u0103 a-\u0219i pierde integritatea structural\u0103, ceea ce \u00eel face potrivit pentru utilizarea \u00een aplica\u021bii la temperaturi ridicate.<a href=\"https:\/\/keweicorten.com\/ro\/produse\/\"><img fetchpriority=\"high\" decoding=\"async\" class=\"alignnone\" title=\"304 Foaie Pre\u021b SS304 4X8\" src=\"https:\/\/image.made-in-china.com\/2f0j00ASclVDJBQwgr\/China-304-Sheet-Price-SS304-4X8-201-Circle-0-6mm-Thick-Steel-Sheets-Stainless-Steel-Sheet.jpg\" alt=\"China 304 Sheet Pret SS304 4X8 201 Circle 0.6mm Grosime Foi de o\u021bel Pret-keweicorten\" width=\"730\" height=\"548\" \/><\/a><\/li>\n<\/ul>\n<h2><strong>Specifica\u021bii ale foii de o\u021bel inoxidabil 4\u00d78 304<\/strong><\/h2>\n<ul>\n<li><strong>Dimensiuni<\/strong>: 4 picioare pe 8 picioare (1200 mm x 2400 mm)<\/li>\n<li><strong>Grosime<\/strong>: Disponibil de la 0,02\u2033 (0,5 mm) la 0,25\u2033 (6,35 mm) sau grosimi personalizate<\/li>\n<li><strong>Greutate<\/strong>: Variaz\u0103 \u00een func\u021bie de grosime, dar de obicei aproximativ 6,5-10 kg pe foaie.<\/li>\n<li><strong>Grad<\/strong>: 304 este cel mai frecvent utilizat tip de o\u021bel inoxidabil, cunoscut pentru formabilitatea sa excelent\u0103 \u0219i rezisten\u021ba la coroziune.<\/li>\n<li><strong>Op\u021biuni de finisare<\/strong>: Finisajele comune includ 2B, nr. 1, nr. 4 \u0219i finisaj oglind\u0103.<\/li>\n<li>Aici este <strong>Foaie de o\u021bel inoxidabil 4\u00d78 304<\/strong> parametru<\/li>\n<\/ul>\n<table>\n<thead>\n<tr>\n<th><strong>Parametru<\/strong><\/th>\n<th><strong>Descriere<\/strong><\/th>\n<\/tr>\n<\/thead>\n<tbody>\n<tr>\n<td><strong>Material<\/strong><\/td>\n<td>O\u021bel inoxidabil 304 (18% crom, 8% nichel)<\/td>\n<\/tr>\n<tr>\n<td><strong>Dimensiuni<\/strong><\/td>\n<td>Dimensiune standard: 1200mm x 2400mm (4'x8\u2032)<\/td>\n<\/tr>\n<tr>\n<td><strong>Grosime<\/strong><\/td>\n<td>0,3 mm - 6 mm (dimensiuni personalizate disponibile)<\/td>\n<\/tr>\n<tr>\n<td><strong>Finisaj de suprafa\u021b\u0103<\/strong><\/td>\n<td>2B (neted), nr. 1 (dur), nr. 4 (periat), finisaj oglind\u0103<\/td>\n<\/tr>\n<tr>\n<td><strong>Rezisten\u021ba la coroziune<\/strong><\/td>\n<td>Rezisten\u021b\u0103 excelent\u0103 la coroziune, adecvat\u0103 pentru medii umede, chimice \u0219i cu temperaturi ridicate<\/td>\n<\/tr>\n<tr>\n<td><strong>Rezisten\u021ba la trac\u021biune<\/strong><\/td>\n<td>520 - 720 MPa<\/td>\n<\/tr>\n<tr>\n<td><strong>Rezisten\u021ba la cedare<\/strong><\/td>\n<td>215 MPa<\/td>\n<\/tr>\n<tr>\n<td><strong>Alungire<\/strong><\/td>\n<td>40%<\/td>\n<\/tr>\n<tr>\n<td><strong>Densitate<\/strong><\/td>\n<td>8,0 g\/cm\u00b3<\/td>\n<\/tr>\n<tr>\n<td><strong>Rezisten\u021ba la c\u0103ldur\u0103<\/strong><\/td>\n<td>Interval de temperatur\u0103: -196\u00b0C p\u00e2n\u0103 la 870\u00b0C<\/td>\n<\/tr>\n<tr>\n<td><strong>Sudabilitate<\/strong><\/td>\n<td>Sudabilitate bun\u0103, potrivit\u0103 pentru sudarea TIG, MIG \u0219i cu arc<\/td>\n<\/tr>\n<tr>\n<td><strong>Propriet\u0103\u021bi magnetice<\/strong><\/td>\n<td>Nemagnetic, adecvat pentru aplica\u021bii care necesit\u0103 magnetism redus<\/td>\n<\/tr>\n<tr>\n<td><strong>Calitatea suprafe\u021bei<\/strong><\/td>\n<td>Disponibil \u00een diferite finisaje de suprafa\u021b\u0103 pentru a se potrivi aplica\u021biilor decorative, industriei alimentare \u0219i chimice<\/td>\n<\/tr>\n<\/tbody>\n<\/table>\n<p><a href=\"https:\/\/keweicorten.com\/ro\/produse\/\"><img decoding=\"async\" class=\"alignnone\" title=\"1mm 0.8mm grosime 4x8 aisi 304 Foaie de o\u021bel inoxidabil Pre\u021b \" src=\"https:\/\/ts1.tc.mm.bing.net\/th\/id\/R-C.1d94e5fc7d93d7e8e4893f03447e48b9?rik=weqVghXE7QJ4sw&amp;riu=http%3a%2f%2fg02.s.alicdn.com%2fkf%2fHTB1qDm4IVXXXXa0XVXXq6xXFXXXu%2f222252506%2fHTB1qDm4IVXXXXa0XVXXq6xXFXXXu.jpg&amp;ehk=THQ%2fN0FaOqebkqTIwLN%2bkM16Uh04%2bseg2wa3T%2b52JQM%3d&amp;risl=&amp;pid=ImgRaw&amp;r=0\" alt=\"1mm 0.8mm grosime 4x8 aisi 304 Foi de o\u021bel inoxidabil Pre\u021b per kg - keweicorten\" width=\"750\" height=\"600\" \/><\/a><\/p>\n<h2><strong>Avantajele foii de o\u021bel inoxidabil 4\u00d78 304<\/strong><\/h2>\n<ol>\n<li><strong>Durabilitate \u0219i Longevitate ridicate<\/strong>: Natura robust\u0103 a o\u021belului inoxidabil 304 asigur\u0103 faptul c\u0103 foile \u00ee\u0219i p\u0103streaz\u0103 integritatea chiar \u0219i dup\u0103 ani de expunere la diver\u0219i factori de mediu, inclusiv umiditate \u0219i temperaturi extreme.<\/li>\n<li><strong>\u00centre\u021binere u\u0219oar\u0103<\/strong>: Cu o suprafa\u021b\u0103 neted\u0103, pl\u0103cile din o\u021bel inoxidabil sunt u\u0219or de cur\u0103\u021bat, \u00eentre\u021binut \u0219i previn dezvoltarea bacteriilor, fiind ideale pentru medii igienice precum buc\u0103t\u0103rii \u0219i spitale.<\/li>\n<li><strong>Flexibilitate estetic\u0103<\/strong>: Disponibil\u0103 \u00eentr-o varietate de finisaje, foaia de o\u021bel inoxidabil 304 poate fi utilizat\u0103 at\u00e2t \u00een aplica\u021bii industriale, c\u00e2t \u0219i decorative, oferind un aspect elegant \u0219i modern.<\/li>\n<li><strong>Nemagnetic<\/strong>: Este un material nemagnetic, ceea ce \u00eel face util \u00een aplica\u021bii \u00een care magnetismul este o preocupare, cum ar fi \u00een electronic\u0103 sensibil\u0103 sau dispozitive medicale.<\/li>\n<li><strong>Foarte rezistente la coroziune<\/strong>: Con\u021binutul ridicat de crom ofer\u0103 o rezisten\u021b\u0103 superioar\u0103 la coroziune, \u00een special \u00eempotriva substan\u021belor chimice agresive, acizilor \u0219i apei s\u0103rate, f\u0103c\u00e2ndu-l ideal pentru mediile marine.<\/li>\n<li><strong>Formabilitate excelent\u0103<\/strong>: Foaia de o\u021bel inoxidabil 304 este u\u0219or de t\u0103iat, \u00eendoit \u0219i format, permi\u021b\u00e2ndu-i s\u0103 fie utilizat\u0103 \u00een modele personalizate, de la componente industriale la aparate de uz casnic \u0219i mobilier.<\/li>\n<\/ol>\n<h3>Punctul de v\u00e2nzare al produsului<\/h3>\n<ul>\n<li><strong>\u00a01: Cerin\u021be ridicate de \u00eentre\u021binere<\/strong>\n<ul>\n<li><em>Solu\u021bie<\/em>: Foaia de o\u021bel inoxidabil 304 necesit\u0103 o \u00eentre\u021binere minim\u0103 datorit\u0103 suprafe\u021bei sale netede, rezistente la coroziune. Cur\u0103\u021barea regulat\u0103 este simpl\u0103 \u0219i nu necesit\u0103 unelte scumpe sau complicate, economisind at\u00e2t timp, c\u00e2t \u0219i bani pentru client.<\/li>\n<\/ul>\n<\/li>\n<li><strong>\u00a02: Preocup\u0103ri legate de durabilitate \u00een medii dificile<\/strong>\n<ul>\n<li><em>Solu\u021bie<\/em>: Datorit\u0103 rezisten\u021bei sale excelente la coroziune, tabl\u0103 de o\u021bel inoxidabil 304 este perfect\u0103 pentru mediile expuse la umiditate, substan\u021be chimice \u0219i temperaturi extreme. Fie c\u0103 este utilizat \u00een buc\u0103t\u0103rii, fabrici sau instala\u021bii exterioare, acest material va rezista, prevenind repara\u021biile \u0219i \u00eenlocuirile costisitoare.<\/li>\n<\/ul>\n<\/li>\n<li><strong>\u00a03: Calitate inconsecvent\u0103 pe pia\u021b\u0103<\/strong>\n<ul>\n<li><em>Solu\u021bie<\/em>: noastre <strong>4\u00d78 304 foi de o\u021bel inoxidabil<\/strong> provin de la produc\u0103tori de top \u0219i sunt supuse unor verific\u0103ri riguroase de control al calit\u0103\u021bii, asigur\u00e2ndu-v\u0103 c\u0103 ve\u021bi ob\u021bine un produs de \u00eenalt\u0103 calitate de fiecare dat\u0103. Oferim o gam\u0103 complet\u0103 de specifica\u021bii pentru a satisface nevoile unice ale clien\u021bilor no\u0219tri.<\/li>\n<\/ul>\n<\/li>\n<li><strong>4: Inflexibilitate \u00een dimensionare \u0219i personalizare<\/strong>\n<ul>\n<li><em>Solu\u021bie<\/em>: Oferim op\u021biuni personalizate de t\u0103iere \u0219i dimensionare pentru foaia de o\u021bel inoxidabil 304 4\u00d78. Fie c\u0103 ave\u021bi nevoie de dimensiuni mai mici, grosimi specifice sau finisaje unice, putem adapta produsul la cerin\u021bele dvs. exacte.<\/li>\n<\/ul>\n<\/li>\n<\/ul>\n<h3><strong>Punctele noastre de v\u00e2nzare<\/strong><\/h3>\n<ol>\n<li><strong>Asigurarea calit\u0103\u021bii premium<\/strong>: Acord\u0103m prioritate materialelor de calitate superioar\u0103 \u0219i controlului riguros al calit\u0103\u021bii pentru a ne asigura c\u0103 foile noastre din o\u021bel inoxidabil 304 \u00eendeplinesc cele mai \u00eenalte standarde industriale.<\/li>\n<li><strong>Pre\u021buri competitive<\/strong>: \u00cen ciuda calit\u0103\u021bii premium, pre\u021burile noastre r\u0103m\u00e2n competitive, oferindu-v\u0103 solu\u021bii rentabile f\u0103r\u0103 a compromite performan\u021ba.<\/li>\n<li><strong>Solu\u021bii personalizate<\/strong>: Oferim produse personalizate pentru a \u00eendeplini cerin\u021bele unice ale proiectului, de la grosimi diferite la finisaje \u0219i dimensiuni speciale.<\/li>\n<li><strong>Livrare rapid\u0103 \u0219i fiabil\u0103<\/strong>: \u00cen\u021belegem importan\u021ba livr\u0103rilor la timp. Datorit\u0103 logisticii noastre eficiente, comanda dvs. va ajunge la dvs. prompt, asigur\u00e2nd respectarea termenelor proiectului dvs.<\/li>\n<li><strong>Asisten\u021b\u0103 de specialitate<\/strong>: Echipa noastr\u0103 este \u00eentotdeauna preg\u0103tit\u0103 s\u0103 v\u0103 ajute cu selectarea produsului, sfaturi de aplicare \u0219i asisten\u021b\u0103 postcump\u0103rare, oferindu-v\u0103 o experien\u021b\u0103 f\u0103r\u0103 cusur.<\/li>\n<\/ol>\n<h3><strong>Concluzie<\/strong><\/h3>\n<p>The <strong>4\u00d78 304 tabl\u0103 din o\u021bel inoxidabil<\/strong> este un material versatil, durabil \u0219i rentabil, ideal pentru o mare varietate de aplica\u021bii. Indiferent dac\u0103 lucra\u021bi la un proiect de construc\u021bie, la designul unei buc\u0103t\u0103rii sau la echipamente marine, foaia de o\u021bel inoxidabil 304 ofer\u0103 solu\u021bii de lung\u0103 durat\u0103. Cu op\u021biunile noastre personalizate \u0219i angajamentul nostru fa\u021b\u0103 de calitate, oferim produse care r\u0103spund exact nevoilor dumneavoastr\u0103, rezolv\u00e2nd \u00een acela\u0219i timp provoc\u0103rile comune din industrie. Alege\u021bi produsele noastre <strong>304 foi de o\u021bel inoxidabil<\/strong> pentru performan\u021be superioare, durabilitate \u0219i valoare.<\/p>","protected":false},"excerpt":{"rendered":"<div class=\"flex max-w-full flex-col flex-grow\">\n<div class=\"min-h-8 text-message relative flex w-full flex-col items-end gap-2 whitespace-normal break-words text-start [.text-message+&amp;]:mt-5\" dir=\"auto\" data-message-author-role=\"assistant\" data-message-id=\"a7210d0d-b6a3-498d-a09c-d926ca0c436e\" data-message-model-slug=\"gpt-4o-mini\">\n<div class=\"flex w-full flex-col gap-1 empty:hidden first:pt-[3px]\">\n<div class=\"markdown prose w-full break-words dark:prose-invert light\">\n<p data-start=\"91\" data-end=\"386\" data-is-last-node=\"\" data-is-only-node=\"\"><strong data-start=\"91\" data-end=\"124\">Foaie de o\u021bel inoxidabil 4\u00d78 304<\/strong> - Durabil, rezistent la coroziune \u0219i versatil, ideal pentru aplica\u021bii industriale, arhitecturale \u0219i decorative. Cu \u00eentre\u021binere u\u0219oar\u0103 \u0219i rezisten\u021b\u0103 la temperaturi ridicate, este perfect pentru buc\u0103t\u0103rii, mobilier \u0219i multe altele. Disponibil \u00een dimensiuni \u0219i finisaje personalizabile.<\/p>\n<\/div>\n<\/div>\n<\/div>\n<\/div>","protected":false},"featured_media":3888,"comment_status":"open","ping_status":"closed","template":"","meta":{"_eb_attr":"","_monsterinsights_skip_tracking":false,"_monsterinsights_sitenote_active":false,"_monsterinsights_sitenote_note":"","_monsterinsights_sitenote_category":0,"_uf_show_specific_survey":0,"_uf_disable_surveys":false},"product_brand":[],"product_cat":[21],"product_tag":[],"class_list":{"0":"post-3887","1":"product","2":"type-product","3":"status-publish","4":"has-post-thumbnail","6":"product_cat-weather-resistant-steel-plate","8":"first","9":"instock","10":"shipping-taxable","11":"product-type-simple"},"_links":{"self":[{"href":"https:\/\/keweicorten.com\/ro\/wp-json\/wp\/v2\/product\/3887"}],"collection":[{"href":"https:\/\/keweicorten.com\/ro\/wp-json\/wp\/v2\/product"}],"about":[{"href":"https:\/\/keweicorten.com\/ro\/wp-json\/wp\/v2\/types\/product"}],"replies":[{"embeddable":true,"href":"https:\/\/keweicorten.com\/ro\/wp-json\/wp\/v2\/comments?post=3887"}],"version-history":[{"count":1,"href":"https:\/\/keweicorten.com\/ro\/wp-json\/wp\/v2\/product\/3887\/revisions"}],"predecessor-version":[{"id":3890,"href":"https:\/\/keweicorten.com\/ro\/wp-json\/wp\/v2\/product\/3887\/revisions\/3890"}],"wp:featuredmedia":[{"embeddable":true,"href":"https:\/\/keweicorten.com\/ro\/wp-json\/wp\/v2\/media\/3888"}],"wp:attachment":[{"href":"https:\/\/keweicorten.com\/ro\/wp-json\/wp\/v2\/media?parent=3887"}],"wp:term":[{"taxonomy":"product_brand","embeddable":true,"href":"https:\/\/keweicorten.com\/ro\/wp-json\/wp\/v2\/product_brand?post=3887"},{"taxonomy":"product_cat","embeddable":true,"href":"https:\/\/keweicorten.com\/ro\/wp-json\/wp\/v2\/product_cat?post=3887"},{"taxonomy":"product_tag","embeddable":true,"href":"https:\/\/keweicorten.com\/ro\/wp-json\/wp\/v2\/product_tag?post=3887"}],"curies":[{"name":"wp","href":"https:\/\/api.w.org\/{rel}","templated":true}]}}