{"id":491,"date":"2024-07-15T02:29:11","date_gmt":"2024-07-15T02:29:11","guid":{"rendered":"https:\/\/keweicorten.com\/?post_type=product&#038;p=491"},"modified":"2025-01-15T06:29:12","modified_gmt":"2025-01-15T06:29:12","slug":"gratar-din-otel-corten","status":"publish","type":"product","link":"https:\/\/keweicorten.com\/ro\/gratar-din-otel-corten\/","title":{"rendered":"gr\u0103tar din o\u021bel corten"},"content":{"rendered":"<h2>Care sunt caracteristicile gr\u0103tarului bbq\uff1f<\/h2>\n<ul>\n<li><strong>Durabilitate:<\/strong> Un gr\u0103tar din o\u021bel corten de \u00eenalt\u0103 calitate, fabricat din materiale rezistente precum o\u021belul inoxidabil sau fonta, poate atrage persoanele care caut\u0103 o investi\u021bie de lung\u0103 durat\u0103, care poate rezista la utilizarea frecvent\u0103 \u0219i la o varietate de condi\u021bii meteorologice.<\/li>\n<li><strong>Versatilitate:<\/strong>\u00a0Gr\u0103tarele BBQ care ofer\u0103 diferite op\u021biuni de g\u0103tit, cum ar fi func\u021biile de gr\u0103tar, afumare sau chiar rotisor, pot fi atractive pentru cei c\u0103rora le place s\u0103 experimenteze diferite tehnici de g\u0103tit \u0219i arome.<\/li>\n<li><strong>U\u0219or de utilizat:<\/strong> Un design intuitiv \u0219i u\u0219or de utilizat, \u00eempreun\u0103 cu caracteristici precum sistemele de aprindere u\u0219oar\u0103, set\u0103rile de c\u0103ldur\u0103 reglabile \u0219i mecanismele de cur\u0103\u021bare convenabile, pot face un gr\u0103tar din o\u021bel corten mai atractiv pentru persoanele care doresc o experien\u021b\u0103 de gr\u0103tar f\u0103r\u0103 probleme.<\/li>\n<li><strong>Dimensiune \u0219i suprafa\u021b\u0103 de g\u0103tit:<\/strong>\u00a0Gr\u0103tarele BBQ cu spa\u021biu amplu de g\u0103tit, arz\u0103toare multiple \u0219i caracteristici suplimentare precum mese laterale sau compartimente de depozitare pot fi atr\u0103g\u0103toare pentru cei c\u0103rora le place s\u0103 g\u0103zduiasc\u0103 adun\u0103ri sau s\u0103 g\u0103teasc\u0103 pentru un grup mai mare de persoane.<\/li>\n<\/ul>\n<p><strong>Estetic\u0103:<\/strong> Designul \u0219i aspectul unui gr\u0103tar din o\u021bel corten, inclusiv finisajele elegante, stilurile moderne sau clasice \u0219i op\u021biunile de culoare, pot juca un rol semnificativ \u00een atragerea cump\u0103r\u0103torilor care apreciaz\u0103 farmecul vizual al echipamentului lor de g\u0103tit \u00een aer liber.<\/p>\n<h2>Utilizarea gr\u0103tarului din o\u021bel Corten:<\/h2>\n<ul>\n<li>Utilizare sezonier\u0103: Gr\u0103tarele din o\u021bel corten sunt ideale pentru utilizarea \u00een aer liber datorit\u0103 suprafe\u021bei ruginite unice care se formeaz\u0103 \u00een condi\u021bii meteorologice. Atunci c\u00e2nd nu este utilizat, este recomandat s\u0103 depozita\u021bi gr\u0103tarul \u00eentr-un loc uscat \u0219i ventilat.<\/li>\n<li>Preg\u0103tirea prealabil\u0103 a gr\u0103tarului: \u00cenainte de utilizare, cur\u0103\u021ba\u021bi \u0219i pre\u00eenc\u0103lzi\u021bi gr\u0103tarul pentru a \u00eendep\u0103rta orice reziduu sau murd\u0103rie \u0219i asigura\u021bi-v\u0103 c\u0103 suprafa\u021ba gr\u0103tarului este uscat\u0103.<\/li>\n<li>G\u0103ti\u021bi alimente la gr\u0103tar: \u00cen timpul procesului de gr\u0103tar, regla\u021bi c\u0103ldura \u0219i zona de \u00eenc\u0103lzire \u00een func\u021bie de diferite ingrediente \u0219i nevoi de g\u0103tit. Evita\u021bi s\u0103 zg\u00e2ria\u021bi gr\u0103tarul cu unelte metalice pentru a evita deteriorarea suprafe\u021bei.<\/li>\n<li>Cur\u0103\u021barea \u0219i \u00eentre\u021binerea: Dup\u0103 pr\u0103jire, cur\u0103\u021ba\u021bi gr\u0103tarul cu instrumente de cur\u0103\u021bare adecvate pentru a v\u0103 asigura c\u0103 suprafa\u021ba este curat\u0103 \u0219i \u00ee\u0219i p\u0103streaz\u0103 aspectul. \u00centre\u021binerea \u0219i \u00eentre\u021binerea regulat\u0103 pot prelungi durata de via\u021b\u0103 a gr\u0103tarului dumneavoastr\u0103.<\/li>\n<\/ul>\n<p>&nbsp;<\/p>","protected":false},"excerpt":{"rendered":"<p>Un gr\u0103tar din o\u021bel Corten ar fi o op\u021biune durabil\u0103 \u0219i atr\u0103g\u0103toare din punct de vedere vizual pentru g\u0103tit \u00een aer liber, deoarece procesul de intemperii \u00eei spore\u0219te aspectul estetic. Cu toate acestea, este important s\u0103 re\u021bine\u021bi c\u0103 o\u021belul Corten poate rugini \u0219i p\u0103ta suprafe\u021bele \u00eenconjur\u0103toare, astfel \u00eenc\u00e2t este recomandat s\u0103 \u00eel amplasa\u021bi \u00een zone \u00een care acest lucru nu reprezint\u0103 o problem\u0103.<\/p>","protected":false},"featured_media":492,"comment_status":"open","ping_status":"closed","template":"","meta":{"_eb_attr":"","_monsterinsights_skip_tracking":false,"_monsterinsights_sitenote_active":false,"_monsterinsights_sitenote_note":"","_monsterinsights_sitenote_category":0,"_uf_show_specific_survey":0,"_uf_disable_surveys":false},"product_brand":[],"product_cat":[63],"product_tag":[],"class_list":{"0":"post-491","1":"product","2":"type-product","3":"status-publish","4":"has-post-thumbnail","6":"product_cat-steel-bbq-grill","8":"first","9":"instock","10":"featured","11":"shipping-taxable","12":"product-type-simple"},"_links":{"self":[{"href":"https:\/\/keweicorten.com\/ro\/wp-json\/wp\/v2\/product\/491"}],"collection":[{"href":"https:\/\/keweicorten.com\/ro\/wp-json\/wp\/v2\/product"}],"about":[{"href":"https:\/\/keweicorten.com\/ro\/wp-json\/wp\/v2\/types\/product"}],"replies":[{"embeddable":true,"href":"https:\/\/keweicorten.com\/ro\/wp-json\/wp\/v2\/comments?post=491"}],"version-history":[{"count":1,"href":"https:\/\/keweicorten.com\/ro\/wp-json\/wp\/v2\/product\/491\/revisions"}],"predecessor-version":[{"id":3238,"href":"https:\/\/keweicorten.com\/ro\/wp-json\/wp\/v2\/product\/491\/revisions\/3238"}],"wp:featuredmedia":[{"embeddable":true,"href":"https:\/\/keweicorten.com\/ro\/wp-json\/wp\/v2\/media\/492"}],"wp:attachment":[{"href":"https:\/\/keweicorten.com\/ro\/wp-json\/wp\/v2\/media?parent=491"}],"wp:term":[{"taxonomy":"product_brand","embeddable":true,"href":"https:\/\/keweicorten.com\/ro\/wp-json\/wp\/v2\/product_brand?post=491"},{"taxonomy":"product_cat","embeddable":true,"href":"https:\/\/keweicorten.com\/ro\/wp-json\/wp\/v2\/product_cat?post=491"},{"taxonomy":"product_tag","embeddable":true,"href":"https:\/\/keweicorten.com\/ro\/wp-json\/wp\/v2\/product_tag?post=491"}],"curies":[{"name":"wp","href":"https:\/\/api.w.org\/{rel}","templated":true}]}}