{"id":663,"date":"2024-07-16T06:51:20","date_gmt":"2024-07-16T06:51:20","guid":{"rendered":"https:\/\/keweicorten.com\/?post_type=product&#038;p=663"},"modified":"2025-01-15T06:29:01","modified_gmt":"2025-01-15T06:29:01","slug":"corten-ghiveci-de-flori","status":"publish","type":"product","link":"https:\/\/keweicorten.com\/ro\/corten-ghiveci-de-flori\/","title":{"rendered":"Corten ghiveci de flori"},"content":{"rendered":"<h2>Avantajele ghiveciului de flori corten \u0219i scenariile aplicabile pentru a \u00eemp\u0103rt\u0103\u0219i:<\/h2>\n<p>Ghivecele de flori Corten sunt alegerea preferat\u0103 a multor entuzia\u0219ti ai gr\u0103dinii, cu urm\u0103toarele avantaje \u0219i scenarii de aplicare:<\/p>\n<p>Avantaje:<br \/>\n1. Rezisten\u021ba la coroziune: O\u021belul de intemperii are o rezisten\u021b\u0103 excelent\u0103 la intemperii, poate rezista v\u00e2ntului \u0219i ploii \u00een mediul exterior, soare \u0219i ploaie, nu este u\u0219or s\u0103 rugineasc\u0103 coroziunea, men\u021bine un aspect frumos pe termen lung.<br \/>\n2. Puternic \u0219i durabil: ghiveciul de flori din o\u021bel rezistent la intemperii este durabil, nu este u\u0219or de deformat sau rupt \u0219i poate rezista testului de utilizare pe termen lung \u0219i diferitelor condi\u021bii climatice.<br \/>\n3. Aspect unic: Atunci c\u00e2nd este combinat cu plante, ghiveciul din o\u021bel rezistent la intemperii prezint\u0103 o estetic\u0103 modern\u0103, \u00een stil industrial, ad\u0103ug\u00e2nd caracter \u0219i personalitate spa\u021biului exterior.<\/p>\n<p>Aplicarea ghiveciului de flori corten:<br \/>\n1. Locuri publice: ghivece de flori din corten pentru amenajarea spa\u021biilor publice, cum ar fi str\u0103zile urbane, parcurile \u0219i pie\u021bele, pentru a ad\u0103uga culoare \u0219i verdea\u021b\u0103 ora\u0219ului.<br \/>\n2. Hoteluri sau locuri comerciale: ghivecele de flori din corten pot fi utilizate pentru decorarea gr\u0103dinii sau a terasei \u00een hoteluri, centre comerciale, cl\u0103diri de birouri \u0219i alte locuri pentru a spori confortul \u0219i frumuse\u021bea mediului general.<br \/>\n3. Re\u0219edin\u021b\u0103 privat\u0103: Ghiveciul de flori din o\u021bel rezistent la intemperii este potrivit pentru decorarea cur\u021bii, balconului sau gr\u0103dinii re\u0219edin\u021bei private, ad\u0103ug\u00e2nd elemente verzi la mediul de acas\u0103 \u0219i cre\u00e2nd o atmosfer\u0103 de via\u021b\u0103 pl\u0103cut\u0103.<\/p>","protected":false},"excerpt":{"rendered":"<p>Ghivecele de flori din o\u021bel Corten sunt o alegere popular\u0103 pentru ghivecele de exterior datorit\u0103 durabilit\u0103\u021bii \u0219i propriet\u0103\u021bilor lor rezistente la intemperii. O\u021belul Corten, cunoscut \u0219i sub denumirea de o\u021bel rezistent la intemperii, cap\u0103t\u0103 un aspect protector asem\u0103n\u0103tor ruginei atunci c\u00e2nd este expus la intemperii, ceea ce \u00eel face o op\u021biune elegant\u0103 \u0219i cu \u00eentre\u021binere redus\u0103 pentru gr\u0103dina sau terasa dumneavoastr\u0103.<\/p>","protected":false},"featured_media":664,"comment_status":"open","ping_status":"closed","template":"","meta":{"_eb_attr":"","_monsterinsights_skip_tracking":false,"_monsterinsights_sitenote_active":false,"_monsterinsights_sitenote_note":"","_monsterinsights_sitenote_category":0,"_uf_show_specific_survey":0,"_uf_disable_surveys":false},"product_brand":[],"product_cat":[59],"product_tag":[],"class_list":{"0":"post-663","1":"product","2":"type-product","3":"status-publish","4":"has-post-thumbnail","6":"product_cat-flower-pot","8":"first","9":"instock","10":"shipping-taxable","11":"product-type-simple"},"_links":{"self":[{"href":"https:\/\/keweicorten.com\/ro\/wp-json\/wp\/v2\/product\/663"}],"collection":[{"href":"https:\/\/keweicorten.com\/ro\/wp-json\/wp\/v2\/product"}],"about":[{"href":"https:\/\/keweicorten.com\/ro\/wp-json\/wp\/v2\/types\/product"}],"replies":[{"embeddable":true,"href":"https:\/\/keweicorten.com\/ro\/wp-json\/wp\/v2\/comments?post=663"}],"version-history":[{"count":2,"href":"https:\/\/keweicorten.com\/ro\/wp-json\/wp\/v2\/product\/663\/revisions"}],"predecessor-version":[{"id":3237,"href":"https:\/\/keweicorten.com\/ro\/wp-json\/wp\/v2\/product\/663\/revisions\/3237"}],"wp:featuredmedia":[{"embeddable":true,"href":"https:\/\/keweicorten.com\/ro\/wp-json\/wp\/v2\/media\/664"}],"wp:attachment":[{"href":"https:\/\/keweicorten.com\/ro\/wp-json\/wp\/v2\/media?parent=663"}],"wp:term":[{"taxonomy":"product_brand","embeddable":true,"href":"https:\/\/keweicorten.com\/ro\/wp-json\/wp\/v2\/product_brand?post=663"},{"taxonomy":"product_cat","embeddable":true,"href":"https:\/\/keweicorten.com\/ro\/wp-json\/wp\/v2\/product_cat?post=663"},{"taxonomy":"product_tag","embeddable":true,"href":"https:\/\/keweicorten.com\/ro\/wp-json\/wp\/v2\/product_tag?post=663"}],"curies":[{"name":"wp","href":"https:\/\/api.w.org\/{rel}","templated":true}]}}