{"id":671,"date":"2024-07-16T07:00:36","date_gmt":"2024-07-16T07:00:36","guid":{"rendered":"https:\/\/keweicorten.com\/?post_type=product&#038;p=671"},"modified":"2025-01-15T06:28:52","modified_gmt":"2025-01-15T06:28:52","slug":"ecrane-din-otel-corten","status":"publish","type":"product","link":"https:\/\/keweicorten.com\/ro\/ecrane-din-otel-corten\/","title":{"rendered":"ecrane din o\u021bel corten"},"content":{"rendered":"<table class=\"has-title all magic-8\" style=\"height: 141px;\" width=\"651\">\n<tbody>\n<tr>\n<td colspan=\"1\" rowspan=\"1\">\n<div class=\"magic-9\" data-spm-anchor-id=\"a2700.details.0.i41.1c02dc31QPyZ9q\">Numele produsului<\/div>\n<\/td>\n<td colspan=\"1\" rowspan=\"1\">\n<div class=\"magic-10\">por\u021bi \u0219i garduri metalice din o\u021bel corten pentru curtea din spate a vilelor<\/div>\n<\/td>\n<\/tr>\n<tr>\n<td colspan=\"1\" rowspan=\"1\" data-spm-anchor-id=\"a2700.details.0.i42.1c02dc31QPyZ9q\">\n<div class=\"magic-9\">M\u0103rime<\/div>\n<\/td>\n<td colspan=\"1\" rowspan=\"1\">\n<div class=\"magic-10\">Dimensiunea clientului<\/div>\n<\/td>\n<\/tr>\n<tr>\n<td colspan=\"1\" rowspan=\"1\">\n<div class=\"magic-9\">Material<\/div>\n<\/td>\n<td colspan=\"1\" rowspan=\"1\">\n<div class=\"magic-10\">o\u021bel corten<\/div>\n<\/td>\n<\/tr>\n<tr>\n<td colspan=\"1\" rowspan=\"1\">\n<div class=\"magic-9\">Model<\/div>\n<\/td>\n<td colspan=\"1\" rowspan=\"1\">\n<div class=\"magic-10\">Plante, Animale, Abstract.Urban sau dimensiunea clientului<\/div>\n<\/td>\n<\/tr>\n<tr>\n<td colspan=\"1\" rowspan=\"1\">\n<div class=\"magic-9\">Culoare<\/div>\n<\/td>\n<td colspan=\"1\" rowspan=\"1\">\n<div class=\"magic-10\">originale sau pre-ruginite<\/div>\n<\/td>\n<\/tr>\n<tr>\n<td colspan=\"1\" rowspan=\"1\">\n<div class=\"magic-9\">Folosit<\/div>\n<\/td>\n<td colspan=\"1\" rowspan=\"1\">\n<div class=\"magic-10\">Cas\u0103 \u0219i gr\u0103din\u0103<\/div>\n<\/td>\n<\/tr>\n<\/tbody>\n<\/table>\n<p>Avantajele panoului de ecran Corten \u0219i aplicarea sa \u00een designul horticol:<\/p>\n<p>1. Rezisten\u021ba la intemperii: O\u021belul Corten are o rezisten\u021b\u0103 excelent\u0103 la intemperii \u0219i poate rezista coroziunii oxidative \u00een medii exterioare pentru o perioad\u0103 lung\u0103 de timp \u0219i nu necesit\u0103 acoperiri de protec\u021bie suplimentare.<\/p>\n<p>2. Aspect unic: O\u021belul Corten produce un aspect corodat unic, iar stratul s\u0103u corodat formeaz\u0103 o pelicul\u0103 protectoare natural\u0103, f\u0103c\u00e2nd ca suprafa\u021ba sa s\u0103 arate foarte distinctiv \u0219i frumos.<\/p>\n<p>3. Durat\u0103 lung\u0103 de via\u021b\u0103: Datorit\u0103 rezisten\u021bei la intemperii \u0219i rezisten\u021bei ridicate, produsele din o\u021bel Corten au o durat\u0103 lung\u0103 de via\u021b\u0103, reduc\u00e2nd costurile de \u00eentre\u021binere \u0219i \u00eenlocuire.<\/p>\n<p>\u00cen proiectarea horticol\u0103, ecranele din o\u021bel corten pot fi utilizate \u00een urm\u0103toarele domenii:<\/p>\n<p>1. Ecran de separare: Ecranele din o\u021bel corten pot fi utilizate ca o parti\u021bie de ecran \u00een designul horticol, care poate crea spa\u021biu privat, poate bloca vederea \u0219i, \u00een acela\u0219i timp, poate ad\u0103uga frumuse\u021bea peisajului horticol prin aspectul s\u0103u unic.<\/p>\n<p>2. Decorarea gr\u0103dinii: ecranele din o\u021bel corten pot fi utilizate ca elemente decorative \u00een gr\u0103din\u0103, potrivindu-se cu plantele, rocile \u0219i alte elemente pentru a cre\u0219te nivelul peisajului \u0219i impactul vizual.<\/p>\n<p>3. Limitele gr\u0103dinii: paravanele din o\u021bel corten pot fi, de asemenea, utilizate pentru a defini limitele gr\u0103dinii, pentru a diviza diferitele zone func\u021bionale \u0219i, \u00een acela\u0219i timp, pentru a juca un rol decorativ.<\/p>\n<p><a href=\"https:\/\/keweicorten.com\/ro\/contactati-ne\/\"><img fetchpriority=\"high\" decoding=\"async\" class=\"wp-image-677 size-full\" src=\"https:\/\/keweicorten.com\/wp-content\/uploads\/2024\/07\/\u5fae\u4fe1\u56fe\u7247_20230914112941.jpg\" alt=\"\" width=\"750\" height=\"439\" srcset=\"https:\/\/keweicorten.com\/wp-content\/uploads\/2024\/07\/\u5fae\u4fe1\u56fe\u7247_20230914112941.jpg 750w, https:\/\/keweicorten.com\/wp-content\/uploads\/2024\/07\/\u5fae\u4fe1\u56fe\u7247_20230914112941-300x176.jpg 300w, https:\/\/keweicorten.com\/wp-content\/uploads\/2024\/07\/\u5fae\u4fe1\u56fe\u7247_20230914112941-600x351.jpg 600w\" sizes=\"(max-width: 750px) 100vw, 750px\" \/><\/a><\/p>","protected":false},"excerpt":{"rendered":"<p>Product Name corten steel villas metal gate and fence for backyard Size Customer Size Material corten steel Pattern Plants, Animal, Abstract.Urban or customer size Color original or pre-rusted Used Home and Garden The advantages of Corten screen panel and its application in horticultural design: 1. Weather resistance: Corten steel has excellent weather resistance and can [&hellip;]<\/p>","protected":false},"featured_media":672,"comment_status":"open","ping_status":"closed","template":"","meta":{"_eb_attr":"","_monsterinsights_skip_tracking":false,"_monsterinsights_sitenote_active":false,"_monsterinsights_sitenote_note":"","_monsterinsights_sitenote_category":0,"_uf_show_specific_survey":0,"_uf_disable_surveys":false},"product_brand":[],"product_cat":[57],"product_tag":[],"class_list":{"0":"post-671","1":"product","2":"type-product","3":"status-publish","4":"has-post-thumbnail","6":"product_cat-screen-panel","8":"first","9":"instock","10":"shipping-taxable","11":"product-type-simple"},"_links":{"self":[{"href":"https:\/\/keweicorten.com\/ro\/wp-json\/wp\/v2\/product\/671"}],"collection":[{"href":"https:\/\/keweicorten.com\/ro\/wp-json\/wp\/v2\/product"}],"about":[{"href":"https:\/\/keweicorten.com\/ro\/wp-json\/wp\/v2\/types\/product"}],"replies":[{"embeddable":true,"href":"https:\/\/keweicorten.com\/ro\/wp-json\/wp\/v2\/comments?post=671"}],"version-history":[{"count":1,"href":"https:\/\/keweicorten.com\/ro\/wp-json\/wp\/v2\/product\/671\/revisions"}],"predecessor-version":[{"id":3236,"href":"https:\/\/keweicorten.com\/ro\/wp-json\/wp\/v2\/product\/671\/revisions\/3236"}],"wp:featuredmedia":[{"embeddable":true,"href":"https:\/\/keweicorten.com\/ro\/wp-json\/wp\/v2\/media\/672"}],"wp:attachment":[{"href":"https:\/\/keweicorten.com\/ro\/wp-json\/wp\/v2\/media?parent=671"}],"wp:term":[{"taxonomy":"product_brand","embeddable":true,"href":"https:\/\/keweicorten.com\/ro\/wp-json\/wp\/v2\/product_brand?post=671"},{"taxonomy":"product_cat","embeddable":true,"href":"https:\/\/keweicorten.com\/ro\/wp-json\/wp\/v2\/product_cat?post=671"},{"taxonomy":"product_tag","embeddable":true,"href":"https:\/\/keweicorten.com\/ro\/wp-json\/wp\/v2\/product_tag?post=671"}],"curies":[{"name":"wp","href":"https:\/\/api.w.org\/{rel}","templated":true}]}}