{"id":847,"date":"2024-07-19T02:28:12","date_gmt":"2024-07-19T02:28:12","guid":{"rendered":"https:\/\/keweicorten.com\/?post_type=product&#038;p=847"},"modified":"2025-01-15T06:28:40","modified_gmt":"2025-01-15T06:28:40","slug":"borduri-de-gazon-din-otel-galvanizat","status":"publish","type":"product","link":"https:\/\/keweicorten.com\/ro\/borduri-de-gazon-din-otel-galvanizat\/","title":{"rendered":"borduri de gazon din o\u021bel galvanizat"},"content":{"rendered":"<h2>Pa\u0219ii pentru instalarea marginilor de gr\u0103din\u0103 din o\u021bel galvanizat sunt urm\u0103torii:<\/h2>\n<p>1. Preg\u0103ti\u021bi zona de instalare prin \u00eendep\u0103rtarea buruienilor, a murd\u0103riei \u0219i a resturilor.<br \/>\n2. Marca\u021bi pozi\u021bia marginii pe baza nevoilor de proiectare horticol\u0103.<br \/>\n3. Instala\u021bi marginea de gr\u0103din\u0103 plas\u00e2nd-o de-a lungul liniei marcate sau a pozi\u021biei marginii \u0219i lovind-o cu o lopat\u0103.<br \/>\n4. Marginea fix\u0103: Utiliza\u021bi p\u0103r\u021bile fixe ata\u0219ate la margine sau cuiele de sol pentru a fixa ferm marginea pe sol, pentru a v\u0103 asigura c\u0103 nu se va sl\u0103bi.<\/p>\n<h2>\u00centre\u021bine\u021bi marginile din o\u021bel galvanizat dup\u0103 cum urmeaz\u0103:<\/h2>\n<p>1. Cur\u0103\u021ba\u021bi \u00een mod regulat: Utiliza\u021bi o c\u00e2rp\u0103 moale sau o perie pentru a cur\u0103\u021ba suprafa\u021ba marginii de gr\u0103din\u0103 pentru a evita acumularea de praf \u0219i murd\u0103rie.<br \/>\n2. Evita\u021bi impactul: Evita\u021bi utilizarea obiectelor dure pentru a lovi marginea gr\u0103dinii, evita\u021bi zg\u00e2rieturile sau deformarea, afect\u00e2nd aspectul.<br \/>\n3. Verifica\u021bi dac\u0103 exist\u0103 rugin\u0103: Verifica\u021bi \u00een mod regulat suprafa\u021ba marginii gr\u0103dinii pentru rugin\u0103, dac\u0103 este necesar, pute\u021bi utiliza vopsea de \u00eentre\u021binere pentru pulverizare.<br \/>\n4. Rezolva\u021bi problema scurgerilor de ap\u0103: Dac\u0103 constata\u021bi c\u0103 exist\u0103 scurgeri de ap\u0103 pe marginea gr\u0103dinii, repara\u021bi sau \u00eenlocui\u021bi-o la timp pentru a men\u021bine rolul \u0219i frumuse\u021bea marginii.<\/p>\n<h2>Marginea din o\u021bel galvanizat are urm\u0103toarele avantaje \u0219i metode de utilizare:<\/h2>\n<p>Avantaje:<br \/>\n1. Durabilitate ridicat\u0103: O\u021belul galvanizat este rezistent la rugin\u0103 \u0219i coroziune, are o durat\u0103 lung\u0103 de via\u021b\u0103 \u0219i poate \u00eendura condi\u021bii exterioare dificile.<br \/>\n2. Rezisten\u021b\u0103 ridicat\u0103: O\u021belul este suficient de puternic pentru a proteja \u00een mod eficient marginea gr\u0103dinii de daune, rezist\u00e2nd \u00een acela\u0219i timp la presiune \u0219i coliziune.<br \/>\n3. atractiv \u0219i practic: Marginile de gr\u0103din\u0103rit din o\u021bel galvanizat au un aspect atr\u0103g\u0103tor \u0219i o varietate de modele, care pot \u00eembun\u0103t\u0103\u021bi \u00een mod eficient frumuse\u021bea general\u0103 a gr\u0103dinii, separ\u00e2nd \u00een acela\u0219i timp spa\u021biul \u0219i fix\u00e2nd solul.<\/p>\n<h2>Mod de utilizare:<\/h2>\n<p>1. Metoda de instalare: Urma\u021bi pa\u0219ii de instalare men\u021biona\u021bi mai sus pentru a v\u0103 asigura c\u0103 marginea de gr\u0103din\u0103rit este bine instalat\u0103 \u0219i \u00eendepline\u0219te cerin\u021bele de proiectare.<br \/>\n2. Scenariu de aplicare: Potrivit pentru toate tipurile de gr\u0103dini, cur\u021bi, peisaje \u0219i alte locuri, poate fi folosit pentru a fixa marginea gr\u0103dinii, marginea gazonului, paturi de flori \u0219i paturi de flori \u0219i alte locuri.<br \/>\n3. Metoda de \u00eentre\u021binere: Cur\u0103\u021barea regulat\u0103, inspec\u021bia \u0219i tratamentul \u00een conformitate cu metoda de \u00eentre\u021binere men\u021bionat\u0103 mai sus pentru a se asigura c\u0103 marginea de gr\u0103din\u0103rit este \u00een stare bun\u0103 pentru o perioad\u0103 lung\u0103 de timp.<\/p>\n<div style=\"width: 800px;\" class=\"wp-video\"><!--[if lt IE 9]><script>document.createElement('video');<\/script><![endif]-->\n<video class=\"wp-video-shortcode\" id=\"video-847-1\" width=\"800\" height=\"450\" poster=\"https:\/\/keweicorten.com\/wp-content\/uploads\/2024\/07\/IMG20211202155822-scaled.jpg\" preload=\"metadata\" controls=\"controls\"><source type=\"video\/mp4\" src=\"https:\/\/keweicorten.com\/wp-content\/uploads\/2024\/07\/DJI_20211202_160445_497_video.mp4?_=1\" \/><a href=\"https:\/\/keweicorten.com\/wp-content\/uploads\/2024\/07\/DJI_20211202_160445_497_video.mp4\">https:\/\/keweicorten.com\/wp-content\/uploads\/2024\/07\/DJI_20211202_160445_497_video.mp4<\/a><\/video><\/div>","protected":false},"excerpt":{"rendered":"<p>Alege\u021bi marginea gr\u0103dinii Corten pentru a crea un spa\u021biu exterior personalizat, cu gust \u0219i stil unic.<br \/>\nMarginile de gr\u0103din\u0103 din o\u021bel rezistente la intemperii adaug\u0103 valoare modern\u0103 \u0219i estetic\u0103 terasei sau gr\u0103dinii dvs.<\/p>","protected":false},"featured_media":849,"comment_status":"open","ping_status":"closed","template":"","meta":{"_eb_attr":"","_monsterinsights_skip_tracking":false,"_monsterinsights_sitenote_active":false,"_monsterinsights_sitenote_note":"","_monsterinsights_sitenote_category":0,"_uf_show_specific_survey":0,"_uf_disable_surveys":false},"product_brand":[],"product_cat":[58],"product_tag":[],"class_list":{"0":"post-847","1":"product","2":"type-product","3":"status-publish","4":"has-post-thumbnail","6":"product_cat-garden-edging","8":"first","9":"instock","10":"shipping-taxable","11":"product-type-simple"},"_links":{"self":[{"href":"https:\/\/keweicorten.com\/ro\/wp-json\/wp\/v2\/product\/847"}],"collection":[{"href":"https:\/\/keweicorten.com\/ro\/wp-json\/wp\/v2\/product"}],"about":[{"href":"https:\/\/keweicorten.com\/ro\/wp-json\/wp\/v2\/types\/product"}],"replies":[{"embeddable":true,"href":"https:\/\/keweicorten.com\/ro\/wp-json\/wp\/v2\/comments?post=847"}],"version-history":[{"count":1,"href":"https:\/\/keweicorten.com\/ro\/wp-json\/wp\/v2\/product\/847\/revisions"}],"predecessor-version":[{"id":3235,"href":"https:\/\/keweicorten.com\/ro\/wp-json\/wp\/v2\/product\/847\/revisions\/3235"}],"wp:featuredmedia":[{"embeddable":true,"href":"https:\/\/keweicorten.com\/ro\/wp-json\/wp\/v2\/media\/849"}],"wp:attachment":[{"href":"https:\/\/keweicorten.com\/ro\/wp-json\/wp\/v2\/media?parent=847"}],"wp:term":[{"taxonomy":"product_brand","embeddable":true,"href":"https:\/\/keweicorten.com\/ro\/wp-json\/wp\/v2\/product_brand?post=847"},{"taxonomy":"product_cat","embeddable":true,"href":"https:\/\/keweicorten.com\/ro\/wp-json\/wp\/v2\/product_cat?post=847"},{"taxonomy":"product_tag","embeddable":true,"href":"https:\/\/keweicorten.com\/ro\/wp-json\/wp\/v2\/product_tag?post=847"}],"curies":[{"name":"wp","href":"https:\/\/api.w.org\/{rel}","templated":true}]}}