{"id":978,"date":"2024-09-10T01:58:48","date_gmt":"2024-09-10T01:58:48","guid":{"rendered":"https:\/\/keweicorten.com\/?post_type=product&#038;p=978"},"modified":"2025-01-15T06:28:30","modified_gmt":"2025-01-15T06:28:30","slug":"fantana-moderna-de-exterior","status":"publish","type":"product","link":"https:\/\/keweicorten.com\/ro\/fantana-moderna-de-exterior\/","title":{"rendered":"f\u00e2nt\u00e2n\u0103 modern\u0103 de exterior"},"content":{"rendered":"<p>F\u00e2nt\u00e2na modern\u0103 Corten pentru exterior poate fi men\u021binut\u0103 \u00een cele mai bune condi\u021bii \u0219i \u00ee\u0219i poate prelungi durata de via\u021b\u0103 chiar \u0219i \u00een diverse condi\u021bii climatice. \u00centre\u021binerea \u0219i \u00eengrijirea regulat\u0103 sunt cheia pentru a asigura frumuse\u021bea \u0219i func\u021bionarea pe termen lung a f\u00e2nt\u00e2nii.<\/p>\n<p>O\u021belul Corten este un o\u021bel aliat special conceput pentru utilizarea \u00een medii exterioare, care are o estetic\u0103 unic\u0103 \u0219i rezisten\u021b\u0103 la intemperii datorit\u0103 stratului de rugin\u0103 format prin oxidare natural\u0103 pe suprafa\u021ba sa. De\u0219i o\u021belul Corten se comport\u0103 bine \u00een multe clime, \u00eengrijirea \u0219i \u00eentre\u021binerea regulat\u0103 sunt totu\u0219i esen\u021biale pentru a-i asigura starea optim\u0103 \u0219i a-i prelungi durata de via\u021b\u0103. Iat\u0103 c\u00e2teva sfaturi de \u00eengrijire \u0219i \u00eentre\u021binere:<\/p>\n<table class=\"table\" border=\"1\" cellspacing=\"1\" cellpadding=\"1\">\n<tbody>\n<tr>\n<td colspan=\"2\" rowspan=\"1\">\n<div class=\"magic-18\"><strong>Specifica\u021bii<\/strong><\/div>\n<\/td>\n<\/tr>\n<tr>\n<td colspan=\"1\" rowspan=\"1\">\n<div class=\"magic-21\">Articolul<\/div>\n<\/td>\n<td colspan=\"1\" rowspan=\"1\">\n<div class=\"magic-22\">F\u00e2nt\u00e2n\u0103 de ap\u0103 personalizat\u0103 de gr\u0103din\u0103 Ornamente de gr\u0103din\u0103 Design de c\u0103dere a apei \u00een aer liber Corten Steel Water Feature<\/div>\n<\/td>\n<\/tr>\n<tr>\n<td colspan=\"1\" rowspan=\"1\">\n<div class=\"magic-21\">Marca<\/div>\n<\/td>\n<td colspan=\"1\" rowspan=\"1\">\n<div class=\"magic-22\">Gr\u0103dina SHKW<\/div>\n<\/td>\n<\/tr>\n<tr>\n<td colspan=\"1\" rowspan=\"1\">\n<div class=\"magic-21\">Model No.<\/div>\n<\/td>\n<td colspan=\"1\" rowspan=\"1\">\n<div class=\"magic-22\">SHKW-WF-088<\/div>\n<\/td>\n<\/tr>\n<tr>\n<td colspan=\"1\" rowspan=\"1\">\n<div class=\"magic-21\">Material<\/div>\n<\/td>\n<td colspan=\"1\" rowspan=\"1\">\n<div class=\"magic-22\">O\u021bel Corten \/ O\u021bel pentru intemperii<\/div>\n<\/td>\n<\/tr>\n<tr>\n<td colspan=\"1\" rowspan=\"1\">\n<div class=\"magic-21\">Suprafa\u021b\u0103<\/div>\n<\/td>\n<td colspan=\"1\" rowspan=\"1\">\n<div class=\"magic-22\">Pre-ruginit\/Pre-weathered, poate fi personalizat<\/div>\n<\/td>\n<\/tr>\n<tr>\n<td colspan=\"1\" rowspan=\"1\">\n<div class=\"magic-21\">Ambalare<\/div>\n<\/td>\n<td colspan=\"1\" rowspan=\"1\">\n<div class=\"magic-22\">Interior : h\u00e2rtie spum\u0103 anti-uzur\u0103; exterior : palet din lemn<\/div>\n<\/td>\n<\/tr>\n<tr>\n<td colspan=\"1\" rowspan=\"1\">\n<div class=\"magic-21\">Serviciu personalizat<\/div>\n<\/td>\n<td colspan=\"1\" rowspan=\"1\">\n<div class=\"magic-22\">Model, dimensiune \u0219i tratament de suprafa\u021b\u0103; ODM &amp; OEM disponibile<\/div>\n<\/td>\n<\/tr>\n<\/tbody>\n<\/table>\n<h3 class=\"kche-t101-title\">Centrul de produse<\/h3>\n<div class=\"kche-t101-list\">\n<div class=\"kche-t101-item\">\n<div class=\"kche-t101-item-img\"><img fetchpriority=\"high\" decoding=\"async\" class=\"alignnone\" title=\"caracteristic\u0103 de ap\u0103\" src=\"https:\/\/www.keweistove.com\/uploads\/39684\/products\/2024060415451943cde.jpg?size=750x0\" alt=\"caracteristic\u0103 de ap\u0103\" width=\"750\" height=\"750\" \/><\/div>\n<div class=\"kche-t101-item-info\">\n<p class=\"kche-t101-item-tit\">F\u00e2nt\u00e2n\u0103 cascad\u0103<\/p>\n<div class=\"kche-t101-item-des\">\n<p>O instala\u021bie de ap\u0103 de gr\u0103din\u0103 va aduce o nou\u0103 dimensiune spa\u021biului dvs. exterior.<\/p>\n<\/div>\n<div class=\"kche-t101-item-btn\"><a href=\"https:\/\/keweicorten.com\/ro\/contactati-ne\/\" target=\"_blank\" rel=\"noopener\">citi\u021bi mai mult<\/a><\/div>\n<\/div>\n<\/div>\n<div class=\"kche-t101-item\">\n<div class=\"kche-t101-item-img\"><img decoding=\"async\" class=\"alignnone\" title=\"perdea de ap\u0103\" src=\"https:\/\/www.keweistove.com\/uploads\/39684\/products\/20240604154552036b0.jpg?size=750x0\" alt=\"perdea de ap\u0103\" width=\"750\" height=\"750\" \/><\/div>\n<div class=\"kche-t101-item-info\">\n<p class=\"kche-t101-item-tit\"><strong>Ap\u0103<\/strong>\u00a0Tabel<\/p>\n<div class=\"kche-t101-item-des\">\n<p>Aducerea apei \u00een gr\u0103dina dvs. poate avea o serie de beneficii, inclusiv \u00eencurajarea vie\u021bii s\u0103lbatice \u0219i promovarea relax\u0103rii.<\/p>\n<\/div>\n<div class=\"kche-t101-item-btn\"><a href=\"https:\/\/keweicorten.com\/ro\/contactati-ne\/\" target=\"_blank\" rel=\"noopener\">citi\u021bi mai mult<\/a><\/div>\n<\/div>\n<\/div>\n<div class=\"kche-t101-item\">\n<div class=\"kche-t101-item-img\"><img decoding=\"async\" class=\"alignnone\" title=\"instala\u021bie de ap\u0103 corten\" src=\"https:\/\/www.keweistove.com\/uploads\/39684\/products\/20240604154619904a2.jpg?size=750x0\" alt=\"instala\u021bie de ap\u0103 corten\" width=\"750\" height=\"750\" \/><\/div>\n<div class=\"kche-t101-item-info\">\n<p class=\"kche-t101-item-tit\"><strong>Ap\u0103<\/strong>\u00a0<strong>Caracteristici<\/strong><\/p>\n<div class=\"kche-t101-item-des\">\n<p>SHKW-CORTEN ofer\u0103 o gam\u0103 larg\u0103 de instala\u021bii de ap\u0103 pentru a se potrivi gr\u0103dinii dvs.<\/p>\n<\/div>\n<div class=\"kche-t101-item-btn\"><a href=\"https:\/\/www.keweistove.com\/water-features\/\" target=\"_blank\" rel=\"noopener nofollow\">citi\u021bi mai mult<\/a><\/div>\n<\/div>\n<\/div>\n<div class=\"kche-t101-item\">\n<div class=\"kche-t101-item-img\"><img loading=\"lazy\" decoding=\"async\" class=\"alignnone\" title=\"cascad\u0103\" src=\"https:\/\/www.keweistove.com\/uploads\/39684\/products\/202406041546545b72d.jpg?size=750x0\" alt=\"cascad\u0103\" width=\"750\" height=\"750\" \/><\/div>\n<div class=\"kche-t101-item-info\">\n<p class=\"kche-t101-item-tit\">Cortina de ploaie<\/p>\n<div class=\"kche-t101-item-des\">\n<h3>Putem proiecta desenul CAD detaliat conform cerin\u021belor dvs., poate fi personalizat cu diferite modele.<\/h3>\n<\/div>\n<div class=\"kche-t101-item-btn\">citi\u021bi mai mult<\/div>\n<\/div>\n<\/div>\n<\/div>\n<h3>F\u00e2nt\u00e2n\u0103 modern\u0103 \u00een aer liber \u00centre\u021binere \u0219i sfaturi de \u00eentre\u021binere<\/h3>\n<ul>\n<li>Verifica\u021bi \u00een mod regulat<\/li>\n<li>P\u0103stra\u021bi-l curat<\/li>\n<li>Gestiona\u021bi murd\u0103ria \u0219i algele<\/li>\n<li>Protec\u021bie de iarn\u0103<\/li>\n<li>Prevenirea reten\u021biei de ap\u0103<\/li>\n<li>Aplica\u021bi un strat protector \u00een mod regulat<\/li>\n<li>Evita\u021bi contactul direct cu substan\u021bele chimice<\/li>\n<li>Men\u021binerea calit\u0103\u021bii apei<\/li>\n<\/ul>\n<h3>Sunt prezentate diferite stiluri de f\u00e2nt\u00e2ni moderne Corten pentru exterior:<\/h3>\n<ol>\n<li>Stil industrial<\/li>\n<li>Minimalism modern<\/li>\n<li>Stil natural<\/li>\n<li>Stil de art\u0103 modern\u0103<\/li>\n<li>Combin\u0103 stilul tradi\u021bional \u0219i modern<\/li>\n<li>Stil sportiv<\/li>\n<li>Stil ecologic<\/li>\n<\/ol>","protected":false},"excerpt":{"rendered":"<p>Face\u021bi din f\u00e2nt\u00e2na modern\u0103 de exterior punctul culminant al gr\u0103dinii dvs. \u0219i bucura\u021bi-v\u0103 de lini\u0219tea \u0219i frumuse\u021bea curgerii apei. Explora\u021bi diverse modele pentru a crea spa\u021biul exterior ideal.<\/p>","protected":false},"featured_media":979,"comment_status":"open","ping_status":"closed","template":"","meta":{"_eb_attr":"","_monsterinsights_skip_tracking":false,"_monsterinsights_sitenote_active":false,"_monsterinsights_sitenote_note":"","_monsterinsights_sitenote_category":0,"_uf_show_specific_survey":0,"_uf_disable_surveys":false},"product_brand":[],"product_cat":[56],"product_tag":[],"class_list":{"0":"post-978","1":"product","2":"type-product","3":"status-publish","4":"has-post-thumbnail","6":"product_cat-water-feature","8":"first","9":"instock","10":"shipping-taxable","11":"product-type-simple"},"_links":{"self":[{"href":"https:\/\/keweicorten.com\/ro\/wp-json\/wp\/v2\/product\/978"}],"collection":[{"href":"https:\/\/keweicorten.com\/ro\/wp-json\/wp\/v2\/product"}],"about":[{"href":"https:\/\/keweicorten.com\/ro\/wp-json\/wp\/v2\/types\/product"}],"replies":[{"embeddable":true,"href":"https:\/\/keweicorten.com\/ro\/wp-json\/wp\/v2\/comments?post=978"}],"version-history":[{"count":1,"href":"https:\/\/keweicorten.com\/ro\/wp-json\/wp\/v2\/product\/978\/revisions"}],"predecessor-version":[{"id":984,"href":"https:\/\/keweicorten.com\/ro\/wp-json\/wp\/v2\/product\/978\/revisions\/984"}],"wp:featuredmedia":[{"embeddable":true,"href":"https:\/\/keweicorten.com\/ro\/wp-json\/wp\/v2\/media\/979"}],"wp:attachment":[{"href":"https:\/\/keweicorten.com\/ro\/wp-json\/wp\/v2\/media?parent=978"}],"wp:term":[{"taxonomy":"product_brand","embeddable":true,"href":"https:\/\/keweicorten.com\/ro\/wp-json\/wp\/v2\/product_brand?post=978"},{"taxonomy":"product_cat","embeddable":true,"href":"https:\/\/keweicorten.com\/ro\/wp-json\/wp\/v2\/product_cat?post=978"},{"taxonomy":"product_tag","embeddable":true,"href":"https:\/\/keweicorten.com\/ro\/wp-json\/wp\/v2\/product_tag?post=978"}],"curies":[{"name":"wp","href":"https:\/\/api.w.org\/{rel}","templated":true}]}}