{"id":1006,"date":"2024-09-10T06:29:40","date_gmt":"2024-09-10T06:29:40","guid":{"rendered":"https:\/\/keweicorten.com\/?post_type=product&#038;p=1006"},"modified":"2025-01-15T06:28:19","modified_gmt":"2025-01-15T06:28:19","slug":"corten-light","status":"publish","type":"product","link":"https:\/\/keweicorten.com\/sv\/corten-light\/","title":{"rendered":"corten light"},"content":{"rendered":"<h3>Design och till\u00e4mpning av corten light:<\/h3>\n<h4>design<\/h4>\n<p>1. Materialegenskaper :<br \/>\nV\u00e4derbest\u00e4ndighet: Vittringsst\u00e5l har utm\u00e4rkt korrosionsbest\u00e4ndighet och oxidationsbest\u00e4ndighet och kan anv\u00e4ndas i utomhusmilj\u00f6er under l\u00e5ng tid utan frekvent underh\u00e5ll.<br \/>\nF\u00e4rgf\u00f6r\u00e4ndring: N\u00e4r vittringsst\u00e5l uts\u00e4tts f\u00f6r den naturliga milj\u00f6n kommer det gradvis att bilda ett skyddande rostskikt, vilket g\u00f6r att dess f\u00e4rg visar en unik r\u00f6dbrun, med god estetisk effekt.<\/p>\n<p>2. Form och struktur :<br \/>\n- Kan utformas i en m\u00e4ngd olika former och storlekar f\u00f6r att passa olika milj\u00f6er och behov. Vanliga utformningar \u00e4r rektangul\u00e4ra, cirkul\u00e4ra och oregelbundna former.<br \/>\n- Med tanke p\u00e5 visningen av inneh\u00e5llet i ljusl\u00e5dan kan den utformas i tredimensionell, platt, bakgrundsbelysning och andra former.<\/p>\n<p>3.  Belysningseffekt :<br \/>\n- Insidan av cortenljuset kan v\u00e4ljas med LED-lampor f\u00f6r att ge effektiv och milj\u00f6v\u00e4nlig belysning, samtidigt som man uppn\u00e5r olika ljusstyrka och f\u00e4rgeffekter f\u00f6r att f\u00f6rb\u00e4ttra det visuella tilltalet.<\/p>\n<p>4.  Funktionell design :<br \/>\n- Med h\u00e4nsyn till v\u00e4dret m\u00e5ste designen s\u00e4kerst\u00e4lla att ljusl\u00e5dan har goda vattent\u00e4ta och vindt\u00e4ta egenskaper f\u00f6r att s\u00e4kerst\u00e4lla s\u00e4kerheten f\u00f6r elektriska komponenter.<\/p>\n<h4>Till\u00e4mpning<\/h4>\n<p>1. Utsikt \u00f6ver staden :<br \/>\nLjusl\u00e5dor av vittrande st\u00e5l anv\u00e4nds ofta i offentlig konst och landskapsdesign f\u00f6r att f\u00f6rb\u00e4ttra den kulturella atmosf\u00e4ren och sk\u00f6nheten i st\u00e4derna.<\/p>\n<p>2. Kommersiell:<br \/>\nP\u00e5 grund av det unika utseendet p\u00e5 vittrande st\u00e5l anv\u00e4nds det ofta som en kommersiell ljusl\u00e5da f\u00f6r att dra till sig f\u00f6rbipasserandes uppm\u00e4rksamhet.<\/p>\n<p>3. Trafikinstruktioner :<br \/>\nAnv\u00e4nds i trafikskyltar, informationstavlor och andra platser, b\u00e5de vackert och praktiskt.<\/p>\n<p>4. Gemensamma anl\u00e4ggningar:<br \/>\nInstallation av ljusl\u00e5dor i vittringsst\u00e5l p\u00e5 offentliga platser som parker och torg kan b\u00e5de ge ljuseffekter och fungera som b\u00e4rare av information, v\u00e4gledning och reklam.<\/p>\n<table class=\"table\" border=\"1\" cellspacing=\"1\" cellpadding=\"1\">\n<tbody>\n<tr>\n<td colspan=\"1\" rowspan=\"1\">Produktens namn<\/td>\n<td colspan=\"1\" rowspan=\"1\">Belysning f\u00f6r tr\u00e4dg\u00e5rdsg\u00e5ng<\/td>\n<\/tr>\n<tr>\n<td colspan=\"1\" rowspan=\"1\">Material<\/td>\n<td colspan=\"1\" rowspan=\"1\">Cortenst\u00e5l<\/td>\n<\/tr>\n<tr>\n<td colspan=\"1\" rowspan=\"1\">Anv\u00e4ndning<\/td>\n<td colspan=\"1\" rowspan=\"1\">Outoors Patio Pathway Landscape Garden<\/td>\n<\/tr>\n<tr>\n<td colspan=\"1\" rowspan=\"1\">H\u00f6jd \u00f6ver markytan (mm)<\/td>\n<td colspan=\"1\" rowspan=\"1\">800mm,600mm<\/td>\n<\/tr>\n<tr>\n<td colspan=\"1\" rowspan=\"1\">Diameter \/ bredd (mm)<\/td>\n<td colspan=\"1\" rowspan=\"1\">120mm,150mm<\/td>\n<\/tr>\n<tr>\n<td colspan=\"1\" rowspan=\"1\">Fixering<\/td>\n<td colspan=\"1\" rowspan=\"1\">Yt- \/ bottenplatta fixerad<\/td>\n<\/tr>\n<tr>\n<td colspan=\"1\" rowspan=\"1\">Stil<\/td>\n<td colspan=\"1\" rowspan=\"1\">Modern - Utomhuslampa f\u00f6r gr\u00e4smatta<\/td>\n<\/tr>\n<tr>\n<td colspan=\"1\" rowspan=\"1\">Ytbehandling<\/td>\n<td colspan=\"1\" rowspan=\"1\">Cortenrost<\/td>\n<\/tr>\n<tr>\n<td colspan=\"1\" rowspan=\"1\">Design<\/td>\n<td colspan=\"1\" rowspan=\"1\">Konstverk<\/td>\n<\/tr>\n<tr>\n<td colspan=\"1\" rowspan=\"1\">Prov<\/td>\n<td colspan=\"1\" rowspan=\"1\">7 dagar<\/td>\n<\/tr>\n<\/tbody>\n<\/table>\n<div class=\"kche-t104-item\">\n<div class=\"kche-t104-item-img\"><img fetchpriority=\"high\" decoding=\"async\" title=\"Landskapstr\u00e4dg\u00e5rd Solar Bollard Light\" src=\"https:\/\/www.keweistove.com\/uploads\/39684\/products\/202403291605106e6cb.jpg?size=750x0\" alt=\"Landskapstr\u00e4dg\u00e5rd Solar Bollard Light\" width=\"750\" height=\"750\" \/><\/div>\n<\/div>\n<div class=\"kche-t104-item\">\n<div class=\"kche-t104-item-img\"><img decoding=\"async\" title=\"Belysning f\u00f6r tr\u00e4dg\u00e5rdsg\u00e5ng\" src=\"https:\/\/www.keweistove.com\/uploads\/39684\/products\/2024032916052398d2c.jpg?size=750x0\" alt=\"Belysning f\u00f6r tr\u00e4dg\u00e5rdsg\u00e5ng\" width=\"750\" height=\"750\" \/><\/div>\n<\/div>\n<div class=\"kche-t104-item\">\n<div class=\"kche-t104-item-img\"><img decoding=\"async\" class=\"alignnone\" title=\"B\u00e4sta v\u00e4derbest\u00e4ndiga utomhusbelysning\" src=\"https:\/\/www.keweistove.com\/uploads\/39684\/products\/20240329160540ec715.jpg?size=600x0\" alt=\"B\u00e4sta v\u00e4derbest\u00e4ndiga utomhusbelysning\" width=\"751\" height=\"751\" \/><\/div>\n<div class=\"kche-t104-item-text\">\n<p class=\"kche-t94-tit\">VANLIGA FR\u00c5GOR<\/p>\n<div class=\"kche-t94-bottom\">\n<div class=\"kche-t94-bottom-r\">\n<div id=\"kchet94Accordion\">\n<div class=\"kche-t94-bottom-item\">\n<p class=\"kche-t94-item-tit\">Fr\u00e5ga till mig: Hur kan utomhuslampor vara vattent\u00e4ta?<\/p>\n<div class=\"kche-t94-bottom-item\">\n<div class=\"kche-t94-item-box\">Svar: Utomhusbelysning \u00e4r vanligtvis vattent\u00e4t design, till exempel IP65 vattent\u00e4t klassificering, f\u00f6r att s\u00e4kerst\u00e4lla att den inte p\u00e5verkas i regnigt v\u00e4der.<\/div>\n<\/div>\n<div class=\"kche-t94-bottom-item\"><\/div>\n<\/div>\n<div class=\"kche-t94-bottom-item\">\n<p class=\"kche-t94-item-tit\">Fr\u00e5ga: Vad \u00e4r det f\u00f6r ljusk\u00e4lla? Vilken ljusk\u00e4lla anv\u00e4nds f\u00f6r utomhusbelysning f\u00f6r att spara energi?<\/p>\n<div class=\"kche-t94-bottom-item\">\n<div class=\"kche-t94-item-box\">Svar: LED-lampor \u00e4r ett mer energibesparande val, l\u00e5g energif\u00f6rbrukning, l\u00e5ng livsl\u00e4ngd, h\u00f6g ljusstyrka.<\/div>\n<\/div>\n<div class=\"kche-t94-bottom-item\"><\/div>\n<\/div>\n<div class=\"kche-t94-bottom-item\">\n<p class=\"kche-t94-item-tit\">Fr\u00e5ga till mig: Hur reng\u00f6r man utomhusbelysning?<\/p>\n<div class=\"kche-t94-bottom-item\">\n<div class=\"kche-t94-item-box\">Svar p\u00e5 fr\u00e5gan Anv\u00e4nd en ren, mjuk trasa f\u00f6r att torka av ytan och se till att lampan \u00e4r avst\u00e4ngd och har svalnat innan du reng\u00f6r den.<\/div>\n<\/div>\n<div class=\"kche-t94-bottom-item\"><\/div>\n<\/div>\n<div class=\"kche-t94-bottom-item\">\n<p class=\"kche-t94-item-tit\">Fr\u00e5ga: Vad \u00e4r orsaken? Vad \u00e4r orsaken till att utomhuslampor ofta fladdrar?<\/p>\n<div class=\"kche-wrap-width\">\n<div class=\"kche-t94\">\n<div class=\"kche-t94-content\">\n<div class=\"kche-t94-bottom\">\n<div class=\"kche-t94-bottom-r\">\n<div id=\"kchet94Accordion\">\n<div class=\"kche-t94-bottom-item\">\n<div class=\"kche-t94-item-box\">Svar: Det kan orsakas av d\u00e5lig kontakt, ledningsfel, \u00e5ldrande ljusk\u00e4lla och andra orsaker, och b\u00f6r repareras i tid.<\/div>\n<\/div>\n<\/div>\n<\/div>\n<\/div>\n<\/div>\n<\/div>\n<\/div>\n<\/div>\n<\/div>\n<\/div>\n<\/div>\n<\/div>\n<\/div>","protected":false},"excerpt":{"rendered":"<p>Vittrande ljusl\u00e5dor av st\u00e5l har gradvis blivit ett popul\u00e4rt val inom stadsdesign och reklam p\u00e5 grund av deras h\u00e5llbarhet, unika utseende och olika applikationsscenarier. I design och till\u00e4mpning, \u00f6verv\u00e4ga dess v\u00e4derbest\u00e4ndighet, estetik och genomf\u00f6rbarhet, kan b\u00e4ttre m\u00f6ta marknadens efterfr\u00e5gan.<\/p>","protected":false},"featured_media":1007,"comment_status":"open","ping_status":"closed","template":"","meta":{"_eb_attr":"","_monsterinsights_skip_tracking":false,"_monsterinsights_sitenote_active":false,"_monsterinsights_sitenote_note":"","_monsterinsights_sitenote_category":0,"_uf_show_specific_survey":0,"_uf_disable_surveys":false},"product_brand":[],"product_cat":[61],"product_tag":[],"class_list":{"0":"post-1006","1":"product","2":"type-product","3":"status-publish","4":"has-post-thumbnail","6":"product_cat-light-post","8":"first","9":"instock","10":"shipping-taxable","11":"product-type-simple"},"_links":{"self":[{"href":"https:\/\/keweicorten.com\/sv\/wp-json\/wp\/v2\/product\/1006"}],"collection":[{"href":"https:\/\/keweicorten.com\/sv\/wp-json\/wp\/v2\/product"}],"about":[{"href":"https:\/\/keweicorten.com\/sv\/wp-json\/wp\/v2\/types\/product"}],"replies":[{"embeddable":true,"href":"https:\/\/keweicorten.com\/sv\/wp-json\/wp\/v2\/comments?post=1006"}],"version-history":[{"count":2,"href":"https:\/\/keweicorten.com\/sv\/wp-json\/wp\/v2\/product\/1006\/revisions"}],"predecessor-version":[{"id":1013,"href":"https:\/\/keweicorten.com\/sv\/wp-json\/wp\/v2\/product\/1006\/revisions\/1013"}],"wp:featuredmedia":[{"embeddable":true,"href":"https:\/\/keweicorten.com\/sv\/wp-json\/wp\/v2\/media\/1007"}],"wp:attachment":[{"href":"https:\/\/keweicorten.com\/sv\/wp-json\/wp\/v2\/media?parent=1006"}],"wp:term":[{"taxonomy":"product_brand","embeddable":true,"href":"https:\/\/keweicorten.com\/sv\/wp-json\/wp\/v2\/product_brand?post=1006"},{"taxonomy":"product_cat","embeddable":true,"href":"https:\/\/keweicorten.com\/sv\/wp-json\/wp\/v2\/product_cat?post=1006"},{"taxonomy":"product_tag","embeddable":true,"href":"https:\/\/keweicorten.com\/sv\/wp-json\/wp\/v2\/product_tag?post=1006"}],"curies":[{"name":"wp","href":"https:\/\/api.w.org\/{rel}","templated":true}]}}